{"id":55,"date":"2024-10-24T17:41:52","date_gmt":"2024-10-24T15:41:52","guid":{"rendered":"http:\/\/institucional.us.es\/nextrom\/?page_id=55"},"modified":"2024-11-06T19:22:35","modified_gmt":"2024-11-06T18:22:35","slug":"el-proyecto","status":"publish","type":"page","link":"https:\/\/institucional.us.es\/nextrom\/el-proyecto\/","title":{"rendered":"El proyecto"},"content":{"rendered":"\n<figure class=\"wp-block-image size-full wp-duotone-rgba16601130-rgb000-1\"><img loading=\"lazy\" decoding=\"async\" width=\"3452\" height=\"497\" src=\"http:\/\/institucional.us.es\/nextrom\/wp-content\/uploads\/2024\/10\/nextrom-blanco-1.png\" alt=\"\" class=\"wp-image-152\" srcset=\"https:\/\/institucional.us.es\/nextrom\/wp-content\/uploads\/2024\/10\/nextrom-blanco-1.png 3452w, https:\/\/institucional.us.es\/nextrom\/wp-content\/uploads\/2024\/10\/nextrom-blanco-1-600x86.png 600w, https:\/\/institucional.us.es\/nextrom\/wp-content\/uploads\/2024\/10\/nextrom-blanco-1-1920x276.png 1920w, https:\/\/institucional.us.es\/nextrom\/wp-content\/uploads\/2024\/10\/nextrom-blanco-1-768x111.png 768w, https:\/\/institucional.us.es\/nextrom\/wp-content\/uploads\/2024\/10\/nextrom-blanco-1-1536x221.png 1536w, https:\/\/institucional.us.es\/nextrom\/wp-content\/uploads\/2024\/10\/nextrom-blanco-1-2048x295.png 2048w\" sizes=\"auto, (max-width: 3452px) 100vw, 3452px\" \/><\/figure>\n\n\n\n<p>La pandemia de COVID-19 ha catalizado las desigualdades en salud que el Pueblo Gitano ha enfrentado a lo largo de los siglos, y se corre el riesgo de que se agraven a\u00fan m\u00e1s por sus dificultades para acceder a viviendas y empleos dignos, sanidad y a oportunidades educativas.<\/p>\n\n\n\n<p>La <a href=\"https:\/\/www.mdsocialesa2030.gob.es\/derechos-sociales\/poblacion-gitana\/estrategia-nacional\/futura-estrategia.htm\">Estrategia Nacional para la Igualdad, Inclusi\u00f3n y Participaci\u00f3n del Pueblo Gitano 2021-2030<\/a> reconoce a la brecha digital como un factor cada vez m\u00e1s importante de exclusi\u00f3n, en tanto que se encuentra intensificando las vulnerabilidades al dificultar el acceso a los distintos servicios sociales<\/p>\n\n\n\n<h2 class=\"wp-block-heading has-medium-font-size\">\u00bfQu\u00e9 es NEXTROM?<\/h2>\n\n\n\n<p>NEXTROM es un estudio exploratorio que utiliza metodolog\u00edas participativas, como la planificaci\u00f3n de escenarios y el Photovoice, para imaginar y co-crear el futuro digitalizado del Pueblo Gitano. Este proyecto tiene los siguientes objetivos:<\/p>\n\n\n\n<ol class=\"wp-block-list\">\n<li>Identificar oportunidades, desaf\u00edos, barreras y mejores pr\u00e1cticas para la digitalizaci\u00f3n en pro de la igualdad, inclusi\u00f3n y participaci\u00f3n de la poblaci\u00f3n Gitana.<\/li>\n\n\n\n<li>Desarrollar y consolidar la creaci\u00f3n de redes y la capacidad de colaboraci\u00f3n entre las nuevas generaciones Gitanas y agentes implicados\/as.<\/li>\n\n\n\n<li>Explorar y sistematizar posibles escenarios futuros en la adopci\u00f3n de un enfoque digital para la igualdad, inclusi\u00f3n y participaci\u00f3n de la poblaci\u00f3n Gitana en Espa\u00f1a en un per\u00edodo de hasta 10 a\u00f1os.<\/li>\n\n\n\n<li>Co-crear y difundir recomendaciones y estrategias para abogar por la digitalizaci\u00f3n de la nueva Estrategia Nacional de Igualdad, Inclusi\u00f3n y Participaci\u00f3n del Pueblo Gitano 2021-2030.<\/li>\n<\/ol>\n\n\n\n<hr class=\"wp-block-separator has-alpha-channel-opacity\"\/>\n\n\n\n<h2 class=\"wp-block-heading has-text-align-center\">\u00bfC\u00f3mo construiremos el futuro?<\/h2>\n\n\n\n<div style=\"height:15px\" aria-hidden=\"true\" class=\"wp-block-spacer\"><\/div>\n\n\n\n<div class=\"wp-block-columns alignwide is-layout-flex wp-container-core-columns-is-layout-1 wp-block-columns-is-layout-flex\">\n<div class=\"wp-block-column is-layout-flow wp-block-column-is-layout-flow\">\n<h3 class=\"wp-block-heading has-text-align-center has-medium-font-size\">Planificaci\u00f3n de escenarios<\/h3>\n\n\n\n<p class=\"has-text-align-left\">Con esta herramienta imaginaremos distintos futuros, lo cual nos permitir\u00e1 prepararnos para la incertidumbre y dise\u00f1ar planes flexibles para alcanzar nuestros objetivos. Consideraremos diferentes trayectorias y dise\u00f1aremos estrategias para adaptarnos y tomar decisiones.<\/p>\n<\/div>\n\n\n\n<div class=\"wp-block-column is-layout-flow wp-block-column-is-layout-flow\">\n<h3 class=\"wp-block-heading has-text-align-center has-medium-font-size\">Backcasting<\/h3>\n\n\n\n<p class=\"has-text-align-left\">Con esta t\u00e9cnica partiremos del futuro que queremos alcanzar hasta nuestro presente para identificar las acciones que nos conducir\u00e1n a \u00e9l.<\/p>\n<\/div>\n\n\n\n<div class=\"wp-block-column is-layout-flow wp-block-column-is-layout-flow\">\n<h3 class=\"wp-block-heading has-text-align-center has-medium-font-size\">Fotovoz<\/h3>\n\n\n\n<p class=\"has-text-align-left\">Las fotograf\u00edas pueden representar no solo el presente del Pueblo Gitano, sino tambi\u00e9n sus aspiraciones de futuro. El Fotovoz se convertir\u00e1 en una oportunidad para representar los escenarios de futuro.<\/p>\n<\/div>\n<\/div>\n\n\n\n<div class=\"wp-block-buttons is-content-justification-center is-layout-flex wp-container-core-buttons-is-layout-1 wp-block-buttons-is-layout-flex\">\n<div class=\"wp-block-button\"><a class=\"wp-block-button__link wp-element-button\" href=\"http:\/\/institucional.us.es\/nextrom\/recursos\/\">Aprende m\u00e1s sobre la metodolog\u00eda<\/a><\/div>\n<\/div>\n","protected":false},"excerpt":{"rendered":"<p>La pandemia de COVID-19 ha catalizado las desigualdades en salud que el Pueblo Gitano ha enfrentado a lo largo de los siglos, y se corre el riesgo de que se agraven a\u00fan m\u00e1s por sus dificultades para acceder a viviendas y empleos dignos, sanidad y a oportunidades educativas. La Estrategia Nacional para la Igualdad, Inclusi\u00f3n&#8230;<\/p>\n","protected":false},"author":1,"featured_media":0,"parent":0,"menu_order":0,"comment_status":"closed","ping_status":"closed","template":"","meta":{"_editorskit_title_hidden":false,"_editorskit_reading_time":0,"_editorskit_is_block_options_detached":false,"_editorskit_block_options_position":"{}","_uag_custom_page_level_css":"","_kad_post_transparent":"disable","_kad_post_title":"hide","_kad_post_layout":"narrow","_kad_post_sidebar_id":"","_kad_post_content_style":"boxed","_kad_post_vertical_padding":"show","_kad_post_feature":"default","_kad_post_feature_position":"","_kad_post_header":false,"_kad_post_footer":false,"footnotes":""},"class_list":["post-55","page","type-page","status-publish","hentry"],"uagb_featured_image_src":{"full":false,"thumbnail":false,"medium":false,"medium_large":false,"large":false,"1536x1536":false,"2048x2048":false},"uagb_author_info":{"display_name":"nextrom","author_link":"https:\/\/institucional.us.es\/nextrom\/author\/nextrom\/"},"uagb_comment_info":0,"uagb_excerpt":"La pandemia de COVID-19 ha catalizado las desigualdades en salud que el Pueblo Gitano ha enfrentado a lo largo de los siglos, y se corre el riesgo de que se agraven a\u00fan m\u00e1s por sus dificultades para acceder a viviendas y empleos dignos, sanidad y a oportunidades educativas. La Estrategia Nacional para la Igualdad, Inclusi\u00f3n...","_links":{"self":[{"href":"https:\/\/institucional.us.es\/nextrom\/wp-json\/wp\/v2\/pages\/55","targetHints":{"allow":["GET"]}}],"collection":[{"href":"https:\/\/institucional.us.es\/nextrom\/wp-json\/wp\/v2\/pages"}],"about":[{"href":"https:\/\/institucional.us.es\/nextrom\/wp-json\/wp\/v2\/types\/page"}],"author":[{"embeddable":true,"href":"https:\/\/institucional.us.es\/nextrom\/wp-json\/wp\/v2\/users\/1"}],"replies":[{"embeddable":true,"href":"https:\/\/institucional.us.es\/nextrom\/wp-json\/wp\/v2\/comments?post=55"}],"version-history":[{"count":9,"href":"https:\/\/institucional.us.es\/nextrom\/wp-json\/wp\/v2\/pages\/55\/revisions"}],"predecessor-version":[{"id":209,"href":"https:\/\/institucional.us.es\/nextrom\/wp-json\/wp\/v2\/pages\/55\/revisions\/209"}],"wp:attachment":[{"href":"https:\/\/institucional.us.es\/nextrom\/wp-json\/wp\/v2\/media?parent=55"}],"curies":[{"name":"wp","href":"https:\/\/api.w.org\/{rel}","templated":true}]}}