{"id":8,"date":"2024-10-24T11:28:25","date_gmt":"2024-10-24T09:28:25","guid":{"rendered":"http:\/\/institucional.us.es\/nextrom\/?page_id=8"},"modified":"2025-01-27T14:35:09","modified_gmt":"2025-01-27T13:35:09","slug":"inicio","status":"publish","type":"page","link":"https:\/\/institucional.us.es\/nextrom\/","title":{"rendered":"Inicio"},"content":{"rendered":"\n<div class=\"wp-block-cover alignfull is-light has-parallax has-custom-content-position is-position-center-left\" style=\"border-style:none;border-width:0px;min-height:459px;aspect-ratio:unset;\"><span aria-hidden=\"true\" class=\"wp-block-cover__background has-background-dim-20 has-background-dim\" style=\"background-color:#73abda\"><\/span><div class=\"wp-block-cover__image-background wp-image-32 has-parallax\" style=\"background-position:50% 50%;background-image:url(http:\/\/institucional.us.es\/nextrom\/wp-content\/uploads\/2024\/10\/fondo-1.png)\"><\/div><div class=\"wp-block-cover__inner-container is-layout-constrained wp-block-cover-is-layout-constrained\">\n<div class=\"wp-block-columns is-layout-flex wp-container-core-columns-is-layout-1 wp-block-columns-is-layout-flex\">\n<div class=\"wp-block-column is-layout-flow wp-block-column-is-layout-flow\" style=\"flex-basis:650px\">\n<div class=\"wp-block-uagb-advanced-heading uagb-block-31730aba\"><h1 class=\"uagb-heading-text\">estamos en la d\u00e9cada digital<\/h1><\/div>\n\n\n\n<p class=\"has-theme-palette-9-color has-text-color has-link-color wp-elements-6d4b54c02a80dff457b48176ef016279\" style=\"font-size:29px;font-style:normal;font-weight:900\">La transici\u00f3n digital es una herramienta poderosa para la transformaci\u00f3n e innovaci\u00f3n social, capaz de abrir puertas y crear oportunidades para las Nuevas Generaciones Gitanas.<\/p>\n<\/div>\n\n\n\n<div class=\"wp-block-column is-layout-flow wp-block-column-is-layout-flow\"><\/div>\n\n\n\n<div class=\"wp-block-column is-layout-flow wp-block-column-is-layout-flow\"><\/div>\n<\/div>\n<\/div><\/div>\n\n\n\n<hr class=\"wp-block-separator has-alpha-channel-opacity\"\/>\n\n\n\n<p class=\"has-text-align-center has-medium-font-size\">La misi\u00f3n de NEXTROM consiste en aprovechar estas oportunidades para construir futuros digitalizados que aseguren la igualdad, inclusi\u00f3n y participaci\u00f3n del Pueblo Gitano.<\/p>\n\n\n\n<div class=\"wp-block-buttons is-content-justification-center is-layout-flex wp-container-core-buttons-is-layout-1 wp-block-buttons-is-layout-flex\">\n<div class=\"wp-block-button\"><a class=\"wp-block-button__link wp-element-button\" href=\"http:\/\/institucional.us.es\/nextrom\/el-proyecto\/\">Conoce m\u00e1s sobre el proyecto<\/a><\/div>\n<\/div>\n\n\n\n<div class=\"wp-block-uagb-advanced-heading uagb-block-e8ae8ce4\"><h2 class=\"uagb-heading-text\">\u00faltimas noticias<\/h2><\/div>\n\n\n\n<hr class=\"wp-block-separator has-alpha-channel-opacity\"\/>\n\n\n\n\t\t\t<div class=\"wp-block-uagb-post-carousel uagb-post-grid  uagb-post__image-position-top uagb-post__image-enabled uagb-block-dedabc6d     uagb-post__arrow-outside uagb-slick-carousel uagb-post__items uagb-post__columns-3 is-carousel uagb-post__columns-tablet-2 uagb-post__columns-mobile-1\" data-total=\"1\" style=\"\">\n\n\t\t\t\t\t\t\t\t\t\t\t\t<article class=\"uagb-post__inner-wrap\">\t\t\t\t\t\t\t\t<h4 class=\"uagb-post__title uagb-post__text\">\n\t\t\t\t<a href=\"https:\/\/institucional.us.es\/nextrom\/nueva-publicacion-european-digital-transformation-for-roma-girls-health-the-case-of-spain\/\" target=\"_self\" rel=\"bookmark noopener noreferrer\">Nueva publicaci\u00f3n &#8211; European digital transformation for Roma girls\u2019 health: the case of Spain<\/a>\n\t\t\t<\/h4>\n\t\t\t\t\t\t<div class='uagb-post__text uagb-post-grid-byline'>\n\t\t\t\t\t\t\t\t<time datetime=\"2025-07-23T12:23:17+02:00\" class=\"uagb-post__date\">\n\t\t\t\t<span class=\"dashicons-calendar dashicons\"><\/span>\t\t\t\t\t23\/07\/2025\t\t\t\t<\/time>\n\t\t\t\t\t\t\t<span class=\"uagb-post__comment\">\n\t\t\t\t<span class=\"dashicons-admin-comments dashicons\"><\/span>\t\t\t\t\tNo hay comentarios\t\t\t\t<\/span>\n\t\t\t\t\t\t<\/div>\n\t\t\t\t\t\t\t<div class='uagb-post__text uagb-post__excerpt'>\n\t\t\t\t\t<p>Este art\u00edculo, recientemente publicado en Frontiers in Sociology, refleja de manera directa pilares centrales de&#8230;\t\t\t\t<\/div>\n\t\t\t\t\t\t<div class=\"uagb-post__text uagb-post__cta wp-block-button\">\n\t\t\t\t<a class=\"wp-block-button__link uagb-text-link\" style=\"\" href=\"https:\/\/institucional.us.es\/nextrom\/nueva-publicacion-european-digital-transformation-for-roma-girls-health-the-case-of-spain\/\" target=\"_self\" rel=\"bookmark noopener noreferrer\">Leer m\u00e1s<\/a>\n\t\t\t<\/div>\n\t\t\t\n\t\t\t\t\t\t\t\t\t<\/article>\n\t\t\t\t\t\t\t\t\t\t\t\t\t\t\t\t<article class=\"uagb-post__inner-wrap\">\t\t\t\t\t\t\t\t<div class='uagb-post__image'>\n\t\t\t\t\t\t\t\t\t<a href=\"https:\/\/institucional.us.es\/nextrom\/foro-de-discusion-de-pamplona-iruna-kali\/\" target=\"_self\" rel=\"bookmark noopener noreferrer\"><img loading=\"lazy\" decoding=\"async\" width=\"1200\" height=\"675\" src=\"https:\/\/institucional.us.es\/nextrom\/wp-content\/uploads\/2025\/01\/WhatsApp-Image-2025-01-27-at-13.14.40.jpeg\" class=\"attachment-large size-large\" alt=\"\" srcset=\"https:\/\/institucional.us.es\/nextrom\/wp-content\/uploads\/2025\/01\/WhatsApp-Image-2025-01-27-at-13.14.40.jpeg 1200w, https:\/\/institucional.us.es\/nextrom\/wp-content\/uploads\/2025\/01\/WhatsApp-Image-2025-01-27-at-13.14.40-600x338.jpeg 600w, https:\/\/institucional.us.es\/nextrom\/wp-content\/uploads\/2025\/01\/WhatsApp-Image-2025-01-27-at-13.14.40-768x432.jpeg 768w\" sizes=\"auto, (max-width: 1200px) 100vw, 1200px\" \/>\t\t\t\t\t<\/a>\n\t\t\t\t\t\t\t\t\t<\/div>\n\t\t\t\t\t\t<h4 class=\"uagb-post__title uagb-post__text\">\n\t\t\t\t<a href=\"https:\/\/institucional.us.es\/nextrom\/foro-de-discusion-de-pamplona-iruna-kali\/\" target=\"_self\" rel=\"bookmark noopener noreferrer\">Foro de Discusi\u00f3n de Pamplona-Iru\u00f1a-Kal\u00ed<\/a>\n\t\t\t<\/h4>\n\t\t\t\t\t\t<div class='uagb-post__text uagb-post-grid-byline'>\n\t\t\t\t\t\t\t\t<time datetime=\"2025-01-27T13:42:16+01:00\" class=\"uagb-post__date\">\n\t\t\t\t<span class=\"dashicons-calendar dashicons\"><\/span>\t\t\t\t\t27\/01\/2025\t\t\t\t<\/time>\n\t\t\t\t\t\t\t<span class=\"uagb-post__comment\">\n\t\t\t\t<span class=\"dashicons-admin-comments dashicons\"><\/span>\t\t\t\t\tNo hay comentarios\t\t\t\t<\/span>\n\t\t\t\t\t\t<\/div>\n\t\t\t\t\t\t\t<div class='uagb-post__text uagb-post__excerpt'>\n\t\t\t\t\t<p>Los d\u00edas 23 y 24 de enero de 2025, el Centro Cultural Civican fue el&#8230;\t\t\t\t<\/div>\n\t\t\t\t\t\t<div class=\"uagb-post__text uagb-post__cta wp-block-button\">\n\t\t\t\t<a class=\"wp-block-button__link uagb-text-link\" style=\"\" href=\"https:\/\/institucional.us.es\/nextrom\/foro-de-discusion-de-pamplona-iruna-kali\/\" target=\"_self\" rel=\"bookmark noopener noreferrer\">Leer m\u00e1s<\/a>\n\t\t\t<\/div>\n\t\t\t\n\t\t\t\t\t\t\t\t\t<\/article>\n\t\t\t\t\t\t\t\t\t\t\t\t\t\t\t\t<article class=\"uagb-post__inner-wrap\">\t\t\t\t\t\t\t\t<h4 class=\"uagb-post__title uagb-post__text\">\n\t\t\t\t<a href=\"https:\/\/institucional.us.es\/nextrom\/cambio-foro-pamplona-iruna-kali\/\" target=\"_self\" rel=\"bookmark noopener noreferrer\">Cambio de fecha del Foro de Pamplona-Iru\u00f1a-Kal\u00ed<\/a>\n\t\t\t<\/h4>\n\t\t\t\t\t\t<div class='uagb-post__text uagb-post-grid-byline'>\n\t\t\t\t\t\t\t\t<time datetime=\"2024-10-18T17:17:08+02:00\" class=\"uagb-post__date\">\n\t\t\t\t<span class=\"dashicons-calendar dashicons\"><\/span>\t\t\t\t\t18\/10\/2024\t\t\t\t<\/time>\n\t\t\t\t\t\t\t<span class=\"uagb-post__comment\">\n\t\t\t\t<span class=\"dashicons-admin-comments dashicons\"><\/span>\t\t\t\t\tNo hay comentarios\t\t\t\t<\/span>\n\t\t\t\t\t\t<\/div>\n\t\t\t\t\t\t\t<div class='uagb-post__text uagb-post__excerpt'>\n\t\t\t\t\t<p>El Foro de Discusi\u00f3n en Pamplona-Iru\u00f1a-Kal\u00ed, inicialmente programado para los d\u00edas 19 y 20 de&#8230;\t\t\t\t<\/div>\n\t\t\t\t\t\t<div class=\"uagb-post__text uagb-post__cta wp-block-button\">\n\t\t\t\t<a class=\"wp-block-button__link uagb-text-link\" style=\"\" href=\"https:\/\/institucional.us.es\/nextrom\/cambio-foro-pamplona-iruna-kali\/\" target=\"_self\" rel=\"bookmark noopener noreferrer\">Leer m\u00e1s<\/a>\n\t\t\t<\/div>\n\t\t\t\n\t\t\t\t\t\t\t\t\t<\/article>\n\t\t\t\t\t\t\t\t\t\t\t\t\t\t\t\t<article class=\"uagb-post__inner-wrap\">\t\t\t\t\t\t\t\t<div class='uagb-post__image'>\n\t\t\t\t\t\t\t\t\t<a href=\"https:\/\/institucional.us.es\/nextrom\/foro-sevilla\/\" target=\"_self\" rel=\"bookmark noopener noreferrer\"><img loading=\"lazy\" decoding=\"async\" width=\"1263\" height=\"1080\" src=\"https:\/\/institucional.us.es\/nextrom\/wp-content\/uploads\/2024\/10\/Foro-e1729797198567-1263x1080.png\" class=\"attachment-large size-large\" alt=\"\" srcset=\"https:\/\/institucional.us.es\/nextrom\/wp-content\/uploads\/2024\/10\/Foro-e1729797198567-1263x1080.png 1263w, https:\/\/institucional.us.es\/nextrom\/wp-content\/uploads\/2024\/10\/Foro-e1729797198567-600x513.png 600w, https:\/\/institucional.us.es\/nextrom\/wp-content\/uploads\/2024\/10\/Foro-e1729797198567-768x657.png 768w, https:\/\/institucional.us.es\/nextrom\/wp-content\/uploads\/2024\/10\/Foro-e1729797198567-1536x1313.png 1536w, https:\/\/institucional.us.es\/nextrom\/wp-content\/uploads\/2024\/10\/Foro-e1729797198567-2048x1751.png 2048w\" sizes=\"auto, (max-width: 1263px) 100vw, 1263px\" \/>\t\t\t\t\t<\/a>\n\t\t\t\t\t\t\t\t\t<\/div>\n\t\t\t\t\t\t<h4 class=\"uagb-post__title uagb-post__text\">\n\t\t\t\t<a href=\"https:\/\/institucional.us.es\/nextrom\/foro-sevilla\/\" target=\"_self\" rel=\"bookmark noopener noreferrer\">Foro de Discusi\u00f3n &#8211; Sevilla<\/a>\n\t\t\t<\/h4>\n\t\t\t\t\t\t<div class='uagb-post__text uagb-post-grid-byline'>\n\t\t\t\t\t\t\t\t<time datetime=\"2024-02-22T17:16:50+01:00\" class=\"uagb-post__date\">\n\t\t\t\t<span class=\"dashicons-calendar dashicons\"><\/span>\t\t\t\t\t22\/02\/2024\t\t\t\t<\/time>\n\t\t\t\t\t\t\t<span class=\"uagb-post__comment\">\n\t\t\t\t<span class=\"dashicons-admin-comments dashicons\"><\/span>\t\t\t\t\tNo hay comentarios\t\t\t\t<\/span>\n\t\t\t\t\t\t<\/div>\n\t\t\t\t\t\t\t<div class='uagb-post__text uagb-post__excerpt'>\n\t\t\t\t\t<p>Sevilla fue el escenario en el que l\u00edderes gitanos, miembros del movimiento asociativo gitano, activistas&#8230;\t\t\t\t<\/div>\n\t\t\t\t\t\t<div class=\"uagb-post__text uagb-post__cta wp-block-button\">\n\t\t\t\t<a class=\"wp-block-button__link uagb-text-link\" style=\"\" href=\"https:\/\/institucional.us.es\/nextrom\/foro-sevilla\/\" target=\"_self\" rel=\"bookmark noopener noreferrer\">Leer m\u00e1s<\/a>\n\t\t\t<\/div>\n\t\t\t\n\t\t\t\t\t\t\t\t\t<\/article>\n\t\t\t\t\t\t\t\t\t\t\t\t\t\t\t\t<article class=\"uagb-post__inner-wrap\">\t\t\t\t\t\t\t\t<div class='uagb-post__image'>\n\t\t\t\t\t\t\t\t\t<a href=\"https:\/\/institucional.us.es\/nextrom\/impulsando-el-proyecto-nextrom\/\" target=\"_self\" rel=\"bookmark noopener noreferrer\"><img loading=\"lazy\" decoding=\"async\" width=\"1024\" height=\"768\" src=\"https:\/\/institucional.us.es\/nextrom\/wp-content\/uploads\/2024\/10\/Reunion-en-Madrid.jpeg\" class=\"attachment-large size-large\" alt=\"\" srcset=\"https:\/\/institucional.us.es\/nextrom\/wp-content\/uploads\/2024\/10\/Reunion-en-Madrid.jpeg 1024w, https:\/\/institucional.us.es\/nextrom\/wp-content\/uploads\/2024\/10\/Reunion-en-Madrid-600x450.jpeg 600w, https:\/\/institucional.us.es\/nextrom\/wp-content\/uploads\/2024\/10\/Reunion-en-Madrid-768x576.jpeg 768w\" sizes=\"auto, (max-width: 1024px) 100vw, 1024px\" \/>\t\t\t\t\t<\/a>\n\t\t\t\t\t\t\t\t\t<\/div>\n\t\t\t\t\t\t<h4 class=\"uagb-post__title uagb-post__text\">\n\t\t\t\t<a href=\"https:\/\/institucional.us.es\/nextrom\/impulsando-el-proyecto-nextrom\/\" target=\"_self\" rel=\"bookmark noopener noreferrer\">Impulsando el proyecto NextRom<\/a>\n\t\t\t<\/h4>\n\t\t\t\t\t\t<div class='uagb-post__text uagb-post-grid-byline'>\n\t\t\t\t\t\t\t\t<time datetime=\"2023-10-12T21:21:00+02:00\" class=\"uagb-post__date\">\n\t\t\t\t<span class=\"dashicons-calendar dashicons\"><\/span>\t\t\t\t\t12\/10\/2023\t\t\t\t<\/time>\n\t\t\t\t\t\t\t<span class=\"uagb-post__comment\">\n\t\t\t\t<span class=\"dashicons-admin-comments dashicons\"><\/span>\t\t\t\t\tNo hay comentarios\t\t\t\t<\/span>\n\t\t\t\t\t\t<\/div>\n\t\t\t\t\t\t\t<div class='uagb-post__text uagb-post__excerpt'>\n\t\t\t\t\t<p>En el mundo actual, la transformaci\u00f3n digital ha influido cada aspecto de nuestro d\u00eda a&#8230;\t\t\t\t<\/div>\n\t\t\t\t\t\t<div class=\"uagb-post__text uagb-post__cta wp-block-button\">\n\t\t\t\t<a class=\"wp-block-button__link uagb-text-link\" style=\"\" href=\"https:\/\/institucional.us.es\/nextrom\/impulsando-el-proyecto-nextrom\/\" target=\"_self\" rel=\"bookmark noopener noreferrer\">Leer m\u00e1s<\/a>\n\t\t\t<\/div>\n\t\t\t\n\t\t\t\t\t\t\t\t\t<\/article>\n\t\t\t\t\t\t\t\t\t\t\t<\/div>\n\t\t\t\n\n\n<figure class=\"wp-block-gallery has-nested-images columns-default is-cropped wp-block-gallery-1 is-layout-flex wp-block-gallery-is-layout-flex\"><\/figure>\n\n\n\n<p><\/p>\n","protected":false},"excerpt":{"rendered":"<p>La misi\u00f3n de NEXTROM consiste en aprovechar estas oportunidades para construir futuros digitalizados que aseguren la igualdad, inclusi\u00f3n y participaci\u00f3n del Pueblo Gitano. \u00faltimas noticias<\/p>\n","protected":false},"author":1,"featured_media":0,"parent":0,"menu_order":0,"comment_status":"closed","ping_status":"closed","template":"","meta":{"_editorskit_title_hidden":false,"_editorskit_reading_time":0,"_editorskit_is_block_options_detached":false,"_editorskit_block_options_position":"{}","_uag_custom_page_level_css":"","_kad_post_transparent":"","_kad_post_title":"hide","_kad_post_layout":"","_kad_post_sidebar_id":"","_kad_post_content_style":"unboxed","_kad_post_vertical_padding":"","_kad_post_feature":"","_kad_post_feature_position":"","_kad_post_header":false,"_kad_post_footer":false,"footnotes":""},"class_list":["post-8","page","type-page","status-publish","hentry"],"uagb_featured_image_src":{"full":false,"thumbnail":false,"medium":false,"medium_large":false,"large":false,"1536x1536":false,"2048x2048":false},"uagb_author_info":{"display_name":"nextrom","author_link":"https:\/\/institucional.us.es\/nextrom\/author\/nextrom\/"},"uagb_comment_info":0,"uagb_excerpt":"La misi\u00f3n de NEXTROM consiste en aprovechar estas oportunidades para construir futuros digitalizados que aseguren la igualdad, inclusi\u00f3n y participaci\u00f3n del Pueblo Gitano. \u00faltimas noticias","_links":{"self":[{"href":"https:\/\/institucional.us.es\/nextrom\/wp-json\/wp\/v2\/pages\/8","targetHints":{"allow":["GET"]}}],"collection":[{"href":"https:\/\/institucional.us.es\/nextrom\/wp-json\/wp\/v2\/pages"}],"about":[{"href":"https:\/\/institucional.us.es\/nextrom\/wp-json\/wp\/v2\/types\/page"}],"author":[{"embeddable":true,"href":"https:\/\/institucional.us.es\/nextrom\/wp-json\/wp\/v2\/users\/1"}],"replies":[{"embeddable":true,"href":"https:\/\/institucional.us.es\/nextrom\/wp-json\/wp\/v2\/comments?post=8"}],"version-history":[{"count":34,"href":"https:\/\/institucional.us.es\/nextrom\/wp-json\/wp\/v2\/pages\/8\/revisions"}],"predecessor-version":[{"id":368,"href":"https:\/\/institucional.us.es\/nextrom\/wp-json\/wp\/v2\/pages\/8\/revisions\/368"}],"wp:attachment":[{"href":"https:\/\/institucional.us.es\/nextrom\/wp-json\/wp\/v2\/media?parent=8"}],"curies":[{"name":"wp","href":"https:\/\/api.w.org\/{rel}","templated":true}]}}