{"id":107,"date":"2024-09-16T08:11:51","date_gmt":"2024-09-16T06:11:51","guid":{"rendered":"https:\/\/institucional.us.es\/olimpiadasing\/?page_id=107"},"modified":"2024-11-18T19:20:29","modified_gmt":"2024-11-18T18:20:29","slug":"patrocinadores","status":"publish","type":"page","link":"https:\/\/institucional.us.es\/olimpiadasing\/?page_id=107","title":{"rendered":"Patrocinadores"},"content":{"rendered":"\n<div class=\"wp-block-columns alignwide is-layout-flex wp-container-core-columns-is-layout-1 wp-block-columns-is-layout-flex\">\n<div class=\"wp-block-column is-layout-flow wp-block-column-is-layout-flow\"><\/div>\n<\/div>\n\n\n\n<div class=\"wp-block-group alignwide has-global-padding is-layout-constrained wp-block-group-is-layout-constrained\">\n<h2 class=\"wp-block-heading alignwide\">Patrocinadores Platinum<\/h2>\n<\/div>\n\n\n\n<div class=\"wp-block-group alignwide is-content-justification-center is-nowrap is-layout-flex wp-container-core-group-is-layout-2 wp-block-group-is-layout-flex\">\n<figure class=\"wp-block-image size-full is-resized\"><img loading=\"lazy\" decoding=\"async\" width=\"245\" height=\"79\" src=\"https:\/\/institucional.us.es\/olimpiadasing\/wp-content\/uploads\/2024\/09\/FUNDACION-PRODTI.png\" alt=\"\" class=\"wp-image-187\" style=\"width:253px;height:auto\"\/><\/figure>\n\n\n\n<figure class=\"wp-block-image size-large is-resized\"><img loading=\"lazy\" decoding=\"async\" width=\"1024\" height=\"353\" src=\"https:\/\/institucional.us.es\/olimpiadasing\/wp-content\/uploads\/2024\/09\/COGITISE-1024x353.png\" alt=\"\" class=\"wp-image-188\" style=\"width:217px;height:auto\" srcset=\"https:\/\/institucional.us.es\/olimpiadasing\/wp-content\/uploads\/2024\/09\/COGITISE-1024x353.png 1024w, https:\/\/institucional.us.es\/olimpiadasing\/wp-content\/uploads\/2024\/09\/COGITISE-300x103.png 300w, https:\/\/institucional.us.es\/olimpiadasing\/wp-content\/uploads\/2024\/09\/COGITISE-768x264.png 768w, https:\/\/institucional.us.es\/olimpiadasing\/wp-content\/uploads\/2024\/09\/COGITISE.png 1406w\" sizes=\"(max-width: 1024px) 100vw, 1024px\" \/><\/figure>\n\n\n\n<figure class=\"wp-block-image size-large is-resized\"><img loading=\"lazy\" decoding=\"async\" width=\"1024\" height=\"180\" src=\"https:\/\/institucional.us.es\/olimpiadasing\/wp-content\/uploads\/2024\/09\/CATEDRAS_TELEFONICA-ai-1024x180.png\" alt=\"\" class=\"wp-image-190\" style=\"width:186px;height:auto\" srcset=\"https:\/\/institucional.us.es\/olimpiadasing\/wp-content\/uploads\/2024\/09\/CATEDRAS_TELEFONICA-ai-1024x180.png 1024w, https:\/\/institucional.us.es\/olimpiadasing\/wp-content\/uploads\/2024\/09\/CATEDRAS_TELEFONICA-ai-300x53.png 300w, https:\/\/institucional.us.es\/olimpiadasing\/wp-content\/uploads\/2024\/09\/CATEDRAS_TELEFONICA-ai-768x135.png 768w, https:\/\/institucional.us.es\/olimpiadasing\/wp-content\/uploads\/2024\/09\/CATEDRAS_TELEFONICA-ai.png 1366w\" sizes=\"(max-width: 1024px) 100vw, 1024px\" \/><\/figure>\n\n\n\n<figure class=\"wp-block-image size-full is-resized\"><img loading=\"lazy\" decoding=\"async\" width=\"345\" height=\"140\" src=\"https:\/\/institucional.us.es\/olimpiadasing\/wp-content\/uploads\/2024\/09\/Goya.png\" alt=\"\" class=\"wp-image-191\" style=\"width:212px;height:auto\" srcset=\"https:\/\/institucional.us.es\/olimpiadasing\/wp-content\/uploads\/2024\/09\/Goya.png 345w, https:\/\/institucional.us.es\/olimpiadasing\/wp-content\/uploads\/2024\/09\/Goya-300x122.png 300w\" sizes=\"(max-width: 345px) 100vw, 345px\" \/><\/figure>\n\n\n\n<figure class=\"wp-block-image size-full is-resized\"><img loading=\"lazy\" decoding=\"async\" width=\"267\" height=\"112\" src=\"https:\/\/institucional.us.es\/olimpiadasing\/wp-content\/uploads\/2024\/09\/EUROTEX.png\" alt=\"\" class=\"wp-image-194\" style=\"width:179px;height:auto\"\/><\/figure>\n<\/div>\n\n\n\n<h2 class=\"wp-block-heading alignwide\">Patrocinadores Oro<\/h2>\n\n\n\n<div class=\"wp-block-group alignwide is-content-justification-center is-nowrap is-layout-flex wp-container-core-group-is-layout-3 wp-block-group-is-layout-flex\">\n<figure class=\"wp-block-image size-full is-resized\"><img loading=\"lazy\" decoding=\"async\" width=\"726\" height=\"391\" src=\"https:\/\/institucional.us.es\/olimpiadasing\/wp-content\/uploads\/2024\/11\/Keytler.png\" alt=\"\" class=\"wp-image-198\" style=\"width:232px;height:auto\" srcset=\"https:\/\/institucional.us.es\/olimpiadasing\/wp-content\/uploads\/2024\/11\/Keytler.png 726w, https:\/\/institucional.us.es\/olimpiadasing\/wp-content\/uploads\/2024\/11\/Keytler-300x162.png 300w\" sizes=\"(max-width: 726px) 100vw, 726px\" \/><\/figure>\n<\/div>\n\n\n\n<hr class=\"wp-block-separator has-alpha-channel-opacity\"\/>\n\n\n\n<h2 class=\"wp-block-heading alignwide\">Colaboradores<\/h2>\n\n\n\n<div class=\"wp-block-group is-content-justification-center is-nowrap is-layout-flex wp-container-core-group-is-layout-4 wp-block-group-is-layout-flex\">\n<figure class=\"wp-block-image size-full is-resized\"><img loading=\"lazy\" decoding=\"async\" width=\"453\" height=\"297\" src=\"https:\/\/institucional.us.es\/olimpiadasing\/wp-content\/uploads\/2024\/11\/AEDI.png\" alt=\"\" class=\"wp-image-210\" style=\"width:119px;height:auto\" srcset=\"https:\/\/institucional.us.es\/olimpiadasing\/wp-content\/uploads\/2024\/11\/AEDI.png 453w, https:\/\/institucional.us.es\/olimpiadasing\/wp-content\/uploads\/2024\/11\/AEDI-300x197.png 300w\" sizes=\"(max-width: 453px) 100vw, 453px\" \/><\/figure>\n\n\n\n<figure class=\"wp-block-image size-large is-resized\"><img loading=\"lazy\" decoding=\"async\" width=\"1024\" height=\"410\" src=\"https:\/\/institucional.us.es\/olimpiadasing\/wp-content\/uploads\/2024\/11\/ARUS-1024x410.png\" alt=\"\" class=\"wp-image-211\" style=\"width:243px;height:auto\" srcset=\"https:\/\/institucional.us.es\/olimpiadasing\/wp-content\/uploads\/2024\/11\/ARUS-1024x410.png 1024w, https:\/\/institucional.us.es\/olimpiadasing\/wp-content\/uploads\/2024\/11\/ARUS-300x120.png 300w, https:\/\/institucional.us.es\/olimpiadasing\/wp-content\/uploads\/2024\/11\/ARUS-768x307.png 768w, https:\/\/institucional.us.es\/olimpiadasing\/wp-content\/uploads\/2024\/11\/ARUS.png 1277w\" sizes=\"(max-width: 1024px) 100vw, 1024px\" \/><\/figure>\n\n\n\n<figure class=\"wp-block-image size-full is-resized\"><img loading=\"lazy\" decoding=\"async\" width=\"416\" height=\"348\" src=\"https:\/\/institucional.us.es\/olimpiadasing\/wp-content\/uploads\/2024\/11\/CLUB-ELECTRONICA.png\" alt=\"\" class=\"wp-image-212\" style=\"width:117px;height:auto\" srcset=\"https:\/\/institucional.us.es\/olimpiadasing\/wp-content\/uploads\/2024\/11\/CLUB-ELECTRONICA.png 416w, https:\/\/institucional.us.es\/olimpiadasing\/wp-content\/uploads\/2024\/11\/CLUB-ELECTRONICA-300x251.png 300w\" sizes=\"(max-width: 416px) 100vw, 416px\" \/><\/figure>\n\n\n\n<figure class=\"wp-block-image size-full is-resized\"><img loading=\"lazy\" decoding=\"async\" width=\"225\" height=\"225\" src=\"https:\/\/institucional.us.es\/olimpiadasing\/wp-content\/uploads\/2024\/11\/DELEGACION.jpeg\" alt=\"\" class=\"wp-image-213\" style=\"width:111px;height:auto\" srcset=\"https:\/\/institucional.us.es\/olimpiadasing\/wp-content\/uploads\/2024\/11\/DELEGACION.jpeg 225w, https:\/\/institucional.us.es\/olimpiadasing\/wp-content\/uploads\/2024\/11\/DELEGACION-150x150.jpeg 150w\" sizes=\"(max-width: 225px) 100vw, 225px\" \/><\/figure>\n<\/div>\n\n\n\n<hr class=\"wp-block-separator has-alpha-channel-opacity\"\/>\n\n\n\n<div class=\"wp-block-group alignwide has-global-padding is-layout-constrained wp-block-group-is-layout-constrained\">\n<table class=\"has-fixed-layout\" style=\"width: 100%;\">\n<tbody>\n<tr>\n<td style=\"\"><h3 style=\"margin-block-start: 3px; margin-block-end: 3px;\"> <\/td>\n<td style=\"width: 15%; text-align: center;\"><img decoding=\"async\" style=\"width: 100px;\" src=\"https:\/\/institucional.us.es\/olimpiadasing\/wp-content\/uploads\/2024\/09\/Platinum225.jpg\"><\/td>\n<td style=\"width: 15%; text-align: center;\"><img decoding=\"async\" style=\"width: 100px;\" src=\"https:\/\/institucional.us.es\/olimpiadasing\/wp-content\/uploads\/2024\/09\/Gold225.jpg\"><\/td>\n<td style=\"width: 15%; text-align: center;\"><img decoding=\"async\" style=\"width: 100px;\" src=\"https:\/\/institucional.us.es\/olimpiadasing\/wp-content\/uploads\/2024\/09\/Silver225.jpg\"><\/td>\n<\/tr>\n<tr style=\"background: white\">\n<td style=\"border: 0px solid black;\"><h3 style=\"margin-block-start: 3px; margin-block-end: 3px;\">Tipo de Patrocinio<\/h3><\/td>\n<td style=\"width: 15%; border: 0px solid black; text-align: center;\"><h3 style=\"margin-block-start: 3px; margin-block-end: 3px;\">Platino<\/h3><\/td>\n<td style=\"width: 15%; border: 0px solid black; text-align: center;\"><h3 style=\"margin-block-start: 3px; margin-block-end: 3px;\">Oro<\/h3><\/td>\n<td style=\"width: 15%; border: 0px solid black; text-align: center;\"><h3 style=\"margin-block-start: 3px; margin-block-end: 3px;\">Plata<\/h3><\/td>\n<\/tr>\n<tr style=\"\">\n<td style=\"border: 0px solid black;\"><h3 style=\"margin-block-start: 3px; margin-block-end: 3px;\">Coste del Patrocinio<\/h3><\/td>\n<td style=\"width: 15%; border: 0px solid black; text-align: center;\"><h4 style=\"margin-block-start: 3px; margin-block-end: 3px;\">1000 \u20ac<\/h4><\/td>\n<td style=\"width: 15%; border: 0px solid black; text-align: center;\"><h4 style=\"margin-block-start: 3px; margin-block-end: 3px;\">500 \u20ac<\/h4><\/td>\n<td style=\"width: 15%; border: 0px solid black; text-align: center;\"><h4 style=\"margin-block-start: 3px; margin-block-end: 3px;\">300 \u20ac<\/h4><\/td>\n<\/tr>\n<tr style=\"background: white\">\n<td style=\"border: 0px solid black;\"><h3 style=\"margin-block-start: 3px; margin-block-end: 3px;\">Documentos Bases de la convocatoria<\/h3><\/td>\n<td style=\"width: 15%; border: 0px solid black; text-align: center;\"><h4 style=\"margin-block-start: 3px; margin-block-end: 3px;\"><img decoding=\"async\" style=\"width: 20px;\" src=\"https:\/\/institucional.us.es\/olimpiadasing\/wp-content\/uploads\/2024\/09\/tick.png\"><\/h4><\/td>\n<td style=\"width: 15%; border: 0px solid black; text-align: center;\"><h4 style=\"margin-block-start: 3px; margin-block-end: 3px;\"> <\/h4><\/td>\n<td style=\"width: 15%; border: 0px solid black; text-align: center;\"><h4 style=\"margin-block-start: 3px; margin-block-end: 3px;\"> <\/h4><\/td>\n<\/tr>\n<tr style=\"\">\n<td style=\"border: 0px solid black;\"><h3 style=\"margin-block-start: 3px; margin-block-end: 3px;\">Entrega de \u201cPremio entidad XXX\u201d<\/h3><\/td>\n<td style=\"width: 15%; border: 0px solid black; text-align: center;\"><h4 style=\"margin-block-start: 3px; margin-block-end: 3px;\"><img decoding=\"async\" style=\"width: 20px;\" src=\"https:\/\/institucional.us.es\/olimpiadasing\/wp-content\/uploads\/2024\/09\/tick.png\"><\/h4><\/td>\n<td style=\"width: 15%; border: 0px solid black; text-align: center;\"><h4 style=\"margin-block-start: 3px; margin-block-end: 3px;\"> <\/h4><\/td>\n<td style=\"width: 15%; border: 0px solid black; text-align: center;\"><h4 style=\"margin-block-start: 3px; margin-block-end: 3px;\"> <\/h4><\/td>\n<\/tr>\n<tr style=\"background: white\">\n<td style=\"border: 0px solid black;\"><h3 style=\"margin-block-start: 3px; margin-block-end: 3px;\">Camisetas propagandas Olimpiadas Nacionales<\/h3><\/td>\n<td style=\"width: 15%; border: 0px solid black; text-align: center;\"><h4 style=\"margin-block-start: 3px; margin-block-end: 3px;\"><img decoding=\"async\" style=\"width: 20px;\" src=\"https:\/\/institucional.us.es\/olimpiadasing\/wp-content\/uploads\/2024\/09\/tick.png\"><\/h4><\/td>\n<td style=\"width: 15%; border: 0px solid black; text-align: center;\"><h4 style=\"margin-block-start: 3px; margin-block-end: 3px;\"> <\/h4><\/td>\n<td style=\"width: 15%; border: 0px solid black; text-align: center;\"><h4 style=\"margin-block-start: 3px; margin-block-end: 3px;\"> <\/h4><\/td>\n<\/tr>\n<tr style=\"\">\n<td style=\"border: 0px solid black;\"><h3 style=\"margin-block-start: 3px; margin-block-end: 3px;\">Presencia en photocall<\/h3><\/td>\n<td style=\"width: 15%; border: 0px solid black; text-align: center;\"><h4 style=\"margin-block-start: 3px; margin-block-end: 3px;\"><img decoding=\"async\" style=\"width: 20px;\" src=\"https:\/\/institucional.us.es\/olimpiadasing\/wp-content\/uploads\/2024\/09\/tick.png\"><\/h4><\/td>\n<td style=\"width: 15%; border: 0px solid black; text-align: center;\"><h4 style=\"margin-block-start: 3px; margin-block-end: 3px;\"> <\/h4><\/td>\n<td style=\"width: 15%; border: 0px solid black; text-align: center;\"><h4 style=\"margin-block-start: 3px; margin-block-end: 3px;\"> <\/h4><\/td>\n<\/tr>\n<tr style=\"background: white\">\n<td style=\"border: 0px solid black;\"><h3 style=\"margin-block-start: 3px; margin-block-end: 3px;\">Participaci\u00f3n Comit\u00e9 Acad\u00e9mico<\/h3><\/td>\n<td style=\"width: 15%; border: 0px solid black; text-align: center;\"><h4 style=\"margin-block-start: 3px; margin-block-end: 3px;\"><img decoding=\"async\" style=\"width: 20px;\" src=\"https:\/\/institucional.us.es\/olimpiadasing\/wp-content\/uploads\/2024\/09\/tick.png\"><\/h4><\/td>\n<td style=\"width: 15%; border: 0px solid black; text-align: center;\"><h4 style=\"margin-block-start: 3px; margin-block-end: 3px;\"><img decoding=\"async\" style=\"width: 20px;\" src=\"https:\/\/institucional.us.es\/olimpiadasing\/wp-content\/uploads\/2024\/09\/tick.png\"><\/h4><\/td>\n<td style=\"width: 15%; border: 0px solid black; text-align: center;\"><h4 style=\"margin-block-start: 3px; margin-block-end: 3px;\"> <\/h4><\/td>\n<\/tr>\n<tr style=\"\">\n<td style=\"border: 0px solid black;\"><h3 style=\"margin-block-start: 3px; margin-block-end: 3px;\">Video de presentaci\u00f3n (pantalla principal)<\/h3><\/td>\n<td style=\"width: 15%; border: 0px solid black; text-align: center;\"><h4 style=\"margin-block-start: 3px; margin-block-end: 3px;\"><img decoding=\"async\" style=\"width: 20px;\" src=\"https:\/\/institucional.us.es\/olimpiadasing\/wp-content\/uploads\/2024\/09\/tick.png\"><\/h4><\/td>\n<td style=\"width: 15%; border: 0px solid black; text-align: center;\"><h4 style=\"margin-block-start: 3px; margin-block-end: 3px;\"><img decoding=\"async\" style=\"width: 20px;\" src=\"https:\/\/institucional.us.es\/olimpiadasing\/wp-content\/uploads\/2024\/09\/tick.png\"><\/h4><\/td>\n<td style=\"width: 15%; border: 0px solid black; text-align: center;\"><h4 style=\"margin-block-start: 3px; margin-block-end: 3px;\"> <\/h4><\/td>\n<\/tr>\n<tr style=\"background: white\">\n<td style=\"border: 0px solid black;\"><h3 style=\"margin-block-start: 3px; margin-block-end: 3px;\">Visibilidad medios de difusi\u00f3n y comunicaci\u00f3n<\/h3><\/td>\n<td style=\"width: 15%; border: 0px solid black; text-align: center;\"><h4 style=\"margin-block-start: 3px; margin-block-end: 3px;\"><img decoding=\"async\" style=\"width: 20px;\" src=\"https:\/\/institucional.us.es\/olimpiadasing\/wp-content\/uploads\/2024\/09\/tick.png\"><img decoding=\"async\" style=\"width: 20px;\" src=\"https:\/\/institucional.us.es\/olimpiadasing\/wp-content\/uploads\/2024\/09\/tick.png\"><img decoding=\"async\" style=\"width: 20px;\" src=\"https:\/\/institucional.us.es\/olimpiadasing\/wp-content\/uploads\/2024\/09\/tick.png\"><\/h4><\/td>\n<td style=\"width: 15%; border: 0px solid black; text-align: center;\"><h4 style=\"margin-block-start: 3px; margin-block-end: 3px;\"><img decoding=\"async\" style=\"width: 20px;\" src=\"https:\/\/institucional.us.es\/olimpiadasing\/wp-content\/uploads\/2024\/09\/tick.png\"><img decoding=\"async\" style=\"width: 20px;\" src=\"https:\/\/institucional.us.es\/olimpiadasing\/wp-content\/uploads\/2024\/09\/tick.png\"><\/h4><\/td>\n<td style=\"width: 15%; border: 0px solid black; text-align: center;\"><h4 style=\"margin-block-start: 3px; margin-block-end: 3px;\"><img decoding=\"async\" style=\"width: 20px;\" src=\"https:\/\/institucional.us.es\/olimpiadasing\/wp-content\/uploads\/2024\/09\/tick.png\"><\/h4><\/td>\n<\/tr>\n<tr style=\"\">\n<td style=\"border: 0px solid black;\"><h3 style=\"margin-block-start: 3px; margin-block-end: 3px;\">P\u00e1gina web<\/h3><\/td>\n<td style=\"width: 15%; border: 0px solid black; text-align: center;\"><h4 style=\"margin-block-start: 3px; margin-block-end: 3px;\"><img decoding=\"async\" style=\"width: 20px;\" src=\"https:\/\/institucional.us.es\/olimpiadasing\/wp-content\/uploads\/2024\/09\/tick.png\"><\/h4><\/td>\n<td style=\"width: 15%; border: 0px solid black; text-align: center;\"><h4 style=\"margin-block-start: 3px; margin-block-end: 3px;\"><img decoding=\"async\" style=\"width: 20px;\" src=\"https:\/\/institucional.us.es\/olimpiadasing\/wp-content\/uploads\/2024\/09\/tick.png\"><\/h4><\/td>\n<td style=\"width: 15%; border: 0px solid black; text-align: center;\"><h4 style=\"margin-block-start: 3px; margin-block-end: 3px;\"><img decoding=\"async\" style=\"width: 20px;\" src=\"https:\/\/institucional.us.es\/olimpiadasing\/wp-content\/uploads\/2024\/09\/tick.png\"><\/h4><\/td>\n<\/tr>\n<tr style=\"background: white\">\n<td style=\"border: 0px solid black;\"><h3 style=\"margin-block-start: 3px; margin-block-end: 3px;\">Material promocional por cuenta propia<\/h3><\/td>\n<td style=\"width: 15%; border: 0px solid black; text-align: center;\"><h4 style=\"margin-block-start: 3px; margin-block-end: 3px;\"><img decoding=\"async\" style=\"width: 20px;\" src=\"https:\/\/institucional.us.es\/olimpiadasing\/wp-content\/uploads\/2024\/09\/tick.png\"><\/h4><\/td>\n<td style=\"width: 15%; border: 0px solid black; text-align: center;\"><h4 style=\"margin-block-start: 3px; margin-block-end: 3px;\"><img decoding=\"async\" style=\"width: 20px;\" src=\"https:\/\/institucional.us.es\/olimpiadasing\/wp-content\/uploads\/2024\/09\/tick.png\"><\/h4><\/td>\n<td style=\"width: 15%; border: 0px solid black; text-align: center;\"><h4 style=\"margin-block-start: 3px; margin-block-end: 3px;\"><img decoding=\"async\" style=\"width: 20px;\" src=\"https:\/\/institucional.us.es\/olimpiadasing\/wp-content\/uploads\/2024\/09\/tick.png\"><\/h4><\/td>\n<\/tr>\n<tr style=\"\">\n<td style=\"border: 0px solid black;\"><h3 style=\"margin-block-start: 3px; margin-block-end: 3px;\">Agradecimiento en RRSS<\/h3><\/td>\n<td style=\"width: 15%; border: 0px solid black; text-align: center;\"><h4 style=\"margin-block-start: 3px; margin-block-end: 3px;\"><img decoding=\"async\" style=\"width: 20px;\" src=\"https:\/\/institucional.us.es\/olimpiadasing\/wp-content\/uploads\/2024\/09\/tick.png\"><\/h4><\/td>\n<td style=\"width: 15%; border: 0px solid black; text-align: center;\"><h4 style=\"margin-block-start: 3px; margin-block-end: 3px;\"><img decoding=\"async\" style=\"width: 20px;\" src=\"https:\/\/institucional.us.es\/olimpiadasing\/wp-content\/uploads\/2024\/09\/tick.png\"><\/h4><\/td>\n<td style=\"width: 15%; border: 0px solid black; text-align: center;\"><h4 style=\"margin-block-start: 3px; margin-block-end: 3px;\"><img decoding=\"async\" style=\"width: 20px;\" src=\"https:\/\/institucional.us.es\/olimpiadasing\/wp-content\/uploads\/2024\/09\/tick.png\"><\/h4><\/td>\n<\/tr>\n<tr style=\"background: white\">\n<td style=\"border: 0px solid black;\"><h3 style=\"margin-block-start: 3px; margin-block-end: 3px;\">Banderolas y Carteler\u00eda<\/h3><\/td>\n<td style=\"width: 15%; border: 0px solid black; text-align: center;\"><h4 style=\"margin-block-start: 3px; margin-block-end: 3px;\"><img decoding=\"async\" style=\"width: 20px;\" src=\"https:\/\/institucional.us.es\/olimpiadasing\/wp-content\/uploads\/2024\/09\/tick.png\"><\/h4><\/td>\n<td style=\"width: 15%; border: 0px solid black; text-align: center;\"><h4 style=\"margin-block-start: 3px; margin-block-end: 3px;\"><img decoding=\"async\" style=\"width: 20px;\" src=\"https:\/\/institucional.us.es\/olimpiadasing\/wp-content\/uploads\/2024\/09\/tick.png\"><\/h4><\/td>\n<td style=\"width: 15%; border: 0px solid black; text-align: center;\"><h4 style=\"margin-block-start: 3px; margin-block-end: 3px;\"><img decoding=\"async\" style=\"width: 20px;\" src=\"https:\/\/institucional.us.es\/olimpiadasing\/wp-content\/uploads\/2024\/09\/tick.png\"><\/h4><\/td>\n<\/tr>\n<\/tbody>\n<\/table>\n<\/div>\n","protected":false},"excerpt":{"rendered":"<p>Patrocinadores Platinum Patrocinadores Oro Colaboradores Tipo de Patrocinio Platino Oro Plata Coste del Patrocinio 1000 \u20ac 500 \u20ac 300 \u20ac Documentos Bases de la convocatoria Entrega de \u201cPremio entidad XXX\u201d Camisetas propagandas Olimpiadas Nacionales Presencia en photocall Participaci\u00f3n Comit\u00e9 Acad\u00e9mico Video de presentaci\u00f3n (pantalla principal) Visibilidad medios de difusi\u00f3n y comunicaci\u00f3n P\u00e1gina web Material promocional [&hellip;]<\/p>\n","protected":false},"author":2,"featured_media":0,"parent":0,"menu_order":0,"comment_status":"closed","ping_status":"closed","template":"","meta":{"footnotes":""},"class_list":["post-107","page","type-page","status-publish","hentry"],"_links":{"self":[{"href":"https:\/\/institucional.us.es\/olimpiadasing\/index.php?rest_route=\/wp\/v2\/pages\/107"}],"collection":[{"href":"https:\/\/institucional.us.es\/olimpiadasing\/index.php?rest_route=\/wp\/v2\/pages"}],"about":[{"href":"https:\/\/institucional.us.es\/olimpiadasing\/index.php?rest_route=\/wp\/v2\/types\/page"}],"author":[{"embeddable":true,"href":"https:\/\/institucional.us.es\/olimpiadasing\/index.php?rest_route=\/wp\/v2\/users\/2"}],"replies":[{"embeddable":true,"href":"https:\/\/institucional.us.es\/olimpiadasing\/index.php?rest_route=%2Fwp%2Fv2%2Fcomments&post=107"}],"version-history":[{"count":48,"href":"https:\/\/institucional.us.es\/olimpiadasing\/index.php?rest_route=\/wp\/v2\/pages\/107\/revisions"}],"predecessor-version":[{"id":219,"href":"https:\/\/institucional.us.es\/olimpiadasing\/index.php?rest_route=\/wp\/v2\/pages\/107\/revisions\/219"}],"wp:attachment":[{"href":"https:\/\/institucional.us.es\/olimpiadasing\/index.php?rest_route=%2Fwp%2Fv2%2Fmedia&parent=107"}],"curies":[{"name":"wp","href":"https:\/\/api.w.org\/{rel}","templated":true}]}}