{"id":1175,"date":"2019-03-26T12:01:13","date_gmt":"2019-03-26T12:01:13","guid":{"rendered":"http:\/\/institucional.us.es\/orquesta\/?page_id=1175"},"modified":"2022-10-20T13:04:09","modified_gmt":"2022-10-20T13:04:09","slug":"plan-de-ensayos-t83","status":"publish","type":"page","link":"https:\/\/institucional.us.es\/orquesta\/en\/plan-de-ensayos-t83\/","title":{"rendered":"Plan de ensayos T8#3"},"content":{"rendered":"<h1 style=\"text-align: center;\"><\/h1>\n<p>&nbsp;<\/p>\n<p>&nbsp;<\/p>\n<h1>PLANTILLA<\/h1>\n<p><b><span style=\"font-size: medium;\">FLAUTAS <\/span><\/b><\/p>\n<p>Nuria Jim\u00e9nez, Iv\u00e1n Jim\u00e9nez, Mar\u00eda Jos\u00e9 Rangel, Mar\u00eda del Mar Trist\u00e1n, Noelia Mar\u00eda Callejo<\/p>\n<p>&nbsp;<\/p>\n<p align=\"LEFT\"><b><span style=\"font-size: medium;\">OBOES <\/span><\/b><\/p>\n<p>Carlos \u00c1lvarez de Cienfuegos, Francisco J. Guti\u00e9rrez, Francisco J. Alvarez, Marta Mart\u00edn<\/p>\n<p>&nbsp;<\/p>\n<p align=\"LEFT\"><b><span style=\"font-size: medium;\">CLARINETES <\/span><\/b><\/p>\n<p>Manuel Emilio Mar\u00ed, Andrea Cano, Rafael Carrasco, Beatriz Parrilla<\/p>\n<p>&nbsp;<\/p>\n<p align=\"LEFT\"><b><span style=\"font-size: medium;\">FAGOTES <\/span><\/b><\/p>\n<p>Irene Camacho, Jes\u00fas Moreno<\/p>\n<p>&nbsp;<\/p>\n<p><b><span style=\"font-size: medium;\">TROMPAS <\/span><\/b><\/p>\n<p>Jes\u00fas Moreno, Alejandro Mart\u00edn, Mar\u00eda Arrocha, Roc\u00edo Moreno, Manuel Antonio Hern\u00e1ndez, Francisco Monge, Jos\u00e9 Mar\u00eda Rebollo<\/p>\n<p>&nbsp;<\/p>\n<p><b><span style=\"font-size: medium;\">TROMPETAS <\/span><\/b><\/p>\n<p>Manuel Cirera,\u00a0Jos\u00e9 Valero, Manuel Torres, Elena Rodr\u00edguez<br \/>\n<b><\/b><\/p>\n<p>&nbsp;<\/p>\n<p><b><span style=\"font-size: medium;\">TROMBONES<\/span><\/b><\/p>\n<p>Jes\u00fas Beldades, Gin\u00e9s Rosa S\u00e1nchez, Javier Rodr\u00edguez Lizana<\/p>\n<p>&nbsp;<\/p>\n<p><b><span style=\"font-size: medium;\">TUBA<\/span><\/b><\/p>\n<p>Jos\u00e9 Carlos Olmo<\/p>\n<p>&nbsp;<\/p>\n<p><b><span style=\"font-size: medium;\">PERCUSI\u00d3N<\/span><\/b><\/p>\n<p>Inmaculada Acosta Ram\u00edrez, Juan Carlos Garc\u00eda Castro, Mois\u00e9s M\u00e1rquez Rueda, Jos\u00e9 Alepuz Albuixech, Abel Mart\u00edn Dom\u00ednguez, Carlos Moreno Camacho, Francisco Joaqu\u00edn Capel Garc\u00eda<\/p>\n<p>&nbsp;<\/p>\n<p><b><span style=\"font-size: medium;\">CELESTA<\/span><\/b><\/p>\n<p>Ana Rioja Garc\u00eda-Rayo<\/p>\n<p>&nbsp;<\/p>\n<p><b><span style=\"font-size: medium;\">VIOLINES I<\/span><\/b><\/p>\n<p>Sandra Bravo, Ana Mar\u00edn Albero, H\u00e9ctor Infante, Laura L\u00f3pez, Alfonso Cuevas, Marta Jim\u00e9nez, Luc\u00eda Rodr\u00edguez Checa, Alejandro Moreno Gonz\u00e1lez, Ricardo Jes\u00fas Riscardo, Paloma Rold\u00e1n Salas, Antonio V\u00e1zquez P\u00e9rez, Aitor Gabriel Schwader, Mar\u00eda Hu\u00e9lamo, Felix Hochbaum, Elena \u00c1lamo, Elisa Prenda, Alicia Rodr\u00edguez, Raquel Garc\u00eda D\u00edaz<\/p>\n<p>&nbsp;<\/p>\n<p><b><span style=\"font-size: medium;\">VIOLINES II<\/span><\/b><\/p>\n<p>Candela Schlatter, Libia Olivera Dur\u00e1n, Francisco Manuel Ruiz, Celia Vicente Guerra, Carlos Crespo Rodr\u00edguez, Siria Ram\u00edrez Quintero, Raquel Mar\u00eda Reina, Mario Jim\u00e9nez Gonz\u00e1lez, Iria Griselda Reyes, Mariana Reynier, Claudia S\u00e1nchez Polonio, Juan Mar\u00eda Sojo L\u00f3pez, Teresa Bartolom\u00e9<\/p>\n<p>&nbsp;<\/p>\n<p><b><span style=\"font-size: medium;\">VIOLAS<\/span><\/b><\/p>\n<p>Alberto Garc\u00eda P\u00e9rez, Jairo Mu\u00f1oz S\u00e1nchez, Mar\u00eda del Mar Ochavo, Antonio David Moreno Jim\u00e9nez, Roc\u00edo Lauri\u00f1o, Ismael Hamido, Mar\u00eda Jos\u00e9 Minuesa, David P\u00e9rez Fern\u00e1ndez, Juan Antonio Rubio Platero, Marina S\u00e1nchez Lozano, Nadia Carmona, Ver\u00f3nica G\u00f3mez Gibelo, Johanna Marci<\/p>\n<p>&nbsp;<\/p>\n<p><b><span style=\"font-size: medium;\">VIOLONCHELOS<\/span><\/b><\/p>\n<p>Fabio Rafael Arias, Gabriel Gonz\u00e1lez Rodero, Antonio Dorado, Ainhoa Bandr\u00e9s, Laura Mar\u00edn, Laura Coll Cort\u00e9s, Clara S\u00e1nchez, Julia Elena N\u00fa\u00f1ez, Julia Misas, Ricardo Huete, Blanca S\u00e1nchez, Elena Montes, Gabriel Fued C\u00f3rdoba, Omar Faiz, Candela Fern\u00e1ndez, Manuel Bancanero, Jos\u00e9 \u00c1ngel Nieto, Leticia L\u00f3pez<\/p>\n<p>&nbsp;<\/p>\n<p><b><span style=\"font-size: medium;\">CONTRABAJOS<\/span><\/b><\/p>\n<p>Marco Serrato, Irene S\u00e1nchez, Xavier Boixader, Mar\u00eda Jes\u00fas G\u00e1lvez, Pablo Centeno, Antonio Torres<\/p>\n<p>&nbsp;<\/p>\n<p>&nbsp;<\/p>\n<p>&nbsp;<\/p>\n<p>&nbsp;<\/p>","protected":false},"excerpt":{"rendered":"<p>&nbsp; &nbsp; PLANTILLA FLAUTAS Nuria Jim\u00e9nez, Iv\u00e1n Jim\u00e9nez, Mar\u00eda Jos\u00e9 Rangel, Mar\u00eda del Mar Trist\u00e1n, Noelia Mar\u00eda Callejo &nbsp; OBOES Carlos \u00c1lvarez de Cienfuegos, Francisco J. Guti\u00e9rrez, Francisco J. Alvarez, Marta Mart\u00edn &nbsp; CLARINETES Manuel Emilio Mar\u00ed, Andrea Cano, Rafael Carrasco, Beatriz Parrilla &nbsp; FAGOTES Irene Camacho, Jes\u00fas Moreno &nbsp; TROMPAS Jes\u00fas Moreno, Alejandro Mart\u00edn, [&hellip;]<\/p>\n","protected":false},"author":5,"featured_media":0,"parent":0,"menu_order":0,"comment_status":"closed","ping_status":"open","template":"","meta":{"site-sidebar-layout":"default","site-content-layout":"","ast-site-content-layout":"default","site-content-style":"default","site-sidebar-style":"default","ast-global-header-display":"","ast-banner-title-visibility":"","ast-main-header-display":"","ast-hfb-above-header-display":"","ast-hfb-below-header-display":"","ast-hfb-mobile-header-display":"","site-post-title":"","ast-breadcrumbs-content":"","ast-featured-img":"","footer-sml-layout":"","ast-disable-related-posts":"","theme-transparent-header-meta":"","adv-header-id-meta":"","stick-header-meta":"","header-above-stick-meta":"","header-main-stick-meta":"","header-below-stick-meta":"","astra-migrate-meta-layouts":"default","ast-page-background-enabled":"default","ast-page-background-meta":{"desktop":{"background-color":"","background-image":"","background-repeat":"repeat","background-position":"center center","background-size":"auto","background-attachment":"scroll","background-type":"","background-media":"","overlay-type":"","overlay-color":"","overlay-opacity":"","overlay-gradient":""},"tablet":{"background-color":"","background-image":"","background-repeat":"repeat","background-position":"center center","background-size":"auto","background-attachment":"scroll","background-type":"","background-media":"","overlay-type":"","overlay-color":"","overlay-opacity":"","overlay-gradient":""},"mobile":{"background-color":"","background-image":"","background-repeat":"repeat","background-position":"center center","background-size":"auto","background-attachment":"scroll","background-type":"","background-media":"","overlay-type":"","overlay-color":"","overlay-opacity":"","overlay-gradient":""}},"ast-content-background-meta":{"desktop":{"background-color":"var(--ast-global-color-5)","background-image":"","background-repeat":"repeat","background-position":"center center","background-size":"auto","background-attachment":"scroll","background-type":"","background-media":"","overlay-type":"","overlay-color":"","overlay-opacity":"","overlay-gradient":""},"tablet":{"background-color":"var(--ast-global-color-5)","background-image":"","background-repeat":"repeat","background-position":"center center","background-size":"auto","background-attachment":"scroll","background-type":"","background-media":"","overlay-type":"","overlay-color":"","overlay-opacity":"","overlay-gradient":""},"mobile":{"background-color":"var(--ast-global-color-5)","background-image":"","background-repeat":"repeat","background-position":"center center","background-size":"auto","background-attachment":"scroll","background-type":"","background-media":"","overlay-type":"","overlay-color":"","overlay-opacity":"","overlay-gradient":""}},"footnotes":""},"class_list":["post-1175","page","type-page","status-publish","hentry"],"_links":{"self":[{"href":"https:\/\/institucional.us.es\/orquesta\/en\/wp-json\/wp\/v2\/pages\/1175","targetHints":{"allow":["GET"]}}],"collection":[{"href":"https:\/\/institucional.us.es\/orquesta\/en\/wp-json\/wp\/v2\/pages"}],"about":[{"href":"https:\/\/institucional.us.es\/orquesta\/en\/wp-json\/wp\/v2\/types\/page"}],"author":[{"embeddable":true,"href":"https:\/\/institucional.us.es\/orquesta\/en\/wp-json\/wp\/v2\/users\/5"}],"replies":[{"embeddable":true,"href":"https:\/\/institucional.us.es\/orquesta\/en\/wp-json\/wp\/v2\/comments?post=1175"}],"version-history":[{"count":8,"href":"https:\/\/institucional.us.es\/orquesta\/en\/wp-json\/wp\/v2\/pages\/1175\/revisions"}],"predecessor-version":[{"id":2458,"href":"https:\/\/institucional.us.es\/orquesta\/en\/wp-json\/wp\/v2\/pages\/1175\/revisions\/2458"}],"wp:attachment":[{"href":"https:\/\/institucional.us.es\/orquesta\/en\/wp-json\/wp\/v2\/media?parent=1175"}],"curies":[{"name":"wp","href":"https:\/\/api.w.org\/{rel}","templated":true}]}}