{"id":1329,"date":"2019-05-09T11:30:39","date_gmt":"2019-05-09T11:30:39","guid":{"rendered":"http:\/\/institucional.us.es\/orquesta\/?page_id=1329"},"modified":"2019-05-09T11:30:39","modified_gmt":"2019-05-09T11:30:39","slug":"plantilla-t8-2","status":"publish","type":"page","link":"https:\/\/institucional.us.es\/orquesta\/en\/plantilla-t8-2\/","title":{"rendered":"PLANTILLA T8 #2"},"content":{"rendered":"<h1>PLANTILLA<\/h1>\n<p>&nbsp;<\/p>\n<p><b><span style=\"font-size: medium;\">FLAUTAS <\/span><\/b><\/p>\n<p>Noelia Mar\u00eda Callejo \u00b7\u00a0Francisco Jos\u00e9 Urbano<\/p>\n<p>&nbsp;<\/p>\n<p align=\"LEFT\"><b><span style=\"font-size: medium;\">OBOES <\/span><\/b><\/p>\n<p>Manuel Acu\u00f1a \u00b7\u00a0Francisco Javier Guti\u00e9rrez<\/p>\n<p>&nbsp;<\/p>\n<p align=\"LEFT\"><b><span style=\"font-size: medium;\">CLARINETES <\/span><\/b><\/p>\n<p>Mar\u00eda Victoria Fern\u00e1ndez \u00b7\u00a0Francisco Jos\u00e9 Estrada \u00b7\u00a0Marcos Carmona Rodr\u00edguez \u00b7 Iv\u00e1n Camacho \u00b7 Esteban Escabia Hornos \u00b7 Alejandro Gonz\u00e1lez \u00b7 \u00c1lvaro G\u00f3mez Dur\u00e1n \u00b7 \u00c1ngela Dom\u00ednguez \u00b7 Carmen Rivero \u00b7 Pablo Aranda \u00b7 Juan Jes\u00fas Mena \u00b7 Luz de \u00c1frica S\u00e1nchez<\/p>\n<p>&nbsp;<\/p>\n<p align=\"LEFT\"><b><span style=\"font-size: medium;\">FAGOTES <\/span><\/b><\/p>\n<p>Felipe Rodr\u00edguez \u00b7 Manuel Mart\u00edn \u00b7 Jes\u00fas Manuel Moreno<\/p>\n<p>&nbsp;<\/p>\n<p><b><span style=\"font-size: medium;\">TROMPAS <\/span><\/b><\/p>\n<p>Jes\u00fas Moreno \u00b7\u00a0Alejandro Mart\u00edn<\/p>\n<p>&nbsp;<\/p>\n<p><b><span style=\"font-size: medium;\">VIOLONCHELOS<\/span><\/b><\/p>\n<p>Antonio Dorado \u00b7 Gabriel Rodero \u00b7 Laura Mar\u00edn \u00b7 Laura Coll Cort\u00e9s \u00b7 Julia Misas \u00b7 Blanca S\u00e1nchez \u00b7 Clara S\u00e1nchez \u00b7 Elena Montes<\/p>\n<p>&nbsp;<\/p>","protected":false},"excerpt":{"rendered":"<p>PLANTILLA &nbsp; FLAUTAS Noelia Mar\u00eda Callejo \u00b7\u00a0Francisco Jos\u00e9 Urbano &nbsp; OBOES Manuel Acu\u00f1a \u00b7\u00a0Francisco Javier Guti\u00e9rrez &nbsp; CLARINETES Mar\u00eda Victoria Fern\u00e1ndez \u00b7\u00a0Francisco Jos\u00e9 Estrada \u00b7\u00a0Marcos Carmona Rodr\u00edguez \u00b7 Iv\u00e1n Camacho \u00b7 Esteban Escabia Hornos \u00b7 Alejandro Gonz\u00e1lez \u00b7 \u00c1lvaro G\u00f3mez Dur\u00e1n \u00b7 \u00c1ngela Dom\u00ednguez \u00b7 Carmen Rivero \u00b7 Pablo Aranda \u00b7 Juan Jes\u00fas Mena \u00b7 [&hellip;]<\/p>\n","protected":false},"author":5,"featured_media":0,"parent":0,"menu_order":0,"comment_status":"closed","ping_status":"open","template":"","meta":{"site-sidebar-layout":"default","site-content-layout":"","ast-site-content-layout":"default","site-content-style":"default","site-sidebar-style":"default","ast-global-header-display":"","ast-banner-title-visibility":"","ast-main-header-display":"","ast-hfb-above-header-display":"","ast-hfb-below-header-display":"","ast-hfb-mobile-header-display":"","site-post-title":"","ast-breadcrumbs-content":"","ast-featured-img":"","footer-sml-layout":"","ast-disable-related-posts":"","theme-transparent-header-meta":"","adv-header-id-meta":"","stick-header-meta":"","header-above-stick-meta":"","header-main-stick-meta":"","header-below-stick-meta":"","astra-migrate-meta-layouts":"default","ast-page-background-enabled":"default","ast-page-background-meta":{"desktop":{"background-color":"","background-image":"","background-repeat":"repeat","background-position":"center center","background-size":"auto","background-attachment":"scroll","background-type":"","background-media":"","overlay-type":"","overlay-color":"","overlay-opacity":"","overlay-gradient":""},"tablet":{"background-color":"","background-image":"","background-repeat":"repeat","background-position":"center center","background-size":"auto","background-attachment":"scroll","background-type":"","background-media":"","overlay-type":"","overlay-color":"","overlay-opacity":"","overlay-gradient":""},"mobile":{"background-color":"","background-image":"","background-repeat":"repeat","background-position":"center center","background-size":"auto","background-attachment":"scroll","background-type":"","background-media":"","overlay-type":"","overlay-color":"","overlay-opacity":"","overlay-gradient":""}},"ast-content-background-meta":{"desktop":{"background-color":"var(--ast-global-color-5)","background-image":"","background-repeat":"repeat","background-position":"center center","background-size":"auto","background-attachment":"scroll","background-type":"","background-media":"","overlay-type":"","overlay-color":"","overlay-opacity":"","overlay-gradient":""},"tablet":{"background-color":"var(--ast-global-color-5)","background-image":"","background-repeat":"repeat","background-position":"center center","background-size":"auto","background-attachment":"scroll","background-type":"","background-media":"","overlay-type":"","overlay-color":"","overlay-opacity":"","overlay-gradient":""},"mobile":{"background-color":"var(--ast-global-color-5)","background-image":"","background-repeat":"repeat","background-position":"center center","background-size":"auto","background-attachment":"scroll","background-type":"","background-media":"","overlay-type":"","overlay-color":"","overlay-opacity":"","overlay-gradient":""}},"footnotes":""},"class_list":["post-1329","page","type-page","status-publish","hentry"],"_links":{"self":[{"href":"https:\/\/institucional.us.es\/orquesta\/en\/wp-json\/wp\/v2\/pages\/1329","targetHints":{"allow":["GET"]}}],"collection":[{"href":"https:\/\/institucional.us.es\/orquesta\/en\/wp-json\/wp\/v2\/pages"}],"about":[{"href":"https:\/\/institucional.us.es\/orquesta\/en\/wp-json\/wp\/v2\/types\/page"}],"author":[{"embeddable":true,"href":"https:\/\/institucional.us.es\/orquesta\/en\/wp-json\/wp\/v2\/users\/5"}],"replies":[{"embeddable":true,"href":"https:\/\/institucional.us.es\/orquesta\/en\/wp-json\/wp\/v2\/comments?post=1329"}],"version-history":[{"count":1,"href":"https:\/\/institucional.us.es\/orquesta\/en\/wp-json\/wp\/v2\/pages\/1329\/revisions"}],"predecessor-version":[{"id":1333,"href":"https:\/\/institucional.us.es\/orquesta\/en\/wp-json\/wp\/v2\/pages\/1329\/revisions\/1333"}],"wp:attachment":[{"href":"https:\/\/institucional.us.es\/orquesta\/en\/wp-json\/wp\/v2\/media?parent=1329"}],"curies":[{"name":"wp","href":"https:\/\/api.w.org\/{rel}","templated":true}]}}