{"id":1442,"date":"2019-09-18T13:50:33","date_gmt":"2019-09-18T13:50:33","guid":{"rendered":"http:\/\/institucional.us.es\/orquesta\/?page_id=1442"},"modified":"2019-09-30T11:04:05","modified_gmt":"2019-09-30T11:04:05","slug":"plantilla-t2-4","status":"publish","type":"page","link":"https:\/\/institucional.us.es\/orquesta\/en\/plantilla-t2-4\/","title":{"rendered":"PLANTILLA TII #4"},"content":{"rendered":"<h1>PLANTILLA TEMPORADA II CONCIERTO #4<\/h1>\n<p>&nbsp;<\/p>\n<p><strong>FLAUTAS<\/strong><\/p>\n<p>Sherezade Jurado<\/p>\n<p>Ester Esteban<\/p>\n<p>B\u00e1rbara G\u00e1lvez<\/p>\n<p>Diego Javier Garc\u00eda<\/p>\n<p>Viktoria Pokryvailo<\/p>\n<p>Salom\u00e9 Camacho<\/p>\n<p>Mar\u00eda Jos\u00e9 Bermejo<\/p>\n<p>&nbsp;<\/p>\n<p><strong>OBOES<\/strong><\/p>\n<p>Jos\u00e9 Luis Gonz\u00e1lez<\/p>\n<p>Jos\u00e9 Manuel Cuadrado<\/p>\n<p>Cristina Gimeno<\/p>\n<p>In\u00e9s Dom\u00ednguez<\/p>\n<p>Isabel Rodr\u00edguez<\/p>\n<p>&nbsp;<\/p>\n<p><strong>CLARINETES <\/strong><\/p>\n<p>Daniel Maldonado<\/p>\n<p>Jos\u00e9 Mar\u00eda Herrera<\/p>\n<p>Teodoro Dorante<\/p>\n<p>Fernando Arinero<\/p>\n<p>David Calvo<\/p>\n<p>F\u00e9lix Parrado<\/p>\n<p>Olmo Ranchal<\/p>\n<p>Ana Garc\u00eda<\/p>\n<p>Germ\u00e1n Mart\u00ednez<\/p>\n<p>Samuel Baena<\/p>\n<p>&nbsp;<\/p>\n<p><strong>FAGOTES <\/strong><\/p>\n<p>Nicol\u00e1s D\u00edaz<\/p>\n<p>Irene Salas<\/p>\n<p>Alejandro \u00c1lvarez<\/p>\n<p>Alfonso Silva<\/p>\n<p>Albert Sunyer<\/p>\n<p>&nbsp;<\/p>\n<p><strong>SAXOFONES <\/strong><\/p>\n<p>Patricia Coronel Avil\u00e9s<\/p>\n<p>David Flor Garc\u00eda<\/p>\n<p>Isabel Ruiz-Mateos Chamizo<\/p>\n<p>Mari \u00c1ngeles del Valle<\/p>\n<p>\u00c1lvaro L\u00f3pez Villegas<\/p>\n<p>&nbsp;<\/p>\n<p><strong>TROMPAS <\/strong><\/p>\n<p>V\u00edctor Lozano<\/p>\n<p>Marina Ojeda<\/p>\n<p>Miguel Aguilar<\/p>\n<p>Patricia del Roc\u00edo Mart\u00ednez<\/p>\n<p>Miguel Carrasco<\/p>\n<p>Francisco Antonio Garc\u00eda<\/p>\n<p>Alejandro Lagares<\/p>\n<p>Alba Mar\u00eda Torres<\/p>\n<p>&nbsp;<\/p>\n<p><strong>TROMPETAS <\/strong><\/p>\n<p>Francisco Lozano<\/p>\n<p>Antonio Caballero<\/p>\n<p>Miguel Mateos<\/p>\n<p>Manuel Jos\u00e9 Gonz\u00e1lez<\/p>\n<p>David Segado<\/p>\n<p>Ignacio Gallardo Leal<\/p>\n<p>Jos\u00e9 David Elvira<\/p>\n<p>&nbsp;<\/p>\n<p><strong>TROMBONES <\/strong><\/p>\n<p>Marcos Mu\u00f1oz<\/p>\n<p>Jos\u00e9 Manuel Barquero<\/p>\n<p>Juan Antonio Fortes<\/p>\n<p>Manuel Jes\u00fas Ramos<\/p>\n<p>Miguel Barrones<\/p>\n<p>Leonardo Garc\u00eda Chaparro<\/p>\n<p>Jos\u00e9 Ignacio Dom\u00ednguez<\/p>\n<p>Jos\u00e9 Hern\u00e1ndez Rey<\/p>\n<p>&nbsp;<\/p>\n<p><strong>TUBA <\/strong><\/p>\n<p>Santiago Fuentes<\/p>\n<p>&nbsp;<\/p>\n<p><strong>TIMBALES <\/strong><\/p>\n<p>Luis Vicente Mart\u00edn<\/p>\n<p>Myriam Rastrero<\/p>\n<p>&nbsp;<\/p>\n<p><strong>PERCUSI\u00d3N <\/strong><\/p>\n<p>Jos\u00e9 Tur<\/p>\n<p>\u00c1ngel Mu\u00f1oz<\/p>\n<p>Manuel Aparicio<\/p>\n<p>Ram\u00f3n Cano<\/p>\n<p>&nbsp;<\/p>\n<p><strong>PIANO <\/strong><\/p>\n<p>Irina Kadashnikova<\/p>\n<p>&nbsp;<\/p>\n<p><strong>ARPA <\/strong><\/p>\n<p>Mar\u00eda Vicenta Diego<\/p>\n<p>&nbsp;<\/p>\n<p><strong>GUITARRA <\/strong><\/p>\n<p>Antonio M\u00e1rquez<\/p>\n<p>&nbsp;<\/p>\n<p><strong>VIOLINES I <\/strong><\/p>\n<p>Lara Sans\u00f3n<\/p>\n<p>Mar\u00eda Vizca\u00edno<\/p>\n<p>Andrea Marquina<\/p>\n<p>Irene Serrahima<\/p>\n<p>Luc\u00eda L\u00f3pez Borrego<\/p>\n<p>Juan Vel\u00e1zquez<\/p>\n<p>Daniel Le\u00f3n<\/p>\n<p>Francisco Javier Luengo<\/p>\n<p>Alicia L\u00f3pez<\/p>\n<p>M\u00edriam Fern\u00e1ndez<\/p>\n<p>Elena Vallecillo<\/p>\n<p>Irene Cabanillas<\/p>\n<p>Cristina Dom\u00ednguez<\/p>\n<p>Abel Ivars<\/p>\n<p>Rosal\u00eda L\u00f3pez<\/p>\n<p>&nbsp;<\/p>\n<p><strong>VIOLINES II <\/strong><\/p>\n<p>A\u00edda L\u00f3pez Borrego<\/p>\n<p>Mar\u00eda Gracia del Saz<\/p>\n<p>Teresa Vizca\u00edno<\/p>\n<p>Alejandro Vega<\/p>\n<p>Elisa Prenda<\/p>\n<p>Nieves \u00c1lvarez<\/p>\n<p>Pablo Romero<\/p>\n<p>Ana Mu\u00f1oz<\/p>\n<p>Alfonso Cuevas<\/p>\n<p>F\u00e1tima Caballero<\/p>\n<p>Bel\u00e9n Ferrer<\/p>\n<p>Jos\u00e9 Mar\u00eda Oleaga<\/p>\n<p>F\u00e1tima Mendoza<\/p>\n<p>Jes\u00fas Gonz\u00e1lez<\/p>\n<p>&nbsp;<\/p>\n<p><strong>VIOLAS\u00a0<\/strong><\/p>\n<p>\u00c1lvaro Arrans<\/p>\n<p>Paloma P\u00e9rez<\/p>\n<p>Carmen Rodr\u00edguez Romero<\/p>\n<p>Dar\u00eda Marchena<\/p>\n<p>Raquel Pav\u00f3n<\/p>\n<p>M\u00aa Dolores Mu\u00f1oz<\/p>\n<p>Paula Cepeda<\/p>\n<p>Salvador Daza<\/p>\n<p>Rebeca Barea<\/p>\n<p>Ana Moreno<\/p>\n<p>&nbsp;<\/p>\n<p><strong>VIOLONCHELOS<\/strong><\/p>\n<p>Juan Carrillo<\/p>\n<p>D\u00e9bora de la Fuente<\/p>\n<p>Bel\u00e9n Moreno<\/p>\n<p>Gema Garc\u00eda<\/p>\n<p>Ana Dom\u00ednguez<\/p>\n<p>Elisa Abril<\/p>\n<p>Andrea Villalba<\/p>\n<p>Francisco Daniel Espa\u00f1a<\/p>\n<p>Ra\u00fal Herrera<\/p>\n<p>Berta Garc\u00eda<\/p>\n<p>Israel Sobrino<\/p>\n<p>Enrique Garc\u00eda<\/p>\n<p>&nbsp;<\/p>\n<p><strong>CONTRABAJOS<\/strong><\/p>\n<p>Eduardo Rodr\u00edguez<\/p>\n<p>Jos\u00e9 Manuel L\u00f3pez<\/p>\n<p>Marco Serrato<\/p>\n<p>Manuel M\u00e1rquez<\/p>\n<p>Rom\u00e1n Fern\u00e1ndez-Baca<\/p>\n<p>Borja Morillo<\/p>","protected":false},"excerpt":{"rendered":"<p>PLANTILLA TEMPORADA II CONCIERTO #4 &nbsp; FLAUTAS Sherezade Jurado Ester Esteban B\u00e1rbara G\u00e1lvez Diego Javier Garc\u00eda Viktoria Pokryvailo Salom\u00e9 Camacho Mar\u00eda Jos\u00e9 Bermejo &nbsp; OBOES Jos\u00e9 Luis Gonz\u00e1lez Jos\u00e9 Manuel Cuadrado Cristina Gimeno In\u00e9s Dom\u00ednguez Isabel Rodr\u00edguez &nbsp; CLARINETES Daniel Maldonado Jos\u00e9 Mar\u00eda Herrera Teodoro Dorante Fernando Arinero David Calvo F\u00e9lix Parrado Olmo Ranchal Ana [&hellip;]<\/p>\n","protected":false},"author":5,"featured_media":0,"parent":0,"menu_order":0,"comment_status":"closed","ping_status":"open","template":"","meta":{"site-sidebar-layout":"default","site-content-layout":"","ast-site-content-layout":"default","site-content-style":"default","site-sidebar-style":"default","ast-global-header-display":"","ast-banner-title-visibility":"","ast-main-header-display":"","ast-hfb-above-header-display":"","ast-hfb-below-header-display":"","ast-hfb-mobile-header-display":"","site-post-title":"","ast-breadcrumbs-content":"","ast-featured-img":"","footer-sml-layout":"","ast-disable-related-posts":"","theme-transparent-header-meta":"","adv-header-id-meta":"","stick-header-meta":"","header-above-stick-meta":"","header-main-stick-meta":"","header-below-stick-meta":"","astra-migrate-meta-layouts":"default","ast-page-background-enabled":"default","ast-page-background-meta":{"desktop":{"background-color":"","background-image":"","background-repeat":"repeat","background-position":"center center","background-size":"auto","background-attachment":"scroll","background-type":"","background-media":"","overlay-type":"","overlay-color":"","overlay-opacity":"","overlay-gradient":""},"tablet":{"background-color":"","background-image":"","background-repeat":"repeat","background-position":"center center","background-size":"auto","background-attachment":"scroll","background-type":"","background-media":"","overlay-type":"","overlay-color":"","overlay-opacity":"","overlay-gradient":""},"mobile":{"background-color":"","background-image":"","background-repeat":"repeat","background-position":"center center","background-size":"auto","background-attachment":"scroll","background-type":"","background-media":"","overlay-type":"","overlay-color":"","overlay-opacity":"","overlay-gradient":""}},"ast-content-background-meta":{"desktop":{"background-color":"var(--ast-global-color-5)","background-image":"","background-repeat":"repeat","background-position":"center center","background-size":"auto","background-attachment":"scroll","background-type":"","background-media":"","overlay-type":"","overlay-color":"","overlay-opacity":"","overlay-gradient":""},"tablet":{"background-color":"var(--ast-global-color-5)","background-image":"","background-repeat":"repeat","background-position":"center center","background-size":"auto","background-attachment":"scroll","background-type":"","background-media":"","overlay-type":"","overlay-color":"","overlay-opacity":"","overlay-gradient":""},"mobile":{"background-color":"var(--ast-global-color-5)","background-image":"","background-repeat":"repeat","background-position":"center center","background-size":"auto","background-attachment":"scroll","background-type":"","background-media":"","overlay-type":"","overlay-color":"","overlay-opacity":"","overlay-gradient":""}},"footnotes":""},"class_list":["post-1442","page","type-page","status-publish","hentry"],"_links":{"self":[{"href":"https:\/\/institucional.us.es\/orquesta\/en\/wp-json\/wp\/v2\/pages\/1442","targetHints":{"allow":["GET"]}}],"collection":[{"href":"https:\/\/institucional.us.es\/orquesta\/en\/wp-json\/wp\/v2\/pages"}],"about":[{"href":"https:\/\/institucional.us.es\/orquesta\/en\/wp-json\/wp\/v2\/types\/page"}],"author":[{"embeddable":true,"href":"https:\/\/institucional.us.es\/orquesta\/en\/wp-json\/wp\/v2\/users\/5"}],"replies":[{"embeddable":true,"href":"https:\/\/institucional.us.es\/orquesta\/en\/wp-json\/wp\/v2\/comments?post=1442"}],"version-history":[{"count":5,"href":"https:\/\/institucional.us.es\/orquesta\/en\/wp-json\/wp\/v2\/pages\/1442\/revisions"}],"predecessor-version":[{"id":1716,"href":"https:\/\/institucional.us.es\/orquesta\/en\/wp-json\/wp\/v2\/pages\/1442\/revisions\/1716"}],"wp:attachment":[{"href":"https:\/\/institucional.us.es\/orquesta\/en\/wp-json\/wp\/v2\/media?parent=1442"}],"curies":[{"name":"wp","href":"https:\/\/api.w.org\/{rel}","templated":true}]}}