{"id":1537,"date":"2019-09-18T15:45:21","date_gmt":"2019-09-18T15:45:21","guid":{"rendered":"http:\/\/institucional.us.es\/orquesta\/?page_id=1537"},"modified":"2023-02-10T11:42:45","modified_gmt":"2023-02-10T11:42:45","slug":"temporada-20182019","status":"publish","type":"page","link":"https:\/\/institucional.us.es\/orquesta\/en\/programa-de-conciertos\/temporada-20182019\/","title":{"rendered":"2018\/2019 SEASON"},"content":{"rendered":"<h2><span style=\"color: #ff6600;\"><strong><strong>OSC<\/strong><\/strong>. VIII Temporada 2018-2019<\/span><\/h2>\n<p><strong><strong>El 5 de diciembre de 2018 se inaugur\u00f3 en el auditorio de la ETS de Ingenier\u00eda la temporada VIII de Conciertos de la OSC con la celebraci\u00f3n del primero de los cuatro encuentros previstos realizar en este curso<\/strong><\/strong>, y con los que se pretende abordar un repertorio amplio con la interpretaci\u00f3n de obras musicales de los siglos XIX y XX, con disparidad de composiciones, siendo sus autores desde cl\u00e1sicos como Piotr I. Tchaikovski, Gabriel Faur\u00e9, Ludwig van Beethoven, <span class=\"st\">Anton\u00edn L. <em>Dvo\u0159\u00e1k, <\/em><\/span>o J. Brahms, as\u00ed como contempor\u00e1neos como Anton Webern, Gavin Bryars, Heitor Villa-Lobos, Charles Gounod o Maurice Ohana.<\/p>\n<p>&nbsp;<\/p>\n<p><span style=\"color: #ff9900;\"><strong>TEMPORADA VIII. OSC. <\/strong><strong>CURSO 2018-2019<\/strong><\/span><br \/>\nORQUESTA SINF\u00d3NICA CONJUNTA US-CSMS<\/p>\n<p>&nbsp;<\/p>\n<h2><strong><a href=\"https:\/\/cicus.us.es\/concierto1-osc-%c2%b7-temporada-viii\/\" target=\"_blank\" rel=\"noopener\"><span style=\"color: #ff6600;\">CONCIERTO #1<\/span><\/a><\/strong><\/h2>\n<p><a href=\"http:\/\/institucional.us.es\/orquesta\/wp-content\/uploads\/2018\/10\/cartel-OSC.jpg\"><img fetchpriority=\"high\" decoding=\"async\" class=\"alignleft wp-image-1089\" src=\"http:\/\/institucional.us.es\/orquesta\/wp-content\/uploads\/2018\/10\/cartel-OSC-212x300.jpg\" alt=\"cartel OSC\" width=\"268\" height=\"377\" \/><\/a><\/p>\n<p>&nbsp;<\/p>\n<p>05 Diciembre 2018 \u00b7 Auditorio ETS Ingenier\u00eda<\/p>\n<p>ORQUESTA SINF\u00d3NICA CONJUNTA<\/p>\n<p>Guillermo Cort\u00e9s \u00b7 violonchelo<br \/>\nJuan Garc\u00eda Rodr\u00edguez \u00b7 director<\/p>\n<p><strong>&#8211; PROGRAMA &#8211;<\/strong><\/p>\n<p><strong>Robert Schumann<br \/>\n<\/strong><em>Concierto para violonchelo en la menor, Op. 129<\/em><strong><br \/>\n<\/strong><\/p>\n<p><strong>Franz Schubert <\/strong><br \/>\n<em>Sinfon\u00eda n\u00fam. 9 en do mayor, D 944 \u201cLa Grande\u201d<strong><br \/>\n<\/strong><\/em><br \/>\n<span style=\"color: #0066cc;\"><a title=\"PLANTILLA T8 #1\" href=\"http:\/\/institucional.us.es\/orquesta\/en\/plantilla-t8-1\/\"><span style=\"color: #ff6600;\">PLANTILLA<\/span><\/a><\/span><\/p>\n<p>&nbsp;<\/p>\n<h2><\/h2>\n<h2><\/h2>\n<h2><strong><a href=\"https:\/\/cicus.us.es\/35370-2\/\" target=\"_blank\" rel=\"noopener\"><span style=\"color: #ff6600;\">CONCIERTO #2<\/span><\/a><\/strong><\/h2>\n<p><a href=\"http:\/\/institucional.us.es\/orquesta\/wp-content\/uploads\/2018\/10\/concierto2-OSC.jpg\"><img decoding=\"async\" class=\"alignleft wp-image-1100\" src=\"http:\/\/institucional.us.es\/orquesta\/wp-content\/uploads\/2018\/10\/concierto2-OSC-218x300.jpg\" alt=\"concierto2 OSC\" width=\"277\" height=\"381\" srcset=\"https:\/\/institucional.us.es\/orquesta\/wp-content\/uploads\/2018\/10\/concierto2-OSC-218x300.jpg 218w, https:\/\/institucional.us.es\/orquesta\/wp-content\/uploads\/2018\/10\/concierto2-OSC-744x1024.jpg 744w, https:\/\/institucional.us.es\/orquesta\/wp-content\/uploads\/2018\/10\/concierto2-OSC.jpg 1039w\" sizes=\"(max-width: 277px) 100vw, 277px\" \/><\/a><\/p>\n<p>06 Febrero 2019 \u00b7 Auditorio ETS de Ingenier\u00eda<\/p>\n<p>ORQUESTA SINF\u00d3NICA CONJUNTA<\/p>\n<p>Aurora Gal\u00e1n \u00b7 soprano<br \/>\nJan Mi\u0142osz Zarzycki \u00b7 director<a href=\"http:\/\/institucional.us.es\/orquesta\/wp-content\/uploads\/2018\/10\/concierto2-OSC.jpg\"><span style=\"color: #0066cc;\">\u00a0<\/span><\/a><\/p>\n<p><strong>&#8211; PROGRAMA &#8211;<\/strong><\/p>\n<p><strong>Gavin Bryars<\/strong><br \/>\n<em>Three Elegies<\/em><\/p>\n<p><strong>Heitor Villa-Lobos<\/strong><br \/>\n<em>Bachiana brasileira n\u00ba 5<\/em><\/p>\n<p><strong>Gy\u00f6rgy Ligeti<\/strong><br \/>\n<em>Seis bagatelas<\/em><\/p>\n<p style=\"text-align: left;\"><strong>Charles Gounod<\/strong><br \/>\n<em>Petite Symphonie<\/em><\/p>\n<p><span style=\"color: #0066cc;\"><a title=\"PLANTILLA T8 #2\" href=\"http:\/\/institucional.us.es\/orquesta\/en\/plantilla-t8-2\/\"><span style=\"color: #ff6600;\">PLANTILLA<\/span><\/a><\/span><\/p>\n<h2><\/h2>\n<h2><strong><a href=\"https:\/\/cicus.us.es\/osc8_03\/\" target=\"_blank\" rel=\"noopener\"><span style=\"color: #ff6600;\">CONCIERTO #3<\/span><\/a><\/strong><\/h2>\n<p><a href=\"http:\/\/institucional.us.es\/orquesta\/wp-content\/uploads\/2018\/10\/CONCIERTO3-osc.jpg\"><img decoding=\"async\" class=\"alignleft wp-image-1122\" src=\"http:\/\/institucional.us.es\/orquesta\/wp-content\/uploads\/2018\/10\/CONCIERTO3-osc-213x300.jpg\" alt=\"CONCIERTO#3 osc\" width=\"274\" height=\"386\" srcset=\"https:\/\/institucional.us.es\/orquesta\/wp-content\/uploads\/2018\/10\/CONCIERTO3-osc-213x300.jpg 213w, https:\/\/institucional.us.es\/orquesta\/wp-content\/uploads\/2018\/10\/CONCIERTO3-osc-727x1024.jpg 727w, https:\/\/institucional.us.es\/orquesta\/wp-content\/uploads\/2018\/10\/CONCIERTO3-osc.jpg 1034w\" sizes=\"(max-width: 274px) 100vw, 274px\" \/><\/a><\/p>\n<p>&nbsp;<\/p>\n<p>05\u00a0Abril 2019 \u00b7 Auditorio ETS Ingenier\u00eda<\/p>\n<p>ORQUESTA SINF\u00d3NICA CONJUNTA<\/p>\n<p>Giuseppe Mennuti \u00b7 guitarra<br \/>\nJuan Garc\u00eda Rodr\u00edguez \u00b7 director<a href=\"http:\/\/institucional.us.es\/orquesta\/wp-content\/uploads\/2018\/10\/CONCIERTO3-osc.jpg\"><span style=\"color: #0066cc;\">\u00a0<\/span><\/a><\/p>\n<p><strong>&#8211; PROGRAMA &#8211;<strong><br \/>\n<\/strong><\/strong><\/p>\n<p><strong>Maurice Ohana <\/strong><strong><strong><br \/>\n<\/strong><\/strong><em>\u00c9tudes Chor\u00e9graphiques <\/em><\/p>\n<p><em>Tres gr\u00e1ficos. Concierto para guitarra y orquesta<\/em><\/p>\n<p><strong>Piotr I. Tchaikovsky <\/strong><br \/>\n<em>Sinfon\u00eda n\u00ba 5 en mi menor Op. 64<\/em><\/p>\n<p><span style=\"color: #0066cc;\"><a title=\"Plan de ensayos T8#3\" href=\"http:\/\/institucional.us.es\/orquesta\/en\/plan-de-ensayos-t83\/\"><span style=\"color: #ff6600;\">PLANTILLA<\/span><\/a><\/span><\/p>\n<p>&nbsp;<\/p>\n<h2><\/h2>\n<h2><\/h2>\n<h2><strong><a href=\"https:\/\/cicus.us.es\/osc8_04\/\" target=\"_blank\" rel=\"noopener\"><span style=\"color: #ff6600;\">CONCIERTO #4<\/span><\/a><\/strong><\/h2>\n<p><a href=\"http:\/\/institucional.us.es\/orquesta\/wp-content\/uploads\/2018\/10\/v2-CARTEL-OSC-mayo-2019-13.jpg\"><img loading=\"lazy\" decoding=\"async\" class=\"alignleft wp-image-1310\" src=\"http:\/\/institucional.us.es\/orquesta\/wp-content\/uploads\/2018\/10\/v2-CARTEL-OSC-mayo-2019-13-216x300.jpg\" alt=\"v2 CARTEL OSC mayo 2019-1\" width=\"272\" height=\"378\" srcset=\"https:\/\/institucional.us.es\/orquesta\/wp-content\/uploads\/2018\/10\/v2-CARTEL-OSC-mayo-2019-13-216x300.jpg 216w, https:\/\/institucional.us.es\/orquesta\/wp-content\/uploads\/2018\/10\/v2-CARTEL-OSC-mayo-2019-13-737x1024.jpg 737w\" sizes=\"(max-width: 272px) 100vw, 272px\" \/><\/a><\/p>\n<p>&nbsp;<\/p>\n<p>17 Mayo 2019 \u00b7 Auditorio ETS Ingenier\u00eda<\/p>\n<p>ORQUESTA SINF\u00d3NICA CONJUNTA<br \/>\nFabio R. Arias Garc\u00eda \u00b7 violonchelo<br \/>\nJuan Garc\u00eda Rodr\u00edguez \u00b7 director<\/p>\n<p><strong>&#8211; PROGRAMA &#8211;<\/strong><\/p>\n<p><strong>Ludwig van Beethoven<\/strong><br \/>\n<em>Sinfon\u00eda n\u00ba 2 en Re mayor, op.36\u00a0<\/em><\/p>\n<p><em>Elegischer Gesang, op.118<\/em><\/p>\n<p><strong>Anton\u00edn L. Dvo\u0159\u00e1k<\/strong><br \/>\n<em>Concierto para violonchelo y orquesta en si menor, op.104<\/em><\/p>\n<p><span style=\"color: #0066cc;\"><a title=\"PLANTILLA T8 #4\" href=\"http:\/\/institucional.us.es\/orquesta\/en\/plantilla-t8-4\/\"><span style=\"color: #ff6600;\">PLANTILLA<\/span><\/a><\/span><\/p>","protected":false},"excerpt":{"rendered":"<p>OSC. VIII Temporada 2018-2019 El 5 de diciembre de 2018 se inaugur\u00f3 en el auditorio de la ETS de Ingenier\u00eda la temporada VIII de Conciertos de la OSC con la celebraci\u00f3n del primero de los cuatro encuentros previstos realizar en este curso, y con los que se pretende abordar un repertorio amplio con la interpretaci\u00f3n [&hellip;]<\/p>\n","protected":false},"author":5,"featured_media":0,"parent":43,"menu_order":0,"comment_status":"closed","ping_status":"closed","template":"","meta":{"site-sidebar-layout":"default","site-content-layout":"default","ast-site-content-layout":"default","site-content-style":"default","site-sidebar-style":"default","ast-global-header-display":"","ast-banner-title-visibility":"","ast-main-header-display":"","ast-hfb-above-header-display":"","ast-hfb-below-header-display":"","ast-hfb-mobile-header-display":"","site-post-title":"","ast-breadcrumbs-content":"","ast-featured-img":"","footer-sml-layout":"","ast-disable-related-posts":"","theme-transparent-header-meta":"default","adv-header-id-meta":"","stick-header-meta":"","header-above-stick-meta":"","header-main-stick-meta":"","header-below-stick-meta":"","astra-migrate-meta-layouts":"default","ast-page-background-enabled":"default","ast-page-background-meta":{"desktop":{"background-color":"","background-image":"","background-repeat":"repeat","background-position":"center center","background-size":"auto","background-attachment":"scroll","background-type":"","background-media":"","overlay-type":"","overlay-color":"","overlay-opacity":"","overlay-gradient":""},"tablet":{"background-color":"","background-image":"","background-repeat":"repeat","background-position":"center center","background-size":"auto","background-attachment":"scroll","background-type":"","background-media":"","overlay-type":"","overlay-color":"","overlay-opacity":"","overlay-gradient":""},"mobile":{"background-color":"","background-image":"","background-repeat":"repeat","background-position":"center center","background-size":"auto","background-attachment":"scroll","background-type":"","background-media":"","overlay-type":"","overlay-color":"","overlay-opacity":"","overlay-gradient":""}},"ast-content-background-meta":{"desktop":{"background-color":"var(--ast-global-color-5)","background-image":"","background-repeat":"repeat","background-position":"center center","background-size":"auto","background-attachment":"scroll","background-type":"","background-media":"","overlay-type":"","overlay-color":"","overlay-opacity":"","overlay-gradient":""},"tablet":{"background-color":"var(--ast-global-color-5)","background-image":"","background-repeat":"repeat","background-position":"center center","background-size":"auto","background-attachment":"scroll","background-type":"","background-media":"","overlay-type":"","overlay-color":"","overlay-opacity":"","overlay-gradient":""},"mobile":{"background-color":"var(--ast-global-color-5)","background-image":"","background-repeat":"repeat","background-position":"center center","background-size":"auto","background-attachment":"scroll","background-type":"","background-media":"","overlay-type":"","overlay-color":"","overlay-opacity":"","overlay-gradient":""}},"footnotes":""},"class_list":["post-1537","page","type-page","status-publish","hentry"],"_links":{"self":[{"href":"https:\/\/institucional.us.es\/orquesta\/en\/wp-json\/wp\/v2\/pages\/1537","targetHints":{"allow":["GET"]}}],"collection":[{"href":"https:\/\/institucional.us.es\/orquesta\/en\/wp-json\/wp\/v2\/pages"}],"about":[{"href":"https:\/\/institucional.us.es\/orquesta\/en\/wp-json\/wp\/v2\/types\/page"}],"author":[{"embeddable":true,"href":"https:\/\/institucional.us.es\/orquesta\/en\/wp-json\/wp\/v2\/users\/5"}],"replies":[{"embeddable":true,"href":"https:\/\/institucional.us.es\/orquesta\/en\/wp-json\/wp\/v2\/comments?post=1537"}],"version-history":[{"count":42,"href":"https:\/\/institucional.us.es\/orquesta\/en\/wp-json\/wp\/v2\/pages\/1537\/revisions"}],"predecessor-version":[{"id":3340,"href":"https:\/\/institucional.us.es\/orquesta\/en\/wp-json\/wp\/v2\/pages\/1537\/revisions\/3340"}],"up":[{"embeddable":true,"href":"https:\/\/institucional.us.es\/orquesta\/en\/wp-json\/wp\/v2\/pages\/43"}],"wp:attachment":[{"href":"https:\/\/institucional.us.es\/orquesta\/en\/wp-json\/wp\/v2\/media?parent=1537"}],"curies":[{"name":"wp","href":"https:\/\/api.w.org\/{rel}","templated":true}]}}