{"id":1753,"date":"2019-10-31T10:25:11","date_gmt":"2019-10-31T10:25:11","guid":{"rendered":"http:\/\/institucional.us.es\/orquesta\/?page_id=1753"},"modified":"2019-10-31T10:29:50","modified_gmt":"2019-10-31T10:29:50","slug":"plantilla-t91","status":"publish","type":"page","link":"https:\/\/institucional.us.es\/orquesta\/en\/plantilla-t91\/","title":{"rendered":"PLANTILLA T9#1"},"content":{"rendered":"<h3><strong>PLANTILLA T9 #1 &#8211; Concierto de Apertura US<\/strong><\/h3>\n<p><strong>FLAUTAS<\/strong><\/p>\n<p>Ana Gallego<\/p>\n<p>Claudia Fornelino<\/p>\n<p>Julia Mar\u00eda Collins<\/p>\n<p>\u00c1ngela Fern\u00e1ndez<\/p>\n<p>Sergio Rodr\u00edguez<\/p>\n<p>Francisco J. Urbano<\/p>\n<p>M\u00aa Carmen Mateo<\/p>\n<p>&nbsp;<\/p>\n<p><strong>OBOES<\/strong><\/p>\n<p>Sara Arag\u00f3n<\/p>\n<p>Patrizia S\u00e1nchez<\/p>\n<p>Francisco J. \u00c1lvarez<\/p>\n<p>Jes\u00fas Rivera Romero<\/p>\n<p>Francisco J. Guti\u00e9rrez<\/p>\n<p>&nbsp;<\/p>\n<p><strong>CLARINETES<\/strong><\/p>\n<p>Ana M\u00aa Garrido<\/p>\n<p>Jos\u00e9 Luis Garc\u00eda Valero<\/p>\n<p>Pedro Ignacio Jim\u00e9nez<\/p>\n<p>Esteban Escabia<\/p>\n<p>Marcos Carmona<\/p>\n<p>\u00c1ngela Dom\u00ednguez<\/p>\n<p>&nbsp;<\/p>\n<p><strong>FAGOTES<\/strong><\/p>\n<p>Irene Camacho<\/p>\n<p>Felipe Rodr\u00edguez<\/p>\n<p>Ivan Yovenko<\/p>\n<p>Rebeca Garc\u00eda-Casal<\/p>\n<p>&nbsp;<\/p>\n<p><strong>TROMPAS<\/strong><\/p>\n<p>Rafael Conde<\/p>\n<p>Jes\u00fas Moreno<\/p>\n<p>Jos\u00e9 M\u00aa Rebollo<\/p>\n<p>Mar\u00eda Arrocha<\/p>\n<p>Francisco Monge<\/p>\n<p>Sabela Rodr\u00edguez<\/p>\n<p>&nbsp;<\/p>\n<p><strong>TROMPETAS<\/strong><\/p>\n<p>Jos\u00e9 Valero Hermoso<\/p>\n<p>Pablo Recuero<\/p>\n<p>David Iglesias<\/p>\n<p>Adri\u00e1n P\u00e9rez<\/p>\n<p>Francisco de Paula Montes<\/p>\n<p>\u00c1lvaro Olmo<\/p>\n<p>Jos\u00e9 Robles Canseco<\/p>\n<p>&nbsp;<\/p>\n<p><strong>TROMBONES<\/strong><\/p>\n<p>Manuel Jes\u00fas Tirado<\/p>\n<p>Juan F. Algarra<\/p>\n<p>Juan Lagares<\/p>\n<p>&nbsp;<\/p>\n<p><strong>TUBAS<\/strong><\/p>\n<p>Miguel Estrada<\/p>\n<p>Blanca M\u00aa Le\u00f3n \u00c1lvarez<\/p>\n<p>&nbsp;<\/p>\n<p><strong>TIMBALES Y PERCUSI\u00d3N<\/strong><\/p>\n<p>Mois\u00e9s M\u00e1rquez<\/p>\n<p>Mat\u00edas Fernandez<\/p>\n<p>Jos\u00e9 Fern\u00e1ndez<\/p>\n<p>Ismael Mu\u00f1oz<\/p>\n<p>Juli\u00e1n Jim\u00e9nez<\/p>\n<p>&nbsp;<\/p>\n<p><strong>ARPAS<\/strong><\/p>\n<p>Mavi Diego<\/p>\n<p>Bel\u00e9n Garc\u00eda S\u00e1nchez<\/p>\n<p>&nbsp;<\/p>\n<p><strong>GUITARRA<\/strong><\/p>\n<p>Ys\u00e9 Dastugue<\/p>\n<p>&nbsp;<\/p>\n<p><strong>BAJO EL\u00c9CTRICO<\/strong><\/p>\n<p>Xavier Boixader<\/p>\n<p>&nbsp;<\/p>\n<p><strong>VIOLINES I<\/strong><\/p>\n<p>Carlos Crespo (concertino)<\/p>\n<p>Ra\u00fal Escudero<\/p>\n<p>Luc\u00eda Rodr\u00edguez Checa<\/p>\n<p>Candela Schlatter<\/p>\n<p>Ana Mar\u00edn<\/p>\n<p>Libia Olivera<\/p>\n<p>Siria Ram\u00edrez<\/p>\n<p>Luc\u00eda Iglesias<\/p>\n<p>Iria Griselda Rodr\u00edguez<\/p>\n<p>Fernando Pina<\/p>\n<p>Cristina Dom\u00ednguez<\/p>\n<p>Elisa Prenda<\/p>\n<p>\u00c1ngela Sojo<\/p>\n<p>Irene Morales<\/p>\n<p>Maksim Paliazhakin<\/p>\n<p>&nbsp;<\/p>\n<p><strong>VIOLINES II<\/strong><\/p>\n<p>Celia Vicente Guerra<\/p>\n<p>Laura L\u00f3pez<\/p>\n<p>Claudia S\u00e1nchez Polonio<\/p>\n<p>Francisco V\u00e1zquez<\/p>\n<p>Mario Jim\u00e9nez Gonz\u00e1lez<\/p>\n<p>Carmen Montes Mu\u00f1oz<\/p>\n<p>Alejandro Moreno<\/p>\n<p>Francisco M. Ruiz<\/p>\n<p>Mariana Reynier<\/p>\n<p>Paloma Rold\u00e1n<\/p>\n<p>Ricardo Riscardo<\/p>\n<p>Esther L\u00f3pez<\/p>\n<p>Juan M\u00aa Sojo<\/p>\n<p>&nbsp;<\/p>\n<p><strong>VIOLAS<\/strong><\/p>\n<p>Antonio David Moreno<\/p>\n<p>Ismael Hamido<\/p>\n<p>Ana Robles<\/p>\n<p>Jos\u00e9 Lastre<\/p>\n<p>Diego Zagalaz<\/p>\n<p>M\u00aa Jos\u00e9 Minuesa<\/p>\n<p>Marta Alfaro<\/p>\n<p>Marina S\u00e1nchez Lozano<\/p>\n<p>Pedro Villena<\/p>\n<p>Nadia Carmona<\/p>\n<p>M\u00aa del Mar Ochavo<\/p>\n<p>&nbsp;<\/p>\n<p><strong>VIOLONCHELOS<\/strong><\/p>\n<p>Ricardo Huete<\/p>\n<p>Andrea Trillo<\/p>\n<p>Pedro Samuel Montaner<\/p>\n<p>Candela Hern\u00e1ndez<\/p>\n<p>Irene Rico<\/p>\n<p>Blanca S\u00e1nchez<\/p>\n<p>Gabriel Fued<\/p>\n<p>Omar Faiz<\/p>\n<p>Manuel Bancalero<\/p>\n<p>Pilar Sheng<\/p>\n<p>Elena Montes<\/p>\n<p>&nbsp;<\/p>\n<p><strong>CONTRABAJOS<\/strong><\/p>\n<p>Xavier Boixader<\/p>\n<p>Elisa Castellanos<\/p>\n<p>M\u00aa Jes\u00fas G\u00e1lvez<\/p>\n<p>Luc\u00eda Rom\u00e1n<\/p>\n<p>M\u00aa \u00c1ngeles Ruiz Bolanc\u00e9<\/p>\n<p>Irene S\u00e1nchez Galea<\/p>\n<p>Luc\u00eda S\u00e1nchez P\u00e9rez<\/p>\n<p>David Santos<\/p>","protected":false},"excerpt":{"rendered":"<p>PLANTILLA T9 #1 &#8211; Concierto de Apertura US FLAUTAS Ana Gallego Claudia Fornelino Julia Mar\u00eda Collins \u00c1ngela Fern\u00e1ndez Sergio Rodr\u00edguez Francisco J. Urbano M\u00aa Carmen Mateo &nbsp; OBOES Sara Arag\u00f3n Patrizia S\u00e1nchez Francisco J. \u00c1lvarez Jes\u00fas Rivera Romero Francisco J. Guti\u00e9rrez &nbsp; CLARINETES Ana M\u00aa Garrido Jos\u00e9 Luis Garc\u00eda Valero Pedro Ignacio Jim\u00e9nez Esteban Escabia [&hellip;]<\/p>\n","protected":false},"author":5,"featured_media":0,"parent":0,"menu_order":0,"comment_status":"closed","ping_status":"open","template":"","meta":{"site-sidebar-layout":"default","site-content-layout":"","ast-site-content-layout":"default","site-content-style":"default","site-sidebar-style":"default","ast-global-header-display":"","ast-banner-title-visibility":"","ast-main-header-display":"","ast-hfb-above-header-display":"","ast-hfb-below-header-display":"","ast-hfb-mobile-header-display":"","site-post-title":"","ast-breadcrumbs-content":"","ast-featured-img":"","footer-sml-layout":"","ast-disable-related-posts":"","theme-transparent-header-meta":"","adv-header-id-meta":"","stick-header-meta":"","header-above-stick-meta":"","header-main-stick-meta":"","header-below-stick-meta":"","astra-migrate-meta-layouts":"default","ast-page-background-enabled":"default","ast-page-background-meta":{"desktop":{"background-color":"","background-image":"","background-repeat":"repeat","background-position":"center center","background-size":"auto","background-attachment":"scroll","background-type":"","background-media":"","overlay-type":"","overlay-color":"","overlay-opacity":"","overlay-gradient":""},"tablet":{"background-color":"","background-image":"","background-repeat":"repeat","background-position":"center center","background-size":"auto","background-attachment":"scroll","background-type":"","background-media":"","overlay-type":"","overlay-color":"","overlay-opacity":"","overlay-gradient":""},"mobile":{"background-color":"","background-image":"","background-repeat":"repeat","background-position":"center center","background-size":"auto","background-attachment":"scroll","background-type":"","background-media":"","overlay-type":"","overlay-color":"","overlay-opacity":"","overlay-gradient":""}},"ast-content-background-meta":{"desktop":{"background-color":"var(--ast-global-color-5)","background-image":"","background-repeat":"repeat","background-position":"center center","background-size":"auto","background-attachment":"scroll","background-type":"","background-media":"","overlay-type":"","overlay-color":"","overlay-opacity":"","overlay-gradient":""},"tablet":{"background-color":"var(--ast-global-color-5)","background-image":"","background-repeat":"repeat","background-position":"center center","background-size":"auto","background-attachment":"scroll","background-type":"","background-media":"","overlay-type":"","overlay-color":"","overlay-opacity":"","overlay-gradient":""},"mobile":{"background-color":"var(--ast-global-color-5)","background-image":"","background-repeat":"repeat","background-position":"center center","background-size":"auto","background-attachment":"scroll","background-type":"","background-media":"","overlay-type":"","overlay-color":"","overlay-opacity":"","overlay-gradient":""}},"footnotes":""},"class_list":["post-1753","page","type-page","status-publish","hentry"],"_links":{"self":[{"href":"https:\/\/institucional.us.es\/orquesta\/en\/wp-json\/wp\/v2\/pages\/1753","targetHints":{"allow":["GET"]}}],"collection":[{"href":"https:\/\/institucional.us.es\/orquesta\/en\/wp-json\/wp\/v2\/pages"}],"about":[{"href":"https:\/\/institucional.us.es\/orquesta\/en\/wp-json\/wp\/v2\/types\/page"}],"author":[{"embeddable":true,"href":"https:\/\/institucional.us.es\/orquesta\/en\/wp-json\/wp\/v2\/users\/5"}],"replies":[{"embeddable":true,"href":"https:\/\/institucional.us.es\/orquesta\/en\/wp-json\/wp\/v2\/comments?post=1753"}],"version-history":[{"count":3,"href":"https:\/\/institucional.us.es\/orquesta\/en\/wp-json\/wp\/v2\/pages\/1753\/revisions"}],"predecessor-version":[{"id":1760,"href":"https:\/\/institucional.us.es\/orquesta\/en\/wp-json\/wp\/v2\/pages\/1753\/revisions\/1760"}],"wp:attachment":[{"href":"https:\/\/institucional.us.es\/orquesta\/en\/wp-json\/wp\/v2\/media?parent=1753"}],"curies":[{"name":"wp","href":"https:\/\/api.w.org\/{rel}","templated":true}]}}