{"id":2322,"date":"2022-10-20T09:06:53","date_gmt":"2022-10-20T09:06:53","guid":{"rendered":"http:\/\/institucional.us.es\/orquesta\/?page_id=2322"},"modified":"2022-10-20T12:59:06","modified_gmt":"2022-10-20T12:59:06","slug":"plantilla-concierto2-temporada-x","status":"publish","type":"page","link":"https:\/\/institucional.us.es\/orquesta\/en\/plantilla-concierto2-temporada-x\/","title":{"rendered":"Plantilla Concierto#2 Temporada X OSC"},"content":{"rendered":"<p>&nbsp;<\/p>\n<p><strong>Plantilla Concierto#2. Temporada X OSC<\/strong><\/p>\n<p>S\u00c1BADO 30 ENERO 2021 | 16:30H<\/p>\n<p>Auditorium of the\nSchool of Engineering<br \/>\n&nbsp;<br \/>\n<strong>FLAUTA<\/strong><br \/>\nAlejandro L\u00f3pez<br \/>\n&nbsp;<br \/>\n<strong>OBOES<\/strong><br \/>\nFrancisco Javier Guti\u00e9rrez<br \/>\nAgust\u00edn Heredia<br \/>\n&nbsp;<br \/>\n<strong>CLARINETES<\/strong><br \/>\nCristian Gonz\u00e1lez Hern\u00e1ndez<br \/>\nAna Garrido<br \/>\n&nbsp;<br \/>\n<strong>FAGOTES<\/strong><br \/>\nIrene Camacho<br \/>\nFelipe Rodr\u00edguez<br \/>\n&nbsp;<br \/>\n<strong>TROMPAS<\/strong><br \/>\nJes\u00fas Moreno<br \/>\nRafael Conde<br \/>\n&nbsp;<br \/>\n<strong> VIOLINES I<\/strong><br \/>\nCandela Schlatter<br \/>\nNelly Romero<br \/>\nPauline Sch\u00f6ne<br \/>\nAna Mar\u00edn<br \/>\nMar\u00eda Barriga<br \/>\nLuc\u00eda Rodr\u00edguez Checa<br \/>\nCarlos Crespo<br \/>\nLibia Olivera Dur\u00e1n<br \/>\nAdriana Puentes<br \/>\nPedro Bravo<br \/>\n&nbsp;<br \/>\n<strong>VIOLINES II<\/strong><br \/>\nCelia Vicente Guerra<br \/>\nCarmen Montes<br \/>\nClaudia S\u00e1nchez Polonio<br \/>\nSiria Ram\u00edrez<br \/>\nFrancisco M\u00e1rquez<br \/>\nMar\u00eda Manzano<br \/>\nDenise Valmaseda<br \/>\nMario Jim\u00e9nez<br \/>\nBlanca Garc\u00eda Contreras<br \/>\n&nbsp;<br \/>\n<strong>VIOLAS<\/strong><br \/>\nAntonio David Moreno<br \/>\nJuli\u00e1n Huete<br \/>\nNadia Carmona<br \/>\nJos\u00e9 Lastre<br \/>\nDiego Zagalaz<br \/>\nPablo Barrera<br \/>\nMarta Alfaro<br \/>\nRa\u00fal Quesada<br \/>\n&nbsp;<br \/>\n<strong>VIOLONCHELOS<\/strong><br \/>\nPedro Samuel Montaner<br \/>\nIrene Rico<br \/>\nAntonio Dorado<br \/>\nAdriana C\u00e1ceres<br \/>\nPilar Sheng Mart\u00edn<br \/>\nBlanca S\u00e1nchez<br \/>\n&nbsp;<br \/>\n<strong>CONTRABAJOS<\/strong><br \/>\nDavid Santos<br \/>\nMar\u00eda Jes\u00fas G\u00e1lvez<br \/>\nGuillermo Arrojo<br \/>\nMar\u00eda de Go\u00f1i<\/p>","protected":false},"excerpt":{"rendered":"<p>&nbsp; Plantilla Concierto#2. Temporada X OSC S\u00c1BADO 30 ENERO 2021 | 16:30H Auditorio de la ETS de Ingenier\u00eda &nbsp; FLAUTA Alejandro L\u00f3pez &nbsp; OBOES Francisco Javier Guti\u00e9rrez Agust\u00edn Heredia &nbsp; CLARINETES Cristian Gonz\u00e1lez Hern\u00e1ndez Ana Garrido &nbsp; FAGOTES Irene Camacho Felipe Rodr\u00edguez &nbsp; TROMPAS Jes\u00fas Moreno Rafael Conde &nbsp; VIOLINES I Candela Schlatter Nelly Romero [&hellip;]<\/p>\n","protected":false},"author":3,"featured_media":0,"parent":0,"menu_order":0,"comment_status":"closed","ping_status":"open","template":"","meta":{"site-sidebar-layout":"default","site-content-layout":"","ast-site-content-layout":"default","site-content-style":"default","site-sidebar-style":"default","ast-global-header-display":"","ast-banner-title-visibility":"","ast-main-header-display":"","ast-hfb-above-header-display":"","ast-hfb-below-header-display":"","ast-hfb-mobile-header-display":"","site-post-title":"","ast-breadcrumbs-content":"","ast-featured-img":"","footer-sml-layout":"","ast-disable-related-posts":"","theme-transparent-header-meta":"","adv-header-id-meta":"","stick-header-meta":"","header-above-stick-meta":"","header-main-stick-meta":"","header-below-stick-meta":"","astra-migrate-meta-layouts":"default","ast-page-background-enabled":"default","ast-page-background-meta":{"desktop":{"background-color":"","background-image":"","background-repeat":"repeat","background-position":"center center","background-size":"auto","background-attachment":"scroll","background-type":"","background-media":"","overlay-type":"","overlay-color":"","overlay-opacity":"","overlay-gradient":""},"tablet":{"background-color":"","background-image":"","background-repeat":"repeat","background-position":"center center","background-size":"auto","background-attachment":"scroll","background-type":"","background-media":"","overlay-type":"","overlay-color":"","overlay-opacity":"","overlay-gradient":""},"mobile":{"background-color":"","background-image":"","background-repeat":"repeat","background-position":"center center","background-size":"auto","background-attachment":"scroll","background-type":"","background-media":"","overlay-type":"","overlay-color":"","overlay-opacity":"","overlay-gradient":""}},"ast-content-background-meta":{"desktop":{"background-color":"var(--ast-global-color-5)","background-image":"","background-repeat":"repeat","background-position":"center center","background-size":"auto","background-attachment":"scroll","background-type":"","background-media":"","overlay-type":"","overlay-color":"","overlay-opacity":"","overlay-gradient":""},"tablet":{"background-color":"var(--ast-global-color-5)","background-image":"","background-repeat":"repeat","background-position":"center center","background-size":"auto","background-attachment":"scroll","background-type":"","background-media":"","overlay-type":"","overlay-color":"","overlay-opacity":"","overlay-gradient":""},"mobile":{"background-color":"var(--ast-global-color-5)","background-image":"","background-repeat":"repeat","background-position":"center center","background-size":"auto","background-attachment":"scroll","background-type":"","background-media":"","overlay-type":"","overlay-color":"","overlay-opacity":"","overlay-gradient":""}},"footnotes":""},"class_list":["post-2322","page","type-page","status-publish","hentry"],"_links":{"self":[{"href":"https:\/\/institucional.us.es\/orquesta\/en\/wp-json\/wp\/v2\/pages\/2322","targetHints":{"allow":["GET"]}}],"collection":[{"href":"https:\/\/institucional.us.es\/orquesta\/en\/wp-json\/wp\/v2\/pages"}],"about":[{"href":"https:\/\/institucional.us.es\/orquesta\/en\/wp-json\/wp\/v2\/types\/page"}],"author":[{"embeddable":true,"href":"https:\/\/institucional.us.es\/orquesta\/en\/wp-json\/wp\/v2\/users\/3"}],"replies":[{"embeddable":true,"href":"https:\/\/institucional.us.es\/orquesta\/en\/wp-json\/wp\/v2\/comments?post=2322"}],"version-history":[{"count":8,"href":"https:\/\/institucional.us.es\/orquesta\/en\/wp-json\/wp\/v2\/pages\/2322\/revisions"}],"predecessor-version":[{"id":2453,"href":"https:\/\/institucional.us.es\/orquesta\/en\/wp-json\/wp\/v2\/pages\/2322\/revisions\/2453"}],"wp:attachment":[{"href":"https:\/\/institucional.us.es\/orquesta\/en\/wp-json\/wp\/v2\/media?parent=2322"}],"curies":[{"name":"wp","href":"https:\/\/api.w.org\/{rel}","templated":true}]}}