{"id":2333,"date":"2022-10-20T09:19:24","date_gmt":"2022-10-20T09:19:24","guid":{"rendered":"http:\/\/institucional.us.es\/orquesta\/?page_id=2333"},"modified":"2022-10-20T12:59:59","modified_gmt":"2022-10-20T12:59:59","slug":"plantilla-concierto3-osc-temporada-x","status":"publish","type":"page","link":"https:\/\/institucional.us.es\/orquesta\/en\/plantilla-concierto3-osc-temporada-x\/","title":{"rendered":"Plantilla Concierto#3 OSC. Temporada X"},"content":{"rendered":"<p><strong>Plantilla Concierto#3 OSC. Temporada X<\/strong><\/p>\n<p>S\u00c1BADO 20 DE MARZO 2021 \u00b7 18:00H<\/p>\n<p><strong>FLAUTA<\/strong><br \/>\nMarina Herrera Rodr\u00edguez<br \/>\nClaudia Fornelino Herranz<br \/>\n&nbsp;<br \/>\n<strong>OBOE<\/strong><br \/>\nFrancisco Javier Guti\u00e9rrez<br \/>\nFrancisco Alvarez<br \/>\n&nbsp;<br \/>\n<strong>CLARINETE<\/strong><br \/>\nLuis P\u00e9rez P\u00e9rez<br \/>\nErnesto Lara S\u00e1nchez<br \/>\n&nbsp;<br \/>\n<strong>FAGOT<\/strong><br \/>\nIrene Camacho S\u00e1nchez<br \/>\nAlejandro Morillo Cabezas<br \/>\n&nbsp;<br \/>\n<strong>TROMPA<\/strong><br \/>\nMar\u00eda Arrocha Rojas<br \/>\nAntonia G\u00f3mez Rodr\u00edguez<br \/>\n&nbsp;<br \/>\n<strong>TROMPETA<\/strong><br \/>\nSebasti\u00e1n Borrero Borrero<br \/>\nAntonio Jes\u00fas Aguilera Trigos<br \/>\n&nbsp;<br \/>\n<strong>TIMBALES<\/strong><br \/>\nJos\u00e9 Antonio Cruzado Dom\u00ednguez<br \/>\n&nbsp;<br \/>\n<strong>VIOLINES I<\/strong><br \/>\nNelly Romero Aravena<br \/>\nCandela Schlatter Garc\u00eda<br \/>\nMar\u00eda Barriga<br \/>\nAdriana Puentes<br \/>\nAna Mar\u00edn<br \/>\nCarlos Crespo<br \/>\nLuc\u00eda Rodr\u00edguez<br \/>\nMaria Manzano<br \/>\n&nbsp;<br \/>\n<strong>VIOLINES II<\/strong><br \/>\nJuan Mar\u00eda Sojo<br \/>\nDenise Valmaseda<br \/>\nFrancisco Manuel Ruiz<br \/>\nClaudia S\u00e1nchez Polonio<br \/>\nCarmen Montes<br \/>\nEsther L\u00f3pez Ricoy<br \/>\nMar\u00eda Asensio Ortiz<br \/>\n&nbsp;<br \/>\n<strong>VIOLA<\/strong><br \/>\nAntonio David Moreno Jim\u00e9nez<br \/>\nJos\u00e9 Lastre Castillo<br \/>\nPedro Villena Adamuz<br \/>\nRa\u00fal Quesada Gonz\u00e1lez<br \/>\nMarina S\u00e1nchez Lozano<br \/>\nJuli\u00e1n Huete Mart\u00ednez<br \/>\nNadia Carmona<br \/>\nFlorentina P\u00e9rez<br \/>\n&nbsp;<br \/>\n<strong>CELLO<\/strong><br \/>\nGabriel Fued<br \/>\nJulia Misas<br \/>\nClara S\u00e1nchez Hern\u00e1ndez<br \/>\nAinhoa Bandr\u00e9s<br \/>\nMarina Garc\u00eda Donaire<br \/>\nMario Camargo<br \/>\n&nbsp;<br \/>\n<strong>CONTRABAJO<\/strong><br \/>\nIrene S\u00e1nchez Galea<br \/>\nLuc\u00eda S\u00e1nchez P\u00e9rez<br \/>\nJuan Antonio Carmona Nieto<br \/>\nLuc\u00eda Rom\u00e1n Devesa<\/p>","protected":false},"excerpt":{"rendered":"<p>Plantilla Concierto#3 OSC. Temporada X S\u00c1BADO 20 DE MARZO 2021 \u00b7 18:00H FLAUTA Marina Herrera Rodr\u00edguez Claudia Fornelino Herranz &nbsp; OBOE Francisco Javier Guti\u00e9rrez Francisco Alvarez &nbsp; CLARINETE Luis P\u00e9rez P\u00e9rez Ernesto Lara S\u00e1nchez &nbsp; FAGOT Irene Camacho S\u00e1nchez Alejandro Morillo Cabezas &nbsp; TROMPA Mar\u00eda Arrocha Rojas Antonia G\u00f3mez Rodr\u00edguez &nbsp; TROMPETA Sebasti\u00e1n Borrero Borrero [&hellip;]<\/p>\n","protected":false},"author":3,"featured_media":0,"parent":0,"menu_order":0,"comment_status":"closed","ping_status":"open","template":"","meta":{"site-sidebar-layout":"default","site-content-layout":"","ast-site-content-layout":"default","site-content-style":"default","site-sidebar-style":"default","ast-global-header-display":"","ast-banner-title-visibility":"","ast-main-header-display":"","ast-hfb-above-header-display":"","ast-hfb-below-header-display":"","ast-hfb-mobile-header-display":"","site-post-title":"","ast-breadcrumbs-content":"","ast-featured-img":"","footer-sml-layout":"","ast-disable-related-posts":"","theme-transparent-header-meta":"","adv-header-id-meta":"","stick-header-meta":"","header-above-stick-meta":"","header-main-stick-meta":"","header-below-stick-meta":"","astra-migrate-meta-layouts":"default","ast-page-background-enabled":"default","ast-page-background-meta":{"desktop":{"background-color":"","background-image":"","background-repeat":"repeat","background-position":"center center","background-size":"auto","background-attachment":"scroll","background-type":"","background-media":"","overlay-type":"","overlay-color":"","overlay-opacity":"","overlay-gradient":""},"tablet":{"background-color":"","background-image":"","background-repeat":"repeat","background-position":"center center","background-size":"auto","background-attachment":"scroll","background-type":"","background-media":"","overlay-type":"","overlay-color":"","overlay-opacity":"","overlay-gradient":""},"mobile":{"background-color":"","background-image":"","background-repeat":"repeat","background-position":"center center","background-size":"auto","background-attachment":"scroll","background-type":"","background-media":"","overlay-type":"","overlay-color":"","overlay-opacity":"","overlay-gradient":""}},"ast-content-background-meta":{"desktop":{"background-color":"var(--ast-global-color-5)","background-image":"","background-repeat":"repeat","background-position":"center center","background-size":"auto","background-attachment":"scroll","background-type":"","background-media":"","overlay-type":"","overlay-color":"","overlay-opacity":"","overlay-gradient":""},"tablet":{"background-color":"var(--ast-global-color-5)","background-image":"","background-repeat":"repeat","background-position":"center center","background-size":"auto","background-attachment":"scroll","background-type":"","background-media":"","overlay-type":"","overlay-color":"","overlay-opacity":"","overlay-gradient":""},"mobile":{"background-color":"var(--ast-global-color-5)","background-image":"","background-repeat":"repeat","background-position":"center center","background-size":"auto","background-attachment":"scroll","background-type":"","background-media":"","overlay-type":"","overlay-color":"","overlay-opacity":"","overlay-gradient":""}},"footnotes":""},"class_list":["post-2333","page","type-page","status-publish","hentry"],"_links":{"self":[{"href":"https:\/\/institucional.us.es\/orquesta\/en\/wp-json\/wp\/v2\/pages\/2333","targetHints":{"allow":["GET"]}}],"collection":[{"href":"https:\/\/institucional.us.es\/orquesta\/en\/wp-json\/wp\/v2\/pages"}],"about":[{"href":"https:\/\/institucional.us.es\/orquesta\/en\/wp-json\/wp\/v2\/types\/page"}],"author":[{"embeddable":true,"href":"https:\/\/institucional.us.es\/orquesta\/en\/wp-json\/wp\/v2\/users\/3"}],"replies":[{"embeddable":true,"href":"https:\/\/institucional.us.es\/orquesta\/en\/wp-json\/wp\/v2\/comments?post=2333"}],"version-history":[{"count":2,"href":"https:\/\/institucional.us.es\/orquesta\/en\/wp-json\/wp\/v2\/pages\/2333\/revisions"}],"predecessor-version":[{"id":2454,"href":"https:\/\/institucional.us.es\/orquesta\/en\/wp-json\/wp\/v2\/pages\/2333\/revisions\/2454"}],"wp:attachment":[{"href":"https:\/\/institucional.us.es\/orquesta\/en\/wp-json\/wp\/v2\/media?parent=2333"}],"curies":[{"name":"wp","href":"https:\/\/api.w.org\/{rel}","templated":true}]}}