{"id":2369,"date":"2022-10-20T10:25:01","date_gmt":"2022-10-20T10:25:01","guid":{"rendered":"http:\/\/institucional.us.es\/orquesta\/?page_id=2369"},"modified":"2022-10-20T12:39:59","modified_gmt":"2022-10-20T12:39:59","slug":"plantilla-concierto1-osc-temporada-xi","status":"publish","type":"page","link":"https:\/\/institucional.us.es\/orquesta\/en\/plantilla-concierto1-osc-temporada-xi\/","title":{"rendered":"PLANTILLA CONCIERTO#1 OSC TEMPORADA XI"},"content":{"rendered":"<p>CONCIERTO#1 OSC TEMPORADA XI<br \/>\n22 ENERO 2O22 \u00b7 ETS INGENIER\u00cdA<br \/>\n&nbsp;<br \/>\n<strong>PLANTILLA<\/strong><br \/>\n&nbsp;<br \/>\n<strong>VIOLINES I<\/strong><br \/>\nNelly Romero<br \/>\nAna Ruda<br \/>\nRafael D\u00edaz<br \/>\nMar\u00eda Barriga<br \/>\nMar\u00eda Manzano<br \/>\nCelia Vicente<br \/>\nAna Mar\u00edn<br \/>\nCarlos Crespo<br \/>\nAdriana Puentes Gonz\u00e1lez-Amor<br \/>\nCandela Schlatter<br \/>\n&nbsp;<br \/>\n<strong>VIOLINES II<\/strong><br \/>\nCarmen Montes<br \/>\nMiguel Garc\u00eda Aguilar<br \/>\nAna Albero<br \/>\nAnne Marie C. Duforet<br \/>\nFrancisco Jos\u00e9 M\u00e1rquez<br \/>\nLuc\u00eda L\u00f3pez<br \/>\nMar\u00eda Merello<br \/>\nPedro Bravo<br \/>\n&nbsp;<br \/>\n<strong>VIOLAS<\/strong><br \/>\nNadia Carmona<br \/>\nAntonio David Moreno<br \/>\nMar\u00eda Jos\u00e9<br \/>\nMinuesa, Diego Zagalaz<br \/>\nDesir\u00e9 Mart\u00ednez<br \/>\nMarta Alfaro<br \/>\nJuli\u00e1n Huete<br \/>\nRa\u00fal Quesada<br \/>\nJos\u00e9 Lastre<br \/>\nPedro Villena<br \/>\n&nbsp;<br \/>\n<strong>VIOLONCHELOS<\/strong><br \/>\nIrene Rico<br \/>\nPedro Samuel Montaner<br \/>\nBlanca S\u00e1nchez Guill\u00e9n<br \/>\nPilar Sheng Mart\u00edn<br \/>\nCandela Hern\u00e1ndez<br \/>\nMarina Garc\u00eda<br \/>\nVerena Jungwirth<br \/>\nManuel Bancalero<br \/>\nGabriel Fued<br \/>\n&nbsp;<br \/>\n<strong>CONTRABAJOS<\/strong><br \/>\nLuc\u00eda Rom\u00e1n<br \/>\nLuc\u00eda S\u00e1nchez P\u00e9rez<br \/>\nGuillermo Arrojo<br \/>\nMar\u00eda Lomas<br \/>\nMar\u00eda Morales<br \/>\nJuan Antonio Carmona<br \/>\n&nbsp;<br \/>\n<strong>FLAUTAS<\/strong><br \/>\nMar\u00eda Torrecillas<br \/>\nNatalia Manzano<br \/>\n&nbsp;<br \/>\n<strong>OBOES<\/strong><br \/>\nFrancisco J. \u00c1lvarez<br \/>\nSara Arag\u00f3n<br \/>\n&nbsp;<br \/>\n<strong>CLARINETES<\/strong><br \/>\nJes\u00fas Berdonces<br \/>\nJos\u00e9 Antonio Lupi\u00e1\u00f1ez<br \/>\n&nbsp;<br \/>\n<strong>FAGOTES<\/strong><br \/>\nFelipe Rodr\u00edguez Barrenas<br \/>\nCarlos Gonz\u00e1lez Odriozola<br \/>\n&nbsp;<br \/>\n<strong>TROMPAS<\/strong><br \/>\nIrene de la Orden<br \/>\nAida Tejada<br \/>\n&nbsp;<br \/>\n<strong>TROMPETAS<\/strong><br \/>\nSebasti\u00e1n Borrero<br \/>\nAlejandro Romero<br \/>\n&nbsp;<br \/>\n<strong>TIMBALES<\/strong><br \/>\nJos\u00e9 S\u00e1nchez Iglesias<\/p>","protected":false},"excerpt":{"rendered":"<p>CONCIERTO#1 OSC TEMPORADA XI 22 ENERO 2O22 \u00b7 ETS INGENIER\u00cdA &nbsp; PLANTILLA &nbsp; VIOLINES I Nelly Romero Ana Ruda Rafael D\u00edaz Mar\u00eda Barriga Mar\u00eda Manzano Celia Vicente Ana Mar\u00edn Carlos Crespo Adriana Puentes Gonz\u00e1lez-Amor Candela Schlatter &nbsp; VIOLINES II Carmen Montes Miguel Garc\u00eda Aguilar Ana Albero Anne Marie C. Duforet Francisco Jos\u00e9 M\u00e1rquez Luc\u00eda L\u00f3pez [&hellip;]<\/p>\n","protected":false},"author":3,"featured_media":0,"parent":0,"menu_order":0,"comment_status":"closed","ping_status":"open","template":"","meta":{"site-sidebar-layout":"default","site-content-layout":"","ast-site-content-layout":"default","site-content-style":"default","site-sidebar-style":"default","ast-global-header-display":"","ast-banner-title-visibility":"","ast-main-header-display":"","ast-hfb-above-header-display":"","ast-hfb-below-header-display":"","ast-hfb-mobile-header-display":"","site-post-title":"","ast-breadcrumbs-content":"","ast-featured-img":"","footer-sml-layout":"","ast-disable-related-posts":"","theme-transparent-header-meta":"","adv-header-id-meta":"","stick-header-meta":"","header-above-stick-meta":"","header-main-stick-meta":"","header-below-stick-meta":"","astra-migrate-meta-layouts":"default","ast-page-background-enabled":"default","ast-page-background-meta":{"desktop":{"background-color":"","background-image":"","background-repeat":"repeat","background-position":"center center","background-size":"auto","background-attachment":"scroll","background-type":"","background-media":"","overlay-type":"","overlay-color":"","overlay-opacity":"","overlay-gradient":""},"tablet":{"background-color":"","background-image":"","background-repeat":"repeat","background-position":"center center","background-size":"auto","background-attachment":"scroll","background-type":"","background-media":"","overlay-type":"","overlay-color":"","overlay-opacity":"","overlay-gradient":""},"mobile":{"background-color":"","background-image":"","background-repeat":"repeat","background-position":"center center","background-size":"auto","background-attachment":"scroll","background-type":"","background-media":"","overlay-type":"","overlay-color":"","overlay-opacity":"","overlay-gradient":""}},"ast-content-background-meta":{"desktop":{"background-color":"var(--ast-global-color-5)","background-image":"","background-repeat":"repeat","background-position":"center center","background-size":"auto","background-attachment":"scroll","background-type":"","background-media":"","overlay-type":"","overlay-color":"","overlay-opacity":"","overlay-gradient":""},"tablet":{"background-color":"var(--ast-global-color-5)","background-image":"","background-repeat":"repeat","background-position":"center center","background-size":"auto","background-attachment":"scroll","background-type":"","background-media":"","overlay-type":"","overlay-color":"","overlay-opacity":"","overlay-gradient":""},"mobile":{"background-color":"var(--ast-global-color-5)","background-image":"","background-repeat":"repeat","background-position":"center center","background-size":"auto","background-attachment":"scroll","background-type":"","background-media":"","overlay-type":"","overlay-color":"","overlay-opacity":"","overlay-gradient":""}},"footnotes":""},"class_list":["post-2369","page","type-page","status-publish","hentry"],"_links":{"self":[{"href":"https:\/\/institucional.us.es\/orquesta\/en\/wp-json\/wp\/v2\/pages\/2369","targetHints":{"allow":["GET"]}}],"collection":[{"href":"https:\/\/institucional.us.es\/orquesta\/en\/wp-json\/wp\/v2\/pages"}],"about":[{"href":"https:\/\/institucional.us.es\/orquesta\/en\/wp-json\/wp\/v2\/types\/page"}],"author":[{"embeddable":true,"href":"https:\/\/institucional.us.es\/orquesta\/en\/wp-json\/wp\/v2\/users\/3"}],"replies":[{"embeddable":true,"href":"https:\/\/institucional.us.es\/orquesta\/en\/wp-json\/wp\/v2\/comments?post=2369"}],"version-history":[{"count":5,"href":"https:\/\/institucional.us.es\/orquesta\/en\/wp-json\/wp\/v2\/pages\/2369\/revisions"}],"predecessor-version":[{"id":2437,"href":"https:\/\/institucional.us.es\/orquesta\/en\/wp-json\/wp\/v2\/pages\/2369\/revisions\/2437"}],"wp:attachment":[{"href":"https:\/\/institucional.us.es\/orquesta\/en\/wp-json\/wp\/v2\/media?parent=2369"}],"curies":[{"name":"wp","href":"https:\/\/api.w.org\/{rel}","templated":true}]}}