{"id":2387,"date":"2022-10-20T10:46:27","date_gmt":"2022-10-20T10:46:27","guid":{"rendered":"http:\/\/institucional.us.es\/orquesta\/?page_id=2387"},"modified":"2022-10-20T12:49:34","modified_gmt":"2022-10-20T12:49:34","slug":"plantilla-concierto4-osc-%c2%b7-temporada-xi","status":"publish","type":"page","link":"https:\/\/institucional.us.es\/orquesta\/en\/plantilla-concierto4-osc-%c2%b7-temporada-xi\/","title":{"rendered":"PLANTILLA CONCIERTO#4 OSC \u00b7 TEMPORADA XI"},"content":{"rendered":"<p>CONCIERTO#4 OSC \u00b7 TEMPORADA XI<\/p>\n<p>13 MAYO 2022 \u00b7 ETS INGENIER\u00cdA<\/p>\n<p>Rafael Mu\u00f1oz-Torrero \u00b7 viol\u00edn<br \/>\nAldo Mata \u00b7 cello<br \/>\nPatricia Arauzo \u00b7 piano<br \/>\nJuan Garc\u00eda Rodr\u00edguez \u00b7 direcci\u00f3n<br \/>\n&nbsp;<br \/>\n<strong>PLANTILLA<\/strong><br \/>\n&nbsp;<br \/>\n<strong>FLAUTAS<\/strong><br \/>\nNatalia Manzano<br \/>\nCristina Puelles<br \/>\n&nbsp;<br \/>\n<strong>OBOES<\/strong><br \/>\nFrancisco \u00c1lvarez<br \/>\nVictoria Montes<br \/>\nMar\u00eda Victoria Munuera<br \/>\nSara Arag\u00f3n<br \/>\n&nbsp;<br \/>\n<strong>CLARINETES<\/strong><br \/>\nRoc\u00edo Cabello<br \/>\nCristina Jurado<br \/>\nAlberto Chac\u00f3n<br \/>\nJos\u00e9 \u00c1ngel Tirado<br \/>\n&nbsp;<br \/>\n<strong>FAGOTES<\/strong><br \/>\nFelipe Rodr\u00edguez<br \/>\nMar\u00eda Guti\u00e9rrez<br \/>\nCarlos Gonz\u00e1lez<br \/>\nSara Tenreiro<br \/>\n&nbsp;<br \/>\n<strong>TROMPAS<\/strong><br \/>\nMar\u00eda Arrocha<br \/>\nLuc\u00eda Gonz\u00e1lez<br \/>\nPablo Angulo<br \/>\nAurora Moreno<br \/>\nIrene de la Orden<br \/>\nLaura Ruiz<br \/>\n&nbsp;<br \/>\n<strong>TROMPETAS<\/strong><br \/>\nJaime Gonz\u00e1lez<br \/>\nJavier Moreno<br \/>\n&nbsp;<br \/>\n<strong>TROMBONES<\/strong><br \/>\nAlejandro Olmo<br \/>\nMar\u00eda Ben\u00edtez<br \/>\nFernando Le\u00f3n<br \/>\n&nbsp;<br \/>\n<strong>TIMBALES<\/strong><br \/>\nGerm\u00e1n S\u00e1nchez Guti\u00e9rrez<br \/>\nJos\u00e9 S\u00e1nchez Iglesias<br \/>\n&nbsp;<br \/>\n<strong>VIOLINES I<\/strong><br \/>\nNelly Romero<br \/>\nCarlos Crespo<br \/>\nAna Ruda<br \/>\nLibia Olivera<br \/>\nMar\u00eda Manzano<br \/>\nAna Mar\u00edn<br \/>\nMar\u00eda Barriga<br \/>\nAdriana Puentes<br \/>\nClaudia Gallardo<br \/>\nMar\u00eda Merello<br \/>\nRafael D\u00edaz<br \/>\nSiria Ram\u00edrez<br \/>\nFrancisco M\u00e1rquez<br \/>\nPedro Bravo<br \/>\nJuan Mar\u00eda Sojo<br \/>\n&nbsp;<br \/>\n<strong>VIOLINES II<\/strong><br \/>\nMiguel Garc\u00eda<br \/>\nCarmen Montes<br \/>\nJuan Ignacio Perea<br \/>\nBlanca Garc\u00eda<br \/>\nSara Dom\u00ednguez<br \/>\nAna Albero<br \/>\nNuria Chac\u00f3n<br \/>\nLuc\u00eda L\u00f3pez<br \/>\n\u00c1ngela Sojo<br \/>\nShaoke Zhou<br \/>\nFrancisco V\u00e1zquez<br \/>\nBlanca Molina<br \/>\nJonathan Gonz\u00e1lez<br \/>\n&nbsp;<br \/>\n<strong>VIOLAS<\/strong><br \/>\nAntonio David Moreno<br \/>\nDiego Zagalaz<br \/>\nAndrea Santos<br \/>\nMarta Alfaro<br \/>\nJos\u00e9 Lastre<br \/>\nPedro Villena<br \/>\nRa\u00fal Quesada<br \/>\nDaniel Ortiz<br \/>\nJuli\u00e1n Huete<br \/>\nMar\u00eda Jos\u00e9 Minuesa<br \/>\nFlorentina P\u00e9rez<br \/>\n\u00c1lvaro Ramos<br \/>\nPablo Barrera<br \/>\n&nbsp;<br \/>\n<strong>VIOLONCHELOS<\/strong><br \/>\nMario Camargo<br \/>\nPedro Samuel Montaner<br \/>\nMarina Garc\u00eda<br \/>\nIrene Rico<br \/>\nVerena Jungwirth<br \/>\nMarina Guti\u00e9rrez<br \/>\nCristina Fern\u00e1ndez<br \/>\nCandela Hern\u00e1ndez<br \/>\nPilar Sheng Mart\u00edn<br \/>\nInmaculada Olmo<br \/>\nManuel Bancalero<br \/>\nGabriel Fued<br \/>\nMarina Esperanza Martos<br \/>\nAdriana C\u00e9saro<br \/>\nBlanca S\u00e1nchez<br \/>\nMarcos Villalba<br \/>\nAdriana C\u00e1ceres<br \/>\nLeonel Contreras<br \/>\n&nbsp;<br \/>\n<strong>CONTRABAJOS<\/strong><br \/>\nVentura Rico<br \/>\nIrene S\u00e1nchez<br \/>\nGuillermo Arrojo<br \/>\nLuc\u00eda Rom\u00e1n<br \/>\nLuc\u00eda S\u00e1nchez<br \/>\nJuan Antonio Carmona<br \/>\nMarta Flores<br \/>\nMar\u00eda Morales<\/p>","protected":false},"excerpt":{"rendered":"<p>CONCIERTO#4 OSC \u00b7 TEMPORADA XI 13 MAYO 2022 \u00b7 ETS INGENIER\u00cdA Rafael Mu\u00f1oz-Torrero \u00b7 viol\u00edn Aldo Mata \u00b7 cello Patricia Arauzo \u00b7 piano Juan Garc\u00eda Rodr\u00edguez \u00b7 direcci\u00f3n &nbsp; PLANTILLA &nbsp; FLAUTAS Natalia Manzano Cristina Puelles &nbsp; OBOES Francisco \u00c1lvarez Victoria Montes Mar\u00eda Victoria Munuera Sara Arag\u00f3n &nbsp; CLARINETES Roc\u00edo Cabello Cristina Jurado Alberto Chac\u00f3n [&hellip;]<\/p>\n","protected":false},"author":3,"featured_media":0,"parent":0,"menu_order":0,"comment_status":"closed","ping_status":"open","template":"","meta":{"site-sidebar-layout":"default","site-content-layout":"","ast-site-content-layout":"default","site-content-style":"default","site-sidebar-style":"default","ast-global-header-display":"","ast-banner-title-visibility":"","ast-main-header-display":"","ast-hfb-above-header-display":"","ast-hfb-below-header-display":"","ast-hfb-mobile-header-display":"","site-post-title":"","ast-breadcrumbs-content":"","ast-featured-img":"","footer-sml-layout":"","ast-disable-related-posts":"","theme-transparent-header-meta":"","adv-header-id-meta":"","stick-header-meta":"","header-above-stick-meta":"","header-main-stick-meta":"","header-below-stick-meta":"","astra-migrate-meta-layouts":"default","ast-page-background-enabled":"default","ast-page-background-meta":{"desktop":{"background-color":"","background-image":"","background-repeat":"repeat","background-position":"center center","background-size":"auto","background-attachment":"scroll","background-type":"","background-media":"","overlay-type":"","overlay-color":"","overlay-opacity":"","overlay-gradient":""},"tablet":{"background-color":"","background-image":"","background-repeat":"repeat","background-position":"center center","background-size":"auto","background-attachment":"scroll","background-type":"","background-media":"","overlay-type":"","overlay-color":"","overlay-opacity":"","overlay-gradient":""},"mobile":{"background-color":"","background-image":"","background-repeat":"repeat","background-position":"center center","background-size":"auto","background-attachment":"scroll","background-type":"","background-media":"","overlay-type":"","overlay-color":"","overlay-opacity":"","overlay-gradient":""}},"ast-content-background-meta":{"desktop":{"background-color":"var(--ast-global-color-5)","background-image":"","background-repeat":"repeat","background-position":"center center","background-size":"auto","background-attachment":"scroll","background-type":"","background-media":"","overlay-type":"","overlay-color":"","overlay-opacity":"","overlay-gradient":""},"tablet":{"background-color":"var(--ast-global-color-5)","background-image":"","background-repeat":"repeat","background-position":"center center","background-size":"auto","background-attachment":"scroll","background-type":"","background-media":"","overlay-type":"","overlay-color":"","overlay-opacity":"","overlay-gradient":""},"mobile":{"background-color":"var(--ast-global-color-5)","background-image":"","background-repeat":"repeat","background-position":"center center","background-size":"auto","background-attachment":"scroll","background-type":"","background-media":"","overlay-type":"","overlay-color":"","overlay-opacity":"","overlay-gradient":""}},"footnotes":""},"class_list":["post-2387","page","type-page","status-publish","hentry"],"_links":{"self":[{"href":"https:\/\/institucional.us.es\/orquesta\/en\/wp-json\/wp\/v2\/pages\/2387","targetHints":{"allow":["GET"]}}],"collection":[{"href":"https:\/\/institucional.us.es\/orquesta\/en\/wp-json\/wp\/v2\/pages"}],"about":[{"href":"https:\/\/institucional.us.es\/orquesta\/en\/wp-json\/wp\/v2\/types\/page"}],"author":[{"embeddable":true,"href":"https:\/\/institucional.us.es\/orquesta\/en\/wp-json\/wp\/v2\/users\/3"}],"replies":[{"embeddable":true,"href":"https:\/\/institucional.us.es\/orquesta\/en\/wp-json\/wp\/v2\/comments?post=2387"}],"version-history":[{"count":6,"href":"https:\/\/institucional.us.es\/orquesta\/en\/wp-json\/wp\/v2\/pages\/2387\/revisions"}],"predecessor-version":[{"id":2446,"href":"https:\/\/institucional.us.es\/orquesta\/en\/wp-json\/wp\/v2\/pages\/2387\/revisions\/2446"}],"wp:attachment":[{"href":"https:\/\/institucional.us.es\/orquesta\/en\/wp-json\/wp\/v2\/media?parent=2387"}],"curies":[{"name":"wp","href":"https:\/\/api.w.org\/{rel}","templated":true}]}}