{"id":2880,"date":"2022-12-23T23:41:34","date_gmt":"2022-12-23T23:41:34","guid":{"rendered":"https:\/\/institucional.us.es\/orquesta\/?page_id=2880"},"modified":"2022-12-24T00:11:32","modified_gmt":"2022-12-24T00:11:32","slug":"plantilla-concierto1-osc-temporada-xii","status":"publish","type":"page","link":"https:\/\/institucional.us.es\/orquesta\/en\/plantilla-concierto1-osc-temporada-xii\/","title":{"rendered":"PLANTILLA CONCIERTO#1 OSC TEMPORADA XII"},"content":{"rendered":"<p><strong>PLANTILLA<\/strong><\/p>\n<p><strong>\u00a0<\/strong><\/p>\n<p><strong>Ida Gotkowsky-Concierto de saxof\u00f3n<\/strong><\/p>\n<p>&nbsp;<\/p>\n<p>FLAUTAS<br \/>\nClaudia Yepes, Marina Cejudo, Mar\u00eda \u00c1ngeles Cabrera, Alba Escobar, Elisa Gonz\u00e1lez<\/p>\n<p>OBOES<br \/>\nPrimeros, Victoria Montes, Victoria Munuera, Jos\u00e9 Luis Gonz\u00e1lez, Ana Bravo; Corno Ingl\u00e9s:Agust\u00edn Heredia<\/p>\n<p>FAGOTES<br \/>\nPablo Vel\u00e1zquez, Manuel Mart\u00edn, Juan Cordero<\/p>\n<p>CLARINETES<br \/>\nRequinto, Pedro Iglesias y Federico Javier Alonso; Bajo, Jes\u00fas Joaqu\u00edn Espinosa y Javier Albarr\u00e1n; Solistas, David P\u00e9rez y Pablo Aranda; Primeros, Marco Carmona, Miguel \u00c1ngel Contreras, Carolina Xiuxian Leal, Javier Alonso; Segundos, Cristina Jurado, Jos\u00e9 \u00c1ngel Tirado, Mar\u00eda Gonz\u00e1lez; Terceros, Cristina Laseca, Juan Gonz\u00e1lez<\/p>\n<p>SAXOFONES<br \/>\nSoprano, Julia Marina Cabello; Altos, Mar\u00eda de las Nieves Garc\u00eda, Mar\u00eda Mercedes Castro; Tenor, Alejandro P\u00e9rez, Luc\u00eda Camacho; Bar\u00edtono, Jos\u00e9 Luis \u00c1vila, Inocencio G\u00f3mez<\/p>\n<p>TROMPAS<br \/>\nPablo Angulo, Aurora Mar\u00eda Moreno, Ana Laura Falc\u00f3n, Miguel Aguilar<\/p>\n<p>TROMPETAS<br \/>\nJuan Miguel Chamizo, Jaime Gonz\u00e1lez, Alberto Francisco Garc\u00eda<\/p>\n<p>CORNETAS<br \/>\nRafael Tovar, Nuria Cantero<\/p>\n<p>TROMBONES<br \/>\nRafael Carballar, Juan Francisco Algarra, \u00c1ngel Le\u00f3n, Jared Galante, Juan Carlos Ruiz<\/p>\n<p>BOMBARDINOS<br \/>\nMarcos Rodr\u00edguez, Segundo: Alejandro Esquinas<\/p>\n<p>TUBAS<br \/>\nJos\u00e9 Manuel L\u00f3pez, Enrique Sanjuan<\/p>\n<p>CONTRABAJOS<br \/>\nGuillermo Arrojo, Mar\u00eda Morales<\/p>\n<p>&nbsp;<\/p>\n<p>&nbsp;<\/p>\n<p><strong>David Maslanka-Sinfon\u00eda n\u00ba 4<\/strong><\/p>\n<p>&nbsp;<\/p>\n<p>FLAUTAS<br \/>\nClaudia Yepes, Marina Cejudo, Mar\u00eda \u00c1ngeles Cabrera, Alba Escobar, Elisa Gonz\u00e1lez<\/p>\n<p>OBOES<br \/>\nBernab\u00e9 Arias, Jos\u00e9 Luis Gonz\u00e1lez, Agust\u00edn Heredia, Victoria Montes, \u00c1ngel D\u00edaz<\/p>\n<p>FAGOTES<br \/>\nV\u00edctor Manuel Fern\u00e1ndez, Manuel Mart\u00edn<\/p>\n<p>CONTRAFAGOT<br \/>\nPablo Vel\u00e1zquez<\/p>\n<p>CLARINETES<br \/>\nRequinto,Pedro Mart\u00edn; Bajo, Jes\u00fas Joaqu\u00edn Espinosa; Solistas:Mar\u00eda Castillo y Pablo Olvera; Primeros, Javier Albarr\u00e1n, Alfonso Romero, Ignacio Calcedo y Marta L\u00f3pez; Segundos, Mar\u00eda P\u00e9rez, Gloria Cruzado, Pedro Juan Mart\u00edn; Terceros, Gonzalo Camacho, \u00c1lvaro Barriga<\/p>\n<p>SAXOFONES<br \/>\nAltos,Diego Tacoronte, Eva Carmona; Tenores, Alejandro P\u00e9rez, Luc\u00eda Garc\u00eda; Bar\u00edtonos,Inocente<br \/>\nG\u00f3mez, Jos\u00e9 Luis \u00c1vila<\/p>\n<p>TROMPAS<br \/>\nAurora Moreno, Alejandro Mart\u00edn, Marcos Mart\u00edn, Miguel Ortega<\/p>\n<p>TROMPETAS<br \/>\nJaime Gonz\u00e1lez (p\u00edcolo), Rafael Romero, Javier Moreno, Magdalena Barranco<\/p>\n<p>TROMBONES<br \/>\nGonzalo Luque, David Barrones, Manuel Barquero, Alejandro Luque; Jared Galante<\/p>\n<p>BOMBARDINOS<br \/>\nRafa Arrayas, Claudia Santana<\/p>\n<p>TUBAS<br \/>\nJos\u00e9 Manuel L\u00f3pez, Enrique Sanjuan<\/p>\n<p>CONTRABAJOS<br \/>\nGuillermo Arrojo, Mar\u00eda Morales<\/p>\n<p><span dir=\"ltr\" style=\"left: 21.2572px; top: 22.9545px; font-size: 7.03035px; font-family: sans-serif; transform: scaleX(1.0036);\"><br \/>\n<\/span><\/p>","protected":false},"excerpt":{"rendered":"<p>PLANTILLA \u00a0 Ida Gotkowsky-Concierto de saxof\u00f3n &nbsp; FLAUTAS Claudia Yepes, Marina Cejudo, Mar\u00eda \u00c1ngeles Cabrera, Alba Escobar, Elisa Gonz\u00e1lez OBOES Primeros, Victoria Montes, Victoria Munuera, Jos\u00e9 Luis Gonz\u00e1lez, Ana Bravo; Corno Ingl\u00e9s:Agust\u00edn Heredia FAGOTES Pablo Vel\u00e1zquez, Manuel Mart\u00edn, Juan Cordero CLARINETES Requinto, Pedro Iglesias y Federico Javier Alonso; Bajo, Jes\u00fas Joaqu\u00edn Espinosa y Javier Albarr\u00e1n; [&hellip;]<\/p>\n","protected":false},"author":3,"featured_media":0,"parent":0,"menu_order":0,"comment_status":"closed","ping_status":"closed","template":"","meta":{"site-sidebar-layout":"default","site-content-layout":"","ast-site-content-layout":"default","site-content-style":"default","site-sidebar-style":"default","ast-global-header-display":"","ast-banner-title-visibility":"","ast-main-header-display":"","ast-hfb-above-header-display":"","ast-hfb-below-header-display":"","ast-hfb-mobile-header-display":"","site-post-title":"","ast-breadcrumbs-content":"","ast-featured-img":"","footer-sml-layout":"","ast-disable-related-posts":"","theme-transparent-header-meta":"","adv-header-id-meta":"","stick-header-meta":"","header-above-stick-meta":"","header-main-stick-meta":"","header-below-stick-meta":"","astra-migrate-meta-layouts":"default","ast-page-background-enabled":"default","ast-page-background-meta":{"desktop":{"background-color":"","background-image":"","background-repeat":"repeat","background-position":"center center","background-size":"auto","background-attachment":"scroll","background-type":"","background-media":"","overlay-type":"","overlay-color":"","overlay-opacity":"","overlay-gradient":""},"tablet":{"background-color":"","background-image":"","background-repeat":"repeat","background-position":"center center","background-size":"auto","background-attachment":"scroll","background-type":"","background-media":"","overlay-type":"","overlay-color":"","overlay-opacity":"","overlay-gradient":""},"mobile":{"background-color":"","background-image":"","background-repeat":"repeat","background-position":"center center","background-size":"auto","background-attachment":"scroll","background-type":"","background-media":"","overlay-type":"","overlay-color":"","overlay-opacity":"","overlay-gradient":""}},"ast-content-background-meta":{"desktop":{"background-color":"var(--ast-global-color-5)","background-image":"","background-repeat":"repeat","background-position":"center center","background-size":"auto","background-attachment":"scroll","background-type":"","background-media":"","overlay-type":"","overlay-color":"","overlay-opacity":"","overlay-gradient":""},"tablet":{"background-color":"var(--ast-global-color-5)","background-image":"","background-repeat":"repeat","background-position":"center center","background-size":"auto","background-attachment":"scroll","background-type":"","background-media":"","overlay-type":"","overlay-color":"","overlay-opacity":"","overlay-gradient":""},"mobile":{"background-color":"var(--ast-global-color-5)","background-image":"","background-repeat":"repeat","background-position":"center center","background-size":"auto","background-attachment":"scroll","background-type":"","background-media":"","overlay-type":"","overlay-color":"","overlay-opacity":"","overlay-gradient":""}},"footnotes":""},"class_list":["post-2880","page","type-page","status-publish","hentry"],"_links":{"self":[{"href":"https:\/\/institucional.us.es\/orquesta\/en\/wp-json\/wp\/v2\/pages\/2880","targetHints":{"allow":["GET"]}}],"collection":[{"href":"https:\/\/institucional.us.es\/orquesta\/en\/wp-json\/wp\/v2\/pages"}],"about":[{"href":"https:\/\/institucional.us.es\/orquesta\/en\/wp-json\/wp\/v2\/types\/page"}],"author":[{"embeddable":true,"href":"https:\/\/institucional.us.es\/orquesta\/en\/wp-json\/wp\/v2\/users\/3"}],"replies":[{"embeddable":true,"href":"https:\/\/institucional.us.es\/orquesta\/en\/wp-json\/wp\/v2\/comments?post=2880"}],"version-history":[{"count":7,"href":"https:\/\/institucional.us.es\/orquesta\/en\/wp-json\/wp\/v2\/pages\/2880\/revisions"}],"predecessor-version":[{"id":2900,"href":"https:\/\/institucional.us.es\/orquesta\/en\/wp-json\/wp\/v2\/pages\/2880\/revisions\/2900"}],"wp:attachment":[{"href":"https:\/\/institucional.us.es\/orquesta\/en\/wp-json\/wp\/v2\/media?parent=2880"}],"curies":[{"name":"wp","href":"https:\/\/api.w.org\/{rel}","templated":true}]}}