{"id":32,"date":"2014-05-14T08:04:36","date_gmt":"2014-05-14T08:04:36","guid":{"rendered":"http:\/\/institucional.us.es\/orquesta\/?page_id=32"},"modified":"2023-02-10T12:37:36","modified_gmt":"2023-02-10T12:37:36","slug":"el-director-de-la-orquesta","status":"publish","type":"page","link":"https:\/\/institucional.us.es\/orquesta\/en\/el-director-de-la-orquesta\/","title":{"rendered":"El director"},"content":{"rendered":"<div data-elementor-type=\"wp-page\" data-elementor-id=\"32\" class=\"elementor elementor-32\">\n\t\t\t\t\t\t<section class=\"elementor-section elementor-top-section elementor-element elementor-element-1d71c776 elementor-section-boxed elementor-section-height-default elementor-section-height-default\" data-id=\"1d71c776\" data-element_type=\"section\" data-e-type=\"section\">\n\t\t\t\t\t\t<div class=\"elementor-container elementor-column-gap-default\">\n\t\t\t\t\t<div class=\"elementor-column elementor-col-100 elementor-top-column elementor-element elementor-element-b0a815\" data-id=\"b0a815\" data-element_type=\"column\" data-e-type=\"column\">\n\t\t\t<div class=\"elementor-widget-wrap elementor-element-populated\">\n\t\t\t\t\t\t<div class=\"elementor-element elementor-element-b9282fd elementor-widget elementor-widget-heading\" data-id=\"b9282fd\" data-element_type=\"widget\" data-e-type=\"widget\" data-widget_type=\"heading.default\">\n\t\t\t\t<div class=\"elementor-widget-container\">\n\t\t\t\t\t<h1 class=\"elementor-heading-title elementor-size-default\">CONDUCTOR<\/h1>\t\t\t\t<\/div>\n\t\t\t\t<\/div>\n\t\t\t\t<div class=\"elementor-element elementor-element-5d4fe1b elementor-widget elementor-widget-image\" data-id=\"5d4fe1b\" data-element_type=\"widget\" data-e-type=\"widget\" data-widget_type=\"image.default\">\n\t\t\t\t<div class=\"elementor-widget-container\">\n\t\t\t\t\t\t\t\t\t\t\t\t<figure class=\"wp-caption\">\n\t\t\t\t\t\t\t\t\t\t<img fetchpriority=\"high\" decoding=\"async\" width=\"768\" height=\"494\" src=\"https:\/\/institucional.us.es\/orquesta\/wp-content\/uploads\/2023\/02\/juan-garcia-director.jpg\" class=\"attachment-large size-large wp-image-3387\" alt=\"\" srcset=\"https:\/\/institucional.us.es\/orquesta\/wp-content\/uploads\/2023\/02\/juan-garcia-director.jpg 768w, https:\/\/institucional.us.es\/orquesta\/wp-content\/uploads\/2023\/02\/juan-garcia-director-300x193.jpg 300w\" sizes=\"(max-width: 768px) 100vw, 768px\" \/>\t\t\t\t\t\t\t\t\t\t\t<figcaption class=\"widget-image-caption wp-caption-text\">Juan Garc\u00eda Rodr\u00edguez (principal conductor of the CSO since its founding)<\/figcaption>\n\t\t\t\t\t\t\t\t\t\t<\/figure>\n\t\t\t\t\t\t\t\t\t<\/div>\n\t\t\t\t<\/div>\n\t\t\t\t<div class=\"elementor-element elementor-element-14effa4b elementor-widget elementor-widget-text-editor\" data-id=\"14effa4b\" data-element_type=\"widget\" data-e-type=\"widget\" data-widget_type=\"text-editor.default\">\n\t\t\t\t<div class=\"elementor-widget-container\">\n\t\t\t\t\t\t\t\t\t<p style=\"color: #000000; text-align: justify;\"><span style=\"color: #333333;\">Born in Sanl\u00facar de Barrameda (C\u00e1diz), he studied music at the Superior Conservatory of Seville - Piano and Chamber Music, with professors Ana Guijarro, Jos\u00e9 Mar\u00eda Redondo and Juan Rodr\u00edguez Romero. Honors Awards in Chamber Music and Harmony and Honorable Mention in Piano-, at the Mozarteum University of Salzburg -Masters in Conducting with Dennis Russell Davies and Jorge Rotter, Choir Conducting with Karl Kamper and Composition with Christian Ofenbauer and Reinhard Febel- and at the Fryderyk Chopin University of Warsaw (PhD in Conducting, 2017). Masterclasses, among others, with Ram\u00f3n Coll and Joseph Paratore (piano), Reiner Schmidt (chamber music), Neil Thompson and Arturo Tamayo (conducting) and Crist\u00f3bal Halffter, Franco Donatoni, Luciano Berio, Mauricio Kagel, George Crumb and Beat Furrer (composition).<\/span><\/p><p style=\"text-align: justify;\"><span style=\"color: #333333;\">Professor at the Conservatorio Superior de M\u00fasica Manuel Castillo and Full Academician of the Real Academia de Bellas Artes Santa Isabel de Hungr\u00eda of Seville. Conductor of the OSC and conductor and founder of Zahir Ensemble. He is also musical director of the Taschenoper Festival of Salzburg (2005-2017).<\/span><\/p><p style=\"text-align: justify;\"><span style=\"color: #333333;\">He has conducted orchestras such as the Brucknerorchester-Linz, Mozarteum Orchester Salzburg, Orchestre de l'Op\u00e9ra de Paris, ROSS, Filarm\u00f3nica de Gran Canaria, Deutsche Radio Philharmonie Saarbr\u00fccken, OENM (\u00d6sterreichisches Ensemble f\u00fcr Neue Musik), Witold Lutoslawski Chamber Philharmonic (Lomza, Poland), and other ensembles such as Sax Ensemble, in halls and theaters such as the Teatro Villamarta of Xerez, Teatro de la Maestranza of Seville, Teatro Central of Seville, Auditorio 400 of Reina Sof\u00eda\u00b4s Museum in Madrid, C\u00edrculo de Bellas Artes of Madrid, Teatros del Canal of Madrid, Fundaci\u00f3n Juan March in Madrid, Palau de les Arts of Valencia, Op\u00e9ra National Paris Bastille, Grosser Saal Mozarteum Salzburg, Solit\u00e4r Saal Mozarteum Salzburg, Brucknersaal in Linz, Cemal Re\u015fit Rey Konser Salonu, Concert Hall of the Chopin University of Music<\/span><\/p><p style=\"text-align: justify;\"><span style=\"color: #333333;\">He has recorded with Haas, Sello Autor, Verso, Canticum, Naxos and IBS Classical.<\/span><\/p>\t\t\t\t\t\t\t\t<\/div>\n\t\t\t\t<\/div>\n\t\t\t\t\t<\/div>\n\t\t<\/div>\n\t\t\t\t\t<\/div>\n\t\t<\/section>\n\t\t\t\t<\/div>","protected":false},"excerpt":{"rendered":"<p>EL DIRECTOR Juan Garc\u00eda Rodr\u00edguez (director titular de la OSC desde su fundaci\u00f3n) Nacido en Sanl\u00facar de Barrameda (C\u00e1diz), realiza estudios musicales en el Conservatorio Superior de Sevilla -T\u00edtulos Superiores de Piano y M\u00fasica de C\u00e1mara, con los profesores Ana Guijarro, Jos\u00e9 Mar\u00eda Redondo y Juan Rodr\u00edguez Romero. Premios de Honor en M\u00fasica de C\u00e1mara [&hellip;]<\/p>\n","protected":false},"author":3,"featured_media":0,"parent":0,"menu_order":0,"comment_status":"closed","ping_status":"open","template":"","meta":{"site-sidebar-layout":"default","site-content-layout":"","ast-site-content-layout":"default","site-content-style":"default","site-sidebar-style":"default","ast-global-header-display":"","ast-banner-title-visibility":"","ast-main-header-display":"","ast-hfb-above-header-display":"","ast-hfb-below-header-display":"","ast-hfb-mobile-header-display":"","site-post-title":"","ast-breadcrumbs-content":"","ast-featured-img":"","footer-sml-layout":"","ast-disable-related-posts":"","theme-transparent-header-meta":"","adv-header-id-meta":"","stick-header-meta":"","header-above-stick-meta":"","header-main-stick-meta":"","header-below-stick-meta":"","astra-migrate-meta-layouts":"default","ast-page-background-enabled":"default","ast-page-background-meta":{"desktop":{"background-color":"","background-image":"","background-repeat":"repeat","background-position":"center center","background-size":"auto","background-attachment":"scroll","background-type":"","background-media":"","overlay-type":"","overlay-color":"","overlay-opacity":"","overlay-gradient":""},"tablet":{"background-color":"","background-image":"","background-repeat":"repeat","background-position":"center center","background-size":"auto","background-attachment":"scroll","background-type":"","background-media":"","overlay-type":"","overlay-color":"","overlay-opacity":"","overlay-gradient":""},"mobile":{"background-color":"","background-image":"","background-repeat":"repeat","background-position":"center center","background-size":"auto","background-attachment":"scroll","background-type":"","background-media":"","overlay-type":"","overlay-color":"","overlay-opacity":"","overlay-gradient":""}},"ast-content-background-meta":{"desktop":{"background-color":"var(--ast-global-color-5)","background-image":"","background-repeat":"repeat","background-position":"center center","background-size":"auto","background-attachment":"scroll","background-type":"","background-media":"","overlay-type":"","overlay-color":"","overlay-opacity":"","overlay-gradient":""},"tablet":{"background-color":"var(--ast-global-color-5)","background-image":"","background-repeat":"repeat","background-position":"center center","background-size":"auto","background-attachment":"scroll","background-type":"","background-media":"","overlay-type":"","overlay-color":"","overlay-opacity":"","overlay-gradient":""},"mobile":{"background-color":"var(--ast-global-color-5)","background-image":"","background-repeat":"repeat","background-position":"center center","background-size":"auto","background-attachment":"scroll","background-type":"","background-media":"","overlay-type":"","overlay-color":"","overlay-opacity":"","overlay-gradient":""}},"footnotes":""},"class_list":["post-32","page","type-page","status-publish","hentry"],"_links":{"self":[{"href":"https:\/\/institucional.us.es\/orquesta\/en\/wp-json\/wp\/v2\/pages\/32","targetHints":{"allow":["GET"]}}],"collection":[{"href":"https:\/\/institucional.us.es\/orquesta\/en\/wp-json\/wp\/v2\/pages"}],"about":[{"href":"https:\/\/institucional.us.es\/orquesta\/en\/wp-json\/wp\/v2\/types\/page"}],"author":[{"embeddable":true,"href":"https:\/\/institucional.us.es\/orquesta\/en\/wp-json\/wp\/v2\/users\/3"}],"replies":[{"embeddable":true,"href":"https:\/\/institucional.us.es\/orquesta\/en\/wp-json\/wp\/v2\/comments?post=32"}],"version-history":[{"count":37,"href":"https:\/\/institucional.us.es\/orquesta\/en\/wp-json\/wp\/v2\/pages\/32\/revisions"}],"predecessor-version":[{"id":3393,"href":"https:\/\/institucional.us.es\/orquesta\/en\/wp-json\/wp\/v2\/pages\/32\/revisions\/3393"}],"wp:attachment":[{"href":"https:\/\/institucional.us.es\/orquesta\/en\/wp-json\/wp\/v2\/media?parent=32"}],"curies":[{"name":"wp","href":"https:\/\/api.w.org\/{rel}","templated":true}]}}