{"id":382,"date":"2014-06-25T06:31:19","date_gmt":"2014-06-25T06:31:19","guid":{"rendered":"http:\/\/institucional.us.es\/orquesta\/?page_id=382"},"modified":"2024-04-02T08:05:16","modified_gmt":"2024-04-02T08:05:16","slug":"la-orquesta","status":"publish","type":"page","link":"https:\/\/institucional.us.es\/orquesta\/en\/la-orquesta\/","title":{"rendered":"OSC &#8211; ORQUESTA SINF\u00d3NICA CONJUNTA"},"content":{"rendered":"<div data-elementor-type=\"wp-page\" data-elementor-id=\"382\" class=\"elementor elementor-382\">\n\t\t\t\t\t\t<section class=\"elementor-section elementor-top-section elementor-element elementor-element-31d537dc elementor-section-boxed elementor-section-height-default elementor-section-height-default\" data-id=\"31d537dc\" data-element_type=\"section\" data-e-type=\"section\">\n\t\t\t\t\t\t<div class=\"elementor-container elementor-column-gap-default\">\n\t\t\t\t\t<div class=\"elementor-column elementor-col-100 elementor-top-column elementor-element elementor-element-4cf6784a\" data-id=\"4cf6784a\" data-element_type=\"column\" data-e-type=\"column\">\n\t\t\t<div class=\"elementor-widget-wrap elementor-element-populated\">\n\t\t\t\t\t\t<div class=\"elementor-element elementor-element-b35d32d elementor-widget elementor-widget-heading\" data-id=\"b35d32d\" data-element_type=\"widget\" data-e-type=\"widget\" data-widget_type=\"heading.default\">\n\t\t\t\t<div class=\"elementor-widget-container\">\n\t\t\t\t\t<h1 class=\"elementor-heading-title elementor-size-default\">OSC ORCHESTRA<\/h1>\t\t\t\t<\/div>\n\t\t\t\t<\/div>\n\t\t\t\t<div class=\"elementor-element elementor-element-d576879 elementor-widget-divider--view-line elementor-widget elementor-widget-divider\" data-id=\"d576879\" data-element_type=\"widget\" data-e-type=\"widget\" data-widget_type=\"divider.default\">\n\t\t\t\t<div class=\"elementor-widget-container\">\n\t\t\t\t\t\t\t<div class=\"elementor-divider\">\n\t\t\t<span class=\"elementor-divider-separator\">\n\t\t\t\t\t\t<\/span>\n\t\t<\/div>\n\t\t\t\t\t\t<\/div>\n\t\t\t\t<\/div>\n\t\t\t\t<div class=\"elementor-element elementor-element-30bf23c2 elementor-widget elementor-widget-text-editor\" data-id=\"30bf23c2\" data-element_type=\"widget\" data-e-type=\"widget\" data-widget_type=\"text-editor.default\">\n\t\t\t\t<div class=\"elementor-widget-container\">\n\t\t\t\t\t\t\t\t\t<h3 style=\"text-align: center;\"><span style=\"color: #333333;\">An academic and artistic project of the<br><\/span><\/h3><h3 style=\"text-align: center;\"><span style=\"color: #333333;\">University of Seville and the Conservatory of Music Manuel Castillo<strong><br><\/strong><\/span><\/h3>\t\t\t\t\t\t\t\t<\/div>\n\t\t\t\t<\/div>\n\t\t\t\t<div class=\"elementor-element elementor-element-88f05cd elementor-widget-divider--view-line elementor-widget elementor-widget-divider\" data-id=\"88f05cd\" data-element_type=\"widget\" data-e-type=\"widget\" data-widget_type=\"divider.default\">\n\t\t\t\t<div class=\"elementor-widget-container\">\n\t\t\t\t\t\t\t<div class=\"elementor-divider\">\n\t\t\t<span class=\"elementor-divider-separator\">\n\t\t\t\t\t\t<\/span>\n\t\t<\/div>\n\t\t\t\t\t\t<\/div>\n\t\t\t\t<\/div>\n\t\t\t\t<div class=\"elementor-element elementor-element-63b83cd elementor-widget elementor-widget-text-editor\" data-id=\"63b83cd\" data-element_type=\"widget\" data-e-type=\"widget\" data-widget_type=\"text-editor.default\">\n\t\t\t\t<div class=\"elementor-widget-container\">\n\t\t\t\t\t\t\t\t\t<p style=\"text-align: justify;\">At the end of 2011, the signing of an agreement between the two institutions closed a\nseries of agreements and collaborations ongoing over the years, with the creation of the\nOrquesta Sinf\u00f3nica Conjunta -the Joint Symphony Orchestra- (OSC) of the <span style=\"color: #ff6600;\"><strong><a style=\"color: #ff6600;\" href=\"https:\/\/www.us.es\/\" target=\"_blank\" rel=\"noopener\">University of Seville<\/a><\/strong> <\/span>and the <span style=\"color: #ff6600;\"><a style=\"color: #ff6600;\" href=\"https:\/\/consev.es\/\" target=\"_blank\" rel=\"noopener\"><strong>Conservatory of\nMusic Manuel Castillo<\/strong><\/a><\/span>. We were convinced that by joining forces and sharing resources, we\ncould make this thrilling project a reality.<\/p>\n<p style=\"text-align: justify;\" class=\"translation-block\">Since its foundation, the OSC has been both artistic and academic in nature, and it operates under a System of Encounters, which has proved to be the most effective within the large young orchestral groups, as well as in the orchestras of the most prestigious Music Universities. It was created with the solid intention of attending to the most demanding audiences, while at the same time meeting the educational needs of the young music students of both institutions.<\/p>\n<p style=\"text-align: justify;\">The annual programme aims to tackle a repertoire as complex and interesting as the\nsymphonic repertoire of the 19th and 20th centuries. These young musicians - future\nprofessionals - take on the responsibility each season of displaying their interpretative skills\nand performance progress to the public and the critics.<\/p>\n\n<p style=\"text-align: justify;\">Occasionally, and depending on the nature of\neach concert and the artistic needs, some \"reinforcements\" (soloists, conductors, singers...)\nare added to the orchestra.<\/p>\n<p style=\"text-align: justify;\">We work day by day, season by season, so that this initiative delivers the results we all\nhope for, providing the best possible training for the students and promoting the musical life\nof Seville and Andalusia.<\/p>\t\t\t\t\t\t\t\t<\/div>\n\t\t\t\t<\/div>\n\t\t\t\t<div class=\"elementor-element elementor-element-a88863b elementor-widget elementor-widget-image\" data-id=\"a88863b\" data-element_type=\"widget\" data-e-type=\"widget\" data-widget_type=\"image.default\">\n\t\t\t\t<div class=\"elementor-widget-container\">\n\t\t\t\t\t\t\t\t\t\t\t\t\t\t\t<img fetchpriority=\"high\" decoding=\"async\" width=\"1024\" height=\"683\" src=\"https:\/\/institucional.us.es\/orquesta\/wp-content\/uploads\/2014\/09\/OSC-FONDO-1024x683.jpg\" class=\"attachment-large size-large wp-image-398\" alt=\"\" srcset=\"https:\/\/institucional.us.es\/orquesta\/wp-content\/uploads\/2014\/09\/OSC-FONDO-1024x683.jpg 1024w, https:\/\/institucional.us.es\/orquesta\/wp-content\/uploads\/2014\/09\/OSC-FONDO-300x200.jpg 300w, https:\/\/institucional.us.es\/orquesta\/wp-content\/uploads\/2014\/09\/OSC-FONDO.jpg 2000w\" sizes=\"(max-width: 1024px) 100vw, 1024px\" \/>\t\t\t\t\t\t\t\t\t\t\t\t\t\t\t<\/div>\n\t\t\t\t<\/div>\n\t\t\t\t<div class=\"elementor-element elementor-element-f63e12f elementor-widget elementor-widget-text-editor\" data-id=\"f63e12f\" data-element_type=\"widget\" data-e-type=\"widget\" data-widget_type=\"text-editor.default\">\n\t\t\t\t<div class=\"elementor-widget-container\">\n\t\t\t\t\t\t\t\t\t<p style=\"text-align: justify;\"><span style=\"color: #000000;\"><strong>OSC - LIFE COURSE<\/strong><\/span><\/p>\n<p class=\"translation-block\">In 2011 the University of Seville and the CSM Manuel Castillo launched an ambitious academic and artistic project with the creation of a joint symphony orchestra. Since then, there have been different stages in Seville where it has performed, both in spaces of the University of Seville - auditorium of the ETS of Engineering, Campus Reina Mercedes of the US, ETS of Architecture - and in the main stages of Seville, such as the Teatro Lope de Vega - on a first occasion with its own production of the opera Cos\u00ec fan tutte by Mozart, performed in collaboration with the Fryderyk Chopin University of Music in Warsaw, and on a second occasion with the contemporary opera project \"Buscando al Rey.The Voice of the Excluded\", with stage direction by Michal Znaniecki, and developed in collaboration with the Polish Institute of Culture, ICAS and ASAO,Teatro de la Maestranza (in the zarzuela production Entre Sevilla y Triana by Soroz\u00e1bal in 2013, El Retablo de Maese Pedro by Falla in collaboration with ESAD, as well as in the successful concert The Bernstein Beat within the ROSS concert season program, under the baton of J.Axelrod, and the closing concerts of the US 2020-21 and 2022-23), Patio de la Monter\u00eda del Real Alc\u00e1zar (also under the direction of J.Axelrod, in a project carried out in collaboration with the UNIA and the students of the Master in Music Performance of the Barenboim-Said Foundation), as well as in the Teatro Central with a spectacular concert of winds and percussion conducted by Camilo Irizo. Outside Seville, it is also worth mentioning its performances in Cadiz, within the framework of the bicentenary celebrations of its Constitution, as well as in Granada within the framework of the Atalaya project, and in Seville province in Carmona, Fuentes de Andaluc\u00eda, Mairena del Aljarafe or San Jos\u00e9 de la Rinconada.<\/p>\n<p class=\"translation-block\">The repertoire performed has ranged from classical music to contemporary works by American and European composers such as F. Busoni, A. Copland, J. Adams, A. P\u00e4rt, A. Honegger, P. Hindemith, K. Weill, D. Milhaud, A. Webern, H. Tomasi, J. Sibelius. Weill, D. Milhaud, A. Webern, H. Tomasi, J. Sibelius, as well as Spanish-Americans such as L. Brouwer, A. Ginastera or the Spaniards C. Halffter, C. Camarero, M. Castillo, J. A. Pedrosa, J. Rodr\u00edguez Romero and A. Flores. Film music has also been present with the interpretation of works by B. Herrmann and L. Bernstein. Bernstein, as well as the world premiere of Entreacto y luz magenta by the National Music Prize winner C\u00e9sar Camarero.<\/p>\n<p class=\"translation-block\">Juan Garc\u00eda Rodr\u00edguez is the principal conductor of the OSC since its foundation, having also participated with maestros such as John Axelrod, Jan Mi\u0142osz Zarzycki, Wolfgang Kurz, Cosimo Colazzo, Juan Rodr\u00edguez Romero and Camilo Irizo.<\/p>\n<p>The OSC has been a member of the European Network of University Orchestras since\n2014 and has been part of the Andalusian Network of University Music Ensembles of the\nAtalaya Project since 2017.<\/p>\n<p style=\"text-align: justify;\">\n<\/p>\t\t\t\t\t\t\t\t<\/div>\n\t\t\t\t<\/div>\n\t\t\t\t<div class=\"elementor-element elementor-element-c4bb6df elementor-widget elementor-widget-image\" data-id=\"c4bb6df\" data-element_type=\"widget\" data-e-type=\"widget\" data-widget_type=\"image.default\">\n\t\t\t\t<div class=\"elementor-widget-container\">\n\t\t\t\t\t\t\t\t\t\t\t\t\t\t\t<img decoding=\"async\" width=\"1024\" height=\"682\" src=\"https:\/\/institucional.us.es\/orquesta\/wp-content\/uploads\/2014\/05\/13268201_10153924149149442_4312767986152861811_o-1024x682.jpg\" class=\"attachment-large size-large wp-image-1243\" alt=\"\" srcset=\"https:\/\/institucional.us.es\/orquesta\/wp-content\/uploads\/2014\/05\/13268201_10153924149149442_4312767986152861811_o-1024x682.jpg 1024w, https:\/\/institucional.us.es\/orquesta\/wp-content\/uploads\/2014\/05\/13268201_10153924149149442_4312767986152861811_o-300x199.jpg 300w, https:\/\/institucional.us.es\/orquesta\/wp-content\/uploads\/2014\/05\/13268201_10153924149149442_4312767986152861811_o.jpg 2048w\" sizes=\"(max-width: 1024px) 100vw, 1024px\" \/>\t\t\t\t\t\t\t\t\t\t\t\t\t\t\t<\/div>\n\t\t\t\t<\/div>\n\t\t\t\t\t<\/div>\n\t\t<\/div>\n\t\t\t\t\t<\/div>\n\t\t<\/section>\n\t\t\t\t<section class=\"elementor-section elementor-top-section elementor-element elementor-element-11c6557 elementor-section-boxed elementor-section-height-default elementor-section-height-default\" data-id=\"11c6557\" data-element_type=\"section\" data-e-type=\"section\">\n\t\t\t\t\t\t<div class=\"elementor-container elementor-column-gap-default\">\n\t\t\t\t\t<div class=\"elementor-column elementor-col-100 elementor-top-column elementor-element elementor-element-7e4d7d9\" data-id=\"7e4d7d9\" data-element_type=\"column\" data-e-type=\"column\">\n\t\t\t<div class=\"elementor-widget-wrap elementor-element-populated\">\n\t\t\t\t\t\t<div class=\"elementor-element elementor-element-8fadb33 elementor-widget elementor-widget-text-editor\" data-id=\"8fadb33\" data-element_type=\"widget\" data-e-type=\"widget\" data-widget_type=\"text-editor.default\">\n\t\t\t\t<div class=\"elementor-widget-container\">\n\t\t\t\t\t\t\t\t\t<h5><span style=\"font-weight: normal;\"><b>OSC. KEYS AND SINGULARITIES OF THE US-CSMS JOINT SYMPHONY ORCHESTRA<\/b><u><b><br \/><\/b><\/u><\/span><\/h5><div>\u00a0<\/div><div class=\"translation-block\">- STRUCTURE - IN CONTINUOUS FORMATION AND TRANSFORMATION. Since its creation, the OSC has been renewing its staff from year to year, with more than a thousand students having participated at some point in this ambitious academic-artistic project. These constant structural transformations are consubstantial to the academic vocation and logic of the project, and surprisingly, far from being an obstacle to the interpretative quality of the formation, abound in its improvement and progression as the new students assume a responsibility that matches the demands of the acquired reputation of the orchestra; Thus, the accumulated experience and the qualitative leaps made by the different projects carried out have forged a structure of surprising strength and solidity in which the human factor is accommodated with a natural logic and seriousness that only strengthen and increase even more the spirit and personality of the orchestra.<\/div><div><span style=\"font-weight: normal;\">\u00a0<\/span><\/div><p class=\"translation-block\">- YOUTH of its staff, whose members receive specialized, artistic and human training.\nThe orchestra and its projection through a concert season is a highly effective tool as a public instrument to be able to visualize the work and evolution of the students' interpretative skills, as well as the evolution of their interpretative abilities. The orchestra and its projection through a concert season is a highly effective tool as a public instrument to visualize the work and evolution of the interpretative skills of the students, as well as of the group itself, becoming at the same time a great platform for the promotion of young values. Among all these students in training, even the most experienced perform as SOLOISTS in some of the programmed concerts. The formative work has been intense, even extending at some point to the conducting students through workshops, who have been encouraged by the confidence and security transmitted by the principal conductor Juan Garc\u00eda. Likewise, in this formative work, students and alumni members of the CSO have participated sporadically in the different stages of production, some of them are currently in the process of recording what would be the first contribution in the edition of a CD and we hope to be published in the last quarter of 2023.<\/p><p class=\"translation-block\">-INTERDISCIPLINARY PROJECTS. Opera, puppet theater, social theater, cinema..., artistic disciplines with which the CSO has worked, and which have brought new experiences and new levels of awareness to the students; in theaters or outdoors (experiencing the difficulties of the wind for score reading, environmental acoustic or light intrusions...), on stage or in the pit (exploring novel situations such as working in semi-darkness and with a direction that is not focused on the stage or in the pit), on stage or in the orchestra pit (exploring novel situations such as working in practical semi-darkness and with a direction that is not focused on the stage). ), on stage or in the pit (exploring novel situations such as working in semi-darkness and with a direction not exclusively dedicated to the group, but simultaneously split between two planes, on stage and in the pit). A new framework, a new aesthetic and experiential dimension that invites the student to deepen, reflect and assimilate new meanings and dimensions of music.<\/p><p class=\"translation-block\">-COMMITMENT TO THE PRESENT DAY. In addition to the classical repertoire, performed widely and by large ensembles on numerous occasions -as has been the case with the interpretation of symphonies by Bruckner or Mahler-, a contemporary repertoire is added, generally unknown to the general public and with which the CSO has sought to fill the void generated by the absence of other institutions in their programming; The CSO thus shows itself as a bastion or vindictive icon of the present, with a strong commitment to the dissemination of new artistic visions, even being the protagonist of world premieres -works by composers such as C\u00e9sar Camarero, national music prize winner- or national premieres -with works as acclaimed as little performed as Am\u00e9rica M\u00e1gica by Ginastera or Grand Pianola Music by John Adams-. This hard work has been widely applauded by professionals in the field of musical creation -recall the reflections expressed by the national music prize winners Crist\u00f3bal Halffter or C\u00e9sar Camarero- and part of the specialized music critics, who have especially praised this facet of the orchestra's dissemination and commitment to new times and aesthetics. This work of diffusion has not stopped here, and we have seen one more aspect of its work of diffusion in projects of RECOVERY OF ANDALUSIAN MUSICAL HERITAGE, playing the Overture of the Queen Regent by Fernando Palat\u00edn, in a meeting of such symbolic institutional value and of such projection as the Opening Concert of the 2019-20 academic year at the University of Seville<\/p><p class=\"translation-block\">-\nINTERNATIONAL DIMENSION of the project, developing ambitious own productions with other institutions such as the Fryderyck Chopin University of Music in Warsaw (Opera Cos\u00ec fan tutte), performing a wide and varied repertoire of European and American composers of all origins and styles. Likewise, several conductors from other countries have been invited to conduct the orchestra occasionally in some of its seasonal concerts, and also numerous students from other countries with international study programs such as Erasmus, thus establishing the CSO as a catalyst structure for young European values and providing institutional prestige to those it represents -University of Seville and CSM Manuel Castillo- for the public service it promotes, associated with values such as academic excellence and its international projection and visibility. The CSO is also a member of the European Network of University Orchestras, ENUO.<\/p><p class=\"translation-block\">-MULTIPLICITY OF SCENARIOS.\nThe main venues have been university venues -mainly the ETS de Ingenier\u00eda-, but also auditoriums as important as the Teatro de la Maestranza or Teatro Lope de Vega, either as a consequence of the natural development of the CSO's own concert season or contributing to the achievement of programs of other cultural institutions such as those of the aforementioned theaters or musical institutions such as the ROSS (such has been the case of the CSO's participation in the tribute concerts on the Bernstein anniversary). The creation and maintenance of a symphony orchestra inevitably requires human and material resources - it requires a minimum budget for its own existence and a sufficiently large space in which to develop both the concert and the unavoidable tutti rehearsals, the latter being the moment in which the work is truly being built and where the balance and coordination of the different actions of the students becomes more necessary. Precisely because of this last aspect, the CSO would like to thank other institutions (Fibes, Factor\u00eda Cultural...) and faculties or schools (ETS de Arquitectura, ETS de Ingenier\u00eda, BBAA and Iglesia de la Anunciaci\u00f3n...) for having been especially sensitive to the development of this youth symphony orchestra project, even showing their solidarity and commitment in the development of this project in times as complex as those resulting from government-imposed health crises and consequent administrative difficulties.<\/p><p class=\"translation-block\">-COLLABORATIONS.\nIn addition to the collaborations with other institutions for the celebration of CSO rehearsals and concerts, there are also collaborations in the development of certain projects that generally, due to their interest, complexity or nature, have required alliances, generally with educational groups -students of the ESAD or the Barenboim Sa\u00efd Foundation-, Andalusian university orchestras integrated in the Atalaya Project, such as Ja\u00e9n or Granada; choirs such as the Manuel de Falla, Manuel Castillo, Ateneo de Sevilla and Escolan\u00eda Escolan\u00eda de Granada; Andalusian university orchestras integrated in the Atalaya Project, such as those of Ja\u00e9n or Granada; choirs such as those of Manuel de Falla, Manuel Castillo, Ateneo de Sevilla and Escolan\u00eda Regina Coeli de Dos Hermanas-, but also with professional groups such as Zahir Ensemble or great soloists such as \u00d3scar Mart\u00edn or the internationally renowned soprano Natalia Labourdette.<\/p><p><a href=\"https:\/\/institucional.us.es\/orquesta\/en\/hitos\/\" target=\"_blank\" rel=\"noopener\">MILESTONES<\/a>. <span style=\"font-weight: normal;\">Development of key moments in the orchestra's trajectory that give an idea of its dimension.<br \/><\/span><\/p>\t\t\t\t\t\t\t\t<\/div>\n\t\t\t\t<\/div>\n\t\t\t\t\t<\/div>\n\t\t<\/div>\n\t\t\t\t\t<\/div>\n\t\t<\/section>\n\t\t\t\t<\/div>","protected":false},"excerpt":{"rendered":"<p>OSC &#8211; ORQUESTA SINF\u00d3NICA CONJUNTA Un proyecto acad\u00e9mico-art\u00edstico de Universidad de Sevilla y CSM Manuel Castillo A finales de 2011, la firma de un convenio entre las dos instituciones cerraba una serie de acuerdos y colaboraciones continuadas a lo largo de los a\u00f1os, con la creaci\u00f3n de la Orquesta Sinf\u00f3nica Conjunta (OSC) de la UNIVERSIDAD [&hellip;]<\/p>\n","protected":false},"author":3,"featured_media":0,"parent":0,"menu_order":0,"comment_status":"closed","ping_status":"closed","template":"","meta":{"site-sidebar-layout":"default","site-content-layout":"default","ast-site-content-layout":"default","site-content-style":"default","site-sidebar-style":"default","ast-global-header-display":"","ast-banner-title-visibility":"","ast-main-header-display":"","ast-hfb-above-header-display":"","ast-hfb-below-header-display":"","ast-hfb-mobile-header-display":"","site-post-title":"","ast-breadcrumbs-content":"","ast-featured-img":"","footer-sml-layout":"","ast-disable-related-posts":"","theme-transparent-header-meta":"default","adv-header-id-meta":"","stick-header-meta":"","header-above-stick-meta":"","header-main-stick-meta":"","header-below-stick-meta":"","astra-migrate-meta-layouts":"default","ast-page-background-enabled":"default","ast-page-background-meta":{"desktop":{"background-color":"","background-image":"","background-repeat":"repeat","background-position":"center center","background-size":"auto","background-attachment":"scroll","background-type":"","background-media":"","overlay-type":"","overlay-color":"","overlay-opacity":"","overlay-gradient":""},"tablet":{"background-color":"","background-image":"","background-repeat":"repeat","background-position":"center center","background-size":"auto","background-attachment":"scroll","background-type":"","background-media":"","overlay-type":"","overlay-color":"","overlay-opacity":"","overlay-gradient":""},"mobile":{"background-color":"","background-image":"","background-repeat":"repeat","background-position":"center center","background-size":"auto","background-attachment":"scroll","background-type":"","background-media":"","overlay-type":"","overlay-color":"","overlay-opacity":"","overlay-gradient":""}},"ast-content-background-meta":{"desktop":{"background-color":"var(--ast-global-color-5)","background-image":"","background-repeat":"repeat","background-position":"center center","background-size":"auto","background-attachment":"scroll","background-type":"","background-media":"","overlay-type":"","overlay-color":"","overlay-opacity":"","overlay-gradient":""},"tablet":{"background-color":"var(--ast-global-color-5)","background-image":"","background-repeat":"repeat","background-position":"center center","background-size":"auto","background-attachment":"scroll","background-type":"","background-media":"","overlay-type":"","overlay-color":"","overlay-opacity":"","overlay-gradient":""},"mobile":{"background-color":"var(--ast-global-color-5)","background-image":"","background-repeat":"repeat","background-position":"center center","background-size":"auto","background-attachment":"scroll","background-type":"","background-media":"","overlay-type":"","overlay-color":"","overlay-opacity":"","overlay-gradient":""}},"footnotes":""},"class_list":["post-382","page","type-page","status-publish","hentry"],"_links":{"self":[{"href":"https:\/\/institucional.us.es\/orquesta\/en\/wp-json\/wp\/v2\/pages\/382","targetHints":{"allow":["GET"]}}],"collection":[{"href":"https:\/\/institucional.us.es\/orquesta\/en\/wp-json\/wp\/v2\/pages"}],"about":[{"href":"https:\/\/institucional.us.es\/orquesta\/en\/wp-json\/wp\/v2\/types\/page"}],"author":[{"embeddable":true,"href":"https:\/\/institucional.us.es\/orquesta\/en\/wp-json\/wp\/v2\/users\/3"}],"replies":[{"embeddable":true,"href":"https:\/\/institucional.us.es\/orquesta\/en\/wp-json\/wp\/v2\/comments?post=382"}],"version-history":[{"count":110,"href":"https:\/\/institucional.us.es\/orquesta\/en\/wp-json\/wp\/v2\/pages\/382\/revisions"}],"predecessor-version":[{"id":4954,"href":"https:\/\/institucional.us.es\/orquesta\/en\/wp-json\/wp\/v2\/pages\/382\/revisions\/4954"}],"wp:attachment":[{"href":"https:\/\/institucional.us.es\/orquesta\/en\/wp-json\/wp\/v2\/media?parent=382"}],"curies":[{"name":"wp","href":"https:\/\/api.w.org\/{rel}","templated":true}]}}