{"id":476,"date":"2014-12-01T16:43:28","date_gmt":"2014-12-01T16:43:28","guid":{"rendered":"http:\/\/institucional.us.es\/orquesta\/?page_id=476"},"modified":"2023-07-06T10:53:23","modified_gmt":"2023-07-06T10:53:23","slug":"temporada-201415","status":"publish","type":"page","link":"https:\/\/institucional.us.es\/orquesta\/en\/programa-de-conciertos\/temporada-201415\/","title":{"rendered":"Temporada 2014\/2015"},"content":{"rendered":"<h2><span style=\"color: #ff6600;\"><strong><strong>OSC<\/strong><\/strong>. IV Temporada 2014-2015<\/span><\/h2>\n<p>Todos los conciertos tendr\u00e1n lugar los d\u00edas referidos a las 20h en el auditorio de la ETS de Ingenier\u00eda de la Universidad de Sevilla (Isla de la Cartuja, Avda de los Descubrimientos), salvo el \u00faltimo de ellos que se celebrar\u00e1 en el patio del CSM Manuel Castillo (c\/Ba\u00f1os, 38-40). El acceso es libre mediante invitaci\u00f3n, pudiendo recogerse estas invitaciones d\u00edas antes de cada concierto en el CICUS (c\/Madre de Dios), de lunes a viernes de 10h a 18h. Para mayor detalle sobre los d\u00edas a partir de los cuales poder retirar las invitaciones de cada concierto, se deber\u00e1 consultar la agenda del CICUS en <span style=\"color: #ff6600;\"><a href=\"http:\/\/www.cicus.us.es\"><span style=\"color: #ff6600;\">www.cicus.us.es<\/span><\/a><\/span><\/p>\n<p>&nbsp;<\/p>\n<p>&nbsp;<\/p>\n<p><a href=\"http:\/\/institucional.us.es\/orquesta\/wp-content\/uploads\/2014\/12\/CARTEL-OSC-NOV-14-4-futura-6.jpg\"><img fetchpriority=\"high\" decoding=\"async\" class=\"alignnone size-medium wp-image-538\" src=\"http:\/\/institucional.us.es\/orquesta\/wp-content\/uploads\/2014\/12\/CARTEL-OSC-NOV-14-4-futura-6-214x300.jpg\" alt=\"CARTEL OSC NOV 14 4 futura (6)\" width=\"214\" height=\"300\" srcset=\"https:\/\/institucional.us.es\/orquesta\/wp-content\/uploads\/2014\/12\/CARTEL-OSC-NOV-14-4-futura-6-214x300.jpg 214w, https:\/\/institucional.us.es\/orquesta\/wp-content\/uploads\/2014\/12\/CARTEL-OSC-NOV-14-4-futura-6-730x1024.jpg 730w, https:\/\/institucional.us.es\/orquesta\/wp-content\/uploads\/2014\/12\/CARTEL-OSC-NOV-14-4-futura-6.jpg 1275w\" sizes=\"(max-width: 214px) 100vw, 214px\" \/><\/a><\/p>\n<p>&nbsp;<\/p>\n<p><a href=\"http:\/\/institucional.us.es\/orquesta\/wp-content\/uploads\/2014\/12\/CARTEL-OSC-NOV-14-4-futura-6.jpg\"><span style=\"color: #ff9900;\"><strong>TEMPORADA IV. OSC. <\/strong><strong>CURSO 2014-2015<\/strong><\/span><br \/>\n<span style=\"color: #333333;\">ORQUESTA SINF\u00d3NICA CONJUNTA US-CSMS<\/span><\/a><\/p>\n<p>&nbsp;<\/p>\n<h2><strong><a href=\"https:\/\/cicus.us.es\/17dic-%c2%b7-primer-concierto-de-la-orquesta-sinfonica-conjunta-%c2%b7-osc\/\" target=\"_blank\" rel=\"noopener\"><span style=\"color: #ff6600;\">CONCIERTO #1<\/span><\/a><\/strong><\/h2>\n<p><span style=\"color: #000000;\"><strong>17.12.14<\/strong><\/span> \u00b7 20h \u00b7 Auditorio de la ETS de Ingenier\u00eda<\/p>\n<p>ORQUESTA SINF\u00d3NICA CONJUNTA US-CSMS<\/p>\n<p>Juan Garc\u00eda Rodr\u00edguez \u00b7 director<\/p>\n<p><strong>&#8211; PROGRAMA &#8211;<\/strong><\/p>\n<p><strong>C. Camarero<\/strong><br \/>\n<em>Entreacto y luz magenta<\/em> (estreno mundial)<\/p>\n<p><strong>A. Dvo\u0159\u00e1k<\/strong><br \/>\n<em>Sinfon\u00eda n\u00ba 8 en Sol mayor<\/em><\/p>\n<p><strong>L. Bernstein<\/strong><br \/>\n<em>Suite de \u201cOn the Waterfront\u201d<\/em> *<br \/>\n<a href=\"http:\/\/institucional.us.es\/orquesta\/en\/plantilla-concierto-i\/\"><span style=\"color: #ff6600;\">PLANTILLA<\/span><\/a><\/p>\n<p>&nbsp;<\/p>\n<h2><strong><a href=\"https:\/\/cicus.us.es\/evento\/primer-concierto-orquesta-sinfonica-conjunta-%C2%B7-osc\/\" target=\"_blank\" rel=\"noopener\"><span style=\"color: #ff6600;\">CONCIERTO #2<\/span><\/a><\/strong><\/h2>\n<p><span style=\"color: #333333;\"><strong>18.03.15 <\/strong>\u00b7 20h \u00b7 Auditorio de la ETS de Ingenier\u00eda<\/span><\/p>\n<p>ORQUESTA SINF\u00d3NICA CONJUNTA US-CSMS<\/p>\n<p>Juan Garc\u00eda Rodr\u00edguez \u00b7 director<\/p>\n<p>Camilo Irizo \u00b7 clarinete<\/p>\n<p><strong>&#8211; PROGRAMA &#8211;<\/strong><\/p>\n<p><strong>C. Debussy<\/strong><br \/>\n<em>Nocturnes<\/em><\/p>\n<p><strong>M. Castillo<\/strong><br \/>\n<em>Orippo, para clarinete y orquesta<\/em><\/p>\n<p><strong>J. Sibelius<\/strong><br \/>\n<em>Sinfon\u00eda n\u00ba 7 en Do mayor<\/em><\/p>\n<p><a href=\"http:\/\/institucional.us.es\/orquesta\/en\/plantilla-ii\/\"><span style=\"color: #ff6600;\">PLANTILLA<\/span><\/a><\/p>\n<p>&nbsp;<\/p>\n<h2><strong><a href=\"https:\/\/cicus.us.es\/evento\/tercer-concierto-orquesta-sinfonica-conjunta-%C2%B7-osc\/\" target=\"_blank\" rel=\"noopener\"><span style=\"color: #ff6600;\">CONCIERTO #3<\/span><\/a><\/strong><\/h2>\n<p><span style=\"color: #333333;\"><strong>08.05.15<\/strong> \u00b7 20h \u00b7 Auditorio de la ETS de Ingenier\u00eda<\/span><\/p>\n<p>ORQUESTA SINF\u00d3NICA CONJUNTA US-CSMS<\/p>\n<p>Juan Garc\u00eda Rodr\u00edguez \u00b7 director<\/p>\n<p>Jes\u00fas Pineda \u00b7 guitarra<\/p>\n<p><strong>&#8211; PROGRAMA &#8211;<\/strong><\/p>\n<p style=\"margin: 0cm; margin-bottom: .0001pt;\"><strong>P. Dukas<\/strong><\/p>\n<p style=\"margin: 0cm; margin-bottom: .0001pt;\"><em>Fanfare pour pr\u00e9c\u00e9der \u201cLa P\u00e9ri\u201d<\/em><\/p>\n<p style=\"margin: 0cm; margin-bottom: .0001pt;\"><strong>L. v. Beethoven<\/strong><br \/>\n<em>Obertura \u201cLa consagraci\u00f3n de la casa\u201d<\/em><\/p>\n<p style=\"margin: 0cm; margin-bottom: .0001pt;\"><strong>M. Castillo<\/strong><br \/>\n<em>Concierto para guitarra y orquesta<\/em><\/p>\n<p style=\"margin: 0cm; margin-bottom: .0001pt;\"><strong>F. Schubert<\/strong><br \/>\n<em>Sinfon\u00eda N\u00ba 4 \u201cTr\u00e1gica\u201d en Do menor<\/em><\/p>\n<p><a href=\"http:\/\/institucional.us.es\/orquesta\/en\/616-2\/\"><span style=\"color: #ff6600;\">PLANTILLA<\/span><\/a><\/p>\n<p>&nbsp;<\/p>\n<h2><strong><a href=\"https:\/\/cicus.us.es\/evento\/osc-%c2%b7-concierto\/\" target=\"_blank\" rel=\"noopener\"><span style=\"color: #ff6600;\">CONCIERTO #4<\/span><\/a><\/strong><\/h2>\n<p><span style=\"color: #333333;\"><strong>12.06.15<\/strong> \u00b7 20:30h \u00b7 Patio del Conservatorio Superior de M\u00fasica Manuel Castillo<\/span><\/p>\n<p>ORQUESTA SINF\u00d3NICA CONJUNTA US-CSMS<\/p>\n<p>Wolfgang Kurz \u00b7 director<\/p>\n<p><strong>&#8211; PROGRAMA &#8211;<\/strong><\/p>\n<p><strong>C. Debussy-A. Schoenberg<strong><br \/>\n<\/strong><\/strong><em>Pr\u00e9lude \u00e0 l\u2019apr\u00e8s-midi d\u2019un faune <\/em><\/p>\n<p><strong>E. Grieg-W. Kurz<\/strong><br \/>\n<em>Piezas l\u00edricas <\/em><\/p>\n<p><strong>W. A. Mozart<\/strong><br \/>\n<em>Serenata n\u00ba 11 \u201cGran Partita\u201d\u00a0 KV 361\/370a<\/em><br \/>\n<a href=\"http:\/\/institucional.us.es\/orquesta\/en\/plantilla-iv\/\"><span style=\"color: #ff6600;\">PLANTILLA<\/span><\/a><\/p>\n<p>&nbsp;<\/p>\n<p>* <strong>El primer concierto de temporada, con variaciones en su programa, ser\u00e1 interpretado tambi\u00e9n en Fuentes de Andaluc\u00eda y Carmona<\/strong><\/p>\n<p>18.12.14. Fuentes de Andaluc\u00eda, Iglesia de Sta Mar\u00eda la Blanca \u00b7 20:30h<\/p>\n<p>19.12.14. Carmona, Iglesia de San Bartolom\u00e9 \u00b7 20:30h<\/p>\n<p>&nbsp;<\/p>\n<p>Programa<\/p>\n<p>P. Dukas: <em>Fanfare pour pr\u00e9c\u00e9der \u201cLa P\u00e9ri\u201d<\/em><\/p>\n<p>C. Camarero: <em>Entreacto y luz magenta<\/em><\/p>\n<p>M. Castillo: <em>Orippo<\/em> (Antonio Salguero \u00b7 clarinete)<\/p>\n<p>A. Dvo\u0159\u00e1k: <em>Sinfon\u00eda n\u00ba 8<\/em><\/p>\n<div id=\"content\" class=\"content\"><\/div>\n<p>&nbsp;<\/p>\n<p>&nbsp;<\/p>","protected":false},"excerpt":{"rendered":"<p>OSC. IV Temporada 2014-2015 Todos los conciertos tendr\u00e1n lugar los d\u00edas referidos a las 20h en el auditorio de la ETS de Ingenier\u00eda de la Universidad de Sevilla (Isla de la Cartuja, Avda de los Descubrimientos), salvo el \u00faltimo de ellos que se celebrar\u00e1 en el patio del CSM Manuel Castillo (c\/Ba\u00f1os, 38-40). El acceso [&hellip;]<\/p>\n","protected":false},"author":3,"featured_media":0,"parent":43,"menu_order":0,"comment_status":"closed","ping_status":"closed","template":"","meta":{"site-sidebar-layout":"default","site-content-layout":"default","ast-site-content-layout":"default","site-content-style":"default","site-sidebar-style":"default","ast-global-header-display":"","ast-banner-title-visibility":"","ast-main-header-display":"","ast-hfb-above-header-display":"","ast-hfb-below-header-display":"","ast-hfb-mobile-header-display":"","site-post-title":"","ast-breadcrumbs-content":"","ast-featured-img":"","footer-sml-layout":"","ast-disable-related-posts":"","theme-transparent-header-meta":"default","adv-header-id-meta":"","stick-header-meta":"","header-above-stick-meta":"","header-main-stick-meta":"","header-below-stick-meta":"","astra-migrate-meta-layouts":"default","ast-page-background-enabled":"default","ast-page-background-meta":{"desktop":{"background-color":"","background-image":"","background-repeat":"repeat","background-position":"center center","background-size":"auto","background-attachment":"scroll","background-type":"","background-media":"","overlay-type":"","overlay-color":"","overlay-opacity":"","overlay-gradient":""},"tablet":{"background-color":"","background-image":"","background-repeat":"repeat","background-position":"center center","background-size":"auto","background-attachment":"scroll","background-type":"","background-media":"","overlay-type":"","overlay-color":"","overlay-opacity":"","overlay-gradient":""},"mobile":{"background-color":"","background-image":"","background-repeat":"repeat","background-position":"center center","background-size":"auto","background-attachment":"scroll","background-type":"","background-media":"","overlay-type":"","overlay-color":"","overlay-opacity":"","overlay-gradient":""}},"ast-content-background-meta":{"desktop":{"background-color":"var(--ast-global-color-5)","background-image":"","background-repeat":"repeat","background-position":"center center","background-size":"auto","background-attachment":"scroll","background-type":"","background-media":"","overlay-type":"","overlay-color":"","overlay-opacity":"","overlay-gradient":""},"tablet":{"background-color":"var(--ast-global-color-5)","background-image":"","background-repeat":"repeat","background-position":"center center","background-size":"auto","background-attachment":"scroll","background-type":"","background-media":"","overlay-type":"","overlay-color":"","overlay-opacity":"","overlay-gradient":""},"mobile":{"background-color":"var(--ast-global-color-5)","background-image":"","background-repeat":"repeat","background-position":"center center","background-size":"auto","background-attachment":"scroll","background-type":"","background-media":"","overlay-type":"","overlay-color":"","overlay-opacity":"","overlay-gradient":""}},"footnotes":""},"class_list":["post-476","page","type-page","status-publish","hentry"],"_links":{"self":[{"href":"https:\/\/institucional.us.es\/orquesta\/en\/wp-json\/wp\/v2\/pages\/476","targetHints":{"allow":["GET"]}}],"collection":[{"href":"https:\/\/institucional.us.es\/orquesta\/en\/wp-json\/wp\/v2\/pages"}],"about":[{"href":"https:\/\/institucional.us.es\/orquesta\/en\/wp-json\/wp\/v2\/types\/page"}],"author":[{"embeddable":true,"href":"https:\/\/institucional.us.es\/orquesta\/en\/wp-json\/wp\/v2\/users\/3"}],"replies":[{"embeddable":true,"href":"https:\/\/institucional.us.es\/orquesta\/en\/wp-json\/wp\/v2\/comments?post=476"}],"version-history":[{"count":57,"href":"https:\/\/institucional.us.es\/orquesta\/en\/wp-json\/wp\/v2\/pages\/476\/revisions"}],"predecessor-version":[{"id":4319,"href":"https:\/\/institucional.us.es\/orquesta\/en\/wp-json\/wp\/v2\/pages\/476\/revisions\/4319"}],"up":[{"embeddable":true,"href":"https:\/\/institucional.us.es\/orquesta\/en\/wp-json\/wp\/v2\/pages\/43"}],"wp:attachment":[{"href":"https:\/\/institucional.us.es\/orquesta\/en\/wp-json\/wp\/v2\/media?parent=476"}],"curies":[{"name":"wp","href":"https:\/\/api.w.org\/{rel}","templated":true}]}}