{"id":4817,"date":"2024-01-29T10:58:21","date_gmt":"2024-01-29T10:58:21","guid":{"rendered":"https:\/\/institucional.us.es\/orquesta\/?page_id=4817"},"modified":"2024-01-29T12:46:47","modified_gmt":"2024-01-29T12:46:47","slug":"plantilla-concierto3-xiii-temporada-osc","status":"publish","type":"page","link":"https:\/\/institucional.us.es\/orquesta\/en\/plantilla-concierto3-xiii-temporada-osc\/","title":{"rendered":"Plantilla Concierto#3 &#8211; XIII Temporada OSC"},"content":{"rendered":"<p><strong>PLANTILLA. <\/strong><strong>CONCIERTO#3 OSC &#8211; Temporada XIII<\/strong><\/p>\n<p><strong>26 enero 2024 &#8211; ETS de Arquitectura. Sal\u00f3n de Actos<br \/>\n<\/strong><\/p>\n<p>&nbsp;<\/p>\n<p>Poul Schierbeck: <em>Largo Op. 33<\/em><\/p>\n<p>Poul Schierbeck: <em>Andante doloroso Op. 56 n\u00ba 2<\/em><\/p>\n<p>Vaughan-Williams: <em>Concierto para oboe<\/em><\/p>\n<p>Haydn: <em>Sinfon\u00eda n\u00ba 1<\/em><\/p>\n<p>&#8212;<\/p>\n<p>&nbsp;<\/p>\n<p><strong><u>FLAUTA<\/u><\/strong><\/p>\n<p>\u00c1ngela Torres Dur\u00e1n<\/p>\n<p>&nbsp;<\/p>\n<p><strong><u>OBOES<\/u><\/strong><\/p>\n<p>Agust\u00edn Heredia Jurado<\/p>\n<p>Mar\u00eda de los \u00c1ngeles Molina Villanueva<\/p>\n<p>&nbsp;<\/p>\n<p><strong><u>TROMPAS<\/u><\/strong><\/p>\n<p>Pablo Angulo Fern\u00e1ndez<\/p>\n<p>Alejandro Barba Moreno<\/p>\n<p>&nbsp;<\/p>\n<p><strong><u>TROMPETA<\/u><\/strong><\/p>\n<p>Jos\u00e9 Joaqu\u00edn Fern\u00e1ndez Alfonso<\/p>\n<p>&nbsp;<\/p>\n<p><strong><u>VIOLINES I<\/u><\/strong><\/p>\n<p>Ana Mar\u00eda Crenes Carrera<\/p>\n<p>Mar\u00eda Manzano Mart\u00ednez<\/p>\n<p>Rafael D\u00edaz Codon<\/p>\n<p>Carmen Garc\u00eda Ruiz<\/p>\n<p>Pedro Bravo Aguilar<\/p>\n<p>Julia Rodr\u00edguez Algar\u00edn<\/p>\n<p>Denise Valmaseda de la Rosa<\/p>\n<p>Eloy P\u00e9rez Fern\u00e1ndez<\/p>\n<p>&nbsp;<\/p>\n<p><strong><u>VIOLINES II<\/u><\/strong><\/p>\n<p>Miguel Garc\u00eda Aguilar<\/p>\n<p>\u00c1ngela Luis Rodr\u00edguez<\/p>\n<p>Laura Mor\u00e1n Jarana<\/p>\n<p>Pedro Garc\u00eda Vargas<\/p>\n<p>Vera Mar\u00eda Germ\u00e1n Rojas<\/p>\n<p>Shaoke Zhou<\/p>\n<p>&nbsp;<\/p>\n<p><strong><u>VIOLAS<\/u><\/strong><\/p>\n<p>Juli\u00e1n Huete Mart\u00ednez<\/p>\n<p>Michelangelo Giornetti<\/p>\n<p>Ra\u00fal Quesada Gonz\u00e1lez<\/p>\n<p>F\u00e1tima Moga Garc\u00eda<\/p>\n<p>Gloria Espada Carballar<\/p>\n<p>\u00c1lvaro Ramos Blanco<\/p>\n<p>&nbsp;<\/p>\n<p><strong><u>VIOLONCHELOS<\/u><\/strong><\/p>\n<p>Elena Rodr\u00edguez Vidal<\/p>\n<p>Leonel Contreras Ruiz<\/p>\n<p>Inmaculada Olmo Serrano<\/p>\n<p>Jes\u00fas Garc\u00eda de Le\u00e1niz Baras<\/p>\n<p>Marina Guti\u00e9rrez Aranda<\/p>\n<p>Rafael Guti\u00e9rrez Aranda<\/p>\n<p>&nbsp;<\/p>\n<p><strong><u>CONTRABAJOS<\/u><\/strong><\/p>\n<p>Juan Antonio Carmona Nieto<\/p>\n<p>Jos\u00e9 Lorenzo Salas Raposo<\/p>\n<p>Jorge Clares Romero<\/p>","protected":false},"excerpt":{"rendered":"<p>PLANTILLA. CONCIERTO#3 OSC &#8211; Temporada XIII 26 enero 2024 &#8211; ETS de Arquitectura. Sal\u00f3n de Actos &nbsp; Poul Schierbeck: Largo Op. 33 Poul Schierbeck: Andante doloroso Op. 56 n\u00ba 2 Vaughan-Williams: Concierto para oboe Haydn: Sinfon\u00eda n\u00ba 1 &#8212; &nbsp; FLAUTA \u00c1ngela Torres Dur\u00e1n &nbsp; OBOES Agust\u00edn Heredia Jurado Mar\u00eda de los \u00c1ngeles Molina Villanueva [&hellip;]<\/p>\n","protected":false},"author":3,"featured_media":0,"parent":0,"menu_order":0,"comment_status":"closed","ping_status":"closed","template":"","meta":{"site-sidebar-layout":"default","site-content-layout":"","ast-site-content-layout":"default","site-content-style":"default","site-sidebar-style":"default","ast-global-header-display":"","ast-banner-title-visibility":"","ast-main-header-display":"","ast-hfb-above-header-display":"","ast-hfb-below-header-display":"","ast-hfb-mobile-header-display":"","site-post-title":"","ast-breadcrumbs-content":"","ast-featured-img":"","footer-sml-layout":"","ast-disable-related-posts":"","theme-transparent-header-meta":"default","adv-header-id-meta":"","stick-header-meta":"","header-above-stick-meta":"","header-main-stick-meta":"","header-below-stick-meta":"","astra-migrate-meta-layouts":"set","ast-page-background-enabled":"default","ast-page-background-meta":{"desktop":{"background-color":"","background-image":"","background-repeat":"repeat","background-position":"center center","background-size":"auto","background-attachment":"scroll","background-type":"","background-media":"","overlay-type":"","overlay-color":"","overlay-opacity":"","overlay-gradient":""},"tablet":{"background-color":"","background-image":"","background-repeat":"repeat","background-position":"center center","background-size":"auto","background-attachment":"scroll","background-type":"","background-media":"","overlay-type":"","overlay-color":"","overlay-opacity":"","overlay-gradient":""},"mobile":{"background-color":"","background-image":"","background-repeat":"repeat","background-position":"center center","background-size":"auto","background-attachment":"scroll","background-type":"","background-media":"","overlay-type":"","overlay-color":"","overlay-opacity":"","overlay-gradient":""}},"ast-content-background-meta":{"desktop":{"background-color":"var(--ast-global-color-5)","background-image":"","background-repeat":"repeat","background-position":"center center","background-size":"auto","background-attachment":"scroll","background-type":"","background-media":"","overlay-type":"","overlay-color":"","overlay-opacity":"","overlay-gradient":""},"tablet":{"background-color":"var(--ast-global-color-5)","background-image":"","background-repeat":"repeat","background-position":"center center","background-size":"auto","background-attachment":"scroll","background-type":"","background-media":"","overlay-type":"","overlay-color":"","overlay-opacity":"","overlay-gradient":""},"mobile":{"background-color":"var(--ast-global-color-5)","background-image":"","background-repeat":"repeat","background-position":"center center","background-size":"auto","background-attachment":"scroll","background-type":"","background-media":"","overlay-type":"","overlay-color":"","overlay-opacity":"","overlay-gradient":""}},"footnotes":""},"class_list":["post-4817","page","type-page","status-publish","hentry"],"_links":{"self":[{"href":"https:\/\/institucional.us.es\/orquesta\/en\/wp-json\/wp\/v2\/pages\/4817","targetHints":{"allow":["GET"]}}],"collection":[{"href":"https:\/\/institucional.us.es\/orquesta\/en\/wp-json\/wp\/v2\/pages"}],"about":[{"href":"https:\/\/institucional.us.es\/orquesta\/en\/wp-json\/wp\/v2\/types\/page"}],"author":[{"embeddable":true,"href":"https:\/\/institucional.us.es\/orquesta\/en\/wp-json\/wp\/v2\/users\/3"}],"replies":[{"embeddable":true,"href":"https:\/\/institucional.us.es\/orquesta\/en\/wp-json\/wp\/v2\/comments?post=4817"}],"version-history":[{"count":5,"href":"https:\/\/institucional.us.es\/orquesta\/en\/wp-json\/wp\/v2\/pages\/4817\/revisions"}],"predecessor-version":[{"id":4829,"href":"https:\/\/institucional.us.es\/orquesta\/en\/wp-json\/wp\/v2\/pages\/4817\/revisions\/4829"}],"wp:attachment":[{"href":"https:\/\/institucional.us.es\/orquesta\/en\/wp-json\/wp\/v2\/media?parent=4817"}],"curies":[{"name":"wp","href":"https:\/\/api.w.org\/{rel}","templated":true}]}}