{"id":4860,"date":"2024-02-19T14:35:40","date_gmt":"2024-02-19T14:35:40","guid":{"rendered":"https:\/\/institucional.us.es\/orquesta\/?page_id=4860"},"modified":"2024-02-19T14:35:40","modified_gmt":"2024-02-19T14:35:40","slug":"plantilla-concierto4-osc-temporada-xiii","status":"publish","type":"page","link":"https:\/\/institucional.us.es\/orquesta\/en\/plantilla-concierto4-osc-temporada-xiii\/","title":{"rendered":"Plantilla Concierto#4 OSC &#8211; temporada XIII"},"content":{"rendered":"<p><strong>PLANTILLA\u00a0\u00a0 CONCIERTO 5 MARZO 2024<\/strong><\/p>\n<p>(ensayo p\u00fablico &#8211; 4 marzo 2024)<\/p>\n<h5><b>OSC de Vientos<\/b><\/h5>\n<p><strong>Jos\u00e9 G\u00f3mez Mac\u00edas <\/strong>\u00b7 saxof\u00f3n<\/p>\n<p><strong>Camilo Irizo <\/strong>\u00b7 director<\/p>\n<p>&#8212;<\/p>\n<p><strong>FLAUTAS<\/strong><\/p>\n<p>\u00c1ngela Torres Dur\u00e1n<\/p>\n<p>Silvia S\u00e1nchez Zamora<\/p>\n<p>Susana Mart\u00edn V\u00e1zquez<\/p>\n<p>Elvira Cano Melero<\/p>\n<p>Adri\u00e1n J\u00f3dar Berm\u00fadez<\/p>\n<p>Juan Luis Merino S\u00e1ez<\/p>\n<p>M.\u00aa Pilar Dom\u00ednguez Calero<\/p>\n<p>Ariadna Vallejo Castillo<\/p>\n<p>Aurora Reguera Rivero<\/p>\n<p>Pilar Fuentes Peri\u00e1\u00f1ez<\/p>\n<p>Paula Rubio Serrano<\/p>\n<p>&nbsp;<\/p>\n<p><strong>OBOES<\/strong><\/p>\n<p>Victoria Montes Mu\u00f1oz<\/p>\n<p>Nuria Piriz Fern\u00e1ndez<\/p>\n<p>M.\u00aa Victoria Munuera Jurado<\/p>\n<p>Roc\u00edo Dom\u00ednguez Rueda<\/p>\n<p>David de Mateo Rodr\u00edguez<\/p>\n<p>Agust\u00edn Heredia Jurado<\/p>\n<p>Ana Mar\u00eda Bravo Garc\u00eda<\/p>\n<p>Nuria Ferrero L\u00f3pez<\/p>\n<p>Mar\u00eda Cabrera Basc\u00f3n<\/p>\n<p>&nbsp;<\/p>\n<p><strong>CLARINETES<\/strong><\/p>\n<p>\u00c1lvaro Padilla Alc\u00e1ntara<\/p>\n<p>Mar\u00eda Gonz\u00e1lez Genil<\/p>\n<p>\u00c1lvaro Barriga Tinoco<\/p>\n<p>Anselmo Garc\u00eda Jaenes<\/p>\n<p>Candela Saavedra Rodr\u00edguez<\/p>\n<p>Carolina Xiuxian Leal Gallardo<\/p>\n<p>Cristina Laseca Carro<\/p>\n<p>Gloria Cruzado S\u00e1nchez<\/p>\n<p>Gonzalo Camacho Valdivia<\/p>\n<p>Ignacio Calcedo V\u00e1zquez<\/p>\n<p>Federico Javier Alonso Rodr\u00edguez<\/p>\n<p>Javier Baena M\u00e1rmol<\/p>\n<p>Joaqu\u00edn Vera Garc\u00eda<\/p>\n<p>Jos\u00e9 Luis Dom\u00ednguez Rodr\u00edguez<\/p>\n<p>Juana Gonz\u00e1lez Pulido<\/p>\n<p>Mar\u00eda P\u00e9rez Ruiz<\/p>\n<p>Marina Milagros S\u00e1nchez Mu\u00f1oz<\/p>\n<p>Marta L\u00f3pez Arquillos<\/p>\n<p>Alejandro Natalio Su\u00e1rez Garc\u00eda<\/p>\n<p>Pablo Alonso Vaquero<\/p>\n<p>Pablo Olvera Salvador<\/p>\n<p>Miguel \u00c1ngel Contreras Melguizo<\/p>\n<p>Marco Garrido Alonso<\/p>\n<p>Javier Albarr\u00e1n Jim\u00e9nez<\/p>\n<p>Jos\u00e9 Mu\u00f1oz Rom\u00e1n<\/p>\n<p>Lucas Bernal Sandoval<\/p>\n<p>Pablo Forte Leyenda<\/p>\n<p>Paula L\u00f3pez D\u00edaz<\/p>\n<p>&nbsp;<\/p>\n<p><strong>FAGOT<\/strong><\/p>\n<p>Amador Le\u00f3n Mart\u00ednez<\/p>\n<p>Juan Cordero Morales<\/p>\n<p>Carlos Mar\u00eda Gonz\u00e1lez Odriozola<\/p>\n<p>Alberto Mart\u00edn L\u00f3pez<\/p>\n<p>&nbsp;<\/p>\n<p><strong>TROMPAS<\/strong><\/p>\n<p>Joaqu\u00edn Guti\u00e9rrez Valderas<\/p>\n<p>Luc\u00eda Garc\u00eda Carrera<\/p>\n<p>Manuel Moreno Mart\u00ednez<\/p>\n<p>Antonia G\u00f3mez Rodr\u00edguez<\/p>\n<p>Marcos Mart\u00edn Garc\u00eda<\/p>\n<p>Miguel Ortega Rodr\u00edguez<\/p>\n<p>Pedro Tello Ramos<\/p>\n<p>Pablo Moreno Nogales<\/p>\n<p>&nbsp;<\/p>\n<p>&nbsp;<\/p>\n<p><strong>TROMPETAS<\/strong><\/p>\n<p>\u00c1lvaro Bernal S\u00e1nchez<\/p>\n<p>Alejandro Fern\u00e1ndez Egea<\/p>\n<p>Ferm\u00edn Vicente Moya<\/p>\n<p>Juan Miguel Chamizo Villanueva<\/p>\n<p>Jos\u00e9 Joaqu\u00edn Fern\u00e1ndez Alfonso<\/p>\n<p>Manuel V\u00e1zquez Crespo<\/p>\n<p>Antonio de la Fe Caballero<\/p>\n<p>Miguel Junquera Ballester<\/p>\n<p>Alberto Francisco Garc\u00eda Vallecillos<\/p>\n<p>Antonio P\u00e9rez Mora<\/p>\n<p>Jaime Gonz\u00e1lez Gonz\u00e1lez<\/p>\n<p>Miguel \u00c1ngel Rocha Aznar<\/p>\n<p>Remedios Garc\u00eda Jim\u00e9nez<\/p>\n<p>&nbsp;<\/p>\n<p>&nbsp;<\/p>\n<p><strong>TROMBONES<\/strong><\/p>\n<p>Alejandro S\u00e1nchez Fr\u00edas<\/p>\n<p>Juan Carlos Ruiz Fern\u00e1ndez<\/p>\n<p>Luis Carlos de la Rosa L\u00f3pez<\/p>\n<p>Juan Ramos Escobar<\/p>\n<p>Manuel Romero Mac\u00edas<\/p>\n<p>Alejandro Luque Marcos<\/p>\n<p>\u00c1ngel Le\u00f3n Artillo<\/p>\n<p>\u00c1ngel Rodr\u00edguez Boh\u00f3rquez<\/p>\n<p>&nbsp;<\/p>\n<p>&nbsp;<\/p>\n<p>&nbsp;<\/p>\n<p><strong>TUBAS-BOMBARDINO<\/strong><\/p>\n<p>Alejandro Esquinas Rodr\u00edguez<\/p>\n<p>Abraham Beltr\u00e1n Godino<\/p>\n<p>Claudia Santana Est\u00e9vez<\/p>\n<p>Juan Peces Alonso<\/p>\n<p>&nbsp;<\/p>\n<p><strong>PERCUSI\u00d3N<\/strong><\/p>\n<p>Juan Antonio Garc\u00eda Gelo<\/p>\n<p>Pablo Jos\u00e9 Berm\u00fadez Imaz<\/p>\n<p>V\u00edctor Manzana Colaso<\/p>\n<p>Alejandro Vallecillo Pradillo<\/p>\n<p>Abel Guzm\u00e1n Castellano<\/p>\n<p>Jordi Tur Inufio<\/p>\n<p>Manuel P\u00e9rez de Bayas<\/p>\n<p>Jes\u00fas Merino Valdivia<\/p>\n<p>Jos\u00e9 Carlos Romero Bernal<\/p>\n<p>Josu\u00e9 Cepero Rencoret<\/p>\n<p>&nbsp;<\/p>\n<p><strong>SAXOF\u00d3N <\/strong><\/p>\n<p>Alba L\u00f3pez Rodrr\u00edguez<\/p>\n<p>Alberto Reinoso M\u00e1rquez<\/p>\n<p>Alejandro P\u00e9rez M\u00e1rquez<\/p>\n<p>Cecilia Le\u00f3n \u00c1lvarez-Rementer\u00eda<\/p>\n<p>Jes\u00fas Polo Palomo<\/p>\n<p>Marina Barbosa Mu\u00f1oz-Cruzado<\/p>\n<p>Marta Barba Moreno<\/p>\n<p>Mekola Vinnitskyy<\/p>\n<p>&nbsp;<\/p>\n<p>&nbsp;<\/p>\n<p><strong>ARPA<\/strong><\/p>\n<p>Paula Gonz\u00e1lez Garc\u00eda<\/p>\n<p>&nbsp;<\/p>\n<p><strong>PIANO<\/strong><\/p>\n<p>Rafael Raya B\u00e1ez<\/p>\n<p>&nbsp;<\/p>","protected":false},"excerpt":{"rendered":"<p>PLANTILLA\u00a0\u00a0 CONCIERTO 5 MARZO 2024 (ensayo p\u00fablico &#8211; 4 marzo 2024) OSC de Vientos Jos\u00e9 G\u00f3mez Mac\u00edas \u00b7 saxof\u00f3n Camilo Irizo \u00b7 director &#8212; FLAUTAS \u00c1ngela Torres Dur\u00e1n Silvia S\u00e1nchez Zamora Susana Mart\u00edn V\u00e1zquez Elvira Cano Melero Adri\u00e1n J\u00f3dar Berm\u00fadez Juan Luis Merino S\u00e1ez M.\u00aa Pilar Dom\u00ednguez Calero Ariadna Vallejo Castillo Aurora Reguera Rivero Pilar [&hellip;]<\/p>\n","protected":false},"author":3,"featured_media":0,"parent":0,"menu_order":0,"comment_status":"closed","ping_status":"closed","template":"","meta":{"site-sidebar-layout":"default","site-content-layout":"","ast-site-content-layout":"default","site-content-style":"default","site-sidebar-style":"default","ast-global-header-display":"","ast-banner-title-visibility":"","ast-main-header-display":"","ast-hfb-above-header-display":"","ast-hfb-below-header-display":"","ast-hfb-mobile-header-display":"","site-post-title":"","ast-breadcrumbs-content":"","ast-featured-img":"","footer-sml-layout":"","ast-disable-related-posts":"","theme-transparent-header-meta":"default","adv-header-id-meta":"","stick-header-meta":"","header-above-stick-meta":"","header-main-stick-meta":"","header-below-stick-meta":"","astra-migrate-meta-layouts":"set","ast-page-background-enabled":"default","ast-page-background-meta":{"desktop":{"background-color":"","background-image":"","background-repeat":"repeat","background-position":"center center","background-size":"auto","background-attachment":"scroll","background-type":"","background-media":"","overlay-type":"","overlay-color":"","overlay-opacity":"","overlay-gradient":""},"tablet":{"background-color":"","background-image":"","background-repeat":"repeat","background-position":"center center","background-size":"auto","background-attachment":"scroll","background-type":"","background-media":"","overlay-type":"","overlay-color":"","overlay-opacity":"","overlay-gradient":""},"mobile":{"background-color":"","background-image":"","background-repeat":"repeat","background-position":"center center","background-size":"auto","background-attachment":"scroll","background-type":"","background-media":"","overlay-type":"","overlay-color":"","overlay-opacity":"","overlay-gradient":""}},"ast-content-background-meta":{"desktop":{"background-color":"var(--ast-global-color-5)","background-image":"","background-repeat":"repeat","background-position":"center center","background-size":"auto","background-attachment":"scroll","background-type":"","background-media":"","overlay-type":"","overlay-color":"","overlay-opacity":"","overlay-gradient":""},"tablet":{"background-color":"var(--ast-global-color-5)","background-image":"","background-repeat":"repeat","background-position":"center center","background-size":"auto","background-attachment":"scroll","background-type":"","background-media":"","overlay-type":"","overlay-color":"","overlay-opacity":"","overlay-gradient":""},"mobile":{"background-color":"var(--ast-global-color-5)","background-image":"","background-repeat":"repeat","background-position":"center center","background-size":"auto","background-attachment":"scroll","background-type":"","background-media":"","overlay-type":"","overlay-color":"","overlay-opacity":"","overlay-gradient":""}},"footnotes":""},"class_list":["post-4860","page","type-page","status-publish","hentry"],"_links":{"self":[{"href":"https:\/\/institucional.us.es\/orquesta\/en\/wp-json\/wp\/v2\/pages\/4860","targetHints":{"allow":["GET"]}}],"collection":[{"href":"https:\/\/institucional.us.es\/orquesta\/en\/wp-json\/wp\/v2\/pages"}],"about":[{"href":"https:\/\/institucional.us.es\/orquesta\/en\/wp-json\/wp\/v2\/types\/page"}],"author":[{"embeddable":true,"href":"https:\/\/institucional.us.es\/orquesta\/en\/wp-json\/wp\/v2\/users\/3"}],"replies":[{"embeddable":true,"href":"https:\/\/institucional.us.es\/orquesta\/en\/wp-json\/wp\/v2\/comments?post=4860"}],"version-history":[{"count":1,"href":"https:\/\/institucional.us.es\/orquesta\/en\/wp-json\/wp\/v2\/pages\/4860\/revisions"}],"predecessor-version":[{"id":4864,"href":"https:\/\/institucional.us.es\/orquesta\/en\/wp-json\/wp\/v2\/pages\/4860\/revisions\/4864"}],"wp:attachment":[{"href":"https:\/\/institucional.us.es\/orquesta\/en\/wp-json\/wp\/v2\/media?parent=4860"}],"curies":[{"name":"wp","href":"https:\/\/api.w.org\/{rel}","templated":true}]}}