{"id":621,"date":"2015-05-14T14:22:28","date_gmt":"2015-05-14T14:22:28","guid":{"rendered":"http:\/\/institucional.us.es\/orquesta\/?page_id=621"},"modified":"2015-06-08T14:31:53","modified_gmt":"2015-06-08T14:31:53","slug":"plantilla-ii","status":"publish","type":"page","link":"https:\/\/institucional.us.es\/orquesta\/en\/plantilla-ii\/","title":{"rendered":"Plantilla Concierto II"},"content":{"rendered":"<p>PLANTILLA<br \/>\n<strong>FLAUTAS<\/strong> \u00b7 Ester Esteban | Ismael Escalante | Gonzalo Sol\u00eds<br \/>\n| Pablo Romero | Consuelo Rivera OBOES \u00b7 Mar\u00eda Jos\u00e9<br \/>\nM\u00e9niz | Francisco Onieva | Jos\u00e9 Manuel Cuadrado | Carmen<br \/>\nG\u00f3mez <strong>CLARINETES<\/strong> \u00b7 Virginia Romero | David Calvo<br \/>\n| Antonio V\u00e9lez | Jos\u00e9 Mar\u00eda Herrera <strong>FAGOTES<\/strong> \u00b7 Beatriz<br \/>\nBueno | Mar\u00eda Garc\u00eda Bustos | Alejandro \u00c1lvarez | Alfonso<br \/>\nSilva | Antonio Mois\u00e9s Lorenzo <strong>TROMPAS<\/strong> \u00b7 Jos\u00e9 Manuel<br \/>\nSantos | Marcos P\u00e9rez | Lorena Mart\u00edn | Alejandro Lagares<br \/>\n| Carlos Lama | Alejandro Huete <strong>TROMPETAS<\/strong> \u00b7 Javier<br \/>\nJim\u00e9nez | Octavio Montero | Antonio Jos\u00e9 Mateos | David<br \/>\nSegado | Manuel Ruano | Antonio Gamero | Juan Manuel<br \/>\nGallego | Jos\u00e9 Mar\u00eda Camacho | Jos\u00e9 Ram\u00f3n S\u00e1nchez<br \/>\n<strong>TROMBONES<\/strong> \u00b7 Jos\u00e9 Ignacio Dom\u00ednguez | Leonardo Garc\u00eda<br \/>\n| Antonio Garc\u00eda <strong>TUBA<\/strong> \u00b7 Santiago Fuentes TIMBALES<br \/>\nArmando Capilla <strong>PERCUSI\u00d3N<\/strong> \u00b7 Juan Muela | Jos\u00e9 Luis<br \/>\nSagrado ARPA \u00b7 Mar\u00eda Vicenta Diego | Carolina Mart\u00edn<br \/>\n<strong>VIOLINES I<\/strong> \u00b7 Andrea Marquina | Alicia L\u00f3pez Gonz\u00e1lez<br \/>\n| Claudia Gallardo | Elena Vallecillo | Fernando Jos\u00e9 Pina<br \/>\n| Nerea Su\u00e1rez | \u00c1ngela Rodr\u00edguez | Cristina Dom\u00ednguez |<br \/>\nJos\u00e9 Ignacio L\u00f3pez | Lucia Fabiola Bernal | Sergio Fern\u00e1ndez<br \/>\n| Ruth Mart\u00edn | Alba Catal\u00e1n | Daniel Fern\u00e1ndez | Teresa<br \/>\nBartolom\u00e9 | Mar\u00eda Hu\u00e9lamo <strong>VIOLINES II<\/strong> \u00b7 Teresa Vizca\u00edno<br \/>\n| Alejandro Vega | Abigail Barrero | Jos\u00e9 Alfonso Cuevas<br \/>\n| Livia Camprub\u00ed | Alejandro Segura | Irene Morales |<br \/>\nM\u00edriam Fern\u00e1ndez S\u00e1nchez | Ana Mu\u00f1oz | Sara Vega |<br \/>\nIrene Cabanillas | Pablo Ram\u00edrez | Raquel Garc\u00eda Galera<br \/>\n| Cristina Cordero | Ana Crenes <strong>VIOLAS<\/strong> \u00b7 Jos\u00e9 \u00c1ngel<br \/>\nEsteban | Paula Cepeda | \u00c1lvaro Arrans | Ana Moreno |<br \/>\nSalvador Daza | \u00c1ngela Jim\u00e9nez | Bel\u00e9n S\u00e1nchez Tortosa |<br \/>\nIsabel Romero | Ainhoa Franco | Jes\u00fas Alfonso Vela | M\u00edriam<br \/>\nGallardo <strong>VIOLONCHELOS<\/strong> \u00b7 Enrique Garc\u00eda Galera | Elisa<br \/>\nAbril | Israel Sobrino | Jos\u00e9 Mar\u00eda Rodr\u00edguez Palacios | Ana<br \/>\nDom\u00ednguez | Pedro \u00c1ngel Aliaga | Andrea Villalba | Elena<br \/>\nRodr\u00edguez Ad\u00e1n | Irene Fontana | Araceli Camera | Francisco<br \/>\nRosado | Luc\u00eda Rosco | Jos\u00e9 Miguel Romero | Francisco Daniel<br \/>\nEspa\u00f1a | Rosa de Valme Garc\u00eda Valera | Juan Lim\u00f3n | Sonia<br \/>\nGarc\u00eda G\u00f3mez | Margarita L\u00f3pez <strong>CONTRABAJOS<\/strong> \u00b7 Rafael<br \/>\nBaena Nieto | Elena Farratell | Rom\u00e1n Fern\u00e1ndez Baca |<br \/>\nMarcelo Gonz\u00e1lez Vel\u00e1zquez | Enrique Cuevas | Bel\u00e9n Ferrer<\/p>","protected":false},"excerpt":{"rendered":"<p>PLANTILLA FLAUTAS \u00b7 Ester Esteban | Ismael Escalante | Gonzalo Sol\u00eds | Pablo Romero | Consuelo Rivera OBOES \u00b7 Mar\u00eda Jos\u00e9 M\u00e9niz | Francisco Onieva | Jos\u00e9 Manuel Cuadrado | Carmen G\u00f3mez CLARINETES \u00b7 Virginia Romero | David Calvo | Antonio V\u00e9lez | Jos\u00e9 Mar\u00eda Herrera FAGOTES \u00b7 Beatriz Bueno | Mar\u00eda Garc\u00eda Bustos | [&hellip;]<\/p>\n","protected":false},"author":3,"featured_media":0,"parent":0,"menu_order":0,"comment_status":"closed","ping_status":"open","template":"","meta":{"site-sidebar-layout":"default","site-content-layout":"","ast-site-content-layout":"default","site-content-style":"default","site-sidebar-style":"default","ast-global-header-display":"","ast-banner-title-visibility":"","ast-main-header-display":"","ast-hfb-above-header-display":"","ast-hfb-below-header-display":"","ast-hfb-mobile-header-display":"","site-post-title":"","ast-breadcrumbs-content":"","ast-featured-img":"","footer-sml-layout":"","ast-disable-related-posts":"","theme-transparent-header-meta":"","adv-header-id-meta":"","stick-header-meta":"","header-above-stick-meta":"","header-main-stick-meta":"","header-below-stick-meta":"","astra-migrate-meta-layouts":"default","ast-page-background-enabled":"default","ast-page-background-meta":{"desktop":{"background-color":"","background-image":"","background-repeat":"repeat","background-position":"center center","background-size":"auto","background-attachment":"scroll","background-type":"","background-media":"","overlay-type":"","overlay-color":"","overlay-opacity":"","overlay-gradient":""},"tablet":{"background-color":"","background-image":"","background-repeat":"repeat","background-position":"center center","background-size":"auto","background-attachment":"scroll","background-type":"","background-media":"","overlay-type":"","overlay-color":"","overlay-opacity":"","overlay-gradient":""},"mobile":{"background-color":"","background-image":"","background-repeat":"repeat","background-position":"center center","background-size":"auto","background-attachment":"scroll","background-type":"","background-media":"","overlay-type":"","overlay-color":"","overlay-opacity":"","overlay-gradient":""}},"ast-content-background-meta":{"desktop":{"background-color":"var(--ast-global-color-5)","background-image":"","background-repeat":"repeat","background-position":"center center","background-size":"auto","background-attachment":"scroll","background-type":"","background-media":"","overlay-type":"","overlay-color":"","overlay-opacity":"","overlay-gradient":""},"tablet":{"background-color":"var(--ast-global-color-5)","background-image":"","background-repeat":"repeat","background-position":"center center","background-size":"auto","background-attachment":"scroll","background-type":"","background-media":"","overlay-type":"","overlay-color":"","overlay-opacity":"","overlay-gradient":""},"mobile":{"background-color":"var(--ast-global-color-5)","background-image":"","background-repeat":"repeat","background-position":"center center","background-size":"auto","background-attachment":"scroll","background-type":"","background-media":"","overlay-type":"","overlay-color":"","overlay-opacity":"","overlay-gradient":""}},"footnotes":""},"class_list":["post-621","page","type-page","status-publish","hentry"],"_links":{"self":[{"href":"https:\/\/institucional.us.es\/orquesta\/en\/wp-json\/wp\/v2\/pages\/621","targetHints":{"allow":["GET"]}}],"collection":[{"href":"https:\/\/institucional.us.es\/orquesta\/en\/wp-json\/wp\/v2\/pages"}],"about":[{"href":"https:\/\/institucional.us.es\/orquesta\/en\/wp-json\/wp\/v2\/types\/page"}],"author":[{"embeddable":true,"href":"https:\/\/institucional.us.es\/orquesta\/en\/wp-json\/wp\/v2\/users\/3"}],"replies":[{"embeddable":true,"href":"https:\/\/institucional.us.es\/orquesta\/en\/wp-json\/wp\/v2\/comments?post=621"}],"version-history":[{"count":2,"href":"https:\/\/institucional.us.es\/orquesta\/en\/wp-json\/wp\/v2\/pages\/621\/revisions"}],"predecessor-version":[{"id":651,"href":"https:\/\/institucional.us.es\/orquesta\/en\/wp-json\/wp\/v2\/pages\/621\/revisions\/651"}],"wp:attachment":[{"href":"https:\/\/institucional.us.es\/orquesta\/en\/wp-json\/wp\/v2\/media?parent=621"}],"curies":[{"name":"wp","href":"https:\/\/api.w.org\/{rel}","templated":true}]}}