{"id":67,"date":"2014-05-14T09:22:30","date_gmt":"2014-05-14T09:22:30","guid":{"rendered":"http:\/\/institucional.us.es\/orquesta\/?page_id=67"},"modified":"2023-02-10T11:42:11","modified_gmt":"2023-02-10T11:42:11","slug":"temporada-201314","status":"publish","type":"page","link":"https:\/\/institucional.us.es\/orquesta\/en\/programa-de-conciertos\/temporada-201314\/","title":{"rendered":"Temporada 2013\/2014"},"content":{"rendered":"<h2><\/h2>\n<h2><\/h2>\n<h2><span style=\"color: #ff6600;\"><strong><strong>OSC<\/strong><\/strong>. III Temporada 2013-2014<\/span><\/h2>\n<p>En 2011 la Universidad de Sevilla y el CSM Manuel Castillo decidieron poner en marcha un ambicioso proyecto acad\u00e9mico y art\u00edstico, con la creaci\u00f3n de una orquesta sinf\u00f3nica conjunta. El resultado de los primeros meses de ensayo se tradujo en su primer concierto, en diciembre de 2011, dando as\u00ed inicio a su primera temporada de conciertos. Tambi\u00e9n en diciembre y en el mismo escenario del auditorio de la ETS de Ingenier\u00eda, tendr\u00e1 lugar el primer concierto de \u00e9sta su tercera temporada, con Juan Garc\u00eda Rodr\u00edguez como director titular de la orquesta al frente.<\/p>\n<p><a href=\"http:\/\/institucional.us.es\/orquesta\/wp-content\/uploads\/2014\/05\/TEMPORADA-III-OSC.png\"><img fetchpriority=\"high\" decoding=\"async\" class=\"alignnone size-medium wp-image-1613\" src=\"http:\/\/institucional.us.es\/orquesta\/wp-content\/uploads\/2014\/05\/TEMPORADA-III-OSC-222x300.png\" alt=\"TEMPORADA III-OSC\" width=\"222\" height=\"300\" srcset=\"https:\/\/institucional.us.es\/orquesta\/wp-content\/uploads\/2014\/05\/TEMPORADA-III-OSC-222x300.png 222w, https:\/\/institucional.us.es\/orquesta\/wp-content\/uploads\/2014\/05\/TEMPORADA-III-OSC.png 694w\" sizes=\"(max-width: 222px) 100vw, 222px\" \/><\/a><\/p>\n<p>&nbsp;<\/p>\n<p><span style=\"color: #ff9900;\"><strong>TEMPORADA III. OSC. <\/strong><strong>CURSO 2013-2014<\/strong><\/span><br \/>\nORQUESTA SINF\u00d3NICA CONJUNTA US-CSMS<\/p>\n<p>&nbsp;<\/p>\n<h2><strong><a href=\"https:\/\/cicus.us.es\/i-concierto-osc-orquesta-sinfonica-de-la-universidad-de-sevilla-y-csm-manuel-castillo\/\" target=\"_blank\" rel=\"noopener\"><span style=\"color: #ff6600;\">CONCIERTO #1<\/span><\/a><\/strong><\/h2>\n<p><strong>04.12.13 <\/strong>\u00b7 20h \u00b7 Auditorio ETS de Ingenier\u00eda<\/p>\n<p style=\"color: #777777;\">ORQUESTA SINF\u00d3NICA CONJUNTA US-CSMS<\/p>\n<p style=\"color: #777777;\">Juan Garc\u00eda Rodr\u00edguez \u00b7 direcci\u00f3n<br \/>\nJuan Pedro Luna \u00b7 saxof\u00f3n<\/p>\n<p>&nbsp;<\/p>\n<p><strong>&#8211; PROGRAMA &#8211;<\/strong><\/p>\n<p><strong>Arvo P\u00e4rt<\/strong><br \/>\n<em>Arbos, versi\u00f3n para\u00a0metales y percusi\u00f3n\u00a0<\/em><\/p>\n<p><strong>Ferruccio Busoni<\/strong><br \/>\n<em>Berceuse \u00c9l\u00e9giaque<\/em><\/p>\n<p><strong>Claude Debussy<\/strong><br \/>\n<em>Rapsodia para saxof\u00f3n y orquesta<\/em><em><br \/>\n<\/em><\/p>\n<p><strong>Piotr Illich Tchaikovsky<\/strong><br \/>\n<em>Sinfon\u00eda n\u00ba4 Op. 36 en fa menor<\/em><\/p>\n<p><a href=\"http:\/\/institucional.us.es\/orquesta\/en\/plantilla-t3-1\/\" target=\"_blank\" rel=\"noopener\"><span style=\"color: #ff6600;\">PLANTILLA<\/span><\/a><\/p>\n<p style=\"color: #777777;\"><strong>Entrada libre mediante invitaci\u00f3n.\u00a0\u00a0<\/strong><\/p>\n<p style=\"color: #777777;\">Concierto retransmitido en directo en:\u00a0<a style=\"color: #9c9995;\" href=\"http:\/\/tv.us.es\/\" target=\"_blank\" rel=\"noopener\">tv.us.es<\/a><\/p>\n<p>&nbsp;<\/p>\n<h2><strong><a href=\"https:\/\/cicus.us.es\/ii-concierto-de-la-osc-orquesta-sinfonica-de-la-us-csms\/\" target=\"_blank\" rel=\"noopener\"><span style=\"color: #ff6600;\">CONCIERTO #2<\/span><\/a><\/strong><\/h2>\n<p><strong>26.03.14 <\/strong>\u00b7 20h \u00b7 Auditorio ETS de Ingenier\u00eda<\/p>\n<p style=\"color: #777777;\">ORQUESTA SINF\u00d3NICA CONJUNTA US-CSMS<\/p>\n<p style=\"color: #777777;\">Juan Garc\u00eda Rodr\u00edguez \u00b7 direcci\u00f3n<\/p>\n<p>&nbsp;<\/p>\n<p><strong>&#8211; PROGRAMA &#8211;<\/strong><\/p>\n<p><strong>John Adams<\/strong><br \/>\n<em>The Chairman Dances<\/em><\/p>\n<p><strong>AaronCopland<\/strong><br \/>\n<em>Concierto para clarinete<\/em><\/p>\n<p><strong>Bernard Herrmann<\/strong><br \/>\n<em>Suite de \u201cV\u00e9rtigo\u201d<\/em><\/p>\n<p><strong>George Gershwin<\/strong><br \/>\n<em>An American in Paris<\/em><\/p>\n<p><a href=\"http:\/\/institucional.us.es\/orquesta\/en\/plantilla-t3-2\/\" target=\"_blank\" rel=\"noopener\"><span style=\"color: #ff6600;\">PLANTILLA<\/span><\/a><\/p>\n<p style=\"color: #777777;\">\n<p>&nbsp;<\/p>\n<h2><strong><a href=\"https:\/\/cicus.us.es\/evento\/iii-concierto-de-la-osc\/\" target=\"_blank\" rel=\"noopener\"><span style=\"color: #ff6600;\">CONCIERTO #3<\/span><\/a><\/strong><\/h2>\n<p><strong>06.06.14 <\/strong>\u00b7 20h \u00b7 Auditorio ETS de Ingenier\u00eda<\/p>\n<p style=\"color: #777777;\">ORQUESTA SINF\u00d3NICA CONJUNTA US-CSMS<\/p>\n<p style=\"color: #777777;\">Juan Garc\u00eda Rodr\u00edguez \u00b7 direcci\u00f3n<\/p>\n<p>&nbsp;<\/p>\n<p><strong>&#8211; PROGRAMA &#8211;<\/strong><\/p>\n<p><strong>Richard Wagner<\/strong><br \/>\n<em>Obertura de Tannh\u00e4user<\/em><\/p>\n<p><strong>Juan A. Pedrosa<\/strong><br \/>\n<em>Hymnus<\/em><\/p>\n<p><strong>Johannes Brahms<\/strong><br \/>\n<em>Sinfon\u00eda n\u00ba 3 en Fa mayor Op. 90<\/em><\/p>\n<p><a href=\"http:\/\/institucional.us.es\/orquesta\/en\/plantilla-t3-3\/\"><span style=\"color: #ff6600;\">PLANTILLA<\/span><\/a><\/p>\n<p><span style=\"color: #4f4f4f;\">\u00a0<\/span><\/p>\n<p>&nbsp;<\/p>\n<p>&nbsp;<\/p>","protected":false},"excerpt":{"rendered":"<p>OSC. III Temporada 2013-2014 En 2011 la Universidad de Sevilla y el CSM Manuel Castillo decidieron poner en marcha un ambicioso proyecto acad\u00e9mico y art\u00edstico, con la creaci\u00f3n de una orquesta sinf\u00f3nica conjunta. El resultado de los primeros meses de ensayo se tradujo en su primer concierto, en diciembre de 2011, dando as\u00ed inicio a [&hellip;]<\/p>\n","protected":false},"author":3,"featured_media":0,"parent":43,"menu_order":0,"comment_status":"closed","ping_status":"closed","template":"","meta":{"site-sidebar-layout":"default","site-content-layout":"","ast-site-content-layout":"default","site-content-style":"default","site-sidebar-style":"default","ast-global-header-display":"","ast-banner-title-visibility":"","ast-main-header-display":"","ast-hfb-above-header-display":"","ast-hfb-below-header-display":"","ast-hfb-mobile-header-display":"","site-post-title":"","ast-breadcrumbs-content":"","ast-featured-img":"","footer-sml-layout":"","ast-disable-related-posts":"","theme-transparent-header-meta":"","adv-header-id-meta":"","stick-header-meta":"","header-above-stick-meta":"","header-main-stick-meta":"","header-below-stick-meta":"","astra-migrate-meta-layouts":"default","ast-page-background-enabled":"default","ast-page-background-meta":{"desktop":{"background-color":"","background-image":"","background-repeat":"repeat","background-position":"center center","background-size":"auto","background-attachment":"scroll","background-type":"","background-media":"","overlay-type":"","overlay-color":"","overlay-opacity":"","overlay-gradient":""},"tablet":{"background-color":"","background-image":"","background-repeat":"repeat","background-position":"center center","background-size":"auto","background-attachment":"scroll","background-type":"","background-media":"","overlay-type":"","overlay-color":"","overlay-opacity":"","overlay-gradient":""},"mobile":{"background-color":"","background-image":"","background-repeat":"repeat","background-position":"center center","background-size":"auto","background-attachment":"scroll","background-type":"","background-media":"","overlay-type":"","overlay-color":"","overlay-opacity":"","overlay-gradient":""}},"ast-content-background-meta":{"desktop":{"background-color":"var(--ast-global-color-5)","background-image":"","background-repeat":"repeat","background-position":"center center","background-size":"auto","background-attachment":"scroll","background-type":"","background-media":"","overlay-type":"","overlay-color":"","overlay-opacity":"","overlay-gradient":""},"tablet":{"background-color":"var(--ast-global-color-5)","background-image":"","background-repeat":"repeat","background-position":"center center","background-size":"auto","background-attachment":"scroll","background-type":"","background-media":"","overlay-type":"","overlay-color":"","overlay-opacity":"","overlay-gradient":""},"mobile":{"background-color":"var(--ast-global-color-5)","background-image":"","background-repeat":"repeat","background-position":"center center","background-size":"auto","background-attachment":"scroll","background-type":"","background-media":"","overlay-type":"","overlay-color":"","overlay-opacity":"","overlay-gradient":""}},"footnotes":""},"class_list":["post-67","page","type-page","status-publish","hentry"],"_links":{"self":[{"href":"https:\/\/institucional.us.es\/orquesta\/en\/wp-json\/wp\/v2\/pages\/67","targetHints":{"allow":["GET"]}}],"collection":[{"href":"https:\/\/institucional.us.es\/orquesta\/en\/wp-json\/wp\/v2\/pages"}],"about":[{"href":"https:\/\/institucional.us.es\/orquesta\/en\/wp-json\/wp\/v2\/types\/page"}],"author":[{"embeddable":true,"href":"https:\/\/institucional.us.es\/orquesta\/en\/wp-json\/wp\/v2\/users\/3"}],"replies":[{"embeddable":true,"href":"https:\/\/institucional.us.es\/orquesta\/en\/wp-json\/wp\/v2\/comments?post=67"}],"version-history":[{"count":25,"href":"https:\/\/institucional.us.es\/orquesta\/en\/wp-json\/wp\/v2\/pages\/67\/revisions"}],"predecessor-version":[{"id":3344,"href":"https:\/\/institucional.us.es\/orquesta\/en\/wp-json\/wp\/v2\/pages\/67\/revisions\/3344"}],"up":[{"embeddable":true,"href":"https:\/\/institucional.us.es\/orquesta\/en\/wp-json\/wp\/v2\/pages\/43"}],"wp:attachment":[{"href":"https:\/\/institucional.us.es\/orquesta\/en\/wp-json\/wp\/v2\/media?parent=67"}],"curies":[{"name":"wp","href":"https:\/\/api.w.org\/{rel}","templated":true}]}}