{"id":69,"date":"2014-05-14T09:22:48","date_gmt":"2014-05-14T09:22:48","guid":{"rendered":"http:\/\/institucional.us.es\/orquesta\/?page_id=69"},"modified":"2023-02-10T11:42:02","modified_gmt":"2023-02-10T11:42:02","slug":"temporada-20122013","status":"publish","type":"page","link":"https:\/\/institucional.us.es\/orquesta\/en\/programa-de-conciertos\/temporada-20122013\/","title":{"rendered":"Temporada 2012\/2013"},"content":{"rendered":"<h2><span style=\"color: #ff6600;\"><strong><strong>OSC<\/strong><\/strong>. II Temporada 2012-2013<\/span><\/h2>\n<p>Tras un \u00e9xito rotundo con el desarrollo de su primera temporada de conciertos en la ETS de Ingenier\u00eda, la OSC ampl\u00eda horizontes, a\u00f1adiendo a los dos conciertos sinf\u00f3nicos proyectados\u00a0 en el auditorio de la ETS de Ingenier\u00eda una vez m\u00e1s, otras actuaciones en los escenarios de mayor renombre en la ciudad de Sevilla como son el Teatro Lope de Vega y Teatro de la Maestranza. El primer y m\u00e1s ambicioso de los proyectos que se llevar\u00e1n a cabo tendr\u00e1 lugar en el <span style=\"color: #ff6600;\"><a href=\"http:\/\/www.teatrolopedevega.org\/\" target=\"_blank\" rel=\"noopener\"><span style=\"color: #ff6600;\">Teatro Lope de Vega <\/span><\/a><\/span>de Sevilla en una coproducci\u00f3n entre la Universidad de Sevilla, Conservatorio Superior de M\u00fasica Manuel Castillo y la<span style=\"color: #ff6600;\"><a href=\"http:\/\/www.chopin.edu.pl\/en\/\" target=\"_blank\" rel=\"noopener\"><span style=\"color: #ff6600;\"> Fryderyk Chopin University of Music in Warsaw.<\/span><\/a><span style=\"color: #333333;\">, <\/span><\/span>con la representaci\u00f3n de la \u00f3pera <span style=\"color: #ff6600;\"><em>Cos\u00ec fan tutte,<\/em> <\/span>de W.A. Mozart, siendo todos los protagonistas en esta coproducci\u00f3n estudiantes y j\u00f3venes promesas del panorama musical de las instituciones implicadas, contando en la direcci\u00f3n de escena con el catedr\u00e1tico de la UMFC de Varsovia Ryszard Cie\u015bla y en la direcci\u00f3n musical con Juan Garc\u00eda Rodr\u00edguez. Igualmente, ya en el mes de marzo, actuar\u00e1 la OSC en el <span style=\"color: #ff6600;\">Teatro de la Maestranza <\/span>en la producci\u00f3n de zarzuela <em><span style=\"color: #ff6600;\">Entre Sevilla y Triana<\/span> <\/em>de Soroz\u00e1bal en una coproducci\u00f3n de los teatros de la Maestranza de Sevilla, Teatros del Canal de Madrid y Arriaga de Bilbao. La actuaci\u00f3n de la orquesta en los fosos de ambos teatros, procurar\u00e1 a los m\u00fasicos una experiencia \u00fanica que supondr\u00e1 sin duda un inequ\u00edvoco salto de madurez para todos ellos.<\/p>\n<p>&nbsp;<\/p>\n<p><span style=\"color: #ff9900;\"><strong>TEMPORADA II. OSC. <\/strong><strong>CURSO 2012-2013<\/strong><\/span><br \/>\nORQUESTA SINF\u00d3NICA CONJUNTA US-CSMS<\/p>\n<p>&nbsp;<\/p>\n<h2><a href=\"https:\/\/cicus.us.es\/el-cicus-coproduce-la-opera-cosi-fan-tutte\/\"><strong><span style=\"color: #ff6600;\">CONCIERTO #1<\/span><\/strong><\/a><\/h2>\n<h4><a href=\"https:\/\/cicus.us.es\/el-cicus-coproduce-la-opera-cosi-fan-tutte\/\">\u00d3PERA \u00abCOS\u00cc FAN TUTTE\u00bb, W. A. MOZART<\/a><a href=\"http:\/\/institucional.us.es\/orquesta\/wp-content\/uploads\/2014\/06\/Cos\u00ec-fan-tutte.jpg\"><img fetchpriority=\"high\" decoding=\"async\" class=\"alignleft wp-image-353 size-medium\" src=\"http:\/\/institucional.us.es\/orquesta\/wp-content\/uploads\/2014\/06\/Cos\u00ec-fan-tutte-217x300.jpg\" alt=\"Cos\u00ec fan tutte\" width=\"217\" height=\"300\" srcset=\"https:\/\/institucional.us.es\/orquesta\/wp-content\/uploads\/2014\/06\/Cos\u00ec-fan-tutte-217x300.jpg 217w, https:\/\/institucional.us.es\/orquesta\/wp-content\/uploads\/2014\/06\/Cos\u00ec-fan-tutte.jpg 656w\" sizes=\"(max-width: 217px) 100vw, 217px\" \/><\/a><\/h4>\n<p><strong>16 al 18 de noviembre de 2012 \u00b7 Teatro Lope de Vega<\/strong><\/p>\n<p>ORQUESTA SINF\u00d3NICA CONJUNTA US-CSMS<br \/>\nCoro del CSMS<br \/>\nSolistas de la UMFC y CSMS<\/p>\n<p style=\"color: #4f4f4f;\"><strong>Direcci\u00f3n de escena\u00a0<\/strong> \u00b7 Ryszard Cie\u015bla<br \/>\n<strong>Direcci\u00f3n musical\u00a0<\/strong>\u00b7\u00a0Juan Garc\u00eda Rodr\u00edguez<br \/>\n<strong>Escenograf\u00eda <\/strong>\u00b7 Grupo Vaujaus \u00b7 US<\/p>\n<p style=\"color: #4f4f4f;\">Una coproducci\u00f3n de la Universidad de Sevilla, Conservatorio Superior de M\u00fasica Manuel Castillo y Universidad de M\u00fasica Fryderyk Chopin de Varsovia.<\/p>\n<p style=\"color: #4f4f4f;\"><a href=\"http:\/\/institucional.us.es\/orquesta\/en\/opera-cosi-fan-tutte\/\"><span style=\"color: #ff6600;\">PLANTILLA Y +INFO<\/span><\/a><\/p>\n<p>&nbsp;<\/p>\n<h2><a href=\"https:\/\/cicus.us.es\/evento\/concierto-orquesta-de-la-universidad-de-sevilla-%E2%80%93-csm-manuel-castillo\/\" target=\"_blank\" rel=\"noopener\"><strong><span style=\"color: #ff6600;\">CONCIERTO #2<\/span><\/strong><\/a><\/h2>\n<p><strong>Mi\u00e9rcoles 23 de enero 2013 \u00b7 20:30h \u00b7 Auditorio ETS Ingenier\u00eda<\/strong><\/p>\n<p>ORQUESTA SINF\u00d3NICA CONJUNTA US-CSMS<br \/>\nJos\u00e9 Manuel Mart\u00ednez Melero \u00b7 viol\u00edn<br \/>\nJuan Garc\u00eda Rodr\u00edguez \u00b7 director<\/p>\n<p>&nbsp;<\/p>\n<p><strong>&#8211; PROGRAMA &#8211;<\/strong><\/p>\n<p><strong>Alfred Schnittke\u00a0<\/strong>(1934-1998)<br \/>\n<em>Concierto para viol\u00edn y orquesta n\u00ba3<\/em><\/p>\n<p><strong>Johannes Brahms\u00a0<\/strong>(1833-1897)<br \/>\n<em>Serenata n\u00ba2 Op. 16 en La mayor<\/em><\/p>\n<p><a href=\"http:\/\/institucional.us.es\/orquesta\/en\/tii2\/\"><span style=\"color: #ff6600;\">PLANTILLA<\/span><\/a><\/p>\n<p>&nbsp;<\/p>\n<h2><a href=\"https:\/\/cicus.us.es\/evento\/orquesta-de-la-us-csms-%c2%b7-zarzuela-entre-sevilla-y-triana-de-pablo-sorozabal\/\"><strong><span style=\"color: #ff6600;\">CONCIERTO #3<\/span><\/strong><\/a><\/h2>\n<h4><a href=\"http:\/\/institucional.us.es\/orquesta\/wp-content\/uploads\/2014\/06\/Entre_Sevilla_y_Triana_curro_carreres_marzo2013_04.jpg\"><img decoding=\"async\" class=\"alignleft wp-image-251\" src=\"http:\/\/institucional.us.es\/orquesta\/wp-content\/uploads\/2014\/06\/Entre_Sevilla_y_Triana_curro_carreres_marzo2013_04-300x169.jpg\" alt=\"Entre_Sevilla_y_Triana_curro_carreres_marzo2013_04\" width=\"450\" height=\"255\" srcset=\"https:\/\/institucional.us.es\/orquesta\/wp-content\/uploads\/2014\/06\/Entre_Sevilla_y_Triana_curro_carreres_marzo2013_04-300x169.jpg 300w, https:\/\/institucional.us.es\/orquesta\/wp-content\/uploads\/2014\/06\/Entre_Sevilla_y_Triana_curro_carreres_marzo2013_04.jpg 918w\" sizes=\"(max-width: 450px) 100vw, 450px\" \/><\/a><a href=\"http:\/\/institucional.us.es\/orquesta\/en\/entre-sevilla-y-triana-zarzuela-del-13-al-15-de-marzo-de-2013\/\">ZARZUELA \u00abENTRE SEVILLA Y TRIANA\u00bb, P. SOROZ\u00c1BAL<\/a><\/h4>\n<p><strong>14 al 16 de marzo de 2013 \u00b7 Teatro de la Maestranza<\/strong><\/p>\n<p>ORQUESTA SINF\u00d3NICA CONJUNTA US-CSMS<br \/>\nCoro de la A.A. del Teatro de la Maestranza<\/p>\n<p style=\"color: #4f4f4f;\"><strong>Direcci\u00f3n de escena <\/strong>\u00b7\u00a0Curro Carreres<br \/>\n<strong>Direcci\u00f3n musical <\/strong>\u00b7\u00a0Juan Garc\u00eda Rodr\u00edguez<br \/>\n<strong>Director del Coro<\/strong> \u00b7 \u00cd\u00f1igo Sampil<br \/>\n<strong>Escenograf\u00eda<\/strong> \u00b7 Ricardo S\u00e1nchez-Cuerda<br \/>\n<strong>Solistas<\/strong> \u00b7 Carmen Sol\u00eds, Mar\u00eda Jos\u00e9 Su\u00e1rez, Jos\u00e9 Juli\u00e1n Frontal, Alejandro Roig, \u00c1ngel Gar\u00f3<\/p>\n<p style=\"color: #4f4f4f;\"><a href=\"http:\/\/institucional.us.es\/orquesta\/en\/plantilla-zarzuela-entre-sevilla-y-triana\/\"><span style=\"color: #ff6600;\">PLANTILLA<\/span><\/a><\/p>\n<p>&nbsp;<\/p>\n<h2><a href=\"https:\/\/cicus.us.es\/este-miercoles-concierto-de-la-orquesta-sinfonica-de-la-universidad-de-sevilla-%E2%80%93-csm-manuel-castillo\/\" target=\"_blank\" rel=\"noopener\"><strong><span style=\"color: #ff6600;\">CONCIERTO #4<\/span><\/strong><\/a><\/h2>\n<p><strong>Mi\u00e9rcoles 08 de mayo 2013 \u00b7 20:30h \u00b7 Auditorio ETS Ingenier\u00eda<\/strong><\/p>\n<p>ORQUESTA SINF\u00d3NICA CONJUNTA US-CSMS<br \/>\nJavier Trigos \u00b7 clarinete<br \/>\nJuan Garc\u00eda Rodr\u00edguez \u00b7 director<\/p>\n<p>&nbsp;<\/p>\n<p><strong>&#8211; PROGRAMA &#8211;<\/strong><\/p>\n<p><strong>Igor Stravinsky<\/strong><br \/>\n<em>Sinfon\u00edas para instrumentos de viento<\/em> (versi\u00f3n 1947)<br \/>\n<em>Ebony Concerto<\/em> (1945)<\/p>\n<p><strong>Gustav Mahler<\/strong><br \/>\n<em>Sinfon\u00eda n\u00ba 1 en Re mayor<\/em><\/p>\n<p><a href=\"http:\/\/institucional.us.es\/orquesta\/en\/plantilla-t2-4\/\"><span style=\"color: #ff6600;\">PLANTILLA<\/span><\/a><\/p>\n<p>&nbsp;<\/p>","protected":false},"excerpt":{"rendered":"<p>OSC. II Temporada 2012-2013 Tras un \u00e9xito rotundo con el desarrollo de su primera temporada de conciertos en la ETS de Ingenier\u00eda, la OSC ampl\u00eda horizontes, a\u00f1adiendo a los dos conciertos sinf\u00f3nicos proyectados\u00a0 en el auditorio de la ETS de Ingenier\u00eda una vez m\u00e1s, otras actuaciones en los escenarios de mayor renombre en la ciudad [&hellip;]<\/p>\n","protected":false},"author":3,"featured_media":0,"parent":43,"menu_order":0,"comment_status":"closed","ping_status":"closed","template":"","meta":{"site-sidebar-layout":"default","site-content-layout":"","ast-site-content-layout":"default","site-content-style":"default","site-sidebar-style":"default","ast-global-header-display":"","ast-banner-title-visibility":"","ast-main-header-display":"","ast-hfb-above-header-display":"","ast-hfb-below-header-display":"","ast-hfb-mobile-header-display":"","site-post-title":"","ast-breadcrumbs-content":"","ast-featured-img":"","footer-sml-layout":"","ast-disable-related-posts":"","theme-transparent-header-meta":"","adv-header-id-meta":"","stick-header-meta":"","header-above-stick-meta":"","header-main-stick-meta":"","header-below-stick-meta":"","astra-migrate-meta-layouts":"default","ast-page-background-enabled":"default","ast-page-background-meta":{"desktop":{"background-color":"","background-image":"","background-repeat":"repeat","background-position":"center center","background-size":"auto","background-attachment":"scroll","background-type":"","background-media":"","overlay-type":"","overlay-color":"","overlay-opacity":"","overlay-gradient":""},"tablet":{"background-color":"","background-image":"","background-repeat":"repeat","background-position":"center center","background-size":"auto","background-attachment":"scroll","background-type":"","background-media":"","overlay-type":"","overlay-color":"","overlay-opacity":"","overlay-gradient":""},"mobile":{"background-color":"","background-image":"","background-repeat":"repeat","background-position":"center center","background-size":"auto","background-attachment":"scroll","background-type":"","background-media":"","overlay-type":"","overlay-color":"","overlay-opacity":"","overlay-gradient":""}},"ast-content-background-meta":{"desktop":{"background-color":"var(--ast-global-color-5)","background-image":"","background-repeat":"repeat","background-position":"center center","background-size":"auto","background-attachment":"scroll","background-type":"","background-media":"","overlay-type":"","overlay-color":"","overlay-opacity":"","overlay-gradient":""},"tablet":{"background-color":"var(--ast-global-color-5)","background-image":"","background-repeat":"repeat","background-position":"center center","background-size":"auto","background-attachment":"scroll","background-type":"","background-media":"","overlay-type":"","overlay-color":"","overlay-opacity":"","overlay-gradient":""},"mobile":{"background-color":"var(--ast-global-color-5)","background-image":"","background-repeat":"repeat","background-position":"center center","background-size":"auto","background-attachment":"scroll","background-type":"","background-media":"","overlay-type":"","overlay-color":"","overlay-opacity":"","overlay-gradient":""}},"footnotes":""},"class_list":["post-69","page","type-page","status-publish","hentry"],"_links":{"self":[{"href":"https:\/\/institucional.us.es\/orquesta\/en\/wp-json\/wp\/v2\/pages\/69","targetHints":{"allow":["GET"]}}],"collection":[{"href":"https:\/\/institucional.us.es\/orquesta\/en\/wp-json\/wp\/v2\/pages"}],"about":[{"href":"https:\/\/institucional.us.es\/orquesta\/en\/wp-json\/wp\/v2\/types\/page"}],"author":[{"embeddable":true,"href":"https:\/\/institucional.us.es\/orquesta\/en\/wp-json\/wp\/v2\/users\/3"}],"replies":[{"embeddable":true,"href":"https:\/\/institucional.us.es\/orquesta\/en\/wp-json\/wp\/v2\/comments?post=69"}],"version-history":[{"count":51,"href":"https:\/\/institucional.us.es\/orquesta\/en\/wp-json\/wp\/v2\/pages\/69\/revisions"}],"predecessor-version":[{"id":3343,"href":"https:\/\/institucional.us.es\/orquesta\/en\/wp-json\/wp\/v2\/pages\/69\/revisions\/3343"}],"up":[{"embeddable":true,"href":"https:\/\/institucional.us.es\/orquesta\/en\/wp-json\/wp\/v2\/pages\/43"}],"wp:attachment":[{"href":"https:\/\/institucional.us.es\/orquesta\/en\/wp-json\/wp\/v2\/media?parent=69"}],"curies":[{"name":"wp","href":"https:\/\/api.w.org\/{rel}","templated":true}]}}