{"id":1417,"date":"2019-09-18T13:15:08","date_gmt":"2019-09-18T13:15:08","guid":{"rendered":"http:\/\/institucional.us.es\/orquesta\/?page_id=1417"},"modified":"2019-09-26T11:45:16","modified_gmt":"2019-09-26T11:45:16","slug":"plantilla-t1-1","status":"publish","type":"page","link":"https:\/\/institucional.us.es\/orquesta\/plantilla-t1-1\/","title":{"rendered":"PLANTILLA TI #1"},"content":{"rendered":"<h1>PLANTILLA TEMPORADA I CONCIERTO #1<strong>\u00a0<\/strong><\/h1>\n<p>&nbsp;<\/p>\n<p><strong>FLAUTAS<\/strong><\/p>\n<p>Viktoria Pokryvailo<\/p>\n<p>Gloria Gragera<\/p>\n<p>Paula Garc\u00eda<\/p>\n<p>B\u00e1rbara G\u00e1lvez<\/p>\n<p>Pilar Fern\u00e1ndez<\/p>\n<p><strong>\u00a0<\/strong><\/p>\n<p><strong>OBOES<\/strong><\/p>\n<p>Cristina Gimeno<\/p>\n<p>Jos\u00e9 Luis Gonz\u00e1lez<\/p>\n<p>Jos\u00e9 Manuel Cuadrado<\/p>\n<p>In\u00e9s Dur\u00e1n<\/p>\n<p><strong>\u00a0<\/strong><\/p>\n<p><strong>CLARINETES<\/strong><\/p>\n<p>Jos\u00e9 Andr\u00e9s Fern\u00e1ndez<\/p>\n<p>Daniel Maldonado<\/p>\n<p>Alicia Rodr\u00edguez<\/p>\n<p>Alba Dom\u00ednguez<\/p>\n<p><strong>\u00a0<\/strong><\/p>\n<p><strong>FAGOTES<\/strong><\/p>\n<p>Nicol\u00e1s D\u00edaz<\/p>\n<p>Alejandro \u00c1lvarez<\/p>\n<p>\u00c1ngela Valera<\/p>\n<p>Francisco Carrasco<\/p>\n<p>Jos\u00e9 Antonio P\u00e9rez<\/p>\n<p><strong>\u00a0<\/strong><\/p>\n<p><strong>TROMPAS<\/strong><\/p>\n<p>Antonio Redondo<\/p>\n<p>Miguel Aguilar<\/p>\n<p>V\u00edctor Lozano<\/p>\n<p>Mar\u00eda G\u00f3mez<\/p>\n<p>Patricia del Roc\u00edo Mart\u00ednez<\/p>\n<p>Marina Ojeda<\/p>\n<p>Alberto Torres<\/p>\n<p><strong>\u00a0<\/strong><\/p>\n<p><strong>TROMPETAS<\/strong><\/p>\n<p>Alberto Merino<\/p>\n<p>Diego Molina<\/p>\n<p>Antonio Caballero<\/p>\n<p>Miguel Mateos<\/p>\n<p><strong>\u00a0<\/strong><\/p>\n<p><strong>TROMBONES<\/strong><\/p>\n<p>Francisco Contreras<\/p>\n<p>Jos\u00e9 Ortega<\/p>\n<p>Manuel Jes\u00fas Ramos<\/p>\n<p>Marcos Mu\u00f1oz<\/p>\n<p>Andr\u00e9s Jes\u00fas Ferreiro<\/p>\n<p>David Barrones<\/p>\n<p><strong>\u00a0<\/strong><\/p>\n<p><strong>TUBA<\/strong><\/p>\n<p>Santiago Fuentes<\/p>\n<p>&nbsp;<\/p>\n<p><strong>PERCUSI\u00d3N<\/strong><\/p>\n<p>Antonio Alc\u00e1ntara<\/p>\n<p>Pablo Carmona<\/p>\n<p>Francisco Escalante<\/p>\n<p>Luis Vicente Mart\u00edn<\/p>\n<p><strong>\u00a0<\/strong><\/p>\n<p><strong>ARPA<\/strong><\/p>\n<p>Ceterni Fern\u00e1ndez Vicente<\/p>\n<p><strong>\u00a0<\/strong><\/p>\n<p><strong>CELESTA<\/strong><\/p>\n<p>Efra\u00edn Callejo<\/p>\n<p><strong>\u00a0<\/strong><\/p>\n<p><strong>VIOLINES I<\/strong><\/p>\n<p>Lara Sanson<\/p>\n<p>David Bellido<\/p>\n<p>Irene Serrahima<\/p>\n<p>Ann-Elena Eade<\/p>\n<p>Luc\u00eda L\u00f3pez<\/p>\n<p>Mar\u00eda Vizca\u00edno<\/p>\n<p>Juan Vel\u00e1zquez<\/p>\n<p>A\u00edda L\u00f3pez<\/p>\n<p>M\u00aa Gracia del Saz<\/p>\n<p>Daniel Le\u00f3n<\/p>\n<p>Antonio Cornejo<\/p>\n<p>Alejandro Vega<\/p>\n<p>Pablo Romero<\/p>\n<p>Isabel Alonso<\/p>\n<p>Elisa Prenda<\/p>\n<p>Abigail Barrero<\/p>\n<p><strong>\u00a0<\/strong><\/p>\n<p><strong>VIOLINES II<\/strong><\/p>\n<p>David Biedma<\/p>\n<p>\u00c1gueda S\u00e1nchez<\/p>\n<p>Julia Clavijo<\/p>\n<p>Jaime Calder\u00f3n<\/p>\n<p>F\u00e1tima Merino<\/p>\n<p>F\u00e1tima Caballero<\/p>\n<p>Teresa Vizca\u00edno<\/p>\n<p>Alicia L\u00f3pez<\/p>\n<p>Nieves \u00c1lvarez<\/p>\n<p>Rosal\u00eda L\u00f3pez<\/p>\n<p>Fco Javier Luengo<\/p>\n<p>Ana Mu\u00f1oz<\/p>\n<p>Irene Ramos<\/p>\n<p>Alejandro Manch\u00f3n<\/p>\n<p><strong>\u00a0<\/strong><\/p>\n<p><strong>VIOLA<\/strong><\/p>\n<p>\u00c1lvaro Arrans<\/p>\n<p>Paloma P\u00e9rez<\/p>\n<p>Jos\u00e9 \u00c1ngel Esteban<\/p>\n<p>Carmen Rodr\u00edguez<\/p>\n<p>Paula Cepeda<\/p>\n<p>Raquel Pav\u00f3n<\/p>\n<p>Dolores Mu\u00f1oz<\/p>\n<p>Marta G\u00f3mez<\/p>\n<p>Salvador Daza<\/p>\n<p>Roc\u00edo Garc\u00eda Morales<\/p>\n<p>Luis Ma\u00f1as<\/p>\n<p>Julio Alberto Peraza<\/p>\n<p><strong>\u00a0<\/strong><\/p>\n<p><strong>VIOLONCHELOS<\/strong><\/p>\n<p>Juan Carrillo<\/p>\n<p>Gema Garc\u00eda<\/p>\n<p>D\u00e9bora de la Fuente<\/p>\n<p>Bel\u00e9n Moreno<\/p>\n<p>Juana Garc\u00eda<\/p>\n<p>Berta Garc\u00eda<\/p>\n<p>Granada Galv\u00e1n<\/p>\n<p>Irene Fontana<\/p>\n<p>Sancho Gonz\u00e1lez<\/p>\n<p>Ra\u00fal Herrera<\/p>\n<p>Elisa Abril<\/p>\n<p>Francisco Rosado<\/p>\n<p>Julia Baena<\/p>\n<p><strong>\u00a0<\/strong><\/p>\n<p><strong>CONTRABAJOS<\/strong><\/p>\n<p>Eduardo Rodr\u00edguez<\/p>\n<p>Jos\u00e9 Manuel L\u00f3pez<\/p>\n<p>Pablo B\u00e1ez<\/p>\n<p>Marco Serrato<\/p>\n<p>Vincenzo Spada<\/p>\n","protected":false},"excerpt":{"rendered":"<p>PLANTILLA TEMPORADA I CONCIERTO #1\u00a0 &nbsp; FLAUTAS Viktoria Pokryvailo Gloria Gragera Paula Garc\u00eda B\u00e1rbara G\u00e1lvez Pilar Fern\u00e1ndez \u00a0 OBOES Cristina Gimeno Jos\u00e9 Luis Gonz\u00e1lez Jos\u00e9 Manuel Cuadrado In\u00e9s Dur\u00e1n \u00a0 CLARINETES Jos\u00e9 Andr\u00e9s Fern\u00e1ndez Daniel Maldonado Alicia Rodr\u00edguez Alba Dom\u00ednguez \u00a0 FAGOTES Nicol\u00e1s D\u00edaz Alejandro \u00c1lvarez \u00c1ngela Valera Francisco Carrasco Jos\u00e9 Antonio P\u00e9rez \u00a0 TROMPAS [&hellip;]<\/p>\n","protected":false},"author":5,"featured_media":0,"parent":0,"menu_order":0,"comment_status":"closed","ping_status":"open","template":"","meta":{"site-sidebar-layout":"default","site-content-layout":"","ast-site-content-layout":"default","site-content-style":"default","site-sidebar-style":"default","ast-global-header-display":"","ast-banner-title-visibility":"","ast-main-header-display":"","ast-hfb-above-header-display":"","ast-hfb-below-header-display":"","ast-hfb-mobile-header-display":"","site-post-title":"","ast-breadcrumbs-content":"","ast-featured-img":"","footer-sml-layout":"","ast-disable-related-posts":"","theme-transparent-header-meta":"","adv-header-id-meta":"","stick-header-meta":"","header-above-stick-meta":"","header-main-stick-meta":"","header-below-stick-meta":"","astra-migrate-meta-layouts":"default","ast-page-background-enabled":"default","ast-page-background-meta":{"desktop":{"background-color":"","background-image":"","background-repeat":"repeat","background-position":"center center","background-size":"auto","background-attachment":"scroll","background-type":"","background-media":"","overlay-type":"","overlay-color":"","overlay-opacity":"","overlay-gradient":""},"tablet":{"background-color":"","background-image":"","background-repeat":"repeat","background-position":"center center","background-size":"auto","background-attachment":"scroll","background-type":"","background-media":"","overlay-type":"","overlay-color":"","overlay-opacity":"","overlay-gradient":""},"mobile":{"background-color":"","background-image":"","background-repeat":"repeat","background-position":"center center","background-size":"auto","background-attachment":"scroll","background-type":"","background-media":"","overlay-type":"","overlay-color":"","overlay-opacity":"","overlay-gradient":""}},"ast-content-background-meta":{"desktop":{"background-color":"var(--ast-global-color-5)","background-image":"","background-repeat":"repeat","background-position":"center center","background-size":"auto","background-attachment":"scroll","background-type":"","background-media":"","overlay-type":"","overlay-color":"","overlay-opacity":"","overlay-gradient":""},"tablet":{"background-color":"var(--ast-global-color-5)","background-image":"","background-repeat":"repeat","background-position":"center center","background-size":"auto","background-attachment":"scroll","background-type":"","background-media":"","overlay-type":"","overlay-color":"","overlay-opacity":"","overlay-gradient":""},"mobile":{"background-color":"var(--ast-global-color-5)","background-image":"","background-repeat":"repeat","background-position":"center center","background-size":"auto","background-attachment":"scroll","background-type":"","background-media":"","overlay-type":"","overlay-color":"","overlay-opacity":"","overlay-gradient":""}},"footnotes":""},"class_list":["post-1417","page","type-page","status-publish","hentry"],"_links":{"self":[{"href":"https:\/\/institucional.us.es\/orquesta\/wp-json\/wp\/v2\/pages\/1417","targetHints":{"allow":["GET"]}}],"collection":[{"href":"https:\/\/institucional.us.es\/orquesta\/wp-json\/wp\/v2\/pages"}],"about":[{"href":"https:\/\/institucional.us.es\/orquesta\/wp-json\/wp\/v2\/types\/page"}],"author":[{"embeddable":true,"href":"https:\/\/institucional.us.es\/orquesta\/wp-json\/wp\/v2\/users\/5"}],"replies":[{"embeddable":true,"href":"https:\/\/institucional.us.es\/orquesta\/wp-json\/wp\/v2\/comments?post=1417"}],"version-history":[{"count":3,"href":"https:\/\/institucional.us.es\/orquesta\/wp-json\/wp\/v2\/pages\/1417\/revisions"}],"predecessor-version":[{"id":1657,"href":"https:\/\/institucional.us.es\/orquesta\/wp-json\/wp\/v2\/pages\/1417\/revisions\/1657"}],"wp:attachment":[{"href":"https:\/\/institucional.us.es\/orquesta\/wp-json\/wp\/v2\/media?parent=1417"}],"curies":[{"name":"wp","href":"https:\/\/api.w.org\/{rel}","templated":true}]}}