{"id":1424,"date":"2019-09-18T13:17:07","date_gmt":"2019-09-18T13:17:07","guid":{"rendered":"http:\/\/institucional.us.es\/orquesta\/?page_id=1424"},"modified":"2019-09-26T11:45:38","modified_gmt":"2019-09-26T11:45:38","slug":"plantilla-t1-2","status":"publish","type":"page","link":"https:\/\/institucional.us.es\/orquesta\/plantilla-t1-2\/","title":{"rendered":"PLANTILLA TI #2"},"content":{"rendered":"<h1>PLANTILLA TEMPORADA I CONCIERTO #2<\/h1>\n<p>&nbsp;<\/p>\n<p><strong>FLAUTAS<\/strong><\/p>\n<p>Ismael Escalante<\/p>\n<p>Diego Garc\u00eda Valencia<\/p>\n<p>B\u00e1rbara G\u00e1lvez<\/p>\n<p>Beatriz Gallardo<\/p>\n<p>Salom\u00e9 Camacho<\/p>\n<p>Paula Garc\u00eda<\/p>\n<p>Mar\u00eda Jos\u00e9 Bermejo<\/p>\n<p>Juan Carlos Passas<\/p>\n<p>Pablo Luis L\u00f3pez<\/p>\n<p>Rodrigo Pacheco<\/p>\n<p><strong>\u00a0<\/strong><\/p>\n<p><strong>CLARINETES<\/strong><\/p>\n<p>Francisco Hern\u00e1ndez Foncubierta<\/p>\n<p>F\u00e9lix Parrado<\/p>\n<p>Juan Manuel B\u00e1ez<\/p>\n<p>Francisco Jes\u00fas Vidal<\/p>\n<p>Olmo Ranchal<\/p>\n<p>Manuel Jes\u00fas \u00c1lvarez<\/p>\n<p>Fernando Arinero<\/p>\n<p>Jos\u00e9 Andr\u00e9s Fern\u00e1ndez<\/p>\n<p>Jos\u00e9 Antonio Gelo<\/p>\n<p>Juan Mora<\/p>\n<p>Jos\u00e9 Mar\u00eda Di\u00e9guez<\/p>\n<p>Bruno Fern\u00e1ndez<\/p>\n<p>Reyes Ortiz<\/p>\n<p><strong>\u00a0<\/strong><\/p>\n<p><strong>OBOES<\/strong><\/p>\n<p>Jos\u00e9 Luis Gonz\u00e1lez<\/p>\n<p>Jos\u00e9 Manuel Cuadrado<\/p>\n<p><strong>\u00a0<\/strong><\/p>\n<p><strong>FAGOTES<\/strong><\/p>\n<p>\u00c1ngela Valera<\/p>\n<p>Alejandro \u00c1lvarez<\/p>\n<p><strong>\u00a0<\/strong><\/p>\n<p><strong>TROMPAS<\/strong><\/p>\n<p>Alberto Torres<\/p>\n<p>Patricia Mart\u00ednez<\/p>\n<p><strong>\u00a0<\/strong><\/p>\n<p><strong>TROMPETAS<\/strong><\/p>\n<p>Antonio Caballero<\/p>\n<p>Manuel Jos\u00e9 Gonz\u00e1lez<\/p>\n<p><strong>\u00a0<\/strong><\/p>\n<p><strong>TROMBONES<\/strong><\/p>\n<p>Jos\u00e9 Hern\u00e1ndez<\/p>\n<p>Leonardo Garc\u00eda<\/p>\n<p>Francisco Espejo<\/p>\n<p><strong>\u00a0<\/strong><\/p>\n<p><strong>TIMBALES<\/strong><\/p>\n<p>Francisco Escalante<\/p>\n<p><strong>\u00a0<\/strong><\/p>\n<p><strong>VIOLINES I<\/strong><\/p>\n<p>Jos\u00e9 Manuel Mart\u00ednez<\/p>\n<p>(concertino)<\/p>\n<p>David Bellido<\/p>\n<p>Irene Serrahima<\/p>\n<p>Jaime Calder\u00f3n<\/p>\n<p>Mar\u00eda Vizca\u00edno<\/p>\n<p>Isabel Alonso Serna<\/p>\n<p>Francisco Javier Luengo<\/p>\n<p>Julia Clavijo<\/p>\n<p><strong>\u00a0<\/strong><\/p>\n<p><strong>VIOLINES II<\/strong><\/p>\n<p>David Biedma<\/p>\n<p>Lara Sans\u00f3n<\/p>\n<p>Juan Vel\u00e1zquez<\/p>\n<p>Abigail Barrero<\/p>\n<p>Pablo Romero<\/p>\n<p>Rosal\u00eda L\u00f3pez<\/p>\n<p>Elisa Prenda<\/p>\n<p><strong>\u00a0<\/strong><\/p>\n<p><strong>VIOLAS<\/strong><\/p>\n<p>Jos\u00e9 \u00c1ngel Esteban<\/p>\n<p>Paloma P\u00e9rez<\/p>\n<p>Raquel Pav\u00f3n<\/p>\n<p>\u00c1lvaro Arrans<\/p>\n<p>Paula Cepeda<\/p>\n<p>M\u00aa Dolores Mu\u00f1oz<\/p>\n<p>Marta G\u00f3mez<\/p>\n<p>Luis Ma\u00f1as<\/p>\n<p><strong>\u00a0<\/strong><\/p>\n<p><strong>VIOLONCHELOS<\/strong><\/p>\n<p>D\u00e9bora de la Fuente<\/p>\n<p>Juan Diego S\u00e1nchez<\/p>\n<p>Sancho Gonz\u00e1lez<\/p>\n<p>Granada Galv\u00e1n<\/p>\n<p>Ra\u00fal Herrera<\/p>\n<p><strong>\u00a0<\/strong><\/p>\n<p><strong>CONTRABAJOS<\/strong><\/p>\n<p>Jos\u00e9 Manuel L\u00f3pez<\/p>\n<p>Pablo B\u00e1ez<\/p>\n<p>Radostin Guenadiev<\/p>\n","protected":false},"excerpt":{"rendered":"<p>PLANTILLA TEMPORADA I CONCIERTO #2 &nbsp; FLAUTAS Ismael Escalante Diego Garc\u00eda Valencia B\u00e1rbara G\u00e1lvez Beatriz Gallardo Salom\u00e9 Camacho Paula Garc\u00eda Mar\u00eda Jos\u00e9 Bermejo Juan Carlos Passas Pablo Luis L\u00f3pez Rodrigo Pacheco \u00a0 CLARINETES Francisco Hern\u00e1ndez Foncubierta F\u00e9lix Parrado Juan Manuel B\u00e1ez Francisco Jes\u00fas Vidal Olmo Ranchal Manuel Jes\u00fas \u00c1lvarez Fernando Arinero Jos\u00e9 Andr\u00e9s Fern\u00e1ndez Jos\u00e9 [&hellip;]<\/p>\n","protected":false},"author":5,"featured_media":0,"parent":0,"menu_order":0,"comment_status":"closed","ping_status":"open","template":"","meta":{"site-sidebar-layout":"default","site-content-layout":"","ast-site-content-layout":"default","site-content-style":"default","site-sidebar-style":"default","ast-global-header-display":"","ast-banner-title-visibility":"","ast-main-header-display":"","ast-hfb-above-header-display":"","ast-hfb-below-header-display":"","ast-hfb-mobile-header-display":"","site-post-title":"","ast-breadcrumbs-content":"","ast-featured-img":"","footer-sml-layout":"","ast-disable-related-posts":"","theme-transparent-header-meta":"","adv-header-id-meta":"","stick-header-meta":"","header-above-stick-meta":"","header-main-stick-meta":"","header-below-stick-meta":"","astra-migrate-meta-layouts":"default","ast-page-background-enabled":"default","ast-page-background-meta":{"desktop":{"background-color":"","background-image":"","background-repeat":"repeat","background-position":"center center","background-size":"auto","background-attachment":"scroll","background-type":"","background-media":"","overlay-type":"","overlay-color":"","overlay-opacity":"","overlay-gradient":""},"tablet":{"background-color":"","background-image":"","background-repeat":"repeat","background-position":"center center","background-size":"auto","background-attachment":"scroll","background-type":"","background-media":"","overlay-type":"","overlay-color":"","overlay-opacity":"","overlay-gradient":""},"mobile":{"background-color":"","background-image":"","background-repeat":"repeat","background-position":"center center","background-size":"auto","background-attachment":"scroll","background-type":"","background-media":"","overlay-type":"","overlay-color":"","overlay-opacity":"","overlay-gradient":""}},"ast-content-background-meta":{"desktop":{"background-color":"var(--ast-global-color-5)","background-image":"","background-repeat":"repeat","background-position":"center center","background-size":"auto","background-attachment":"scroll","background-type":"","background-media":"","overlay-type":"","overlay-color":"","overlay-opacity":"","overlay-gradient":""},"tablet":{"background-color":"var(--ast-global-color-5)","background-image":"","background-repeat":"repeat","background-position":"center center","background-size":"auto","background-attachment":"scroll","background-type":"","background-media":"","overlay-type":"","overlay-color":"","overlay-opacity":"","overlay-gradient":""},"mobile":{"background-color":"var(--ast-global-color-5)","background-image":"","background-repeat":"repeat","background-position":"center center","background-size":"auto","background-attachment":"scroll","background-type":"","background-media":"","overlay-type":"","overlay-color":"","overlay-opacity":"","overlay-gradient":""}},"footnotes":""},"class_list":["post-1424","page","type-page","status-publish","hentry"],"_links":{"self":[{"href":"https:\/\/institucional.us.es\/orquesta\/wp-json\/wp\/v2\/pages\/1424","targetHints":{"allow":["GET"]}}],"collection":[{"href":"https:\/\/institucional.us.es\/orquesta\/wp-json\/wp\/v2\/pages"}],"about":[{"href":"https:\/\/institucional.us.es\/orquesta\/wp-json\/wp\/v2\/types\/page"}],"author":[{"embeddable":true,"href":"https:\/\/institucional.us.es\/orquesta\/wp-json\/wp\/v2\/users\/5"}],"replies":[{"embeddable":true,"href":"https:\/\/institucional.us.es\/orquesta\/wp-json\/wp\/v2\/comments?post=1424"}],"version-history":[{"count":2,"href":"https:\/\/institucional.us.es\/orquesta\/wp-json\/wp\/v2\/pages\/1424\/revisions"}],"predecessor-version":[{"id":1658,"href":"https:\/\/institucional.us.es\/orquesta\/wp-json\/wp\/v2\/pages\/1424\/revisions\/1658"}],"wp:attachment":[{"href":"https:\/\/institucional.us.es\/orquesta\/wp-json\/wp\/v2\/media?parent=1424"}],"curies":[{"name":"wp","href":"https:\/\/api.w.org\/{rel}","templated":true}]}}