{"id":1430,"date":"2019-09-18T13:20:30","date_gmt":"2019-09-18T13:20:30","guid":{"rendered":"http:\/\/institucional.us.es\/orquesta\/?page_id=1430"},"modified":"2019-09-26T11:44:51","modified_gmt":"2019-09-26T11:44:51","slug":"plantilla-t1-3","status":"publish","type":"page","link":"https:\/\/institucional.us.es\/orquesta\/plantilla-t1-3\/","title":{"rendered":"PLANTILLA TI #3"},"content":{"rendered":"<h1>PLANTILLA TEMPORADA I CONCIERTO #3<\/h1>\n<p><strong>FLAUTAS<\/strong><\/p>\n<p>Beatriz Gallardo<\/p>\n<p>Ester Esteban<\/p>\n<p>Ismael Escalante<\/p>\n<p>Mar\u00eda Jos\u00e9 Bermejo<\/p>\n<p>Diego Garc\u00eda<\/p>\n<p>Juan Carlos Passas<\/p>\n<p><strong>\u00a0<\/strong><\/p>\n<p><strong>CLARINETES<\/strong><\/p>\n<p>Francisco Hern\u00e1ndez<\/p>\n<p>Manuel Jes\u00fas \u00c1lvarez<\/p>\n<p>Francisco Jes\u00fas Vidal<\/p>\n<p>Jos\u00e9 Antonio Gelo<\/p>\n<p>Francisco Javier Mart\u00edn<\/p>\n<p>Jos\u00e9 Andr\u00e9s Fern\u00e1ndez<\/p>\n<p>Jos\u00e9 Mar\u00eda Di\u00e9guez<\/p>\n<p>Reyes Ortiz<\/p>\n<p><strong>\u00a0<\/strong><\/p>\n<p><strong>OBOES<\/strong><\/p>\n<p>Jos\u00e9 Luis Gonz\u00e1lez<\/p>\n<p>Cristina Gimeno<\/p>\n<p>Jos\u00e9 Manuel Cuadrado<\/p>\n<p>In\u00e9s M\u00aa Dom\u00ednguez<\/p>\n<p>Juana Mar\u00eda Nu\u00f1o<\/p>\n<p><strong>\u00a0<\/strong><\/p>\n<p><strong>FAGOTES<\/strong><\/p>\n<p>Nicol\u00e1s D\u00edaz<\/p>\n<p>\u00c1ngela Valera<\/p>\n<p>Francisco Carrasco<\/p>\n<p>Alejandro \u00c1lvarez<\/p>\n<p>Jos\u00e9 Antonio P\u00e9rez<\/p>\n<p><strong>\u00a0<\/strong><\/p>\n<p><strong>TROMPAS<\/strong><\/p>\n<p>Miguel Aguilar<\/p>\n<p>V\u00edctor Lozano<\/p>\n<p>Patricia del Roc\u00edo<\/p>\n<p>Miguel Carrasco<\/p>\n<p>Marina Ojeda<\/p>\n<p>Alberto Torres<\/p>\n<p>Francisco Garc\u00eda<\/p>\n<p>Mar\u00eda G\u00f3mez<\/p>\n<p><strong>\u00a0<\/strong><\/p>\n<p><strong>TROMPETAS<\/strong><\/p>\n<p>Alberto Merino<\/p>\n<p>Jose Carlos D\u00edez<\/p>\n<p>Miguel Mateos<\/p>\n<p>Francisco Lozano<\/p>\n<p>Diego Molina<\/p>\n<p>Juan Ram\u00f3n Mart\u00ednez<\/p>\n<p><strong>\u00a0<\/strong><\/p>\n<p><strong>TROMBONES<\/strong><\/p>\n<p>Jos\u00e9 Manuel Barquero<\/p>\n<p>Francisco Contreras<\/p>\n<p>Francisco Espejo<\/p>\n<p>Andr\u00e9s Jes\u00fas Ferreiro<\/p>\n<p>Juan Antonio Fortes<\/p>\n<p>Manuel Jes\u00fas Ramos<\/p>\n<p><strong>\u00a0<\/strong><\/p>\n<p><strong>TUBA<\/strong><\/p>\n<p>Santiago Fuentes<\/p>\n<p>Julio D\u00edaz<\/p>\n<p><strong>\u00a0<\/strong><\/p>\n<p><strong>PERCUSI\u00d3N<\/strong><\/p>\n<p>Antonio Alc\u00e1ntara<\/p>\n<p>Pablo Carmona<\/p>\n<p>Francisco Escalante<\/p>\n<p>Luis Vicente Mart\u00edn<\/p>\n<p><strong>\u00a0<\/strong><\/p>\n<p><strong>ARPAS<\/strong><\/p>\n<p>Ceterni Fern\u00e1ndez<\/p>\n<p>M\u00aa Vicenta Diego<\/p>\n<p><strong>\u00a0<\/strong><\/p>\n<p><strong>\u00d3RGANO<\/strong><\/p>\n<p>Efra\u00edn Fern\u00e1ndez<\/p>\n<p><strong>\u00a0<\/strong><\/p>\n<p><strong>VIOLINES I<\/strong><\/p>\n<p>Lara Sanson<\/p>\n<p>David Bellido<\/p>\n<p>Irene Serrahima<\/p>\n<p>Ann-Elena Eade<\/p>\n<p>Luc\u00eda L\u00f3pez<\/p>\n<p>Mar\u00eda Vizca\u00edno<\/p>\n<p>Juan Vel\u00e1zquez<\/p>\n<p>A\u00edda L\u00f3pez<\/p>\n<p>M\u00aa Gracia del Saz<\/p>\n<p>Daniel Le\u00f3n<\/p>\n<p>Antonio Cornejo<\/p>\n<p>Alejandro Vega<\/p>\n<p>Pablo Romero<\/p>\n<p>Isabel Alonso<\/p>\n<p>Elisa Prenda<\/p>\n<p>Abigail Barrero<\/p>\n<p>&nbsp;<\/p>\n<p><strong>VIOLINES II<\/strong><\/p>\n<p>David Biedma<\/p>\n<p>\u00c1gueda S\u00e1nchez<\/p>\n<p>Julia Clavijo<\/p>\n<p>Jaime Calder\u00f3n<\/p>\n<p>F\u00e1tima Merino<\/p>\n<p>F\u00e1tima Caballero<\/p>\n<p>Teresa Vizca\u00edno<\/p>\n<p>Alicia L\u00f3pez<\/p>\n<p>Nieves \u00c1lvarez<\/p>\n<p>Rosal\u00eda L\u00f3pez<\/p>\n<p>Ana Mu\u00f1oz<\/p>\n<p>Jes\u00fas Manuel Gonz\u00e1lez<\/p>\n<p>D\u00e1maris V\u00e1zquez<\/p>\n<p>Irene Ramos<\/p>\n<p>Alejandro Manch\u00f3n<\/p>\n<p><strong>\u00a0<\/strong><\/p>\n<p><strong>VIOLAS<\/strong><\/p>\n<p>\u00c1lvaro Arrans<\/p>\n<p>Carmen Rodr\u00edguez<\/p>\n<p>Jos\u00e9 \u00c1ngel Esteban<\/p>\n<p>Paloma P\u00e9rez<\/p>\n<p>Raquel Pav\u00f3n<\/p>\n<p>Luis Ma\u00f1as<\/p>\n<p>Dolores Mu\u00f1oz<\/p>\n<p>Marta G\u00f3mez<\/p>\n<p>Salvador Daza<\/p>\n<p>Roc\u00edo Garc\u00eda Morales<\/p>\n<p>Julio Alberto Peraza<\/p>\n<p>Roc\u00edo Garc\u00eda Rodr\u00edguez<\/p>\n<p><strong>\u00a0<\/strong><\/p>\n<p><strong>VIOLONCHELOS<\/strong><\/p>\n<p>Juan Carrillo<\/p>\n<p>Juana Garc\u00eda<\/p>\n<p>D\u00e9bora de la Fuente<\/p>\n<p>Bel\u00e9n Moreno<\/p>\n<p>Berta Garc\u00eda<\/p>\n<p>Gema Garc\u00eda<\/p>\n<p>Irene Fontana<\/p>\n<p>Ra\u00fal Herrera<\/p>\n<p>Elisa Abril<\/p>\n<p>Francisco Rosado<\/p>\n<p>Sancho Gonz\u00e1lez<\/p>\n<p><strong>\u00a0<\/strong><\/p>\n<p><strong>CONTRABAJOS<\/strong><\/p>\n<p>Eduardo Rodr\u00edguez<\/p>\n<p>Jos\u00e9 Manuel L\u00f3pez<\/p>\n<p>Pablo B\u00e1ez<\/p>\n<p>Marco Serrato<\/p>\n<p>Vincenzo Spada<\/p>\n","protected":false},"excerpt":{"rendered":"<p>PLANTILLA TEMPORADA I CONCIERTO #3 FLAUTAS Beatriz Gallardo Ester Esteban Ismael Escalante Mar\u00eda Jos\u00e9 Bermejo Diego Garc\u00eda Juan Carlos Passas \u00a0 CLARINETES Francisco Hern\u00e1ndez Manuel Jes\u00fas \u00c1lvarez Francisco Jes\u00fas Vidal Jos\u00e9 Antonio Gelo Francisco Javier Mart\u00edn Jos\u00e9 Andr\u00e9s Fern\u00e1ndez Jos\u00e9 Mar\u00eda Di\u00e9guez Reyes Ortiz \u00a0 OBOES Jos\u00e9 Luis Gonz\u00e1lez Cristina Gimeno Jos\u00e9 Manuel Cuadrado In\u00e9s [&hellip;]<\/p>\n","protected":false},"author":5,"featured_media":0,"parent":0,"menu_order":0,"comment_status":"closed","ping_status":"open","template":"","meta":{"site-sidebar-layout":"default","site-content-layout":"","ast-site-content-layout":"default","site-content-style":"default","site-sidebar-style":"default","ast-global-header-display":"","ast-banner-title-visibility":"","ast-main-header-display":"","ast-hfb-above-header-display":"","ast-hfb-below-header-display":"","ast-hfb-mobile-header-display":"","site-post-title":"","ast-breadcrumbs-content":"","ast-featured-img":"","footer-sml-layout":"","ast-disable-related-posts":"","theme-transparent-header-meta":"","adv-header-id-meta":"","stick-header-meta":"","header-above-stick-meta":"","header-main-stick-meta":"","header-below-stick-meta":"","astra-migrate-meta-layouts":"default","ast-page-background-enabled":"default","ast-page-background-meta":{"desktop":{"background-color":"","background-image":"","background-repeat":"repeat","background-position":"center center","background-size":"auto","background-attachment":"scroll","background-type":"","background-media":"","overlay-type":"","overlay-color":"","overlay-opacity":"","overlay-gradient":""},"tablet":{"background-color":"","background-image":"","background-repeat":"repeat","background-position":"center center","background-size":"auto","background-attachment":"scroll","background-type":"","background-media":"","overlay-type":"","overlay-color":"","overlay-opacity":"","overlay-gradient":""},"mobile":{"background-color":"","background-image":"","background-repeat":"repeat","background-position":"center center","background-size":"auto","background-attachment":"scroll","background-type":"","background-media":"","overlay-type":"","overlay-color":"","overlay-opacity":"","overlay-gradient":""}},"ast-content-background-meta":{"desktop":{"background-color":"var(--ast-global-color-5)","background-image":"","background-repeat":"repeat","background-position":"center center","background-size":"auto","background-attachment":"scroll","background-type":"","background-media":"","overlay-type":"","overlay-color":"","overlay-opacity":"","overlay-gradient":""},"tablet":{"background-color":"var(--ast-global-color-5)","background-image":"","background-repeat":"repeat","background-position":"center center","background-size":"auto","background-attachment":"scroll","background-type":"","background-media":"","overlay-type":"","overlay-color":"","overlay-opacity":"","overlay-gradient":""},"mobile":{"background-color":"var(--ast-global-color-5)","background-image":"","background-repeat":"repeat","background-position":"center center","background-size":"auto","background-attachment":"scroll","background-type":"","background-media":"","overlay-type":"","overlay-color":"","overlay-opacity":"","overlay-gradient":""}},"footnotes":""},"class_list":["post-1430","page","type-page","status-publish","hentry"],"_links":{"self":[{"href":"https:\/\/institucional.us.es\/orquesta\/wp-json\/wp\/v2\/pages\/1430","targetHints":{"allow":["GET"]}}],"collection":[{"href":"https:\/\/institucional.us.es\/orquesta\/wp-json\/wp\/v2\/pages"}],"about":[{"href":"https:\/\/institucional.us.es\/orquesta\/wp-json\/wp\/v2\/types\/page"}],"author":[{"embeddable":true,"href":"https:\/\/institucional.us.es\/orquesta\/wp-json\/wp\/v2\/users\/5"}],"replies":[{"embeddable":true,"href":"https:\/\/institucional.us.es\/orquesta\/wp-json\/wp\/v2\/comments?post=1430"}],"version-history":[{"count":2,"href":"https:\/\/institucional.us.es\/orquesta\/wp-json\/wp\/v2\/pages\/1430\/revisions"}],"predecessor-version":[{"id":1656,"href":"https:\/\/institucional.us.es\/orquesta\/wp-json\/wp\/v2\/pages\/1430\/revisions\/1656"}],"wp:attachment":[{"href":"https:\/\/institucional.us.es\/orquesta\/wp-json\/wp\/v2\/media?parent=1430"}],"curies":[{"name":"wp","href":"https:\/\/api.w.org\/{rel}","templated":true}]}}