{"id":1451,"date":"2019-09-18T13:57:19","date_gmt":"2019-09-18T13:57:19","guid":{"rendered":"http:\/\/institucional.us.es\/orquesta\/?page_id=1451"},"modified":"2019-10-01T11:49:59","modified_gmt":"2019-10-01T11:49:59","slug":"plantilla-t3-1","status":"publish","type":"page","link":"https:\/\/institucional.us.es\/orquesta\/plantilla-t3-1\/","title":{"rendered":"PLANTILLA T3 #1"},"content":{"rendered":"<h1>PLANTILLA TEMPORADA 3 CONCIERTO #1<\/h1>\n<p><strong>FLAUTAS<\/strong><\/p>\n<p>Ester Esteban<\/p>\n<p>Rosario Fern\u00e1ndez<\/p>\n<p>Diego Garc\u00eda<\/p>\n<p>Pablo Romero<\/p>\n<p>B\u00e1rbara G\u00e1lvez<\/p>\n<p>Carmen Ponce del Toro<\/p>\n<p>Roc\u00edo Salud Gonz\u00e1lez<\/p>\n<p><strong>\u00a0<\/strong><\/p>\n<p><strong>OBOES<\/strong><\/p>\n<p>Isabel Rodr\u00edguez Foncueva<\/p>\n<p>Esther Rodr\u00edguez Orden<\/p>\n<p>Cristina Gimeno<\/p>\n<p>Mar\u00eda Jos\u00e9 M\u00e9niz<\/p>\n<p>Carmen G\u00f3mez Veloso<\/p>\n<p><strong>\u00a0<\/strong><\/p>\n<p><strong>CLARINETES<\/strong><\/p>\n<p>Alfonso Manzanera<\/p>\n<p>Esteban S\u00e1nchez Noriega<\/p>\n<p>Sergio Cano Amaro<\/p>\n<p>Jos\u00e9 Carlos Dom\u00ednguez Almela<\/p>\n<p>Samuel Baena<\/p>\n<p><strong>\u00a0<\/strong><\/p>\n<p><strong>FAGOTES<\/strong><\/p>\n<p>Alfonso Silva<\/p>\n<p>Beatriz Buen<\/p>\n<p>Mar\u00eda Garc\u00eda Bustos<\/p>\n<p>Mar\u00eda Y\u00e1\u00f1ez<\/p>\n<p><strong>\u00a0<\/strong><\/p>\n<p><strong>TROMPAS<\/strong><\/p>\n<p>Francisco Garc\u00eda Romero<\/p>\n<p>Lorena Mart\u00edn N\u00fa\u00f1ez<\/p>\n<p>Jos\u00e9 Manuel Santos<\/p>\n<p>Carlos Lama<\/p>\n<p>Antonio Rosales<\/p>\n<p>Alejandro Lagares<\/p>\n<p><strong>\u00a0<\/strong><\/p>\n<p><strong>TROMPETAS<\/strong><\/p>\n<p>Ignacio Gallardo Leal<\/p>\n<p>Fernando Beltr\u00e1n<\/p>\n<p>Jos\u00e9 David Elvira<\/p>\n<p>Juan Manuel Gallego<\/p>\n<p>Jos\u00e9 Mar\u00eda Camacho Pat\u00f3n<\/p>\n<p>David Segado<\/p>\n<p>Octavio Montero<\/p>\n<p><strong>\u00a0<\/strong><\/p>\n<p><strong>TROMBONES<\/strong><\/p>\n<p>Jos\u00e9 Vicente Ortega Sierra<\/p>\n<p>Jos\u00e9 Manuel Barquero Puntas<\/p>\n<p>Jos\u00e9 Hern\u00e1ndez Rey<\/p>\n<p>Manuel Jes\u00fas Ramos Rodr\u00edguez<\/p>\n<p>Jos\u00e9 Ignacio Dom\u00ednguez<\/p>\n<p><strong>\u00a0<\/strong><\/p>\n<p><strong>TUBA<\/strong><\/p>\n<p>Santiago Fuentes<\/p>\n<p><strong>\u00a0<\/strong><\/p>\n<p><strong>PERCUSI\u00d3N<\/strong><\/p>\n<p>Miryam Rastrero<\/p>\n<p>Rom\u00e1n Cano| Jos\u00e9 Luis Sagrado<\/p>\n<p>Miguel S\u00e1nchez<\/p>\n<p>Noelia S\u00e1nchez<\/p>\n<p>Ana Mar\u00eda Illesca<\/p>\n<p>Jos\u00e9 Antonio Illesca<\/p>\n<p><strong>\u00a0<\/strong><\/p>\n<p><strong>ARPA<\/strong><\/p>\n<p>M\u00aa Vicenta Diego<\/p>\n<p><strong>\u00a0<\/strong><\/p>\n<p><strong>CELESTA<\/strong><\/p>\n<p>Jos\u00e9 Miguel Rom\u00e1n<\/p>\n<p>&nbsp;<\/p>\n<p><strong>VIOLINES I<\/strong><\/p>\n<p>A\u00edda L\u00f3pez Borrego<\/p>\n<p>Andrea Marquina<\/p>\n<p>Daniel Le\u00f3n<\/p>\n<p>Juan Vel\u00e1zquez<\/p>\n<p>\u00c1gueda S\u00e1nchez<\/p>\n<p>Irene Cabanillas<\/p>\n<p>Elena Vallecillo<\/p>\n<p>Cristina Dom\u00ednguez Asperilla<\/p>\n<p>Irene Morales Fern\u00e1ndez<\/p>\n<p>Claudia Gallardo Uriarte<\/p>\n<p>Abigail Barrero<\/p>\n<p>Fernando Jos\u00e9 Pina Mu\u00f1oz<\/p>\n<p>Alba Catal\u00e1n Manzano<\/p>\n<p>F\u00e1tima Caballero<\/p>\n<p>Jes\u00fas Gonz\u00e1lez Moreira<\/p>\n<p>&nbsp;<\/p>\n<p><strong>VIOLINES II <\/strong><\/p>\n<p>Luc\u00eda L\u00f3pez Borrego<\/p>\n<p>Mar\u00eda Gracia del Saz<\/p>\n<p>Alejandro Vega<\/p>\n<p>Teresa Vizca\u00edno<\/p>\n<p>Sergio Fern\u00e1ndez Vega<\/p>\n<p>Pablo Romero<\/p>\n<p>Santiago Cabrera<\/p>\n<p>Ana Mu\u00f1oz<\/p>\n<p>\u00c1ngela Rodr\u00edguez<\/p>\n<p>Miriam Fern\u00e1ndez S\u00e1nchez<\/p>\n<p>Raquel Garc\u00eda Galera<\/p>\n<p>Luc\u00eda Fabiola Bernal M\u00e1rquez<\/p>\n<p>&nbsp;<\/p>\n<p><strong>VIOLAS <\/strong><\/p>\n<p>Rebeca Barea Soriano<\/p>\n<p>Jos\u00e9 Angel Esteban<\/p>\n<p>\u00c1lvaro Arrans<\/p>\n<p>Francisco Javier Rodas<\/p>\n<p>Paula Ramos<\/p>\n<p>Paula Cepeda<\/p>\n<p>Ana Moreno<\/p>\n<p>Salvador Daza Megher<\/p>\n<p>M\u00edriam Gallardo<\/p>\n<p>Ainhoa Franco Olmo<\/p>\n<p>Gonzalo Castell\u00f3<\/p>\n<p>\u00c1ngela Mar\u00eda Jim\u00e9nez Acevedo<\/p>\n<p>&nbsp;<\/p>\n<p><strong>VIOLONCHELOS<\/strong><\/p>\n<p>Juan Carrillo<\/p>\n<p>Juan Diego S\u00e1nchez Mingorance<\/p>\n<p>Enrique Garc\u00eda Galera<\/p>\n<p>Bel\u00e9n Gonz\u00e1lez Mira<\/p>\n<p>Jos\u00e9 Miguel Moreno<\/p>\n<p>Granada Galv\u00e1n<\/p>\n<p>Israel Sobrino<\/p>\n<p>Francisco Rosado<\/p>\n<p>Berta Garc\u00eda Sanz<\/p>\n<p>Gema Garc\u00eda<\/p>\n<p>Andrea Villalba<\/p>\n<p>Francisco Daniel Espa\u00f1a<\/p>\n<p>Irene Fontana<\/p>\n<p>Elisa Abril<\/p>\n<p>Elena Rodr\u00edguez Ad\u00e1n<\/p>\n<p>Margarita L\u00f3pez<\/p>\n<p>Sonia Garc\u00eda<\/p>\n<p>Ana Dom\u00ednguez<\/p>\n<p>Luc\u00eda Rosco<\/p>\n<p>&nbsp;<\/p>\n<p><strong>CONTRABAJOS<\/strong><\/p>\n<p>Eduardo Rodr\u00edguez<\/p>\n<p>Rafael Baena Nieto<\/p>\n<p>Bel\u00e9n Ferrer<\/p>\n<p>Marcelo Gonz\u00e1lez Vel\u00e1zquez<\/p>\n<p>Elena Farratell Ruiz<\/p>\n<p>Rom\u00e1n Fern\u00e1ndez-Vaca Rodr\u00edguez<\/p>\n<p>Abel Ivars<\/p>\n","protected":false},"excerpt":{"rendered":"<p>PLANTILLA TEMPORADA 3 CONCIERTO #1 FLAUTAS Ester Esteban Rosario Fern\u00e1ndez Diego Garc\u00eda Pablo Romero B\u00e1rbara G\u00e1lvez Carmen Ponce del Toro Roc\u00edo Salud Gonz\u00e1lez \u00a0 OBOES Isabel Rodr\u00edguez Foncueva Esther Rodr\u00edguez Orden Cristina Gimeno Mar\u00eda Jos\u00e9 M\u00e9niz Carmen G\u00f3mez Veloso \u00a0 CLARINETES Alfonso Manzanera Esteban S\u00e1nchez Noriega Sergio Cano Amaro Jos\u00e9 Carlos Dom\u00ednguez Almela Samuel Baena [&hellip;]<\/p>\n","protected":false},"author":5,"featured_media":0,"parent":0,"menu_order":0,"comment_status":"closed","ping_status":"open","template":"","meta":{"site-sidebar-layout":"default","site-content-layout":"","ast-site-content-layout":"default","site-content-style":"default","site-sidebar-style":"default","ast-global-header-display":"","ast-banner-title-visibility":"","ast-main-header-display":"","ast-hfb-above-header-display":"","ast-hfb-below-header-display":"","ast-hfb-mobile-header-display":"","site-post-title":"","ast-breadcrumbs-content":"","ast-featured-img":"","footer-sml-layout":"","ast-disable-related-posts":"","theme-transparent-header-meta":"","adv-header-id-meta":"","stick-header-meta":"","header-above-stick-meta":"","header-main-stick-meta":"","header-below-stick-meta":"","astra-migrate-meta-layouts":"default","ast-page-background-enabled":"default","ast-page-background-meta":{"desktop":{"background-color":"","background-image":"","background-repeat":"repeat","background-position":"center center","background-size":"auto","background-attachment":"scroll","background-type":"","background-media":"","overlay-type":"","overlay-color":"","overlay-opacity":"","overlay-gradient":""},"tablet":{"background-color":"","background-image":"","background-repeat":"repeat","background-position":"center center","background-size":"auto","background-attachment":"scroll","background-type":"","background-media":"","overlay-type":"","overlay-color":"","overlay-opacity":"","overlay-gradient":""},"mobile":{"background-color":"","background-image":"","background-repeat":"repeat","background-position":"center center","background-size":"auto","background-attachment":"scroll","background-type":"","background-media":"","overlay-type":"","overlay-color":"","overlay-opacity":"","overlay-gradient":""}},"ast-content-background-meta":{"desktop":{"background-color":"var(--ast-global-color-5)","background-image":"","background-repeat":"repeat","background-position":"center center","background-size":"auto","background-attachment":"scroll","background-type":"","background-media":"","overlay-type":"","overlay-color":"","overlay-opacity":"","overlay-gradient":""},"tablet":{"background-color":"var(--ast-global-color-5)","background-image":"","background-repeat":"repeat","background-position":"center center","background-size":"auto","background-attachment":"scroll","background-type":"","background-media":"","overlay-type":"","overlay-color":"","overlay-opacity":"","overlay-gradient":""},"mobile":{"background-color":"var(--ast-global-color-5)","background-image":"","background-repeat":"repeat","background-position":"center center","background-size":"auto","background-attachment":"scroll","background-type":"","background-media":"","overlay-type":"","overlay-color":"","overlay-opacity":"","overlay-gradient":""}},"footnotes":""},"class_list":["post-1451","page","type-page","status-publish","hentry"],"_links":{"self":[{"href":"https:\/\/institucional.us.es\/orquesta\/wp-json\/wp\/v2\/pages\/1451","targetHints":{"allow":["GET"]}}],"collection":[{"href":"https:\/\/institucional.us.es\/orquesta\/wp-json\/wp\/v2\/pages"}],"about":[{"href":"https:\/\/institucional.us.es\/orquesta\/wp-json\/wp\/v2\/types\/page"}],"author":[{"embeddable":true,"href":"https:\/\/institucional.us.es\/orquesta\/wp-json\/wp\/v2\/users\/5"}],"replies":[{"embeddable":true,"href":"https:\/\/institucional.us.es\/orquesta\/wp-json\/wp\/v2\/comments?post=1451"}],"version-history":[{"count":4,"href":"https:\/\/institucional.us.es\/orquesta\/wp-json\/wp\/v2\/pages\/1451\/revisions"}],"predecessor-version":[{"id":1745,"href":"https:\/\/institucional.us.es\/orquesta\/wp-json\/wp\/v2\/pages\/1451\/revisions\/1745"}],"wp:attachment":[{"href":"https:\/\/institucional.us.es\/orquesta\/wp-json\/wp\/v2\/media?parent=1451"}],"curies":[{"name":"wp","href":"https:\/\/api.w.org\/{rel}","templated":true}]}}