{"id":1457,"date":"2019-09-18T13:59:40","date_gmt":"2019-09-18T13:59:40","guid":{"rendered":"http:\/\/institucional.us.es\/orquesta\/?page_id=1457"},"modified":"2019-09-18T13:59:40","modified_gmt":"2019-09-18T13:59:40","slug":"plantilla-t3-2","status":"publish","type":"page","link":"https:\/\/institucional.us.es\/orquesta\/plantilla-t3-2\/","title":{"rendered":"PLANTILLA T3 #2"},"content":{"rendered":"<h1>PLANTILLA TEMPORADA 3 CONCIERTO #2<\/h1>\n<p><strong>FLAUTAS <\/strong><\/p>\n<p>Ester Esteban<\/p>\n<p>Rosario Fern\u00e1ndez<\/p>\n<p>Die\u00adgo Garc\u00eda Valencia<\/p>\n<p>Pablo Romero<\/p>\n<p>Carmen Ponce del Toro<\/p>\n<p>&nbsp;<\/p>\n<p><strong>OBOES <\/strong><\/p>\n<p>Isabel Rodr\u00edguez Foncueva<\/p>\n<p>Esther Rodr\u00ed\u00adguez Orden<\/p>\n<p>Cristina Gimeno<\/p>\n<p>Mar\u00eda Jos\u00e9 M\u00e9niz<\/p>\n<p>Car\u00admen G\u00f3mez Veloso<\/p>\n<p>Francisco Onieva<\/p>\n<p>&nbsp;<\/p>\n<p><strong>CLARINETES <\/strong><\/p>\n<p>Vir\u00adginia Moreno<\/p>\n<p>\u00c1lvaro Hern\u00e1ndez<\/p>\n<p>Andr\u00e9s Merino<\/p>\n<p>An\u00adtonio V\u00e9lez<\/p>\n<p>Jos\u00e9 Mar\u00eda Herrera<\/p>\n<p>&nbsp;<\/p>\n<p><strong>FAGOTES <\/strong><\/p>\n<p>Alfonso Silva<\/p>\n<p>Beatriz Bueno<\/p>\n<p>Mar\u00eda Garc\u00eda Bustos<\/p>\n<p>Alejandro \u00c1lva\u00adrez<\/p>\n<p>&nbsp;<\/p>\n<p><strong>TROMPAS <\/strong><\/p>\n<p>Jos\u00e9 Manuel Santos<\/p>\n<p>Carlos Lama<\/p>\n<p>Lo\u00adrena Mart\u00edn N\u00fa\u00f1ez<\/p>\n<p>Antonio Rosales<\/p>\n<p>Francisco Gar\u00adc\u00eda Romero<\/p>\n<p>Alejandro Lagares<\/p>\n<p>Victor Lozano Maria\u00adno<\/p>\n<p>Patricia del Roc\u00edo Mart\u00ednez V\u00e1zquez<\/p>\n<p>&nbsp;<\/p>\n<p><strong>TROMPETAS <\/strong><\/p>\n<p>Ignacio Gallardo Leal<\/p>\n<p>Fernando Beltr\u00e1n<\/p>\n<p>Jos\u00e9 David Elvira<\/p>\n<p>Juan Manuel Gallego<\/p>\n<p>Jos\u00e9 Mar\u00eda Camacho Pa\u00adt\u00f3n<\/p>\n<p>David Segado<\/p>\n<p>Octavio Montero<\/p>\n<p>Antonio Jos\u00e9 Ma\u00adteos<\/p>\n<p>&nbsp;<\/p>\n<p><strong>TROMBONES <\/strong><\/p>\n<p>Jos\u00e9 Vicente Ortega<\/p>\n<p>Manuel Jes\u00fas Ramos<\/p>\n<p>Jos\u00e9 Manuel Barquero<\/p>\n<p>Jos\u00e9 Ignacio Dom\u00edn\u00adguez<\/p>\n<p>&nbsp;<\/p>\n<p><strong>TUBA <\/strong><\/p>\n<p>Santiago Fuertes<\/p>\n<p>&nbsp;<\/p>\n<p><strong>PERCUSI\u00d3N <\/strong><\/p>\n<p>Miryam Ras\u00adtrero<\/p>\n<p>Rom\u00e1n Cano<\/p>\n<p>Jos\u00e9 Luis Sagrado<\/p>\n<p>Miguel S\u00e1n\u00adchez Cobo<\/p>\n<p>Noelia S\u00e1nchez Bonilla<\/p>\n<p>Ana Mar\u00eda Illesca<\/p>\n<p>Jos\u00e9 Antonio Illesca<\/p>\n<p>&nbsp;<\/p>\n<p><strong>ARPA<\/strong><\/p>\n<p>M\u00aa Vicenta Diego<\/p>\n<p>Eva Her\u00adn\u00e1ndez<\/p>\n<p>&nbsp;<\/p>\n<p><strong>PIANO, CELESTA, \u00d3RGANO HAMMOND <\/strong><\/p>\n<p>\u00c1lvaro Mur<\/p>\n<p>Jos\u00e9 Miguel Rom\u00e1n<\/p>\n<p>Mar\u00eda Bocardo<\/p>\n<p>Pablo Ro\u00addr\u00edguez Bonilla<\/p>\n<p>&nbsp;<\/p>\n<p><strong>VIOLINES I <\/strong><\/p>\n<p>A\u00edda L\u00f3pez Borrego<\/p>\n<p>Andrea Marquina<\/p>\n<p>Daniel Le\u00f3n<\/p>\n<p>Juan Vel\u00e1zquez<\/p>\n<p>\u00c1gueda S\u00e1n\u00adchez<\/p>\n<p>Irene Cabanillas<\/p>\n<p>Elena Vallecillo<\/p>\n<p>Cristina Do\u00adm\u00ednguez<\/p>\n<p>Elisa Prenda<\/p>\n<p>Irene Morales<\/p>\n<p>Claudia Gallar\u00addo<\/p>\n<p>Abigail Barrero<\/p>\n<p>Fernando Jos\u00e9 Pina<\/p>\n<p>Alba Catal\u00e1n<\/p>\n<p>F\u00e1tima Caballero<\/p>\n<p>Jes\u00fas Gonz\u00e1lez Moreira<\/p>\n<p>&nbsp;<\/p>\n<p><strong>VIOLINES II <\/strong><\/p>\n<p>Luc\u00eda L\u00f3pez Borrego<\/p>\n<p>Mar\u00eda Gracia del Saz<\/p>\n<p>Alejan\u00addro Vega<\/p>\n<p>Teresa Vizca\u00edno<\/p>\n<p>Sergio Fern\u00e1ndez Vega<\/p>\n<p>Pa\u00adblo Romero<\/p>\n<p>Ana Mu\u00f1oz<\/p>\n<p>Miriam Fern\u00e1ndez S\u00e1nchez<\/p>\n<p>\u00c1ngela Rodr\u00edguez<\/p>\n<p>Luc\u00eda Fabiola Bernal<\/p>\n<p>Jos\u00e9 Alfonso Cuevas<\/p>\n<p>Raquel Garc\u00eda Galera<\/p>\n<p>Ana Crenes<\/p>\n<p>Damaris V\u00e1zquez<\/p>\n<p>Laura Castillo<\/p>\n<p>Jos\u00e9 Ignacio L\u00f3pez Garc\u00eda<\/p>\n<p>&nbsp;<\/p>\n<p><strong>VIO\u00adLAS <\/strong><\/p>\n<p>Rebeca Barea Soriano<\/p>\n<p>Jos\u00e9 \u00c1ngel Esteban<\/p>\n<p>Paula Cepeda<\/p>\n<p>Gonzalo Castell\u00f3<\/p>\n<p>Ana Moreno<\/p>\n<p>Paula Ramos<\/p>\n<p>Salvador Daza Megher<\/p>\n<p>M\u00edriam Gallardo<\/p>\n<p>Ainhoa Fran\u00adco Olmo<\/p>\n<p>\u00c1ngela Mar\u00eda Jim\u00e9nez Acevedo<\/p>\n<p>Francisco Ja\u00advier Rodas<\/p>\n<p>Mar\u00eda Dolores Rom\u00e1n<\/p>\n<p>Jos\u00e9 \u00c1ngel Esteban<\/p>\n<p>&nbsp;<\/p>\n<p><strong>VIOLONCHELOS <\/strong><\/p>\n<p>Juan Carrillo<\/p>\n<p>Enrique Garc\u00eda Galera<\/p>\n<p>Bel\u00e9n Gonz\u00e1lez Mira<\/p>\n<p>Granada Galv\u00e1n<\/p>\n<p>Juan Diego S\u00e1n\u00adchez Mingorance<\/p>\n<p>Irene Fontana<\/p>\n<p>Elisa Abril<\/p>\n<p>Margari\u00adta L\u00f3pez<\/p>\n<p>Andrea Villalba<\/p>\n<p>Sonia Garc\u00eda Francisco Ro\u00adsado<\/p>\n<p>M\u00aa Dolores Resurrecci\u00f3n<\/p>\n<p>Berta Garc\u00eda Sanz<\/p>\n<p>Gema Garc\u00eda Carmona<\/p>\n<p>Jos\u00e9 Miguel Moreno<\/p>\n<p>Andrea Villaba<\/p>\n<p>Elena Rodr\u00edguez Ad\u00e1n<\/p>\n<p>Luc\u00eda Rosco<\/p>\n<p>&nbsp;<\/p>\n<p><strong>CONTRA\u00adBAJOS <\/strong><\/p>\n<p>Rafael Baena<\/p>\n<p>Elena Farratell<\/p>\n<p>Marcelo Gon\u00adz\u00e1lez Vel\u00e1zquez<\/p>\n<p>Abel Ivars<\/p>\n<p>Rom\u00e1n Fern\u00e1ndez-Vaca<\/p>\n<p>Eduardo Rodr\u00edguez<\/p>\n","protected":false},"excerpt":{"rendered":"<p>PLANTILLA TEMPORADA 3 CONCIERTO #2 FLAUTAS Ester Esteban Rosario Fern\u00e1ndez Die\u00adgo Garc\u00eda Valencia Pablo Romero Carmen Ponce del Toro &nbsp; OBOES Isabel Rodr\u00edguez Foncueva Esther Rodr\u00ed\u00adguez Orden Cristina Gimeno Mar\u00eda Jos\u00e9 M\u00e9niz Car\u00admen G\u00f3mez Veloso Francisco Onieva &nbsp; CLARINETES Vir\u00adginia Moreno \u00c1lvaro Hern\u00e1ndez Andr\u00e9s Merino An\u00adtonio V\u00e9lez Jos\u00e9 Mar\u00eda Herrera &nbsp; FAGOTES Alfonso Silva Beatriz [&hellip;]<\/p>\n","protected":false},"author":5,"featured_media":0,"parent":0,"menu_order":0,"comment_status":"closed","ping_status":"open","template":"","meta":{"site-sidebar-layout":"default","site-content-layout":"","ast-site-content-layout":"default","site-content-style":"default","site-sidebar-style":"default","ast-global-header-display":"","ast-banner-title-visibility":"","ast-main-header-display":"","ast-hfb-above-header-display":"","ast-hfb-below-header-display":"","ast-hfb-mobile-header-display":"","site-post-title":"","ast-breadcrumbs-content":"","ast-featured-img":"","footer-sml-layout":"","ast-disable-related-posts":"","theme-transparent-header-meta":"","adv-header-id-meta":"","stick-header-meta":"","header-above-stick-meta":"","header-main-stick-meta":"","header-below-stick-meta":"","astra-migrate-meta-layouts":"default","ast-page-background-enabled":"default","ast-page-background-meta":{"desktop":{"background-color":"","background-image":"","background-repeat":"repeat","background-position":"center center","background-size":"auto","background-attachment":"scroll","background-type":"","background-media":"","overlay-type":"","overlay-color":"","overlay-opacity":"","overlay-gradient":""},"tablet":{"background-color":"","background-image":"","background-repeat":"repeat","background-position":"center center","background-size":"auto","background-attachment":"scroll","background-type":"","background-media":"","overlay-type":"","overlay-color":"","overlay-opacity":"","overlay-gradient":""},"mobile":{"background-color":"","background-image":"","background-repeat":"repeat","background-position":"center center","background-size":"auto","background-attachment":"scroll","background-type":"","background-media":"","overlay-type":"","overlay-color":"","overlay-opacity":"","overlay-gradient":""}},"ast-content-background-meta":{"desktop":{"background-color":"var(--ast-global-color-5)","background-image":"","background-repeat":"repeat","background-position":"center center","background-size":"auto","background-attachment":"scroll","background-type":"","background-media":"","overlay-type":"","overlay-color":"","overlay-opacity":"","overlay-gradient":""},"tablet":{"background-color":"var(--ast-global-color-5)","background-image":"","background-repeat":"repeat","background-position":"center center","background-size":"auto","background-attachment":"scroll","background-type":"","background-media":"","overlay-type":"","overlay-color":"","overlay-opacity":"","overlay-gradient":""},"mobile":{"background-color":"var(--ast-global-color-5)","background-image":"","background-repeat":"repeat","background-position":"center center","background-size":"auto","background-attachment":"scroll","background-type":"","background-media":"","overlay-type":"","overlay-color":"","overlay-opacity":"","overlay-gradient":""}},"footnotes":""},"class_list":["post-1457","page","type-page","status-publish","hentry"],"_links":{"self":[{"href":"https:\/\/institucional.us.es\/orquesta\/wp-json\/wp\/v2\/pages\/1457","targetHints":{"allow":["GET"]}}],"collection":[{"href":"https:\/\/institucional.us.es\/orquesta\/wp-json\/wp\/v2\/pages"}],"about":[{"href":"https:\/\/institucional.us.es\/orquesta\/wp-json\/wp\/v2\/types\/page"}],"author":[{"embeddable":true,"href":"https:\/\/institucional.us.es\/orquesta\/wp-json\/wp\/v2\/users\/5"}],"replies":[{"embeddable":true,"href":"https:\/\/institucional.us.es\/orquesta\/wp-json\/wp\/v2\/comments?post=1457"}],"version-history":[{"count":1,"href":"https:\/\/institucional.us.es\/orquesta\/wp-json\/wp\/v2\/pages\/1457\/revisions"}],"predecessor-version":[{"id":1461,"href":"https:\/\/institucional.us.es\/orquesta\/wp-json\/wp\/v2\/pages\/1457\/revisions\/1461"}],"wp:attachment":[{"href":"https:\/\/institucional.us.es\/orquesta\/wp-json\/wp\/v2\/media?parent=1457"}],"curies":[{"name":"wp","href":"https:\/\/api.w.org\/{rel}","templated":true}]}}