{"id":1463,"date":"2019-09-18T14:12:29","date_gmt":"2019-09-18T14:12:29","guid":{"rendered":"http:\/\/institucional.us.es\/orquesta\/?page_id=1463"},"modified":"2019-09-18T14:12:29","modified_gmt":"2019-09-18T14:12:29","slug":"plantilla-t3-3","status":"publish","type":"page","link":"https:\/\/institucional.us.es\/orquesta\/plantilla-t3-3\/","title":{"rendered":"PLANTILLA T3 #3"},"content":{"rendered":"<h1>PLANTILLA TEMPORADA 3 CONCIERTO #3<\/h1>\n<p><strong>FLAUTAS <\/strong><\/p>\n<p>B\u00e1rbara G\u00e1lvez<\/p>\n<p>Carmen Ponce del Toro<\/p>\n<p>Diego Garc\u00eda<\/p>\n<p>Ester Esteban<\/p>\n<p>Rosario Fern\u00e1ndez<\/p>\n<p>Ismael Escalante<\/p>\n<p>Consuelo Rivera<\/p>\n<p>&nbsp;<\/p>\n<p><strong>OBOES <\/strong><\/p>\n<p>Isabel Rodr\u00edguez Foncueva<\/p>\n<p>Esther Rodr\u00edguez Orden<\/p>\n<p>Cris\u00adtina Gimeno<\/p>\n<p>Mar\u00eda Jos\u00e9 M\u00e9niz<\/p>\n<p>Carmen G\u00f3mez Ve\u00adloso<\/p>\n<p>Francisco Onieva<\/p>\n<p>&nbsp;<\/p>\n<p><strong>CLARINETES <\/strong><\/p>\n<p>Jaime Jim\u00e9nez Alba<\/p>\n<p>David Calvo<\/p>\n<p>Iv\u00e1n Villar<\/p>\n<p>Ana Garc\u00eda<\/p>\n<p>Claudio Tirado<\/p>\n<p>&nbsp;<\/p>\n<p><strong>FAGOTES <\/strong><\/p>\n<p>Alfonso Silva<\/p>\n<p>Beatriz Bueno<\/p>\n<p>Ma\u00adr\u00eda Garc\u00eda Bustos<\/p>\n<p>Alejandro \u00c1lvarez<\/p>\n<p>Mar\u00eda Y\u00e1\u00f1ez<\/p>\n<p>&nbsp;<\/p>\n<p><strong>TROMPAS <\/strong><\/p>\n<p>Jos\u00e9 Manuel Santos<\/p>\n<p>Carlos Lama<\/p>\n<p>Lore\u00adna Mart\u00edn N\u00fa\u00f1ez<\/p>\n<p>Antonio Rosales<\/p>\n<p>Francisco Garc\u00eda Romero<\/p>\n<p>Alejandro Lagares<\/p>\n<p>V\u00edctor Lozano Maria\u00adno<\/p>\n<p>Patricia del Roc\u00edo Mart\u00ednez V\u00e1zquez<\/p>\n<p>&nbsp;<\/p>\n<p><strong>TROMPETAS <\/strong><\/p>\n<p>Ignacio Gallardo Leal<\/p>\n<p>Fernando Beltr\u00e1n<\/p>\n<p>Jos\u00e9 Da\u00advid Elvira<\/p>\n<p>Juan Manuel Gallego<\/p>\n<p>Jos\u00e9 Mar\u00eda Cama\u00adcho Pat\u00f3n<\/p>\n<p>David Segado<\/p>\n<p>Octavio Montero<\/p>\n<p>Anto\u00adnio Jos\u00e9 Mateos<\/p>\n<p>&nbsp;<\/p>\n<p><strong>TROMBONES <\/strong><\/p>\n<p>Jos\u00e9 Hern\u00e1ndez Rey<\/p>\n<p>Jos\u00e9 Vicente Ortega Sierra<\/p>\n<p>Manuel Jes\u00fas Ramos Rodr\u00edguez<\/p>\n<p>Jos\u00e9 Ignacio Dom\u00ednguez<\/p>\n<p>Miguel Jim\u00e9\u00adnez<\/p>\n<p>Ignacio Navarro<\/p>\n<p>&nbsp;<\/p>\n<p><strong>TUBA <\/strong><\/p>\n<p>Santiago Fuertes<\/p>\n<p>&nbsp;<\/p>\n<p><strong>PER\u00adCUSI\u00d3N <\/strong><\/p>\n<p>Miryam Rastrero<\/p>\n<p>Rom\u00e1n Cano<\/p>\n<p>Jos\u00e9 Luis Sagrado<\/p>\n<p>Miguel S\u00e1nchez Cobo<\/p>\n<p>Noelia S\u00e1nchez Bo\u00adnilla<\/p>\n<p>Ana Mar\u00eda Illesca<\/p>\n<p>Jos\u00e9 Antonio Illesca<\/p>\n<p>&nbsp;<\/p>\n<p><strong>ARPA <\/strong><\/p>\n<p>Mar\u00eda Vicenta Diego<\/p>\n<p>&nbsp;<\/p>\n<p><strong>VIOLINES I <\/strong><\/p>\n<p>Luc\u00eda L\u00f3pez Borrego<\/p>\n<p>Teresa Vizca\u00edno<\/p>\n<p>Andrea Marquina<\/p>\n<p>M\u00aa Gracia del Saz<\/p>\n<p>\u00c1gueda S\u00e1nchez<\/p>\n<p>Alejandro Vega<\/p>\n<p>Elisa Prenda<\/p>\n<p>Elena Vallecillo<\/p>\n<p>Fernando Pina<\/p>\n<p>Jos\u00e9 Ignacio L\u00f3pez<\/p>\n<p>Cristina Dom\u00ednguez Asperilla<\/p>\n<p>\u00c1ngela Rodr\u00edguez<\/p>\n<p>Sergio Fern\u00e1ndez<\/p>\n<p>F\u00e1tima Caballero<\/p>\n<p>&nbsp;<\/p>\n<p><strong>VIOLINES II <\/strong><\/p>\n<p>Aida L\u00f3pez Borrego<\/p>\n<p>Daniel Le\u00f3n<\/p>\n<p>Juan Vel\u00e1zquez<\/p>\n<p>Irene Cabanillas<\/p>\n<p>Abigail Barrero<\/p>\n<p>Irene Morales<\/p>\n<p>Ana Mu\u00f1oz<\/p>\n<p>Ana Crenes<\/p>\n<p>Alba Catal\u00e1n<\/p>\n<p>Luc\u00eda Fa\u00adbiola Bernal<\/p>\n<p>Miriam Fern\u00e1ndez S\u00e1nchez<\/p>\n<p>Pablo Ro\u00admero<\/p>\n<p>Antonio Fern\u00e1ndez<\/p>\n<p>&nbsp;<\/p>\n<p><strong>VIOLAS <\/strong><\/p>\n<p>Rebeca Barea So\u00adriano<\/p>\n<p>Jos\u00e9 \u00c1ngel Esteban<\/p>\n<p>Paula Cepeda<\/p>\n<p>Salva\u00addor Daza Megher<\/p>\n<p>Ana Moreno<\/p>\n<p>Francisco Javier Ro\u00addas<\/p>\n<p>Paula Ramos<\/p>\n<p>\u00c1ngela Mar\u00eda Jim\u00e9nez Aceve\u00addo<\/p>\n<p>M\u00edriam Gallardo<\/p>\n<p>Ainhoa Franco Olmo<\/p>\n<p>Ver\u00f3nica Mic\u00f3<\/p>\n<p>Mar\u00eda del Carmen Arcos<\/p>\n<p>&nbsp;<\/p>\n<p><strong>VIOLONCHELOS <\/strong><\/p>\n<p>Juan Carrillo<\/p>\n<p>Israel Sobrino<\/p>\n<p>Ana Dom\u00ednguez<\/p>\n<p>Francis\u00adco Daniel Espa\u00f1a<\/p>\n<p>Andrea Villalba<\/p>\n<p>Irene Fontana<\/p>\n<p>Francisco Rosado<\/p>\n<p>Juan Diego S\u00e1nchez Mingorance<\/p>\n<p>Margarita L\u00f3pez<\/p>\n<p>Sonia Garc\u00eda<\/p>\n<p>Luc\u00eda Rosco<\/p>\n<p>Enri\u00adque Garc\u00eda<\/p>\n<p>Berta Garc\u00eda<\/p>\n<p>Gema Garc\u00eda<\/p>\n<p>Jos\u00e9 Miguel Moreno<\/p>\n<p>Elisa Abril<\/p>\n<p>Elena Rodr\u00edguez Ad\u00e1n<\/p>\n<p>Grana\u00adda Galv\u00e1n<\/p>\n<p>&nbsp;<\/p>\n<p><strong>CONTRABAJOS <\/strong><\/p>\n<p>Rafael Baena Nieto<\/p>\n<p>Elena Farratell Ruiz<\/p>\n<p>Eduardo Rodr\u00edguez Sp\u00ednola<\/p>\n<p>Marce\u00adlo Gonz\u00e1lez Vel\u00e1zquez<\/p>\n<p>Abel Ivars<\/p>\n<p>Rom\u00e1n Fern\u00e1n\u00addez-Vaca Rodr\u00edguez<\/p>\n<p>Bel\u00e9n Ferrer<\/p>\n","protected":false},"excerpt":{"rendered":"<p>PLANTILLA TEMPORADA 3 CONCIERTO #3 FLAUTAS B\u00e1rbara G\u00e1lvez Carmen Ponce del Toro Diego Garc\u00eda Ester Esteban Rosario Fern\u00e1ndez Ismael Escalante Consuelo Rivera &nbsp; OBOES Isabel Rodr\u00edguez Foncueva Esther Rodr\u00edguez Orden Cris\u00adtina Gimeno Mar\u00eda Jos\u00e9 M\u00e9niz Carmen G\u00f3mez Ve\u00adloso Francisco Onieva &nbsp; CLARINETES Jaime Jim\u00e9nez Alba David Calvo Iv\u00e1n Villar Ana Garc\u00eda Claudio Tirado &nbsp; FAGOTES [&hellip;]<\/p>\n","protected":false},"author":5,"featured_media":0,"parent":0,"menu_order":0,"comment_status":"closed","ping_status":"open","template":"","meta":{"site-sidebar-layout":"default","site-content-layout":"","ast-site-content-layout":"default","site-content-style":"default","site-sidebar-style":"default","ast-global-header-display":"","ast-banner-title-visibility":"","ast-main-header-display":"","ast-hfb-above-header-display":"","ast-hfb-below-header-display":"","ast-hfb-mobile-header-display":"","site-post-title":"","ast-breadcrumbs-content":"","ast-featured-img":"","footer-sml-layout":"","ast-disable-related-posts":"","theme-transparent-header-meta":"","adv-header-id-meta":"","stick-header-meta":"","header-above-stick-meta":"","header-main-stick-meta":"","header-below-stick-meta":"","astra-migrate-meta-layouts":"default","ast-page-background-enabled":"default","ast-page-background-meta":{"desktop":{"background-color":"","background-image":"","background-repeat":"repeat","background-position":"center center","background-size":"auto","background-attachment":"scroll","background-type":"","background-media":"","overlay-type":"","overlay-color":"","overlay-opacity":"","overlay-gradient":""},"tablet":{"background-color":"","background-image":"","background-repeat":"repeat","background-position":"center center","background-size":"auto","background-attachment":"scroll","background-type":"","background-media":"","overlay-type":"","overlay-color":"","overlay-opacity":"","overlay-gradient":""},"mobile":{"background-color":"","background-image":"","background-repeat":"repeat","background-position":"center center","background-size":"auto","background-attachment":"scroll","background-type":"","background-media":"","overlay-type":"","overlay-color":"","overlay-opacity":"","overlay-gradient":""}},"ast-content-background-meta":{"desktop":{"background-color":"var(--ast-global-color-5)","background-image":"","background-repeat":"repeat","background-position":"center center","background-size":"auto","background-attachment":"scroll","background-type":"","background-media":"","overlay-type":"","overlay-color":"","overlay-opacity":"","overlay-gradient":""},"tablet":{"background-color":"var(--ast-global-color-5)","background-image":"","background-repeat":"repeat","background-position":"center center","background-size":"auto","background-attachment":"scroll","background-type":"","background-media":"","overlay-type":"","overlay-color":"","overlay-opacity":"","overlay-gradient":""},"mobile":{"background-color":"var(--ast-global-color-5)","background-image":"","background-repeat":"repeat","background-position":"center center","background-size":"auto","background-attachment":"scroll","background-type":"","background-media":"","overlay-type":"","overlay-color":"","overlay-opacity":"","overlay-gradient":""}},"footnotes":""},"class_list":["post-1463","page","type-page","status-publish","hentry"],"_links":{"self":[{"href":"https:\/\/institucional.us.es\/orquesta\/wp-json\/wp\/v2\/pages\/1463","targetHints":{"allow":["GET"]}}],"collection":[{"href":"https:\/\/institucional.us.es\/orquesta\/wp-json\/wp\/v2\/pages"}],"about":[{"href":"https:\/\/institucional.us.es\/orquesta\/wp-json\/wp\/v2\/types\/page"}],"author":[{"embeddable":true,"href":"https:\/\/institucional.us.es\/orquesta\/wp-json\/wp\/v2\/users\/5"}],"replies":[{"embeddable":true,"href":"https:\/\/institucional.us.es\/orquesta\/wp-json\/wp\/v2\/comments?post=1463"}],"version-history":[{"count":1,"href":"https:\/\/institucional.us.es\/orquesta\/wp-json\/wp\/v2\/pages\/1463\/revisions"}],"predecessor-version":[{"id":1467,"href":"https:\/\/institucional.us.es\/orquesta\/wp-json\/wp\/v2\/pages\/1463\/revisions\/1467"}],"wp:attachment":[{"href":"https:\/\/institucional.us.es\/orquesta\/wp-json\/wp\/v2\/media?parent=1463"}],"curies":[{"name":"wp","href":"https:\/\/api.w.org\/{rel}","templated":true}]}}