{"id":1488,"date":"2019-09-18T15:15:23","date_gmt":"2019-09-18T15:15:23","guid":{"rendered":"http:\/\/institucional.us.es\/orquesta\/?page_id=1488"},"modified":"2019-09-18T15:15:38","modified_gmt":"2019-09-18T15:15:38","slug":"plantilla-t6-retablo","status":"publish","type":"page","link":"https:\/\/institucional.us.es\/orquesta\/plantilla-t6-retablo\/","title":{"rendered":"PLANTILLA T6 RETABLO"},"content":{"rendered":"<h1>PLANTILLA TEMPORADA VI \u00abEL RETABLO DE MAESE PEDRO\u00bb<\/h1>\n<p>&nbsp;<\/p>\n<p><strong>FLAUTA\/FLAUT\u00cdN<\/strong><\/p>\n<p>Paula Garc\u00eda-Arcic\u00f3llar<\/p>\n<p>&nbsp;<\/p>\n<p><strong>OBOES<\/strong><\/p>\n<p>Juan Carlos \u00c1lvarez<\/p>\n<p>Marta Mart\u00edn<\/p>\n<p>&nbsp;<\/p>\n<p><strong>CORNO INGL\u00c9S<\/strong><\/p>\n<p>Manuel Acu\u00f1a<\/p>\n<p>&nbsp;<\/p>\n<p><strong>CLARINETE<\/strong><\/p>\n<p>Manuel Emilio Mar\u00ed<\/p>\n<p>&nbsp;<\/p>\n<p><strong>FAGOT<\/strong><\/p>\n<p>Jes\u00fas Manuel Moreno<\/p>\n<p>&nbsp;<\/p>\n<p><strong>TROMPAS<\/strong><\/p>\n<p>Antonio Lasheras<\/p>\n<p>Alejandro Huete<\/p>\n<p>&nbsp;<\/p>\n<p><strong>TROMPETA<\/strong><\/p>\n<p>Manuel Jes\u00fas Rodr\u00edguez<\/p>\n<p>&nbsp;<\/p>\n<p><strong>PERCUSI\u00d3N<\/strong><\/p>\n<p>Alejandro Tur<\/p>\n<p>Loris Mazza<\/p>\n<p>&nbsp;<\/p>\n<p><strong>ARPA<\/strong><\/p>\n<p>Mavi Diego<\/p>\n<p>&nbsp;<\/p>\n<p><strong>CLAVE<\/strong><\/p>\n<p>Jos\u00e9 Antonio M\u00e1rquez<\/p>\n<p>&nbsp;<\/p>\n<p><strong>VIOLINES I<\/strong><\/p>\n<p>Claudia Gallardo<\/p>\n<p>Irene Morales<\/p>\n<p>&nbsp;<\/p>\n<p><strong>VIOLINES II<\/strong><\/p>\n<p>Fernando Pina<\/p>\n<p>Nerea Garc\u00eda<\/p>\n<p>&nbsp;<\/p>\n<p><strong>VIOLAS<\/strong><\/p>\n<p>Alberto Garc\u00eda<\/p>\n<p>Alejandro Parra<\/p>\n<p>&nbsp;<\/p>\n<p><strong>VIOLONCHELOS<\/strong><\/p>\n<p>Gabriel Gonz\u00e1lez<\/p>\n<p>Andrea Trillo<\/p>\n<p>&nbsp;<\/p>\n<p><strong>CONTRABAJO<\/strong><\/p>\n<p>Rafael Baena<\/p>\n","protected":false},"excerpt":{"rendered":"<p>PLANTILLA TEMPORADA VI \u00abEL RETABLO DE MAESE PEDRO\u00bb &nbsp; FLAUTA\/FLAUT\u00cdN Paula Garc\u00eda-Arcic\u00f3llar &nbsp; OBOES Juan Carlos \u00c1lvarez Marta Mart\u00edn &nbsp; CORNO INGL\u00c9S Manuel Acu\u00f1a &nbsp; CLARINETE Manuel Emilio Mar\u00ed &nbsp; FAGOT Jes\u00fas Manuel Moreno &nbsp; TROMPAS Antonio Lasheras Alejandro Huete &nbsp; TROMPETA Manuel Jes\u00fas Rodr\u00edguez &nbsp; PERCUSI\u00d3N Alejandro Tur Loris Mazza &nbsp; ARPA Mavi Diego [&hellip;]<\/p>\n","protected":false},"author":5,"featured_media":0,"parent":0,"menu_order":0,"comment_status":"closed","ping_status":"open","template":"","meta":{"site-sidebar-layout":"default","site-content-layout":"","ast-site-content-layout":"default","site-content-style":"default","site-sidebar-style":"default","ast-global-header-display":"","ast-banner-title-visibility":"","ast-main-header-display":"","ast-hfb-above-header-display":"","ast-hfb-below-header-display":"","ast-hfb-mobile-header-display":"","site-post-title":"","ast-breadcrumbs-content":"","ast-featured-img":"","footer-sml-layout":"","ast-disable-related-posts":"","theme-transparent-header-meta":"","adv-header-id-meta":"","stick-header-meta":"","header-above-stick-meta":"","header-main-stick-meta":"","header-below-stick-meta":"","astra-migrate-meta-layouts":"default","ast-page-background-enabled":"default","ast-page-background-meta":{"desktop":{"background-color":"","background-image":"","background-repeat":"repeat","background-position":"center center","background-size":"auto","background-attachment":"scroll","background-type":"","background-media":"","overlay-type":"","overlay-color":"","overlay-opacity":"","overlay-gradient":""},"tablet":{"background-color":"","background-image":"","background-repeat":"repeat","background-position":"center center","background-size":"auto","background-attachment":"scroll","background-type":"","background-media":"","overlay-type":"","overlay-color":"","overlay-opacity":"","overlay-gradient":""},"mobile":{"background-color":"","background-image":"","background-repeat":"repeat","background-position":"center center","background-size":"auto","background-attachment":"scroll","background-type":"","background-media":"","overlay-type":"","overlay-color":"","overlay-opacity":"","overlay-gradient":""}},"ast-content-background-meta":{"desktop":{"background-color":"var(--ast-global-color-5)","background-image":"","background-repeat":"repeat","background-position":"center center","background-size":"auto","background-attachment":"scroll","background-type":"","background-media":"","overlay-type":"","overlay-color":"","overlay-opacity":"","overlay-gradient":""},"tablet":{"background-color":"var(--ast-global-color-5)","background-image":"","background-repeat":"repeat","background-position":"center center","background-size":"auto","background-attachment":"scroll","background-type":"","background-media":"","overlay-type":"","overlay-color":"","overlay-opacity":"","overlay-gradient":""},"mobile":{"background-color":"var(--ast-global-color-5)","background-image":"","background-repeat":"repeat","background-position":"center center","background-size":"auto","background-attachment":"scroll","background-type":"","background-media":"","overlay-type":"","overlay-color":"","overlay-opacity":"","overlay-gradient":""}},"footnotes":""},"class_list":["post-1488","page","type-page","status-publish","hentry"],"_links":{"self":[{"href":"https:\/\/institucional.us.es\/orquesta\/wp-json\/wp\/v2\/pages\/1488","targetHints":{"allow":["GET"]}}],"collection":[{"href":"https:\/\/institucional.us.es\/orquesta\/wp-json\/wp\/v2\/pages"}],"about":[{"href":"https:\/\/institucional.us.es\/orquesta\/wp-json\/wp\/v2\/types\/page"}],"author":[{"embeddable":true,"href":"https:\/\/institucional.us.es\/orquesta\/wp-json\/wp\/v2\/users\/5"}],"replies":[{"embeddable":true,"href":"https:\/\/institucional.us.es\/orquesta\/wp-json\/wp\/v2\/comments?post=1488"}],"version-history":[{"count":1,"href":"https:\/\/institucional.us.es\/orquesta\/wp-json\/wp\/v2\/pages\/1488\/revisions"}],"predecessor-version":[{"id":1492,"href":"https:\/\/institucional.us.es\/orquesta\/wp-json\/wp\/v2\/pages\/1488\/revisions\/1492"}],"wp:attachment":[{"href":"https:\/\/institucional.us.es\/orquesta\/wp-json\/wp\/v2\/media?parent=1488"}],"curies":[{"name":"wp","href":"https:\/\/api.w.org\/{rel}","templated":true}]}}