{"id":1494,"date":"2019-09-18T15:18:42","date_gmt":"2019-09-18T15:18:42","guid":{"rendered":"http:\/\/institucional.us.es\/orquesta\/?page_id=1494"},"modified":"2019-09-18T15:18:42","modified_gmt":"2019-09-18T15:18:42","slug":"plantilla-t6-4","status":"publish","type":"page","link":"https:\/\/institucional.us.es\/orquesta\/plantilla-t6-4\/","title":{"rendered":"PLANTILLA T6 #4"},"content":{"rendered":"<h1>PLANTILLA TEMPORADA VI CONCIERTO #4<\/h1>\n<p><strong>FLAUTAS<\/strong><\/p>\n<p>Ver\u00f3nica M\u00e9ndez Garc\u00eda<\/p>\n<p>Paula Garc\u00eda-Arcic\u00f3llar<\/p>\n<p>Jos\u00e9 Ram\u00f3n Bres.<\/p>\n<p>&nbsp;<\/p>\n<p><strong>OBOES<\/strong><\/p>\n<p>Marta Mart\u00edn<\/p>\n<p>M\u00aa del Carmen Dom\u00ednguez<\/p>\n<p>Alberto Guill\u00e9n<\/p>\n<p>Carlos \u00c1lvarez de Cienfuegos.<\/p>\n<p>&nbsp;<\/p>\n<p><strong>CLARINETES<\/strong><\/p>\n<p>Javier C. Giner<\/p>\n<p>Jos\u00e9 M\u00aa S\u00e1nchez Bonet<\/p>\n<p>Carlos Caballero<\/p>\n<p>David L\u00f3pez Vega.<\/p>\n<p>&nbsp;<\/p>\n<p><strong>FAGOTES<\/strong><\/p>\n<p>Jes\u00fas Moreno<\/p>\n<p>Rebeca Garc\u00eda<\/p>\n<p>&nbsp;<\/p>\n<p><strong>TROMPAS<\/strong><\/p>\n<p>Miriam Rodr\u00edguez<\/p>\n<p>Francisco J. Monge<\/p>\n<p>&nbsp;<\/p>\n<p><strong>TROMPETAS<\/strong><\/p>\n<p>Jes\u00fas Iglesias Camacho<\/p>\n<p>Alfonso Cabrera<\/p>\n<p>Fernando Sariego<\/p>\n<p>Joaqu\u00edn D. Mart\u00edn<\/p>\n<p>&nbsp;<\/p>\n<p><strong>TROMBONES<\/strong><\/p>\n<p>Ignacio Navarro<\/p>\n<p>&nbsp;<\/p>\n<p><strong>TIMBALES Y PERCUSI\u00d3N<\/strong><\/p>\n<p>Antonio J. P\u00e9rez<\/p>\n<p>Marisa del Toro<\/p>\n<p>Carlos Ventura<\/p>\n<p>Loris Mazza<\/p>\n<p>Melquiot Lortet.<\/p>\n<p>&nbsp;<\/p>\n<p><strong>\u00d3RGANO<\/strong><\/p>\n<p>Andr\u00e9s Cea<\/p>\n<p>&nbsp;<\/p>\n<p><strong>VIOLINES I<\/strong><\/p>\n<p>Claudia Gallardo<\/p>\n<p>Nerea Garc\u00eda Su\u00e1rez<\/p>\n<p>Fernando Pina<\/p>\n<p>Daniel Fern\u00e1ndez Mendo<\/p>\n<p>Marta Jim\u00e9nez<\/p>\n<p>Antonio V\u00e1zquez<\/p>\n<p>Carmen Moreno<\/p>\n<p>Sergio Vall\u00e9s<\/p>\n<p>Alicia Rodr\u00edguez Garc\u00eda<\/p>\n<p>Mar\u00eda Salas<\/p>\n<p>Teresa Bartolom\u00e9<\/p>\n<p>Laura Ortega<\/p>\n<p>Laura L\u00f3pez Paz<\/p>\n<p>&nbsp;<\/p>\n<p><strong>VIOLINES II<\/strong><\/p>\n<p>Irene Morales<\/p>\n<p>Sara Vega<\/p>\n<p>Alba Catal\u00e1n<\/p>\n<p>Sandra Bravo<\/p>\n<p>Ra\u00fal Escudero<\/p>\n<p>Iria Griselda Reyes<\/p>\n<p>Mar\u00eda Gonz\u00e1lez Comesa\u00f1a<\/p>\n<p>Alejandro M. Moreno<\/p>\n<p>Raquel Garc\u00eda D\u00edaz<\/p>\n<p>Ricardo Riscardo<\/p>\n<p>Juan Manuel C\u00f3rdoba<\/p>\n<p>Mar\u00eda Hu\u00e9lamo.<\/p>\n<p>&nbsp;<\/p>\n<p><strong>VIOLAS<\/strong><\/p>\n<p>Alejandro Parra<\/p>\n<p>Carlos Erbez<\/p>\n<p>Mar\u00eda del Mar Ochavo<\/p>\n<p>Isabel Romero<\/p>\n<p>Ainhoa Franco<\/p>\n<p>M\u00aa Esperanza<\/p>\n<p>Gonz\u00e1lez Navarro<\/p>\n<p>Mar\u00eda del Roc\u00edo Lauri\u00f1o<\/p>\n<p>Bel\u00e9n S\u00e1nchez<\/p>\n<p>Miriam Gallardo<\/p>\n<p>\u00c1ngela Jim\u00e9nez<\/p>\n<p>Ismael Hamido Ortega<\/p>\n<p>Gloria Fern\u00e1ndez<\/p>\n<p>Alberto Garc\u00eda P\u00e9rez<\/p>\n<p>David P\u00e9rez Fern\u00e1ndez<\/p>\n<p>&nbsp;<\/p>\n<p><strong>VIOLONCHELOS<\/strong><\/p>\n<p>Fabio Rafael Arias<\/p>\n<p>Sergio Garrido<\/p>\n<p>Jos\u00e9 M\u00aa Rodr\u00edguez<\/p>\n<p>Araceli Carmona<\/p>\n<p>Generoso J. Arcos<\/p>\n<p>Omar Faiz<\/p>\n<p>Juan Lim\u00f3n<\/p>\n<p>Marta \u00c1lvarez<\/p>\n<p>Andrea Trillo<\/p>\n<p>Rosa de Valme Garc\u00eda<\/p>\n<p>Gabriel Gonz\u00e1lez Rodero<\/p>\n<p>Laura Mar\u00edn Fern\u00e1ndez<\/p>\n<p>Gabriel Sevilla<\/p>\n<p>Ricardo Huete<\/p>\n<p>Jos\u00e9 Luis Tar\u00edn<\/p>\n<p>Guillermo Villas\u00e1n.<\/p>\n<p>&nbsp;<\/p>\n<p><strong>CONTRABAJOS<\/strong><\/p>\n<p>Rafael Baena<\/p>\n<p>Elena Ferrater<\/p>\n<p>Eduardo Rodr\u00edguez<\/p>\n<p>Xavier Boixader<\/p>\n","protected":false},"excerpt":{"rendered":"<p>PLANTILLA TEMPORADA VI CONCIERTO #4 FLAUTAS Ver\u00f3nica M\u00e9ndez Garc\u00eda Paula Garc\u00eda-Arcic\u00f3llar Jos\u00e9 Ram\u00f3n Bres. &nbsp; OBOES Marta Mart\u00edn M\u00aa del Carmen Dom\u00ednguez Alberto Guill\u00e9n Carlos \u00c1lvarez de Cienfuegos. &nbsp; CLARINETES Javier C. Giner Jos\u00e9 M\u00aa S\u00e1nchez Bonet Carlos Caballero David L\u00f3pez Vega. &nbsp; FAGOTES Jes\u00fas Moreno Rebeca Garc\u00eda &nbsp; TROMPAS Miriam Rodr\u00edguez Francisco J. Monge [&hellip;]<\/p>\n","protected":false},"author":5,"featured_media":0,"parent":0,"menu_order":0,"comment_status":"closed","ping_status":"open","template":"","meta":{"site-sidebar-layout":"default","site-content-layout":"","ast-site-content-layout":"default","site-content-style":"default","site-sidebar-style":"default","ast-global-header-display":"","ast-banner-title-visibility":"","ast-main-header-display":"","ast-hfb-above-header-display":"","ast-hfb-below-header-display":"","ast-hfb-mobile-header-display":"","site-post-title":"","ast-breadcrumbs-content":"","ast-featured-img":"","footer-sml-layout":"","ast-disable-related-posts":"","theme-transparent-header-meta":"","adv-header-id-meta":"","stick-header-meta":"","header-above-stick-meta":"","header-main-stick-meta":"","header-below-stick-meta":"","astra-migrate-meta-layouts":"default","ast-page-background-enabled":"default","ast-page-background-meta":{"desktop":{"background-color":"","background-image":"","background-repeat":"repeat","background-position":"center center","background-size":"auto","background-attachment":"scroll","background-type":"","background-media":"","overlay-type":"","overlay-color":"","overlay-opacity":"","overlay-gradient":""},"tablet":{"background-color":"","background-image":"","background-repeat":"repeat","background-position":"center center","background-size":"auto","background-attachment":"scroll","background-type":"","background-media":"","overlay-type":"","overlay-color":"","overlay-opacity":"","overlay-gradient":""},"mobile":{"background-color":"","background-image":"","background-repeat":"repeat","background-position":"center center","background-size":"auto","background-attachment":"scroll","background-type":"","background-media":"","overlay-type":"","overlay-color":"","overlay-opacity":"","overlay-gradient":""}},"ast-content-background-meta":{"desktop":{"background-color":"var(--ast-global-color-5)","background-image":"","background-repeat":"repeat","background-position":"center center","background-size":"auto","background-attachment":"scroll","background-type":"","background-media":"","overlay-type":"","overlay-color":"","overlay-opacity":"","overlay-gradient":""},"tablet":{"background-color":"var(--ast-global-color-5)","background-image":"","background-repeat":"repeat","background-position":"center center","background-size":"auto","background-attachment":"scroll","background-type":"","background-media":"","overlay-type":"","overlay-color":"","overlay-opacity":"","overlay-gradient":""},"mobile":{"background-color":"var(--ast-global-color-5)","background-image":"","background-repeat":"repeat","background-position":"center center","background-size":"auto","background-attachment":"scroll","background-type":"","background-media":"","overlay-type":"","overlay-color":"","overlay-opacity":"","overlay-gradient":""}},"footnotes":""},"class_list":["post-1494","page","type-page","status-publish","hentry"],"_links":{"self":[{"href":"https:\/\/institucional.us.es\/orquesta\/wp-json\/wp\/v2\/pages\/1494","targetHints":{"allow":["GET"]}}],"collection":[{"href":"https:\/\/institucional.us.es\/orquesta\/wp-json\/wp\/v2\/pages"}],"about":[{"href":"https:\/\/institucional.us.es\/orquesta\/wp-json\/wp\/v2\/types\/page"}],"author":[{"embeddable":true,"href":"https:\/\/institucional.us.es\/orquesta\/wp-json\/wp\/v2\/users\/5"}],"replies":[{"embeddable":true,"href":"https:\/\/institucional.us.es\/orquesta\/wp-json\/wp\/v2\/comments?post=1494"}],"version-history":[{"count":1,"href":"https:\/\/institucional.us.es\/orquesta\/wp-json\/wp\/v2\/pages\/1494\/revisions"}],"predecessor-version":[{"id":1498,"href":"https:\/\/institucional.us.es\/orquesta\/wp-json\/wp\/v2\/pages\/1494\/revisions\/1498"}],"wp:attachment":[{"href":"https:\/\/institucional.us.es\/orquesta\/wp-json\/wp\/v2\/media?parent=1494"}],"curies":[{"name":"wp","href":"https:\/\/api.w.org\/{rel}","templated":true}]}}