{"id":1500,"date":"2019-09-18T15:25:04","date_gmt":"2019-09-18T15:25:04","guid":{"rendered":"http:\/\/institucional.us.es\/orquesta\/?page_id=1500"},"modified":"2019-09-18T15:25:04","modified_gmt":"2019-09-18T15:25:04","slug":"plantilla-t7-1","status":"publish","type":"page","link":"https:\/\/institucional.us.es\/orquesta\/plantilla-t7-1\/","title":{"rendered":"PLANTILLA T7 #1"},"content":{"rendered":"<h1>PLANTILLA TEMPORADA VII #1<\/h1>\n<p><strong>FLAUTAS<\/strong><\/p>\n<p>Juan Ram\u00f3n Bres<\/p>\n<p>Mar\u00eda Jos\u00e9 Rangel<\/p>\n<p>Mar\u00eda Jim\u00e9nez<\/p>\n<p>Alba Escobar<\/p>\n<p>&nbsp;<\/p>\n<p><strong>OBOES<\/strong><\/p>\n<p>Marta Mart\u00edn<\/p>\n<p>Manuel Acu\u00f1a<\/p>\n<p>Mar\u00eda del Carmen Dom\u00ednguez<\/p>\n<p>&nbsp;<\/p>\n<p><strong>CLARINETES <\/strong><\/p>\n<p>Carlos Caballero<\/p>\n<p>Christian Okawara<\/p>\n<p>&nbsp;<\/p>\n<p><strong>FAGOTES<\/strong><\/p>\n<p>Jes\u00fas Moreno<\/p>\n<p>Rebeca Garc\u00eda-Casal<\/p>\n<p>&nbsp;<\/p>\n<p><strong>TROMPAS<\/strong><\/p>\n<p>Joaqu\u00edn Guti\u00e9rrez<\/p>\n<p>Jes\u00fas Moreno<\/p>\n<p>Alejandro Mart\u00edn<\/p>\n<p>Roc\u00edo Moreno<\/p>\n<p>&nbsp;<\/p>\n<p><strong>TROMPETAS<\/strong><\/p>\n<p>Francisco Jos\u00e9 Gallego<\/p>\n<p>Marta Lucas<\/p>\n<p>&nbsp;<\/p>\n<p>Alfonso Cabrera<\/p>\n<p>Fernando Sariego<\/p>\n<p>&nbsp;<\/p>\n<p><strong>TROMBONES<\/strong><\/p>\n<p>Antonio Garc\u00eda<\/p>\n<p>Jes\u00fas Beldades<\/p>\n<p>Alejandro L\u00f3pez<\/p>\n<p>&nbsp;<\/p>\n<p><strong>TIMBALES<\/strong><\/p>\n<p>Juan Carlos Garc\u00eda Castro<\/p>\n<p>Carlos Moreno<\/p>\n<p>&nbsp;<\/p>\n<p><strong>VIOLINES<\/strong><\/p>\n<p>Fernando Pina<\/p>\n<p>Nerea Garc\u00eda Su\u00e1rez<\/p>\n<p>Sandra Bravo<\/p>\n<p>Pablo Ram\u00edrez<\/p>\n<p>Miriam Solar<\/p>\n<p>Sergio Vall\u00e9s<\/p>\n<p>&nbsp;<\/p>\n<p>Candela Schlatter<\/p>\n<p>Marta Jim\u00e9nez<\/p>\n<p>Claudia S\u00e1nchez Polonio<\/p>\n<p>Anna de Leo<\/p>\n<p>Ra\u00fal Escudero<\/p>\n<p>Iria Griselda Reyes<\/p>\n<p>&nbsp;<\/p>\n<p>Antonio V\u00e1zquez<\/p>\n<p>Alejandro Miguel Moreno<\/p>\n<p>Laura Ortega Valenzuela<\/p>\n<p>Jos\u00e9 Alfonso Cuevas<\/p>\n<p>Alicia Rodr\u00edguez Garc\u00eda<\/p>\n<p>H\u00e9ctor Infante<\/p>\n<p>Luc\u00eda Rodr\u00edguez Checa<\/p>\n<p>Mar\u00eda Salas<\/p>\n<p>Teresa Bartolom\u00e9<\/p>\n<p>Jos\u00e9 Silverio Ferr\u00f3n<\/p>\n<p>Mar\u00eda Hu\u00e9lamo<\/p>\n<p>Paloma Rold\u00e1n<\/p>\n<p>Celia Vicente Guerra<\/p>\n<p>Cristina Cordero<\/p>\n<p>Francisco Jes\u00fas Ruiz<\/p>\n<p>Raquel Garc\u00eda D\u00edaz<\/p>\n<p>Juan Manuel C\u00f3rdoba<\/p>\n<p>Irene Morales<\/p>\n<p>Ricardo Riscardo<\/p>\n<p>Mar\u00eda Gonz\u00e1lez Comesa\u00f1a<\/p>\n<p>&nbsp;<\/p>\n<p><strong>VIOLAS<\/strong><\/p>\n<p>Alejandro Parra<\/p>\n<p>Alberto Garc\u00eda P\u00e9rez<\/p>\n<p>David P\u00e9rez Fern\u00e1ndez<\/p>\n<p>Jairo Mu\u00f1oz<\/p>\n<p>Francisco Miguel Dom\u00ednguez<\/p>\n<p>Mar\u00eda del Mar Ochavo<\/p>\n<p>Ismael Hamido<\/p>\n<p>Jes\u00fas Miguel Navas<\/p>\n<p>Mar\u00eda del Roc\u00edo Lauri\u00f1o<\/p>\n<p>Marina S\u00e1nchez Lozano<\/p>\n<p>Bel\u00e9n S\u00e1nchez Tortosa<\/p>\n<p>&nbsp;<\/p>\n<p><strong>VIOLONCHELOS<\/strong><\/p>\n<p>Andrea Trillo<\/p>\n<p>Juan Lim\u00f3n<\/p>\n<p>Jos\u00e9 Mar\u00eda<\/p>\n<p>Rodr\u00edguez Palacios<\/p>\n<p>Antonio Dorado<\/p>\n<p>Ainhoa Bandr\u00e9s<\/p>\n<p>Julia Elena N\u00fa\u00f1ez<\/p>\n<p>Omar Faiz<\/p>\n<p>Ricardo Huete<\/p>\n<p>Marta \u00c1lvarez<\/p>\n<p>Laura Mar\u00edn<\/p>\n<p>Julia Misas<\/p>\n<p>&nbsp;<\/p>\n<p><strong>CONTRABAJOS<\/strong><\/p>\n<p>Eduardo Rodr\u00edguez<\/p>\n<p>Marcelo Gonz\u00e1lez<\/p>\n<p>Xavier Boixader<\/p>\n<p>Mar\u00eda Jes\u00fas G\u00e1lvez<\/p>\n<p>Marco Serrato<\/p>\n","protected":false},"excerpt":{"rendered":"<p>PLANTILLA TEMPORADA VII #1 FLAUTAS Juan Ram\u00f3n Bres Mar\u00eda Jos\u00e9 Rangel Mar\u00eda Jim\u00e9nez Alba Escobar &nbsp; OBOES Marta Mart\u00edn Manuel Acu\u00f1a Mar\u00eda del Carmen Dom\u00ednguez &nbsp; CLARINETES Carlos Caballero Christian Okawara &nbsp; FAGOTES Jes\u00fas Moreno Rebeca Garc\u00eda-Casal &nbsp; TROMPAS Joaqu\u00edn Guti\u00e9rrez Jes\u00fas Moreno Alejandro Mart\u00edn Roc\u00edo Moreno &nbsp; TROMPETAS Francisco Jos\u00e9 Gallego Marta Lucas &nbsp; [&hellip;]<\/p>\n","protected":false},"author":5,"featured_media":0,"parent":0,"menu_order":0,"comment_status":"closed","ping_status":"open","template":"","meta":{"site-sidebar-layout":"default","site-content-layout":"","ast-site-content-layout":"default","site-content-style":"default","site-sidebar-style":"default","ast-global-header-display":"","ast-banner-title-visibility":"","ast-main-header-display":"","ast-hfb-above-header-display":"","ast-hfb-below-header-display":"","ast-hfb-mobile-header-display":"","site-post-title":"","ast-breadcrumbs-content":"","ast-featured-img":"","footer-sml-layout":"","ast-disable-related-posts":"","theme-transparent-header-meta":"","adv-header-id-meta":"","stick-header-meta":"","header-above-stick-meta":"","header-main-stick-meta":"","header-below-stick-meta":"","astra-migrate-meta-layouts":"default","ast-page-background-enabled":"default","ast-page-background-meta":{"desktop":{"background-color":"","background-image":"","background-repeat":"repeat","background-position":"center center","background-size":"auto","background-attachment":"scroll","background-type":"","background-media":"","overlay-type":"","overlay-color":"","overlay-opacity":"","overlay-gradient":""},"tablet":{"background-color":"","background-image":"","background-repeat":"repeat","background-position":"center center","background-size":"auto","background-attachment":"scroll","background-type":"","background-media":"","overlay-type":"","overlay-color":"","overlay-opacity":"","overlay-gradient":""},"mobile":{"background-color":"","background-image":"","background-repeat":"repeat","background-position":"center center","background-size":"auto","background-attachment":"scroll","background-type":"","background-media":"","overlay-type":"","overlay-color":"","overlay-opacity":"","overlay-gradient":""}},"ast-content-background-meta":{"desktop":{"background-color":"var(--ast-global-color-5)","background-image":"","background-repeat":"repeat","background-position":"center center","background-size":"auto","background-attachment":"scroll","background-type":"","background-media":"","overlay-type":"","overlay-color":"","overlay-opacity":"","overlay-gradient":""},"tablet":{"background-color":"var(--ast-global-color-5)","background-image":"","background-repeat":"repeat","background-position":"center center","background-size":"auto","background-attachment":"scroll","background-type":"","background-media":"","overlay-type":"","overlay-color":"","overlay-opacity":"","overlay-gradient":""},"mobile":{"background-color":"var(--ast-global-color-5)","background-image":"","background-repeat":"repeat","background-position":"center center","background-size":"auto","background-attachment":"scroll","background-type":"","background-media":"","overlay-type":"","overlay-color":"","overlay-opacity":"","overlay-gradient":""}},"footnotes":""},"class_list":["post-1500","page","type-page","status-publish","hentry"],"_links":{"self":[{"href":"https:\/\/institucional.us.es\/orquesta\/wp-json\/wp\/v2\/pages\/1500","targetHints":{"allow":["GET"]}}],"collection":[{"href":"https:\/\/institucional.us.es\/orquesta\/wp-json\/wp\/v2\/pages"}],"about":[{"href":"https:\/\/institucional.us.es\/orquesta\/wp-json\/wp\/v2\/types\/page"}],"author":[{"embeddable":true,"href":"https:\/\/institucional.us.es\/orquesta\/wp-json\/wp\/v2\/users\/5"}],"replies":[{"embeddable":true,"href":"https:\/\/institucional.us.es\/orquesta\/wp-json\/wp\/v2\/comments?post=1500"}],"version-history":[{"count":1,"href":"https:\/\/institucional.us.es\/orquesta\/wp-json\/wp\/v2\/pages\/1500\/revisions"}],"predecessor-version":[{"id":1505,"href":"https:\/\/institucional.us.es\/orquesta\/wp-json\/wp\/v2\/pages\/1500\/revisions\/1505"}],"wp:attachment":[{"href":"https:\/\/institucional.us.es\/orquesta\/wp-json\/wp\/v2\/media?parent=1500"}],"curies":[{"name":"wp","href":"https:\/\/api.w.org\/{rel}","templated":true}]}}