{"id":1512,"date":"2019-09-18T15:29:11","date_gmt":"2019-09-18T15:29:11","guid":{"rendered":"http:\/\/institucional.us.es\/orquesta\/?page_id=1512"},"modified":"2019-09-18T15:31:00","modified_gmt":"2019-09-18T15:31:00","slug":"plantilla-t7-3","status":"publish","type":"page","link":"https:\/\/institucional.us.es\/orquesta\/plantilla-t7-3\/","title":{"rendered":"PLANTILLA T7 #3"},"content":{"rendered":"<h1>PLANTILLA TEMPORADA VII #3<\/h1>\n<p><strong>&#8211; THE BERNSTEIN BEAT<\/strong><\/p>\n<p>INTEGRANTES DE LA ORQUESTA SINF\u00d3NICA CONJUNTA<\/p>\n<p>Y LA FUNDACI\u00d3N BARENBOIM &#8211; SAID<\/p>\n<p>PARA ESTE PROGRAMA<\/p>\n<p>&nbsp;<\/p>\n<p><strong>FLAUTAS<\/strong><\/p>\n<p>Jos\u00e9 Luis Berral Rodr\u00edguez<\/p>\n<p>Juan Ram\u00f3n Bres Regueiro<\/p>\n<p>Miguel Alejandro Mart\u00edn Sarmiento<\/p>\n<p>Mar\u00eda Morera Ballester<\/p>\n<p>&nbsp;<\/p>\n<p><strong>OBOES<\/strong><\/p>\n<p>Carlos \u00c1lvarez de Cienfuegos Ben\u00edtez<\/p>\n<p>Mar\u00eda del Carmen Dom\u00ednguez Rueda<\/p>\n<p>Ximena Lortet Espinoza<\/p>\n<p>Marta Mart\u00edn Moreno<\/p>\n<p>&nbsp;<\/p>\n<p><strong>CLARINETES<\/strong><\/p>\n<p>Carlos Caballero Moreno<\/p>\n<p>Juan Jes\u00fas Mena Carmona<\/p>\n<p>F\u00e9lix Parrado Cosano<\/p>\n<p>Catalina P\u00e9rez Mu\u00f1oz<\/p>\n<p>Marta S\u00e1nchez Gonz\u00e1lez<\/p>\n<p>&nbsp;<\/p>\n<p><strong>SAXOF\u00d3N<\/strong><\/p>\n<p>Desir\u00e9 S\u00e1nchez Bonilla<\/p>\n<p>&nbsp;<\/p>\n<p><strong>FAGOTES<\/strong><\/p>\n<p>Mar\u00eda Garc\u00eda Bustos<\/p>\n<p>Rebeca Mar\u00eda Garc\u00eda-Casal Quevedo<\/p>\n<p>Jes\u00fas Moreno Gonz\u00e1lez<\/p>\n<p>&nbsp;<\/p>\n<p><strong>TROMPAS<\/strong><\/p>\n<p>Erik Ant\u00fanez de la O<\/p>\n<p>Jorge Mar\u00edn Raya<\/p>\n<p>Alejandro Mart\u00edn Borrego<\/p>\n<p>Mario Mart\u00ednez Higueras<\/p>\n<p>Roc\u00edo Moreno Monta\u00f1o<\/p>\n<p>Jes\u00fas Moreno Nogales<\/p>\n<p>&nbsp;<\/p>\n<p><strong>TROMPETAS<\/strong><\/p>\n<p>Fernando Bu\u00f1uel Le\u00f3n<\/p>\n<p>Alfonso Cabrera Su\u00e1rez<\/p>\n<p>Francisco Jos\u00e9 Gallego Rodr\u00edguez<\/p>\n<p>Marta Lucas Curado<\/p>\n<p>Manuel P\u00e9rez Mac\u00edas<\/p>\n<p>Francisco de Paula Montes Pareja<\/p>\n<p>Fernando Sariego Esteban<\/p>\n<p>&nbsp;<\/p>\n<p><strong>TROMBONES<\/strong><\/p>\n<p>Juan Jos\u00e9 Conejero Benito<\/p>\n<p>Antonio Garc\u00eda Rodr\u00edguez<\/p>\n<p>Jos\u00e9 Vicente Ortega Sierra<\/p>\n<p>&nbsp;<\/p>\n<p><strong>TUBA<\/strong><\/p>\n<p>Blanca Mar\u00eda Le\u00f3n \u00c1lvarez Rementer\u00eda<\/p>\n<p>&nbsp;<\/p>\n<p><strong>TIMBALES \/ PERCUSI\u00d3N<\/strong><\/p>\n<p>Jos\u00e9 Alepuz Albuixech<\/p>\n<p>Joaqu\u00edn Capel Garc\u00eda<\/p>\n<p>Jes\u00fas Contreras Gila<\/p>\n<p>Diego Cuesta Barrera<\/p>\n<p>Juan Carlos Garc\u00eda Castro<\/p>\n<p>Carlos Moreno Camacho<\/p>\n<p>Juan Manuel Serrano Migens<\/p>\n<p>Carlos Ventura Aguado<\/p>\n<p>&nbsp;<\/p>\n<p><strong>ARPA<\/strong><\/p>\n<p>Mar\u00eda Vicenta Diego Peris<\/p>\n<p>Bel\u00e9n Garc\u00eda S\u00e1nchez<\/p>\n<p>&nbsp;<\/p>\n<p><strong>PIANO<\/strong><\/p>\n<p>Dalia Bartoli<\/p>\n<p>&nbsp;<\/p>\n<p><strong>VIOLINES<\/strong><\/p>\n<p>Teresa Bartolom\u00e9 L\u00f3pez<\/p>\n<p>Sandra Bravo Correa<\/p>\n<p>Pilar Ca\u00f1as Jurado<\/p>\n<p>Carlota Coll N\u00fa\u00f1ez<\/p>\n<p>(Concertino en Turina)<\/p>\n<p>Cristina Cordero Pichardo<\/p>\n<p>Jos\u00e9 Alfonso Cuevas Gallego<\/p>\n<p>Anna de Leo<\/p>\n<p>Marina Eiriz Zarazaga<\/p>\n<p>Ra\u00fal Escudero Vega<\/p>\n<p>Nerea Garc\u00eda Su\u00e1rez<\/p>\n<p>Eva Gil Est\u00e9vez<\/p>\n<p>(Concertino en Bernstein)<\/p>\n<p>Mar\u00eda Hu\u00e9lamo Romero<\/p>\n<p>H\u00e9ctor Infante Rodr\u00edguez<\/p>\n<p>Paula Jehnichen<\/p>\n<p>Marta Jim\u00e9nez Aguilera<\/p>\n<p>Ana Mar\u00edn Albero<\/p>\n<p>Jes\u00fas Perogil Ostos<\/p>\n<p>Pablo Ram\u00edrez Almagro<\/p>\n<p>Ricardo Riscardo Maqueda<\/p>\n<p>Luc\u00eda Rodr\u00edguez Checa<\/p>\n<p>Paloma Rold\u00e1n Salas<\/p>\n<p>Francisco Manuel Ruiz Jim\u00e9nez<\/p>\n<p>Mar\u00eda Salas Raposo<\/p>\n<p>Claudia S\u00e1nchez Polonio<\/p>\n<p>Candela Schlatter Garc\u00eda<\/p>\n<p>Sergio Serrano S\u00e1nchez<\/p>\n<p>Marta Tur de Carlos<\/p>\n<p>Sergio Vall\u00e9s Fern\u00e1ndez<\/p>\n<p>Antonio V\u00e1zquez P\u00e9rez<\/p>\n<p>&nbsp;<\/p>\n<p><strong>VIOLAS<\/strong><\/p>\n<p>Francisco Miguel Dom\u00ednguez<\/p>\n<p>Dom\u00ednguez<\/p>\n<p>Alberto Garc\u00eda P\u00e9rez<\/p>\n<p>Ismael Hamido Ortega<\/p>\n<p>Mar\u00eda del Roc\u00edo Lauri\u00f1o Ruiz<\/p>\n<p>Jairo Mu\u00f1oz S\u00e1nchez<\/p>\n<p>Jes\u00fas Miguel Navas P\u00e9rez<\/p>\n<p>Mar\u00eda del Mar Ochavo<\/p>\n<p>Rodr\u00edguez<\/p>\n<p>Alejandro Parra Gonz\u00e1lez<\/p>\n<p>Isabel Romero Cuevas<\/p>\n<p>Marina S\u00e1nchez Lozano<\/p>\n<p>Bel\u00e9n S\u00e1nchez Tortosa<\/p>\n<p>&nbsp;<\/p>\n<p><strong>VIOLONCHELOS<\/strong><\/p>\n<p>Marta \u00c1lvarez Alonso<\/p>\n<p>Ainhoa Bandr\u00e9s Abad\u00eda<\/p>\n<p>Antonio Dorado Salguero<\/p>\n<p>Omar Faiz Rinc\u00f3n<\/p>\n<p>Gabriel Gonz\u00e1lez Rodero<\/p>\n<p>Clara Gresa Ostos<\/p>\n<p>Ricardo Huete Mart\u00ednez<\/p>\n<p>Blonder Andrey Mendieta Cabrera<\/p>\n<p>Juan Lim\u00f3n Romero<\/p>\n<p>Laura Mar\u00edn Fern\u00e1ndez<\/p>\n<p>Julia Misas Sant\u00edn<\/p>\n<p>Julia Elena N\u00fa\u00f1ez Lozano<\/p>\n<p>Jos\u00e9 Mar\u00eda Rodr\u00edguez Palacios<\/p>\n<p>Clara S\u00e1nchez Hern\u00e1ndez<\/p>\n<p>Andrea Trillo Sanmart\u00edn<\/p>\n<p>Guillermo Villas\u00e1n Barroso<\/p>\n<p>&nbsp;<\/p>\n<p><strong>CONTRABAJOS<\/strong><\/p>\n<p>Xavier Boixader Mu\u00f1oz<\/p>\n<p>Mar\u00eda Jes\u00fas G\u00e1lvez Guti\u00e9rrez<\/p>\n<p>Alberto Habas Sabariego<\/p>\n<p>Jos\u00e9 Manuel L\u00f3pez Carrasco<\/p>\n<p>Marco Serrato Gallardo<\/p>\n","protected":false},"excerpt":{"rendered":"<p>PLANTILLA TEMPORADA VII #3 &#8211; THE BERNSTEIN BEAT INTEGRANTES DE LA ORQUESTA SINF\u00d3NICA CONJUNTA Y LA FUNDACI\u00d3N BARENBOIM &#8211; SAID PARA ESTE PROGRAMA &nbsp; FLAUTAS Jos\u00e9 Luis Berral Rodr\u00edguez Juan Ram\u00f3n Bres Regueiro Miguel Alejandro Mart\u00edn Sarmiento Mar\u00eda Morera Ballester &nbsp; OBOES Carlos \u00c1lvarez de Cienfuegos Ben\u00edtez Mar\u00eda del Carmen Dom\u00ednguez Rueda Ximena Lortet Espinoza [&hellip;]<\/p>\n","protected":false},"author":5,"featured_media":0,"parent":0,"menu_order":0,"comment_status":"closed","ping_status":"open","template":"","meta":{"site-sidebar-layout":"default","site-content-layout":"","ast-site-content-layout":"default","site-content-style":"default","site-sidebar-style":"default","ast-global-header-display":"","ast-banner-title-visibility":"","ast-main-header-display":"","ast-hfb-above-header-display":"","ast-hfb-below-header-display":"","ast-hfb-mobile-header-display":"","site-post-title":"","ast-breadcrumbs-content":"","ast-featured-img":"","footer-sml-layout":"","ast-disable-related-posts":"","theme-transparent-header-meta":"","adv-header-id-meta":"","stick-header-meta":"","header-above-stick-meta":"","header-main-stick-meta":"","header-below-stick-meta":"","astra-migrate-meta-layouts":"default","ast-page-background-enabled":"default","ast-page-background-meta":{"desktop":{"background-color":"","background-image":"","background-repeat":"repeat","background-position":"center center","background-size":"auto","background-attachment":"scroll","background-type":"","background-media":"","overlay-type":"","overlay-color":"","overlay-opacity":"","overlay-gradient":""},"tablet":{"background-color":"","background-image":"","background-repeat":"repeat","background-position":"center center","background-size":"auto","background-attachment":"scroll","background-type":"","background-media":"","overlay-type":"","overlay-color":"","overlay-opacity":"","overlay-gradient":""},"mobile":{"background-color":"","background-image":"","background-repeat":"repeat","background-position":"center center","background-size":"auto","background-attachment":"scroll","background-type":"","background-media":"","overlay-type":"","overlay-color":"","overlay-opacity":"","overlay-gradient":""}},"ast-content-background-meta":{"desktop":{"background-color":"var(--ast-global-color-5)","background-image":"","background-repeat":"repeat","background-position":"center center","background-size":"auto","background-attachment":"scroll","background-type":"","background-media":"","overlay-type":"","overlay-color":"","overlay-opacity":"","overlay-gradient":""},"tablet":{"background-color":"var(--ast-global-color-5)","background-image":"","background-repeat":"repeat","background-position":"center center","background-size":"auto","background-attachment":"scroll","background-type":"","background-media":"","overlay-type":"","overlay-color":"","overlay-opacity":"","overlay-gradient":""},"mobile":{"background-color":"var(--ast-global-color-5)","background-image":"","background-repeat":"repeat","background-position":"center center","background-size":"auto","background-attachment":"scroll","background-type":"","background-media":"","overlay-type":"","overlay-color":"","overlay-opacity":"","overlay-gradient":""}},"footnotes":""},"class_list":["post-1512","page","type-page","status-publish","hentry"],"_links":{"self":[{"href":"https:\/\/institucional.us.es\/orquesta\/wp-json\/wp\/v2\/pages\/1512","targetHints":{"allow":["GET"]}}],"collection":[{"href":"https:\/\/institucional.us.es\/orquesta\/wp-json\/wp\/v2\/pages"}],"about":[{"href":"https:\/\/institucional.us.es\/orquesta\/wp-json\/wp\/v2\/types\/page"}],"author":[{"embeddable":true,"href":"https:\/\/institucional.us.es\/orquesta\/wp-json\/wp\/v2\/users\/5"}],"replies":[{"embeddable":true,"href":"https:\/\/institucional.us.es\/orquesta\/wp-json\/wp\/v2\/comments?post=1512"}],"version-history":[{"count":1,"href":"https:\/\/institucional.us.es\/orquesta\/wp-json\/wp\/v2\/pages\/1512\/revisions"}],"predecessor-version":[{"id":1516,"href":"https:\/\/institucional.us.es\/orquesta\/wp-json\/wp\/v2\/pages\/1512\/revisions\/1516"}],"wp:attachment":[{"href":"https:\/\/institucional.us.es\/orquesta\/wp-json\/wp\/v2\/media?parent=1512"}],"curies":[{"name":"wp","href":"https:\/\/api.w.org\/{rel}","templated":true}]}}