{"id":1519,"date":"2019-09-18T15:31:34","date_gmt":"2019-09-18T15:31:34","guid":{"rendered":"http:\/\/institucional.us.es\/orquesta\/?page_id=1519"},"modified":"2019-09-18T15:37:34","modified_gmt":"2019-09-18T15:37:34","slug":"plantilla-t7-4","status":"publish","type":"page","link":"https:\/\/institucional.us.es\/orquesta\/plantilla-t7-4\/","title":{"rendered":"PLANTILLA T7 #4"},"content":{"rendered":"<h1>PLANTILLA TEMPORADA VII CONCIERTO#4<\/h1>\n<p><strong>FLAUTAS<\/strong><\/p>\n<p>Gabriela D\u00edaz<\/p>\n<p>Miguel Alejandro Mart\u00edn<\/p>\n<p>Mar\u00eda Ja\u00e9n<\/p>\n<p>Mar\u00eda del Mar Trist\u00e1n<\/p>\n<p>&nbsp;<\/p>\n<p><strong>OBOE<\/strong><\/p>\n<p>Marta Mart\u00edn<\/p>\n<p>&nbsp;<\/p>\n<p><strong>CLARINETES<\/strong><\/p>\n<p>Carmen Rivero Rodr\u00edguez<\/p>\n<p>Iv\u00e1n Camacho<\/p>\n<p>Lidia de la Fuente<\/p>\n<p>Alejandro Gonz\u00e1lez Pallares<\/p>\n<p>&nbsp;<\/p>\n<p><strong>FAGOTES<\/strong><\/p>\n<p>Raquel M\u00e1rquez<\/p>\n<p>Irene Camacho<\/p>\n<p>&nbsp;<\/p>\n<p><strong>TROMPAS<\/strong><\/p>\n<p>Erik Ant\u00fanez<\/p>\n<p>Mario Mart\u00ednez<\/p>\n<p>&nbsp;<\/p>\n<p><strong>TIMBALES<\/strong><\/p>\n<p>Inmaculada Acosta<\/p>\n<p>&nbsp;<\/p>\n<p><strong>VIOLINES I<\/strong><\/p>\n<p>Nerea Garc\u00eda Su\u00e1rez<\/p>\n<p>Jos\u00e9 Alfonso Cuevas<\/p>\n<p>Laura Ortega<\/p>\n<p>Mar\u00eda Hu\u00e9lamo<\/p>\n<p>Raquel Garc\u00eda D\u00edaz<\/p>\n<p>Mar\u00eda Gonz\u00e1lez Comesa\u00f1a<\/p>\n<p>Teresa Bartolom\u00e9<\/p>\n<p>&nbsp;<\/p>\n<p><strong>VIOLINES II<\/strong><\/p>\n<p>Pablo Ram\u00edrez<\/p>\n<p>Mar\u00eda Salas<\/p>\n<p>Alicia Rodr\u00edguez Garc\u00eda<\/p>\n<p>Jos\u00e9 Silverio Ferr\u00f3n<\/p>\n<p>Juan Manuel C\u00f3rdoba<\/p>\n<p>Paula Jehnichen<\/p>\n<p>Iria Griselda Reyes<\/p>\n<p>&nbsp;<\/p>\n<p><strong>VIOLAS<\/strong><\/p>\n<p>Alejandro Parra<\/p>\n<p>Isabel Romero<\/p>\n<p>Francisco Miguel Dom\u00ednguez<\/p>\n<p>Bel\u00e9n S\u00e1nchez Tortosa<\/p>\n<p>Marina S\u00e1nchez Lozano<\/p>\n<p>David P\u00e9rez<\/p>\n<p>&nbsp;<\/p>\n<p><strong>VIOLONCHELOS<\/strong><\/p>\n<p>Jos\u00e9 Mar\u00eda Rodr\u00edguez Palacios<\/p>\n<p>Marta \u00c1lvarez<\/p>\n<p>Juan Lim\u00f3n<\/p>\n<p>Clara Gresa<\/p>\n<p>Clara S\u00e1nchez Hern\u00e1ndez<\/p>\n<p>Ricardo Huete<\/p>\n<p>Julia Elena N\u00fa\u00f1ez<\/p>\n<p>Guillermo Villas\u00e1n<\/p>\n<p>Julia Misas Sant\u00edn<\/p>\n<p>Omar Faiz<\/p>\n<p>Laura Mar\u00edn<\/p>\n<p>&nbsp;<\/p>\n<p><strong>CONTRABAJOS<\/strong><\/p>\n<p>Marcelo Gonz\u00e1lez<\/p>\n<p>Eduardo Rodr\u00edguez<\/p>\n","protected":false},"excerpt":{"rendered":"<p>PLANTILLA TEMPORADA VII CONCIERTO#4 FLAUTAS Gabriela D\u00edaz Miguel Alejandro Mart\u00edn Mar\u00eda Ja\u00e9n Mar\u00eda del Mar Trist\u00e1n &nbsp; OBOE Marta Mart\u00edn &nbsp; CLARINETES Carmen Rivero Rodr\u00edguez Iv\u00e1n Camacho Lidia de la Fuente Alejandro Gonz\u00e1lez Pallares &nbsp; FAGOTES Raquel M\u00e1rquez Irene Camacho &nbsp; TROMPAS Erik Ant\u00fanez Mario Mart\u00ednez &nbsp; TIMBALES Inmaculada Acosta &nbsp; VIOLINES I Nerea Garc\u00eda [&hellip;]<\/p>\n","protected":false},"author":5,"featured_media":0,"parent":0,"menu_order":0,"comment_status":"closed","ping_status":"open","template":"","meta":{"site-sidebar-layout":"default","site-content-layout":"","ast-site-content-layout":"default","site-content-style":"default","site-sidebar-style":"default","ast-global-header-display":"","ast-banner-title-visibility":"","ast-main-header-display":"","ast-hfb-above-header-display":"","ast-hfb-below-header-display":"","ast-hfb-mobile-header-display":"","site-post-title":"","ast-breadcrumbs-content":"","ast-featured-img":"","footer-sml-layout":"","ast-disable-related-posts":"","theme-transparent-header-meta":"","adv-header-id-meta":"","stick-header-meta":"","header-above-stick-meta":"","header-main-stick-meta":"","header-below-stick-meta":"","astra-migrate-meta-layouts":"default","ast-page-background-enabled":"default","ast-page-background-meta":{"desktop":{"background-color":"","background-image":"","background-repeat":"repeat","background-position":"center center","background-size":"auto","background-attachment":"scroll","background-type":"","background-media":"","overlay-type":"","overlay-color":"","overlay-opacity":"","overlay-gradient":""},"tablet":{"background-color":"","background-image":"","background-repeat":"repeat","background-position":"center center","background-size":"auto","background-attachment":"scroll","background-type":"","background-media":"","overlay-type":"","overlay-color":"","overlay-opacity":"","overlay-gradient":""},"mobile":{"background-color":"","background-image":"","background-repeat":"repeat","background-position":"center center","background-size":"auto","background-attachment":"scroll","background-type":"","background-media":"","overlay-type":"","overlay-color":"","overlay-opacity":"","overlay-gradient":""}},"ast-content-background-meta":{"desktop":{"background-color":"var(--ast-global-color-5)","background-image":"","background-repeat":"repeat","background-position":"center center","background-size":"auto","background-attachment":"scroll","background-type":"","background-media":"","overlay-type":"","overlay-color":"","overlay-opacity":"","overlay-gradient":""},"tablet":{"background-color":"var(--ast-global-color-5)","background-image":"","background-repeat":"repeat","background-position":"center center","background-size":"auto","background-attachment":"scroll","background-type":"","background-media":"","overlay-type":"","overlay-color":"","overlay-opacity":"","overlay-gradient":""},"mobile":{"background-color":"var(--ast-global-color-5)","background-image":"","background-repeat":"repeat","background-position":"center center","background-size":"auto","background-attachment":"scroll","background-type":"","background-media":"","overlay-type":"","overlay-color":"","overlay-opacity":"","overlay-gradient":""}},"footnotes":""},"class_list":["post-1519","page","type-page","status-publish","hentry"],"_links":{"self":[{"href":"https:\/\/institucional.us.es\/orquesta\/wp-json\/wp\/v2\/pages\/1519","targetHints":{"allow":["GET"]}}],"collection":[{"href":"https:\/\/institucional.us.es\/orquesta\/wp-json\/wp\/v2\/pages"}],"about":[{"href":"https:\/\/institucional.us.es\/orquesta\/wp-json\/wp\/v2\/types\/page"}],"author":[{"embeddable":true,"href":"https:\/\/institucional.us.es\/orquesta\/wp-json\/wp\/v2\/users\/5"}],"replies":[{"embeddable":true,"href":"https:\/\/institucional.us.es\/orquesta\/wp-json\/wp\/v2\/comments?post=1519"}],"version-history":[{"count":2,"href":"https:\/\/institucional.us.es\/orquesta\/wp-json\/wp\/v2\/pages\/1519\/revisions"}],"predecessor-version":[{"id":1530,"href":"https:\/\/institucional.us.es\/orquesta\/wp-json\/wp\/v2\/pages\/1519\/revisions\/1530"}],"wp:attachment":[{"href":"https:\/\/institucional.us.es\/orquesta\/wp-json\/wp\/v2\/media?parent=1519"}],"curies":[{"name":"wp","href":"https:\/\/api.w.org\/{rel}","templated":true}]}}