{"id":1524,"date":"2019-09-18T15:35:33","date_gmt":"2019-09-18T15:35:33","guid":{"rendered":"http:\/\/institucional.us.es\/orquesta\/?page_id=1524"},"modified":"2019-09-18T15:35:33","modified_gmt":"2019-09-18T15:35:33","slug":"plantilla-t7-opera","status":"publish","type":"page","link":"https:\/\/institucional.us.es\/orquesta\/plantilla-t7-opera\/","title":{"rendered":"PLANTILLA T7 \u00d3PERA"},"content":{"rendered":"<h1>PLANTILLA TEMPORADA VII \u00d3PERA \u00abBUSCANDO AL REY\u00bb-LA VOZ DE LOS EXCLU\u00cdDOS<\/h1>\n<p><strong>FLAUTAS<\/strong><\/p>\n<p>Mar\u00eda Jos\u00e9 Rangel G\u00f3mez<\/p>\n<p>Noelia Mar\u00eda Callejo Peri\u00e1\u00f1ez<\/p>\n<p>&nbsp;<\/p>\n<p><strong>OBOE<\/strong><\/p>\n<p>Manuel Acu\u00f1a Vega<\/p>\n<p>Carlos \u00c1lvarez de Cienfuegos Ben\u00edtez<\/p>\n<p>&nbsp;<\/p>\n<p><strong>CLARINETE<\/strong><\/p>\n<p>Manuel Emilio Mar\u00ed Altozano<\/p>\n<p>Luz de \u00c1frica S\u00e1nchez Barroso<\/p>\n<p>&nbsp;<\/p>\n<p><strong>FAGOT<\/strong><\/p>\n<p>Jes\u00fas Manuel Moreno Gonz\u00e1lez<\/p>\n<p>Raquel M\u00e1rquez Varela<\/p>\n<p>&nbsp;<\/p>\n<p><strong>TROMPA<\/strong><\/p>\n<p>Jesus Moreno Nogales<\/p>\n<p>Jorge Mar\u00edn Raya<\/p>\n<p>&nbsp;<\/p>\n<p><strong>TROMPETA<\/strong><\/p>\n<p>Manuel Cirera Mercader<\/p>\n<p>Fernando Bu\u00f1uel Le\u00f3n<\/p>\n<p>&nbsp;<\/p>\n<p><strong>TIMBALES<\/strong><\/p>\n<p>Francisco Joaqu\u00edn Capel Garc\u00eda<\/p>\n<p>&nbsp;<\/p>\n<p><strong>VIOLINES<\/strong> I<\/p>\n<p>Sandra Bravo Correa<\/p>\n<p>Fernando Pina Mu\u00f1oz Jos\u00e9<\/p>\n<p>Marta Jim\u00e9nez Aguilera<\/p>\n<p>Candela Schlatter Garc\u00eda<\/p>\n<p>Antonio V\u00e1zquez P\u00e9rez<\/p>\n<p>Teresa Bartolom\u00e9 L\u00f3pez<\/p>\n<p>Cristina Cordero Pichardo<\/p>\n<p>Francisco Jes\u00fas Ruiz Jim\u00e9nez<\/p>\n<p>&nbsp;<\/p>\n<p><strong>VIOLINES<\/strong> II<\/p>\n<p>H\u00e9ctor Infante Rodr\u00edguez<\/p>\n<p>Sergio Vall\u00e9s Fern\u00e1ndez<\/p>\n<p>Alejandro Miguel Moreno Gonz\u00e1lez<\/p>\n<p>Ra\u00fal Escudero Vega<\/p>\n<p>Claudia S\u00e1nchez Polonio<\/p>\n<p>Luc\u00eda Rodr\u00edguez Checa<\/p>\n<p>Paloma Rold\u00e1n Salas<\/p>\n<p>&nbsp;<\/p>\n<p><strong>VIOLAS<\/strong><\/p>\n<p>Alberto Garc\u00eda P\u00e9rez<\/p>\n<p>Jairo Mu\u00f1oz S\u00e1nchez<\/p>\n<p>Mar\u00eda del Mar Ochavo Rodr\u00edguez<\/p>\n<p>Ismael Hamido Ortega<\/p>\n<p>Jes\u00fas Miguel Navas P\u00e9rez<\/p>\n<p>Mar\u00eda del Roc\u00edo Lauri\u00f1o Ruiz<\/p>\n<p>&nbsp;<\/p>\n<p><strong>VIOLONCHELOS<\/strong><\/p>\n<p>Andrea Trillo Sanmart\u00edn<\/p>\n<p>Gabriel Gonz\u00e1lez Rodero<\/p>\n<p>Antonio Dorado Salguero<\/p>\n<p>Ainhoa Bandr\u00e9s Abad\u00eda<\/p>\n<p>Omar Faiz Rinc\u00f3n<\/p>\n<p>Ricardo Huete Mart\u00ednez<\/p>\n<p>&nbsp;<\/p>\n<p><strong>CONTRABAJOS<\/strong><\/p>\n<p>Xavier Boixader Mu\u00f1oz<\/p>\n<p>Marco Serrato Gallardo<\/p>\n<p>Mar\u00eda Jes\u00fas G\u00e1lvez Guti\u00e9rrez<\/p>\n","protected":false},"excerpt":{"rendered":"<p>PLANTILLA TEMPORADA VII \u00d3PERA \u00abBUSCANDO AL REY\u00bb-LA VOZ DE LOS EXCLU\u00cdDOS FLAUTAS Mar\u00eda Jos\u00e9 Rangel G\u00f3mez Noelia Mar\u00eda Callejo Peri\u00e1\u00f1ez &nbsp; OBOE Manuel Acu\u00f1a Vega Carlos \u00c1lvarez de Cienfuegos Ben\u00edtez &nbsp; CLARINETE Manuel Emilio Mar\u00ed Altozano Luz de \u00c1frica S\u00e1nchez Barroso &nbsp; FAGOT Jes\u00fas Manuel Moreno Gonz\u00e1lez Raquel M\u00e1rquez Varela &nbsp; TROMPA Jesus Moreno Nogales [&hellip;]<\/p>\n","protected":false},"author":5,"featured_media":0,"parent":0,"menu_order":0,"comment_status":"closed","ping_status":"open","template":"","meta":{"site-sidebar-layout":"default","site-content-layout":"","ast-site-content-layout":"default","site-content-style":"default","site-sidebar-style":"default","ast-global-header-display":"","ast-banner-title-visibility":"","ast-main-header-display":"","ast-hfb-above-header-display":"","ast-hfb-below-header-display":"","ast-hfb-mobile-header-display":"","site-post-title":"","ast-breadcrumbs-content":"","ast-featured-img":"","footer-sml-layout":"","ast-disable-related-posts":"","theme-transparent-header-meta":"","adv-header-id-meta":"","stick-header-meta":"","header-above-stick-meta":"","header-main-stick-meta":"","header-below-stick-meta":"","astra-migrate-meta-layouts":"default","ast-page-background-enabled":"default","ast-page-background-meta":{"desktop":{"background-color":"","background-image":"","background-repeat":"repeat","background-position":"center center","background-size":"auto","background-attachment":"scroll","background-type":"","background-media":"","overlay-type":"","overlay-color":"","overlay-opacity":"","overlay-gradient":""},"tablet":{"background-color":"","background-image":"","background-repeat":"repeat","background-position":"center center","background-size":"auto","background-attachment":"scroll","background-type":"","background-media":"","overlay-type":"","overlay-color":"","overlay-opacity":"","overlay-gradient":""},"mobile":{"background-color":"","background-image":"","background-repeat":"repeat","background-position":"center center","background-size":"auto","background-attachment":"scroll","background-type":"","background-media":"","overlay-type":"","overlay-color":"","overlay-opacity":"","overlay-gradient":""}},"ast-content-background-meta":{"desktop":{"background-color":"var(--ast-global-color-5)","background-image":"","background-repeat":"repeat","background-position":"center center","background-size":"auto","background-attachment":"scroll","background-type":"","background-media":"","overlay-type":"","overlay-color":"","overlay-opacity":"","overlay-gradient":""},"tablet":{"background-color":"var(--ast-global-color-5)","background-image":"","background-repeat":"repeat","background-position":"center center","background-size":"auto","background-attachment":"scroll","background-type":"","background-media":"","overlay-type":"","overlay-color":"","overlay-opacity":"","overlay-gradient":""},"mobile":{"background-color":"var(--ast-global-color-5)","background-image":"","background-repeat":"repeat","background-position":"center center","background-size":"auto","background-attachment":"scroll","background-type":"","background-media":"","overlay-type":"","overlay-color":"","overlay-opacity":"","overlay-gradient":""}},"footnotes":""},"class_list":["post-1524","page","type-page","status-publish","hentry"],"_links":{"self":[{"href":"https:\/\/institucional.us.es\/orquesta\/wp-json\/wp\/v2\/pages\/1524","targetHints":{"allow":["GET"]}}],"collection":[{"href":"https:\/\/institucional.us.es\/orquesta\/wp-json\/wp\/v2\/pages"}],"about":[{"href":"https:\/\/institucional.us.es\/orquesta\/wp-json\/wp\/v2\/types\/page"}],"author":[{"embeddable":true,"href":"https:\/\/institucional.us.es\/orquesta\/wp-json\/wp\/v2\/users\/5"}],"replies":[{"embeddable":true,"href":"https:\/\/institucional.us.es\/orquesta\/wp-json\/wp\/v2\/comments?post=1524"}],"version-history":[{"count":1,"href":"https:\/\/institucional.us.es\/orquesta\/wp-json\/wp\/v2\/pages\/1524\/revisions"}],"predecessor-version":[{"id":1528,"href":"https:\/\/institucional.us.es\/orquesta\/wp-json\/wp\/v2\/pages\/1524\/revisions\/1528"}],"wp:attachment":[{"href":"https:\/\/institucional.us.es\/orquesta\/wp-json\/wp\/v2\/media?parent=1524"}],"curies":[{"name":"wp","href":"https:\/\/api.w.org\/{rel}","templated":true}]}}