{"id":1531,"date":"2019-09-18T15:39:17","date_gmt":"2019-09-18T15:39:17","guid":{"rendered":"http:\/\/institucional.us.es\/orquesta\/?page_id=1531"},"modified":"2019-09-18T15:39:17","modified_gmt":"2019-09-18T15:39:17","slug":"plantilla-t8-1","status":"publish","type":"page","link":"https:\/\/institucional.us.es\/orquesta\/plantilla-t8-1\/","title":{"rendered":"PLANTILLA T8 #1"},"content":{"rendered":"<h1>PLANTILLA TEMPORADA VIII #1<\/h1>\n<p><strong>FLAUTAS <\/strong><\/p>\n<p>Noelia Callejo<\/p>\n<p>Ana Bel\u00e9n \u00c1rbol<\/p>\n<p>Mar\u00eda Jos\u00e9 Rangel,<\/p>\n<p>Miguel Alejandro Mart\u00edn<\/p>\n<p><strong>\u00a0<\/strong><\/p>\n<p><strong>OBOES <\/strong><\/p>\n<p>Francisco J. Guti\u00e9rrez<\/p>\n<p>Francisco J. \u00c1lvarez<\/p>\n<p>Manuel Acu\u00f1a<\/p>\n<p>Carlos \u00c1lvarez<\/p>\n<p>&nbsp;<\/p>\n<p><strong>CLARINETES <\/strong><\/p>\n<p>Manuel Emilio Mar\u00ed<\/p>\n<p>Luz de \u00c1frica<\/p>\n<p>Isabel Bermudo<\/p>\n<p>Daniel Gonz\u00e1lez<\/p>\n<p>&nbsp;<\/p>\n<p><strong>FAGOTES <\/strong><\/p>\n<p>Irene Camacho<\/p>\n<p>Jes\u00fas Moreno<\/p>\n<p>Felipe Rodr\u00edguez<\/p>\n<p>Pablo Vel\u00e1zquez<\/p>\n<p>&nbsp;<\/p>\n<p><strong>TROMPAS <\/strong><\/p>\n<p>Alejandro Mart\u00edn<\/p>\n<p>Jes\u00fas Moreno<\/p>\n<p>Jos\u00e9 Mar\u00eda Rebollo<\/p>\n<p>&nbsp;<\/p>\n<p><strong>TROMPETAS <\/strong><\/p>\n<p>Fernando Bu\u00f1uel<\/p>\n<p>Manuel P\u00e9rez<\/p>\n<p>Francisco \u00c1lvarez<\/p>\n<p>&nbsp;<\/p>\n<p><strong>TROMBONES<\/strong><\/p>\n<p>Jes\u00fas Beldades Terr\u00f3n<\/p>\n<p>Gin\u00e9s Rosa S\u00e1nchez,<\/p>\n<p>Javier Rodr\u00edguez Lizana<\/p>\n<p>&nbsp;<\/p>\n<p><strong>TIMBALES <\/strong><\/p>\n<p>Inmaculada Acosta<\/p>\n<p>Juan Carlos Garc\u00eda<\/p>\n<p>&nbsp;<\/p>\n<p><strong>VIOLINES I <\/strong><\/p>\n<p>Sandra Bravo<\/p>\n<p>Laura L\u00f3pez<\/p>\n<p>Giulia Gentile,<\/p>\n<p>Marta Jim\u00e9nez<\/p>\n<p>Ana Mar\u00edn Albero<\/p>\n<p>Siria Rodr\u00edguez Quintero,<\/p>\n<p>Aitor Gabriel Schwader<\/p>\n<p>Alejandro Moreno<\/p>\n<p>Luc\u00eda Rodr\u00edguez Checa<\/p>\n<p>Antonio V\u00e1zquez<\/p>\n<p>Ricardo Jes\u00fas Riscardo,<\/p>\n<p>Paloma Rold\u00e1n<\/p>\n<p>Elena \u00c1lamo<\/p>\n<p>Pablo Ram\u00edrez<\/p>\n<p>Colette Babiaud,<\/p>\n<p>Raquel Garc\u00eda D\u00edaz<\/p>\n<p>Juan Manuel C\u00f3rdoba<\/p>\n<p>Alicia Rodr\u00edguez<\/p>\n<p>&nbsp;<\/p>\n<p><strong>VIOLINES II <\/strong><\/p>\n<p>H\u00e9ctor Infante<\/p>\n<p>Libia Olivera<\/p>\n<p>Candela Schlatter,<\/p>\n<p>Francisco Manuel Ruiz<\/p>\n<p>Iria Griselda Rodr\u00edguez<\/p>\n<p>Jos\u00e9 Silverio<\/p>\n<p>Celia Vicente Guerra<\/p>\n<p>Raquel Mar\u00eda Reina<\/p>\n<p>Juan Mar\u00eda Sojo<\/p>\n<p>Mariana Reynier<\/p>\n<p>Claudia S\u00e1nchez Polonio<\/p>\n<p>Mario Jim\u00e9nez<\/p>\n<p>Carlos Crespo<\/p>\n<p>Teresa Bartolom\u00e9<\/p>\n<p>&nbsp;<\/p>\n<p><strong>VIOLAS <\/strong><\/p>\n<p>Alberto Garc\u00eda P\u00e9rez<\/p>\n<p>Jairo Mu\u00f1oz<\/p>\n<p>Jes\u00fas Miguel Navas<\/p>\n<p>Mar\u00eda del Mar Ochavo<\/p>\n<p>Roc\u00edo Lauri\u00f1o<\/p>\n<p>Ismael Hamido,<\/p>\n<p>Mar\u00eda Jos\u00e9 Minuesa<\/p>\n<p>David P\u00e9rez Fern\u00e1ndez<\/p>\n<p>Juan Antonio Rubio<\/p>\n<p>Marina S\u00e1nchez Lozano<\/p>\n<p>Nadia Carmona<\/p>\n<p>Ver\u00f3nica G\u00f3mez<\/p>\n<p>&nbsp;<\/p>\n<p><strong>VIOLONCHELOS<\/strong><\/p>\n<p>Fabio Rafael Arias<\/p>\n<p>Gabriel Gonz\u00e1lez Rodero<\/p>\n<p>Antonio Dorado<\/p>\n<p>Gabriel Fued<\/p>\n<p>Julia Elena N\u00fa\u00f1ez,<\/p>\n<p>Ricardo Huete<\/p>\n<p>Julia van Leewen<\/p>\n<p>Ainhoa Bandr\u00e9s<\/p>\n<p>Laura Mar\u00edn<\/p>\n<p>Laura Coll<\/p>\n<p>Julia Misas<\/p>\n<p>Blanca S\u00e1nchez<\/p>\n<p>Clara S\u00e1nchez,<\/p>\n<p>Omar Faiz<\/p>\n<p>Candela Hern\u00e1ndez<\/p>\n<p>Manuel Bancanero,<\/p>\n<p>Jos\u00e9 \u00c1ngel Nieto<\/p>\n<p>Leticia L\u00f3pez<\/p>\n<p>&nbsp;<\/p>\n<p><strong>CONTRABAJOS <\/strong><\/p>\n<p>Marco Serrato<\/p>\n<p>Irene S\u00e1nchez<\/p>\n<p>Xavier Boixader<\/p>\n<p>Mar\u00eda Jes\u00fas G\u00e1lvez<\/p>\n<p>Pablo Centeno<\/p>\n<p>Andreas Nielsen<\/p>\n","protected":false},"excerpt":{"rendered":"<p>PLANTILLA TEMPORADA VIII #1 FLAUTAS Noelia Callejo Ana Bel\u00e9n \u00c1rbol Mar\u00eda Jos\u00e9 Rangel, Miguel Alejandro Mart\u00edn \u00a0 OBOES Francisco J. Guti\u00e9rrez Francisco J. \u00c1lvarez Manuel Acu\u00f1a Carlos \u00c1lvarez &nbsp; CLARINETES Manuel Emilio Mar\u00ed Luz de \u00c1frica Isabel Bermudo Daniel Gonz\u00e1lez &nbsp; FAGOTES Irene Camacho Jes\u00fas Moreno Felipe Rodr\u00edguez Pablo Vel\u00e1zquez &nbsp; TROMPAS Alejandro Mart\u00edn Jes\u00fas [&hellip;]<\/p>\n","protected":false},"author":5,"featured_media":0,"parent":0,"menu_order":0,"comment_status":"closed","ping_status":"open","template":"","meta":{"site-sidebar-layout":"default","site-content-layout":"","ast-site-content-layout":"default","site-content-style":"default","site-sidebar-style":"default","ast-global-header-display":"","ast-banner-title-visibility":"","ast-main-header-display":"","ast-hfb-above-header-display":"","ast-hfb-below-header-display":"","ast-hfb-mobile-header-display":"","site-post-title":"","ast-breadcrumbs-content":"","ast-featured-img":"","footer-sml-layout":"","ast-disable-related-posts":"","theme-transparent-header-meta":"","adv-header-id-meta":"","stick-header-meta":"","header-above-stick-meta":"","header-main-stick-meta":"","header-below-stick-meta":"","astra-migrate-meta-layouts":"default","ast-page-background-enabled":"default","ast-page-background-meta":{"desktop":{"background-color":"","background-image":"","background-repeat":"repeat","background-position":"center center","background-size":"auto","background-attachment":"scroll","background-type":"","background-media":"","overlay-type":"","overlay-color":"","overlay-opacity":"","overlay-gradient":""},"tablet":{"background-color":"","background-image":"","background-repeat":"repeat","background-position":"center center","background-size":"auto","background-attachment":"scroll","background-type":"","background-media":"","overlay-type":"","overlay-color":"","overlay-opacity":"","overlay-gradient":""},"mobile":{"background-color":"","background-image":"","background-repeat":"repeat","background-position":"center center","background-size":"auto","background-attachment":"scroll","background-type":"","background-media":"","overlay-type":"","overlay-color":"","overlay-opacity":"","overlay-gradient":""}},"ast-content-background-meta":{"desktop":{"background-color":"var(--ast-global-color-5)","background-image":"","background-repeat":"repeat","background-position":"center center","background-size":"auto","background-attachment":"scroll","background-type":"","background-media":"","overlay-type":"","overlay-color":"","overlay-opacity":"","overlay-gradient":""},"tablet":{"background-color":"var(--ast-global-color-5)","background-image":"","background-repeat":"repeat","background-position":"center center","background-size":"auto","background-attachment":"scroll","background-type":"","background-media":"","overlay-type":"","overlay-color":"","overlay-opacity":"","overlay-gradient":""},"mobile":{"background-color":"var(--ast-global-color-5)","background-image":"","background-repeat":"repeat","background-position":"center center","background-size":"auto","background-attachment":"scroll","background-type":"","background-media":"","overlay-type":"","overlay-color":"","overlay-opacity":"","overlay-gradient":""}},"footnotes":""},"class_list":["post-1531","page","type-page","status-publish","hentry"],"_links":{"self":[{"href":"https:\/\/institucional.us.es\/orquesta\/wp-json\/wp\/v2\/pages\/1531","targetHints":{"allow":["GET"]}}],"collection":[{"href":"https:\/\/institucional.us.es\/orquesta\/wp-json\/wp\/v2\/pages"}],"about":[{"href":"https:\/\/institucional.us.es\/orquesta\/wp-json\/wp\/v2\/types\/page"}],"author":[{"embeddable":true,"href":"https:\/\/institucional.us.es\/orquesta\/wp-json\/wp\/v2\/users\/5"}],"replies":[{"embeddable":true,"href":"https:\/\/institucional.us.es\/orquesta\/wp-json\/wp\/v2\/comments?post=1531"}],"version-history":[{"count":1,"href":"https:\/\/institucional.us.es\/orquesta\/wp-json\/wp\/v2\/pages\/1531\/revisions"}],"predecessor-version":[{"id":1535,"href":"https:\/\/institucional.us.es\/orquesta\/wp-json\/wp\/v2\/pages\/1531\/revisions\/1535"}],"wp:attachment":[{"href":"https:\/\/institucional.us.es\/orquesta\/wp-json\/wp\/v2\/media?parent=1531"}],"curies":[{"name":"wp","href":"https:\/\/api.w.org\/{rel}","templated":true}]}}