{"id":1619,"date":"2019-09-26T10:27:03","date_gmt":"2019-09-26T10:27:03","guid":{"rendered":"http:\/\/institucional.us.es\/orquesta\/?page_id=1619"},"modified":"2024-07-01T11:39:23","modified_gmt":"2024-07-01T11:39:23","slug":"temporada-20192020","status":"publish","type":"page","link":"https:\/\/institucional.us.es\/orquesta\/programa-de-conciertos\/temporada-20192020\/","title":{"rendered":"TEMPORADA 2019\/2020"},"content":{"rendered":"\t\t<div data-elementor-type=\"wp-page\" data-elementor-id=\"1619\" class=\"elementor elementor-1619\">\n\t\t\t\t\t\t<section class=\"elementor-section elementor-top-section elementor-element elementor-element-6931a560 elementor-section-boxed elementor-section-height-default elementor-section-height-default\" data-id=\"6931a560\" data-element_type=\"section\" data-e-type=\"section\">\n\t\t\t\t\t\t<div class=\"elementor-container elementor-column-gap-default\">\n\t\t\t\t\t<div class=\"elementor-column elementor-col-100 elementor-top-column elementor-element elementor-element-117b7733\" data-id=\"117b7733\" data-element_type=\"column\" data-e-type=\"column\">\n\t\t\t<div class=\"elementor-widget-wrap elementor-element-populated\">\n\t\t\t\t\t\t<div class=\"elementor-element elementor-element-559f407a elementor-widget elementor-widget-text-editor\" data-id=\"559f407a\" data-element_type=\"widget\" data-e-type=\"widget\" data-widget_type=\"text-editor.default\">\n\t\t\t\t<div class=\"elementor-widget-container\">\n\t\t\t\t\t\t\t\t\t<h2><span style=\"color: #ff6600;\"><strong><strong>OSC<\/strong><\/strong>. IX <\/span><span style=\"color: #ff6600;\">Temporada 2019-2020<\/span><\/h2><p><span style=\"color: #808080;\">Como principal novedad, la OSC inaugura una nueva temporada de conciertos asumiendo la responsabilidad de ser la formaci\u00f3n encargada de protagonizar el tradicional Concierto de Apertura de curso acad\u00e9mico de la Universidad de Sevilla, de fuerte carga simb\u00f3lica, y lo har\u00e1 en su sede habitual de conciertos que es el Auditorio de la ETS de Ingenier\u00eda de la Universidad de Sevilla. Asimismo, en los diferentes programas que se presentan cabe destacar el especial protagonismo de la m\u00fasica francesa, al ser interpretadas obras de Berlioz, Debussy y Faur\u00e9, destacando la obra Pell\u00e9as et M\u00e9lisande que se desarrollar\u00e1 en colaboraci\u00f3n con la ESAD.<\/span><\/p><p><span style=\"color: #ff9900;\"><strong>TEMPORADA IX. OSC. <\/strong><strong>CURSO 2019-2020<\/strong><\/span><br \/>ORQUESTA SINF\u00d3NICA CONJUNTA US-CSMS<\/p><h2><strong><a href=\"https:\/\/cicus.us.es\/conciertoaperturaus2019\/\" target=\"_blank\" rel=\"noopener\"><span style=\"color: #ff6600;\">CONCIERTO #1<\/span><\/a><\/strong><\/h2><h4><a href=\"https:\/\/cicus.us.es\/conciertoaperturaus2019\/\"><strong>CONCIERTO APERTURA UNIVERSIDAD DE SEVILLA 2019-2020<\/strong><\/a><strong>\u00a0<\/strong><\/h4><p><strong><a href=\"https:\/\/cicus.us.es\/wp-content\/uploads\/2019\/10\/cartel_concapertura2019_05.jpg\"><img fetchpriority=\"high\" decoding=\"async\" class=\"alignleft\" src=\"https:\/\/cicus.us.es\/wp-content\/uploads\/2019\/10\/cartel_concapertura2019_05.jpg\" alt=\"\" width=\"232\" height=\"333\" \/><\/a><br \/><\/strong><\/p><p><strong>Viernes 25 de octubre 2019 \u00b7 20h \u00b7 Auditorio ETS Ingenier\u00eda<br \/><\/strong><\/p><p>ORQUESTA SINF\u00d3NICA CONJUNTA<br \/>Gabriel Rodero\u00a0\u00b7 violonchelo<br \/>Juan Garc\u00eda Rodr\u00edguez \u00b7 director<\/p><p><strong>\u00a0<\/strong><\/p><p><strong>\u00a0<\/strong><\/p><p><strong>\u00a0<\/strong><\/p><p><strong>&#8211; PROGRAMA &#8211;<\/strong><\/p><p><strong>Fernando Palat\u00edn<\/strong><br \/><em>Obertura de Reina Regente<\/em> (Recuperaci\u00f3n de Patrimonio Musical Andaluz)<\/p><p><strong>Friedrich Gulda<\/strong><br \/><em>Concierto para violonchelo<\/em><\/p><p><strong>Claude Debussy<\/strong><br \/><em>La Mer<\/em><\/p><p><a title=\"PLANTILLA T9#1\" href=\"http:\/\/institucional.us.es\/orquesta\/plantilla-t91\/\"><span style=\"color: #ff6600;\">PLANTILLA<\/span><\/a><\/p><p>\u00a0<\/p><h2><a href=\"https:\/\/cicus.us.es\/oscix_02\/\"><strong><span style=\"color: #ff6600;\">CONCIERTO #2<\/span><\/strong><\/a><\/h2><p><strong><a href=\"https:\/\/cicus.us.es\/wp-content\/uploads\/2019\/11\/cartel_OSC2019_02.jpg\"><img decoding=\"async\" class=\"alignleft\" src=\"https:\/\/cicus.us.es\/wp-content\/uploads\/2019\/11\/cartel_OSC2019_02.jpg\" alt=\"\" width=\"231\" height=\"324\" \/><\/a>Mi\u00e9rcoles 04 de diciembre 2019 \u00b7 20h \u00b7 Auditorio ETS Ingenier\u00eda<\/strong><\/p><p>ENSEMBLE DE PERCUSI\u00d3N DE LA OSC<\/p><p><strong>&#8211; PROGRAMA &#8211;<\/strong><\/p><p><strong>Steve Reich<\/strong><br \/><em>Drumming<\/em><\/p><p><span style=\"color: #ff6600;\"><a title=\"TR\u00cdPTICO Y PLANTILLA\" href=\"https:\/\/cicus.us.es\/wp-content\/uploads\/2019\/12\/cartel_OSC2019_03.jpg\"><span style=\"color: #ff6600;\">TR\u00cdPTICO Y PLANTILLA<\/span><\/a><\/span><\/p><p>&#8212;<\/p>\t\t\t\t\t\t\t\t<\/div>\n\t\t\t\t<\/div>\n\t\t\t\t<div class=\"elementor-element elementor-element-331d1e8 elementor-widget elementor-widget-text-editor\" data-id=\"331d1e8\" data-element_type=\"widget\" data-e-type=\"widget\" data-widget_type=\"text-editor.default\">\n\t\t\t\t<div class=\"elementor-widget-container\">\n\t\t\t\t\t\t\t\t\t<p>\u00a0<\/p><p><em>El d\u00eda 13.03.2020 el gobierno decreta el estado de alarma por la situaci\u00f3n sanitaria derivada del coronavirus COVID-19, suspendi\u00e9ndose la programaci\u00f3n cultural y acad\u00e9mica y por ende la cancelaci\u00f3n de conciertos que hab\u00edan sido ya programados durante el curso acad\u00e9mico.<br \/><\/em><\/p><p>\u00a0<\/p><p>Concierto#3. <strong>13.03.20<\/strong> Auditorio ETS Ingenier\u00eda (cancelado)<\/p><p>Benjamin Britten, Cuatro Interludios Marinos de \u00abPeter Grimes\u00bb<br \/>William Wallton, Concierto para viola y orquesta *<br \/>W. A. Mozart, Sinfon\u00eda n\u00ba 40<br \/>* Viola: Alberto Garc\u00eda<\/p><p>Concierto Extraordinario. <strong>19.03.20<\/strong> (cancelado)<br \/>Pell\u00e9as et M\u00e9lisande (Maeterlinck, con la m\u00fasica incidental de G. Faur\u00e9)<br \/>En colaboraci\u00f3n con la ESAD.<br \/>Chungki Min \u00b7 director invitado<\/p><p>Concierto#4. <strong>15.05.20<\/strong> Auditorio ETS Ingenier\u00eda (cancelado)<br \/>Ludwig van Beethoven, Triple concierto*<br \/>Hector Berlioz, Sinfon\u00eda Fant\u00e1stica<br \/>* Viol\u00edn: Rafael Mu\u00f1oz-Torrero, violonchelo: Aldo Mata, piano: Patricia Arauzo<\/p><p>Concierto#5. <strong>05.06.20<\/strong> Auditorio ETS Ingenier\u00eda (cancelado)<\/p><p>Orquesta de Vientos: Obras de Barnes, Navarro, Guill\u00e9n, Su\u00f1er<br \/>* Director invitado: Camilo Irizo<\/p><p>\u00a0<\/p>\t\t\t\t\t\t\t\t<\/div>\n\t\t\t\t<\/div>\n\t\t\t\t\t<\/div>\n\t\t<\/div>\n\t\t\t\t\t<\/div>\n\t\t<\/section>\n\t\t\t\t<\/div>\n\t\t","protected":false},"excerpt":{"rendered":"<p>OSC. IX Temporada 2019-2020 Como principal novedad, la OSC inaugura una nueva temporada de conciertos asumiendo la responsabilidad de ser la formaci\u00f3n encargada de protagonizar el tradicional Concierto de Apertura de curso acad\u00e9mico de la Universidad de Sevilla, de fuerte carga simb\u00f3lica, y lo har\u00e1 en su sede habitual de conciertos que es el Auditorio [&hellip;]<\/p>\n","protected":false},"author":5,"featured_media":0,"parent":43,"menu_order":0,"comment_status":"closed","ping_status":"closed","template":"","meta":{"site-sidebar-layout":"default","site-content-layout":"default","ast-site-content-layout":"default","site-content-style":"default","site-sidebar-style":"default","ast-global-header-display":"","ast-banner-title-visibility":"","ast-main-header-display":"","ast-hfb-above-header-display":"","ast-hfb-below-header-display":"","ast-hfb-mobile-header-display":"","site-post-title":"","ast-breadcrumbs-content":"","ast-featured-img":"","footer-sml-layout":"","ast-disable-related-posts":"","theme-transparent-header-meta":"default","adv-header-id-meta":"","stick-header-meta":"","header-above-stick-meta":"","header-main-stick-meta":"","header-below-stick-meta":"","astra-migrate-meta-layouts":"default","ast-page-background-enabled":"default","ast-page-background-meta":{"desktop":{"background-color":"","background-image":"","background-repeat":"repeat","background-position":"center center","background-size":"auto","background-attachment":"scroll","background-type":"","background-media":"","overlay-type":"","overlay-color":"","overlay-opacity":"","overlay-gradient":""},"tablet":{"background-color":"","background-image":"","background-repeat":"repeat","background-position":"center center","background-size":"auto","background-attachment":"scroll","background-type":"","background-media":"","overlay-type":"","overlay-color":"","overlay-opacity":"","overlay-gradient":""},"mobile":{"background-color":"","background-image":"","background-repeat":"repeat","background-position":"center center","background-size":"auto","background-attachment":"scroll","background-type":"","background-media":"","overlay-type":"","overlay-color":"","overlay-opacity":"","overlay-gradient":""}},"ast-content-background-meta":{"desktop":{"background-color":"var(--ast-global-color-5)","background-image":"","background-repeat":"repeat","background-position":"center center","background-size":"auto","background-attachment":"scroll","background-type":"","background-media":"","overlay-type":"","overlay-color":"","overlay-opacity":"","overlay-gradient":""},"tablet":{"background-color":"var(--ast-global-color-5)","background-image":"","background-repeat":"repeat","background-position":"center center","background-size":"auto","background-attachment":"scroll","background-type":"","background-media":"","overlay-type":"","overlay-color":"","overlay-opacity":"","overlay-gradient":""},"mobile":{"background-color":"var(--ast-global-color-5)","background-image":"","background-repeat":"repeat","background-position":"center center","background-size":"auto","background-attachment":"scroll","background-type":"","background-media":"","overlay-type":"","overlay-color":"","overlay-opacity":"","overlay-gradient":""}},"footnotes":""},"class_list":["post-1619","page","type-page","status-publish","hentry"],"_links":{"self":[{"href":"https:\/\/institucional.us.es\/orquesta\/wp-json\/wp\/v2\/pages\/1619","targetHints":{"allow":["GET"]}}],"collection":[{"href":"https:\/\/institucional.us.es\/orquesta\/wp-json\/wp\/v2\/pages"}],"about":[{"href":"https:\/\/institucional.us.es\/orquesta\/wp-json\/wp\/v2\/types\/page"}],"author":[{"embeddable":true,"href":"https:\/\/institucional.us.es\/orquesta\/wp-json\/wp\/v2\/users\/5"}],"replies":[{"embeddable":true,"href":"https:\/\/institucional.us.es\/orquesta\/wp-json\/wp\/v2\/comments?post=1619"}],"version-history":[{"count":95,"href":"https:\/\/institucional.us.es\/orquesta\/wp-json\/wp\/v2\/pages\/1619\/revisions"}],"predecessor-version":[{"id":5183,"href":"https:\/\/institucional.us.es\/orquesta\/wp-json\/wp\/v2\/pages\/1619\/revisions\/5183"}],"up":[{"embeddable":true,"href":"https:\/\/institucional.us.es\/orquesta\/wp-json\/wp\/v2\/pages\/43"}],"wp:attachment":[{"href":"https:\/\/institucional.us.es\/orquesta\/wp-json\/wp\/v2\/media?parent=1619"}],"curies":[{"name":"wp","href":"https:\/\/api.w.org\/{rel}","templated":true}]}}