{"id":1641,"date":"2019-09-26T11:38:33","date_gmt":"2019-09-26T11:38:33","guid":{"rendered":"http:\/\/institucional.us.es\/orquesta\/?page_id=1641"},"modified":"2019-09-26T11:44:21","modified_gmt":"2019-09-26T11:44:21","slug":"plantilla-t14","status":"publish","type":"page","link":"https:\/\/institucional.us.es\/orquesta\/plantilla-t14\/","title":{"rendered":"PLANTILLA TI#4"},"content":{"rendered":"<h2>PLANTILLA TEMPORADA I CONCIERTO #4<\/h2>\n<p>DIRECTOR<br \/>\nJuan Garc\u00eda Rodr\u00edguez<\/p>\n<p><strong>FLAUTAS<\/strong><br \/>\nPilar Fern\u00e1ndez Crespo<br \/>\nGloria Grajera P\u00e9rez<br \/>\nViktoria Pokryvailo<\/p>\n<p><strong>OBOES<\/strong><br \/>\nJos\u00e9 Luis Gonz\u00e1lez<br \/>\nCristina Gimeno<br \/>\nIn\u00e9s Mar\u00eda Dom\u00ednguez<\/p>\n<p><strong>CLARINETES<\/strong><br \/>\nJuan Mora<br \/>\nAlicia Dom\u00ednguez<br \/>\nFernando Arinero<\/p>\n<p><strong>FAGOTES<\/strong><br \/>\nNicol\u00e1s D\u00edaz Traves<br \/>\n\u00c1ngela Valera Casanova<br \/>\nJos\u00e9 Antonio P\u00e9rez Madrigal<\/p>\n<p><strong>TROMPAS<\/strong><br \/>\nMiguel Aguilar<br \/>\nMaria G\u00f3mez<br \/>\nVictor Lozano<br \/>\nMarina Ojeda<br \/>\nAlberto Torres<br \/>\nAntonio Redondo<br \/>\nFrancisco A. Garc\u00eda<br \/>\nJose Manuel Santos<br \/>\nMiguel Carrasco<\/p>\n<p><strong>TROMPETAS<\/strong><br \/>\nDiego Molina<br \/>\nJose Carlos D\u00edez<br \/>\nAntonio Caballero<br \/>\nMiguel Mateos<\/p>\n<p><strong>TROMBONES<\/strong><br \/>\nFrancisco Contreras<br \/>\nLeonardo Garc\u00eda<br \/>\nManuel Jes\u00fas Ramos<\/p>\n<p><strong>TUBA<\/strong><br \/>\nSantiago Fuentes<\/p>\n<p><strong>TIMBALES<\/strong><br \/>\nPablo Carmona<\/p>\n<p><strong>PERCUSI\u00d3N<\/strong><br \/>\nLuis Vicente Mart\u00edn<br \/>\nM\u00edriam Rastrero<\/p>\n<p><strong>ARPAS<\/strong><br \/>\nCeterni Fern\u00e1ndez<br \/>\nM\u00aa Vicenta Diego (profesora)<\/p>\n<p><strong>VIOLINES I<\/strong><br \/>\nPedro Romero (concertino invitado)<br \/>\nDavid Bellido<br \/>\nIrene Serrahima<br \/>\nRaquel Pav\u00f3n<br \/>\nLuc\u00eda L\u00f3pez<br \/>\nJuan Vel\u00e1zquez<br \/>\nA\u00edda L\u00f3pez<br \/>\nDaniel Le\u00f3n<br \/>\nAlejandro Vega<br \/>\nPablo Romero<br \/>\nIsabel Alonso<br \/>\nElisa Prenda<br \/>\nAbigail Barrero<br \/>\nTeresa Vizca\u00edno<\/p>\n<p><strong>VIOLINES II<\/strong><\/p>\n<p>David Biedma<br \/>\n\u00c1gueda S\u00e1nchez<br \/>\nJulia Clavijo<br \/>\nF\u00e1tima Merino<br \/>\nF\u00e1tima Caballero<br \/>\nAlicia L\u00f3pez<br \/>\nNieves \u00c1lvarez<br \/>\nFco. Javier Luengo<br \/>\nRosal\u00eda L\u00f3pez<br \/>\nAna Mu\u00f1oz<br \/>\nJes\u00fas Manuel Gonz\u00e1lez<br \/>\nIrene Ramos<\/p>\n<p><strong>VIOLAS<\/strong><\/p>\n<p>\u00c1lvaro Arrans (profesor)<br \/>\nGonzalo Castell\u00f3 (profesor)<br \/>\nElena Cordero<br \/>\nCarmen Rodr\u00edguez<br \/>\nJos\u00e9 \u00c1ngel Esteban<br \/>\nLuis Ma\u00f1as<br \/>\nMarta G\u00f3mez<br \/>\nSalvador Daza<br \/>\nJulio Alberto Peraza<\/p>\n<p><strong>VIOLONCHELOS<\/strong><\/p>\n<p>Juana Garc\u00eda<br \/>\nJuan Carrillo<br \/>\nD\u00e9bora de la Fuente<br \/>\nBel\u00e9n Moreno<br \/>\nBerta Garc\u00eda<br \/>\nGema Garc\u00eda<br \/>\nIrene Fontana<br \/>\nElisa Abril<br \/>\nFrancisco Rosado<br \/>\nSancho Gonz\u00e1lez<br \/>\nJuan Diego S\u00e1nchez<br \/>\nValent\u00edn Mayer<\/p>\n<p><strong>CONTRABAJOS<\/strong><br \/>\nEduardo Rodr\u00edguez (profesor)<br \/>\nJos\u00e9 Manuel L\u00f3pez<br \/>\nPablo B\u00e1ez<br \/>\nMarco Serrato<br \/>\nVincenzo Spada<br \/>\nRadostin Guenadiev<br \/>\nJordi Soler<\/p>\n","protected":false},"excerpt":{"rendered":"<p>PLANTILLA TEMPORADA I CONCIERTO #4 DIRECTOR Juan Garc\u00eda Rodr\u00edguez FLAUTAS Pilar Fern\u00e1ndez Crespo Gloria Grajera P\u00e9rez Viktoria Pokryvailo OBOES Jos\u00e9 Luis Gonz\u00e1lez Cristina Gimeno In\u00e9s Mar\u00eda Dom\u00ednguez CLARINETES Juan Mora Alicia Dom\u00ednguez Fernando Arinero FAGOTES Nicol\u00e1s D\u00edaz Traves \u00c1ngela Valera Casanova Jos\u00e9 Antonio P\u00e9rez Madrigal TROMPAS Miguel Aguilar Maria G\u00f3mez Victor Lozano Marina Ojeda Alberto [&hellip;]<\/p>\n","protected":false},"author":5,"featured_media":0,"parent":0,"menu_order":0,"comment_status":"closed","ping_status":"open","template":"","meta":{"site-sidebar-layout":"default","site-content-layout":"","ast-site-content-layout":"default","site-content-style":"default","site-sidebar-style":"default","ast-global-header-display":"","ast-banner-title-visibility":"","ast-main-header-display":"","ast-hfb-above-header-display":"","ast-hfb-below-header-display":"","ast-hfb-mobile-header-display":"","site-post-title":"","ast-breadcrumbs-content":"","ast-featured-img":"","footer-sml-layout":"","ast-disable-related-posts":"","theme-transparent-header-meta":"","adv-header-id-meta":"","stick-header-meta":"","header-above-stick-meta":"","header-main-stick-meta":"","header-below-stick-meta":"","astra-migrate-meta-layouts":"default","ast-page-background-enabled":"default","ast-page-background-meta":{"desktop":{"background-color":"","background-image":"","background-repeat":"repeat","background-position":"center center","background-size":"auto","background-attachment":"scroll","background-type":"","background-media":"","overlay-type":"","overlay-color":"","overlay-opacity":"","overlay-gradient":""},"tablet":{"background-color":"","background-image":"","background-repeat":"repeat","background-position":"center center","background-size":"auto","background-attachment":"scroll","background-type":"","background-media":"","overlay-type":"","overlay-color":"","overlay-opacity":"","overlay-gradient":""},"mobile":{"background-color":"","background-image":"","background-repeat":"repeat","background-position":"center center","background-size":"auto","background-attachment":"scroll","background-type":"","background-media":"","overlay-type":"","overlay-color":"","overlay-opacity":"","overlay-gradient":""}},"ast-content-background-meta":{"desktop":{"background-color":"var(--ast-global-color-5)","background-image":"","background-repeat":"repeat","background-position":"center center","background-size":"auto","background-attachment":"scroll","background-type":"","background-media":"","overlay-type":"","overlay-color":"","overlay-opacity":"","overlay-gradient":""},"tablet":{"background-color":"var(--ast-global-color-5)","background-image":"","background-repeat":"repeat","background-position":"center center","background-size":"auto","background-attachment":"scroll","background-type":"","background-media":"","overlay-type":"","overlay-color":"","overlay-opacity":"","overlay-gradient":""},"mobile":{"background-color":"var(--ast-global-color-5)","background-image":"","background-repeat":"repeat","background-position":"center center","background-size":"auto","background-attachment":"scroll","background-type":"","background-media":"","overlay-type":"","overlay-color":"","overlay-opacity":"","overlay-gradient":""}},"footnotes":""},"class_list":["post-1641","page","type-page","status-publish","hentry"],"_links":{"self":[{"href":"https:\/\/institucional.us.es\/orquesta\/wp-json\/wp\/v2\/pages\/1641","targetHints":{"allow":["GET"]}}],"collection":[{"href":"https:\/\/institucional.us.es\/orquesta\/wp-json\/wp\/v2\/pages"}],"about":[{"href":"https:\/\/institucional.us.es\/orquesta\/wp-json\/wp\/v2\/types\/page"}],"author":[{"embeddable":true,"href":"https:\/\/institucional.us.es\/orquesta\/wp-json\/wp\/v2\/users\/5"}],"replies":[{"embeddable":true,"href":"https:\/\/institucional.us.es\/orquesta\/wp-json\/wp\/v2\/comments?post=1641"}],"version-history":[{"count":3,"href":"https:\/\/institucional.us.es\/orquesta\/wp-json\/wp\/v2\/pages\/1641\/revisions"}],"predecessor-version":[{"id":1655,"href":"https:\/\/institucional.us.es\/orquesta\/wp-json\/wp\/v2\/pages\/1641\/revisions\/1655"}],"wp:attachment":[{"href":"https:\/\/institucional.us.es\/orquesta\/wp-json\/wp\/v2\/media?parent=1641"}],"curies":[{"name":"wp","href":"https:\/\/api.w.org\/{rel}","templated":true}]}}