{"id":1648,"date":"2019-09-26T11:41:33","date_gmt":"2019-09-26T11:41:33","guid":{"rendered":"http:\/\/institucional.us.es\/orquesta\/?page_id=1648"},"modified":"2019-09-26T11:41:33","modified_gmt":"2019-09-26T11:41:33","slug":"plantilla-ti5","status":"publish","type":"page","link":"https:\/\/institucional.us.es\/orquesta\/plantilla-ti5\/","title":{"rendered":"PLANTILLA TI#5"},"content":{"rendered":"<h2>PLANTILLA TEMPORADA I CONCIERTO #5<\/h2>\n<p style=\"color: #777777;\">Jan Milosz Zarzycky \u00b7 director<br \/>\nFrancisco Javier Mart\u00edn \u00b7 clarinete<\/p>\n<p style=\"color: #777777;\"><strong><span style=\"color: #808080;\">FLAUTAS<\/span><\/strong><br \/>\n<span style=\"color: #808080;\">Sherezade Jurado Navarro<\/span><br \/>\n<span style=\"color: #808080;\">Salom\u00e9 Camacho Pav\u00f3n<\/span><br \/>\n<span style=\"color: #808080;\">B\u00e1rbara G\u00e1lvel Casero<\/span><\/p>\n<p style=\"color: #777777;\"><strong><span style=\"color: #808080;\">OBOES<\/span><\/strong><br \/>\n<span style=\"color: #808080;\">In\u00e9s M\u00aa Dom\u00ednguez Dur\u00e1n<\/span><br \/>\n<span style=\"color: #808080;\">Jos\u00e9 Luis Gonz\u00e1lez Fern\u00e1ndez<\/span><br \/>\n<span style=\"color: #808080;\">Jos\u00e9 Manuel Cuadrado S\u00e1nchez<\/span><br \/>\n<span style=\"color: #808080;\">Juana Mar\u00eda Nu\u00f1o Vargas<\/span><\/p>\n<p style=\"color: #777777;\"><strong><span style=\"color: #808080;\">CLARINETES<\/span><\/strong><br \/>\n<span style=\"color: #808080;\">Alba Dom\u00ednguez Delgado<\/span><br \/>\n<span style=\"color: #808080;\">Jaime Jim\u00e9nez Alba<\/span><br \/>\n<span style=\"color: #808080;\">Alfonso Manzanera Rojo<\/span><br \/>\n<span style=\"color: #808080;\">Olmo Ranchal Garc\u00eda<\/span><\/p>\n<p style=\"color: #777777;\"><strong><span style=\"color: #808080;\">FAGOTES<\/span><\/strong><br \/>\n<span style=\"color: #808080;\">\u00c1ngela Valera Casanova<\/span><br \/>\n<span style=\"color: #808080;\">Nicol\u00e1s D\u00edaz Traves<\/span><br \/>\n<span style=\"color: #808080;\">Alejandro \u00c1lvarez Asencio<\/span><br \/>\n<span style=\"color: #808080;\">Jos\u00e9 Antonio P\u00e9rez Madrigal<\/span><\/p>\n<p style=\"color: #777777;\"><strong><span style=\"color: #808080;\">TROMPAS<\/span><\/strong><br \/>\n<span style=\"color: #808080;\">Antonio Redondo Hurtado<\/span><br \/>\n<span style=\"color: #808080;\">Alba Mar\u00eda Torres<\/span><br \/>\n<span style=\"color: #808080;\">Francisco Antonio Garc\u00eda Romero<\/span><br \/>\n<span style=\"color: #808080;\">Miguel Carrasco Fern\u00e1ndez<\/span><\/p>\n<p style=\"color: #777777;\"><strong><span style=\"color: #808080;\">TROMPETAS<\/span><\/strong><br \/>\n<span style=\"color: #808080;\">Alberto Merino Pineda<\/span><br \/>\n<span style=\"color: #808080;\">Manuel Jos\u00e9 Gonz\u00e1lez L\u00f3pez<\/span><br \/>\n<span style=\"color: #808080;\">Francisco Jes\u00fas Lozano Berzo<\/span><br \/>\n<span style=\"color: #808080;\">Juan Ram\u00f3n Mart\u00ednez Barco<\/span><\/p>\n<p style=\"color: #777777;\"><strong><span style=\"color: #808080;\">TROMBONES<\/span><\/strong><br \/>\n<span style=\"color: #808080;\">Leonardo Garc\u00eda Chaparro<\/span><br \/>\n<span style=\"color: #808080;\">Miguel David Barrones Gal\u00e1n<\/span><br \/>\n<span style=\"color: #808080;\">Jos\u00e9 Vicente Ortega Sierra<\/span><br \/>\n<span style=\"color: #808080;\">Jos\u00e9 Hern\u00e1ndez Rey<\/span><\/p>\n<p style=\"color: #777777;\"><strong><span style=\"color: #808080;\">TUBAS<\/span><\/strong><br \/>\n<span style=\"color: #808080;\">Santiago Fuentes<\/span><\/p>\n<p style=\"color: #777777;\"><strong><span style=\"color: #808080;\">PERCUSI\u00d3N<\/span><\/strong><br \/>\n<span style=\"color: #808080;\">Pablo Carmona<\/span><br \/>\n<span style=\"color: #808080;\">Antonio Alc\u00e1ntara<\/span><br \/>\n<span style=\"color: #808080;\">Francisco Escalante<\/span><\/p>\n<p style=\"color: #777777;\"><strong><span style=\"color: #808080;\">PIANO<\/span><\/strong><br \/>\n<span style=\"color: #808080;\">Efra\u00edn Callejo<\/span><\/p>\n<p style=\"color: #777777;\"><strong><span style=\"color: #808080;\">VIOLINES I<\/span><\/strong><br \/>\n<span style=\"color: #808080;\">Lara Sanson Mora<\/span><br \/>\n<span style=\"color: #808080;\">Irene Serrahima Violant<\/span><br \/>\n<span style=\"color: #808080;\">Juan Vel\u00e1zquez S\u00e1nchez<\/span><br \/>\n<span style=\"color: #808080;\">Mar\u00eda Vizca\u00edno Rodr\u00edguez<\/span><br \/>\n<span style=\"color: #808080;\">Daniel Le\u00f3n Ardoz<\/span><br \/>\n<span style=\"color: #808080;\">Antonio Cornejo Rodr\u00edguez<\/span><br \/>\n<span style=\"color: #808080;\">Raquel Pav\u00f3n Fern\u00e1ndez<\/span><br \/>\n<span style=\"color: #808080;\">Francisco Javier Luengo Guti\u00e9rrez<\/span><br \/>\n<span style=\"color: #808080;\">Elisa Prenda Jim\u00e9nez<\/span><br \/>\n<span style=\"color: #808080;\">Abigail Barrero Garc\u00eda<\/span><\/p>\n<p style=\"color: #777777;\"><strong><span style=\"color: #808080;\">VIOLINES II<\/span><\/strong><br \/>\n<span style=\"color: #808080;\">Ann-Elena Eade<\/span><br \/>\n<span style=\"color: #808080;\">Sergio Jim\u00e9nez Salvad\u00f3<\/span><br \/>\n<span style=\"color: #808080;\">Mario Gracia del Saz Rom\u00e1n<\/span><br \/>\n<span style=\"color: #808080;\">Jaime Calder\u00f3n Rovira<\/span><br \/>\n<span style=\"color: #808080;\">Rosal\u00eda L\u00f3pez S\u00e1nchez<\/span><br \/>\n<span style=\"color: #808080;\">Pablo Romero Carre\u00f1o<\/span><br \/>\n<span style=\"color: #808080;\">F\u00e1tima Caballero Ram\u00edrez<\/span><br \/>\n<span style=\"color: #808080;\">Jes\u00fas Manuel Gonz\u00e1lez Moreira<\/span><\/p>\n<p style=\"color: #777777;\"><strong><span style=\"color: #808080;\">VIOLAS<\/span><\/strong><br \/>\n<span style=\"color: #808080;\">Paloma P\u00e9rez L\u00f3pez<\/span><br \/>\n<span style=\"color: #808080;\">Carmen Rodr\u00edguez Romero<\/span><br \/>\n<span style=\"color: #808080;\">M\u00aa Dolores Mu\u00f1oz Ortega<\/span><br \/>\n<span style=\"color: #808080;\">Julio Alberto Peraza Padr\u00f3n<\/span><br \/>\n<span style=\"color: #808080;\">Roc\u00edo Garc\u00eda Morales<\/span><br \/>\n<span style=\"color: #808080;\">Roc\u00edo Garc\u00eda Rodr\u00edguez<\/span><\/p>\n<p style=\"color: #777777;\"><strong><span style=\"color: #808080;\">CELLOS<\/span><\/strong><br \/>\n<span style=\"color: #808080;\">Sancho Gonz\u00e1lez Almendral<\/span><br \/>\n<span style=\"color: #808080;\">Bel\u00e9n Moreno Dom\u00ednguez<\/span><br \/>\n<span style=\"color: #808080;\">D\u00e9bora De la Fuente Garc\u00eda<\/span><br \/>\n<span style=\"color: #808080;\">Granada Galv\u00e1n Vega<\/span><br \/>\n<span style=\"color: #808080;\">Ra\u00fal Herrera Moreno<\/span><br \/>\n<span style=\"color: #808080;\">Elisa Abril Bay\u00f3n<\/span><\/p>\n<p style=\"color: #777777;\"><strong><span style=\"color: #808080;\">CONTRABAJOS<\/span><\/strong><br \/>\n<span style=\"color: #808080;\">Pablo B\u00e1ez Illescas<\/span><br \/>\n<span style=\"color: #808080;\">Jos\u00e9 Manuel L\u00f3pez Carrasco<\/span><br \/>\n<span style=\"color: #808080;\">Marco Serrato Gallardo<\/span><br \/>\n<span style=\"color: #808080;\">Vincenzo Spada<\/span><\/p>\n","protected":false},"excerpt":{"rendered":"<p>PLANTILLA TEMPORADA I CONCIERTO #5 Jan Milosz Zarzycky \u00b7 director Francisco Javier Mart\u00edn \u00b7 clarinete FLAUTAS Sherezade Jurado Navarro Salom\u00e9 Camacho Pav\u00f3n B\u00e1rbara G\u00e1lvel Casero OBOES In\u00e9s M\u00aa Dom\u00ednguez Dur\u00e1n Jos\u00e9 Luis Gonz\u00e1lez Fern\u00e1ndez Jos\u00e9 Manuel Cuadrado S\u00e1nchez Juana Mar\u00eda Nu\u00f1o Vargas CLARINETES Alba Dom\u00ednguez Delgado Jaime Jim\u00e9nez Alba Alfonso Manzanera Rojo Olmo Ranchal Garc\u00eda [&hellip;]<\/p>\n","protected":false},"author":5,"featured_media":0,"parent":0,"menu_order":0,"comment_status":"closed","ping_status":"open","template":"","meta":{"site-sidebar-layout":"default","site-content-layout":"","ast-site-content-layout":"default","site-content-style":"default","site-sidebar-style":"default","ast-global-header-display":"","ast-banner-title-visibility":"","ast-main-header-display":"","ast-hfb-above-header-display":"","ast-hfb-below-header-display":"","ast-hfb-mobile-header-display":"","site-post-title":"","ast-breadcrumbs-content":"","ast-featured-img":"","footer-sml-layout":"","ast-disable-related-posts":"","theme-transparent-header-meta":"","adv-header-id-meta":"","stick-header-meta":"","header-above-stick-meta":"","header-main-stick-meta":"","header-below-stick-meta":"","astra-migrate-meta-layouts":"default","ast-page-background-enabled":"default","ast-page-background-meta":{"desktop":{"background-color":"","background-image":"","background-repeat":"repeat","background-position":"center center","background-size":"auto","background-attachment":"scroll","background-type":"","background-media":"","overlay-type":"","overlay-color":"","overlay-opacity":"","overlay-gradient":""},"tablet":{"background-color":"","background-image":"","background-repeat":"repeat","background-position":"center center","background-size":"auto","background-attachment":"scroll","background-type":"","background-media":"","overlay-type":"","overlay-color":"","overlay-opacity":"","overlay-gradient":""},"mobile":{"background-color":"","background-image":"","background-repeat":"repeat","background-position":"center center","background-size":"auto","background-attachment":"scroll","background-type":"","background-media":"","overlay-type":"","overlay-color":"","overlay-opacity":"","overlay-gradient":""}},"ast-content-background-meta":{"desktop":{"background-color":"var(--ast-global-color-5)","background-image":"","background-repeat":"repeat","background-position":"center center","background-size":"auto","background-attachment":"scroll","background-type":"","background-media":"","overlay-type":"","overlay-color":"","overlay-opacity":"","overlay-gradient":""},"tablet":{"background-color":"var(--ast-global-color-5)","background-image":"","background-repeat":"repeat","background-position":"center center","background-size":"auto","background-attachment":"scroll","background-type":"","background-media":"","overlay-type":"","overlay-color":"","overlay-opacity":"","overlay-gradient":""},"mobile":{"background-color":"var(--ast-global-color-5)","background-image":"","background-repeat":"repeat","background-position":"center center","background-size":"auto","background-attachment":"scroll","background-type":"","background-media":"","overlay-type":"","overlay-color":"","overlay-opacity":"","overlay-gradient":""}},"footnotes":""},"class_list":["post-1648","page","type-page","status-publish","hentry"],"_links":{"self":[{"href":"https:\/\/institucional.us.es\/orquesta\/wp-json\/wp\/v2\/pages\/1648","targetHints":{"allow":["GET"]}}],"collection":[{"href":"https:\/\/institucional.us.es\/orquesta\/wp-json\/wp\/v2\/pages"}],"about":[{"href":"https:\/\/institucional.us.es\/orquesta\/wp-json\/wp\/v2\/types\/page"}],"author":[{"embeddable":true,"href":"https:\/\/institucional.us.es\/orquesta\/wp-json\/wp\/v2\/users\/5"}],"replies":[{"embeddable":true,"href":"https:\/\/institucional.us.es\/orquesta\/wp-json\/wp\/v2\/comments?post=1648"}],"version-history":[{"count":1,"href":"https:\/\/institucional.us.es\/orquesta\/wp-json\/wp\/v2\/pages\/1648\/revisions"}],"predecessor-version":[{"id":1652,"href":"https:\/\/institucional.us.es\/orquesta\/wp-json\/wp\/v2\/pages\/1648\/revisions\/1652"}],"wp:attachment":[{"href":"https:\/\/institucional.us.es\/orquesta\/wp-json\/wp\/v2\/media?parent=1648"}],"curies":[{"name":"wp","href":"https:\/\/api.w.org\/{rel}","templated":true}]}}