{"id":1694,"date":"2019-09-27T16:15:40","date_gmt":"2019-09-27T16:15:40","guid":{"rendered":"http:\/\/institucional.us.es\/orquesta\/?page_id=1694"},"modified":"2019-09-27T16:16:52","modified_gmt":"2019-09-27T16:16:52","slug":"tii2","status":"publish","type":"page","link":"https:\/\/institucional.us.es\/orquesta\/tii2\/","title":{"rendered":"TII#2"},"content":{"rendered":"<h3>PLANTILLA TEMPORADA II CONCIERTO #2<\/h3>\n<p style=\"color: #4f4f4f;\"><strong>FLAUTAS<\/strong><\/p>\n<p style=\"color: #4f4f4f;\">Ester Esteban<br \/>\nSimona Belgeri<br \/>\nDiego Javier Garc\u00eda<br \/>\nRodrigo Pacheco<\/p>\n<p style=\"color: #4f4f4f;\"><strong>OBOES<\/strong><br \/>\nJos\u00e9 Luis Gonz\u00e1lez<br \/>\nIsabel Rodr\u00edguez Foncueva<\/p>\n<p style=\"color: #4f4f4f;\"><strong>CLARINETES<\/strong><br \/>\nVirginia Moreno<br \/>\nFernando Arinero<br \/>\n\u00c1lvaro Hern\u00e1ndez Vela<br \/>\nAlfonso Manzanera<br \/>\nSergio Cano<\/p>\n<p style=\"color: #4f4f4f;\"><strong>FAGOTES<\/strong><br \/>\nNicol\u00e1s D\u00edaz<\/p>\n<p style=\"color: #4f4f4f;\"><strong>TROMPAS<\/strong><br \/>\nV\u00edctor Lozano<br \/>\nFabian Casou<br \/>\nMiguel Aguilar<br \/>\nAlejandro Lagares<\/p>\n<p style=\"color: #4f4f4f;\"><strong>TROMPETA<\/strong><br \/>\nMiguel Mateos<br \/>\nIn\u00e9s Dom\u00ednguez<br \/>\nAlejandro \u00c1lvarez<br \/>\nBeatriz Bueno<\/p>\n<p style=\"color: #4f4f4f;\"><strong>TROMB\u00d3N<\/strong><br \/>\nMarcos Mu\u00f1oz<\/p>\n<p style=\"color: #4f4f4f;\"><strong>VIOL\u00cdN<\/strong><br \/>\nFrancisco Javier Luengo<\/p>\n<p style=\"color: #4f4f4f;\"><strong>VIOLAS<\/strong><br \/>\nCarmen Rodr\u00edguez Romero<br \/>\nDar\u00eda Marchena<br \/>\nPaula Cepeda<br \/>\nSalvador Daza<br \/>\n\u00c1lvaro Arrans<\/p>\n<p style=\"color: #4f4f4f;\"><strong>VIOLONCHELOS<\/strong><br \/>\nGema Garc\u00eda<br \/>\nFrancisco Daniel Espa\u00f1a<br \/>\nClara Ljunakvst<br \/>\nAna Dom\u00ednguez<br \/>\nRa\u00fal Herrera<br \/>\n\u00c1ngel Morilla<\/p>\n<p style=\"color: #4f4f4f;\"><strong>CONTRABAJOS<\/strong><br \/>\nJos\u00e9 Manuel L\u00f3pez<br \/>\nMarcelo Gonz\u00e1lez<br \/>\nMarco Serrato<\/p>\n","protected":false},"excerpt":{"rendered":"<p>PLANTILLA TEMPORADA II CONCIERTO #2 FLAUTAS Ester Esteban Simona Belgeri Diego Javier Garc\u00eda Rodrigo Pacheco OBOES Jos\u00e9 Luis Gonz\u00e1lez Isabel Rodr\u00edguez Foncueva CLARINETES Virginia Moreno Fernando Arinero \u00c1lvaro Hern\u00e1ndez Vela Alfonso Manzanera Sergio Cano FAGOTES Nicol\u00e1s D\u00edaz TROMPAS V\u00edctor Lozano Fabian Casou Miguel Aguilar Alejandro Lagares TROMPETA Miguel Mateos In\u00e9s Dom\u00ednguez Alejandro \u00c1lvarez Beatriz Bueno [&hellip;]<\/p>\n","protected":false},"author":5,"featured_media":0,"parent":0,"menu_order":0,"comment_status":"closed","ping_status":"open","template":"","meta":{"site-sidebar-layout":"default","site-content-layout":"","ast-site-content-layout":"default","site-content-style":"default","site-sidebar-style":"default","ast-global-header-display":"","ast-banner-title-visibility":"","ast-main-header-display":"","ast-hfb-above-header-display":"","ast-hfb-below-header-display":"","ast-hfb-mobile-header-display":"","site-post-title":"","ast-breadcrumbs-content":"","ast-featured-img":"","footer-sml-layout":"","ast-disable-related-posts":"","theme-transparent-header-meta":"","adv-header-id-meta":"","stick-header-meta":"","header-above-stick-meta":"","header-main-stick-meta":"","header-below-stick-meta":"","astra-migrate-meta-layouts":"default","ast-page-background-enabled":"default","ast-page-background-meta":{"desktop":{"background-color":"","background-image":"","background-repeat":"repeat","background-position":"center center","background-size":"auto","background-attachment":"scroll","background-type":"","background-media":"","overlay-type":"","overlay-color":"","overlay-opacity":"","overlay-gradient":""},"tablet":{"background-color":"","background-image":"","background-repeat":"repeat","background-position":"center center","background-size":"auto","background-attachment":"scroll","background-type":"","background-media":"","overlay-type":"","overlay-color":"","overlay-opacity":"","overlay-gradient":""},"mobile":{"background-color":"","background-image":"","background-repeat":"repeat","background-position":"center center","background-size":"auto","background-attachment":"scroll","background-type":"","background-media":"","overlay-type":"","overlay-color":"","overlay-opacity":"","overlay-gradient":""}},"ast-content-background-meta":{"desktop":{"background-color":"var(--ast-global-color-5)","background-image":"","background-repeat":"repeat","background-position":"center center","background-size":"auto","background-attachment":"scroll","background-type":"","background-media":"","overlay-type":"","overlay-color":"","overlay-opacity":"","overlay-gradient":""},"tablet":{"background-color":"var(--ast-global-color-5)","background-image":"","background-repeat":"repeat","background-position":"center center","background-size":"auto","background-attachment":"scroll","background-type":"","background-media":"","overlay-type":"","overlay-color":"","overlay-opacity":"","overlay-gradient":""},"mobile":{"background-color":"var(--ast-global-color-5)","background-image":"","background-repeat":"repeat","background-position":"center center","background-size":"auto","background-attachment":"scroll","background-type":"","background-media":"","overlay-type":"","overlay-color":"","overlay-opacity":"","overlay-gradient":""}},"footnotes":""},"class_list":["post-1694","page","type-page","status-publish","hentry"],"_links":{"self":[{"href":"https:\/\/institucional.us.es\/orquesta\/wp-json\/wp\/v2\/pages\/1694","targetHints":{"allow":["GET"]}}],"collection":[{"href":"https:\/\/institucional.us.es\/orquesta\/wp-json\/wp\/v2\/pages"}],"about":[{"href":"https:\/\/institucional.us.es\/orquesta\/wp-json\/wp\/v2\/types\/page"}],"author":[{"embeddable":true,"href":"https:\/\/institucional.us.es\/orquesta\/wp-json\/wp\/v2\/users\/5"}],"replies":[{"embeddable":true,"href":"https:\/\/institucional.us.es\/orquesta\/wp-json\/wp\/v2\/comments?post=1694"}],"version-history":[{"count":3,"href":"https:\/\/institucional.us.es\/orquesta\/wp-json\/wp\/v2\/pages\/1694\/revisions"}],"predecessor-version":[{"id":1703,"href":"https:\/\/institucional.us.es\/orquesta\/wp-json\/wp\/v2\/pages\/1694\/revisions\/1703"}],"wp:attachment":[{"href":"https:\/\/institucional.us.es\/orquesta\/wp-json\/wp\/v2\/media?parent=1694"}],"curies":[{"name":"wp","href":"https:\/\/api.w.org\/{rel}","templated":true}]}}