{"id":2134,"date":"2022-01-31T15:09:44","date_gmt":"2022-01-31T15:09:44","guid":{"rendered":"http:\/\/institucional.us.es\/orquesta\/?page_id=2134"},"modified":"2024-07-01T11:28:42","modified_gmt":"2024-07-01T11:28:42","slug":"temporada-2021-2022","status":"publish","type":"page","link":"https:\/\/institucional.us.es\/orquesta\/programa-de-conciertos\/temporada-2021-2022\/","title":{"rendered":"TEMPORADA 2021\/2022"},"content":{"rendered":"<h2><span style=\"color: #ff6600;\">OSC. XI TEMPORADA 2021-2022<\/span><\/h2>\n<address><img fetchpriority=\"high\" decoding=\"async\" class=\"alignnone wp-image-2232\" src=\"http:\/\/institucional.us.es\/orquesta\/wp-content\/uploads\/2014\/05\/ensayo-OSC-en-Teatro-Maestranza12-1024x484.jpg\" alt=\"ensayo-OSC-en-Teatro-Maestranza1\" width=\"627\" height=\"318\" \/><\/address>\n<address><em>Foto: OSC. Ensayo general Concierto Clausura Curso 2020\/21 de la US en el Teatro de la Maestranza<\/em><\/address>\n<p>&nbsp;<\/p>\n<p style=\"text-align: justify;\">Tras una \u00e9pica y exitosa d\u00e9cima temporada de encuentros\u00a0 -venciendo obst\u00e1culos de toda \u00edndole dadas las circunstancias sanitarias extraordinarias y las medidas administrativas continuamente cambiantes que obligan a la orquesta a buscar desesperadamente espacios fuera de los lugares comunes, tales como Factor\u00eda Cultural en 3000 viviendas, antiguas canchas deportivas o halls de espacios como Fibes, y en la que se ejecutaron contra toda l\u00f3gica nada menos que siete encuentros- la OSC retoma su actividad con una programaci\u00f3n en la que se pretenden abordar diferentes repertorios y explorar nuevos paisajes sonoros. Buena muestra de ello ser\u00e1n los dos primeros conciertos programados para el mes de enero y que estar\u00e1n constituidos por plantillas diferenciadas y bajo la direcci\u00f3n de maestros diferentes, acometi\u00e9ndose un progama m\u00e1s cl\u00e1sico en el primero de los encuentros y de la m\u00e1s rabiosa actualidad en el segundo con protagonismo de las secciones de viento y percusi\u00f3n.<\/p>\n<p style=\"text-align: justify;\">La programaci\u00f3n prevista podr\u00e1 verse afectada y condicionada por las medidas sanitarias adoptadas en cada momento.<strong><br \/>\n<\/strong><\/p>\n<p>&nbsp;<\/p>\n<p><span style=\"color: #ff9900;\"><strong>TEMPORADA XI. OSC. <\/strong><strong>CURSO 2021-2022<\/strong><\/span><br \/>\nORQUESTA SINF\u00d3NICA CONJUNTA US-CSMS<\/p>\n<p>&nbsp;<\/p>\n<h3><span style=\"color: #ff6600;\"><strong> CONCIERTO#1<\/strong><\/span><\/h3>\n<p>22 ENERO 2022 \u00b7 19H<\/p>\n<p>AUDITORIO ETS DE INGENIER\u00cdA<\/p>\n<p>ORQUESTA SINF\u00d3NICA CONJUNTA US-CSMS<br \/>\nDavid Santos \u00b7 contrabajo<br \/>\nJuan Garc\u00eda Rodr\u00edguez \u00b7 director<\/p>\n<p>&nbsp;<\/p>\n<p>PROGRAMA<\/p>\n<p>&#8211; I &#8211;<br \/>\nGiovani Bottesini<br \/>\n<em>Concierto para contrabajo y orquesta<\/em>, n.\u00ba 2 en si menor<\/p>\n<p>&#8211; II &#8211;<br \/>\nLudwig van Beethoven<br \/>\n<em>Sinfon\u00eda n.\u00ba 8 en fa mayor<\/em>, op. 93<\/p>\n<p><span style=\"color: #ff9900;\"><a title=\"PLANTILLA\" href=\"http:\/\/institucional.us.es\/orquesta\/plantilla-concierto1-osc-temporada-xi\/\" target=\"_blank\" rel=\"noopener\"><span style=\"color: #ff9900;\">PLANTILLA<\/span><\/a><\/span><\/p>\n<p>&#8212;<\/p>\n<h3><span style=\"color: #333300;\"><strong><span style=\"color: #ff6600;\">CONCIERTO#2<\/span> <\/strong><\/span><\/h3>\n<p>28 ENERO\u00a02022 \u00b7 18H<br \/>\nAUDITORIO ETS DE INGENIER\u00cdA<\/p>\n<p>ORQUESTA DE VIENTOS DE LA ORQUESTA SINF\u00d3NICA CONJUNTA US-CSMS<br \/>\nFederico Palacios y Francisco Cant\u00f3 \u00b7 clarinetes<br \/>\nCamilo Irizo \u00b7 direcci\u00f3n<\/p>\n<p>&nbsp;<\/p>\n<p>PROGRAMA<\/p>\n<p>&#8211; I &#8211;<br \/>\nAlexander Kosmicki<br \/>\n<em>Fantasmagorie<\/em><\/p>\n<p>Jos\u00e9 Miguel Fayos Jord\u00e1n<br \/>\n<em>V\u00e9rtigo y llama<\/em><\/p>\n<p>&#8211; II &#8211;<br \/>\nAmilcare Ponchielli<br \/>\n<em>Il Convegno<\/em><\/p>\n<p>James Barnes<br \/>\n<em>Third symphony \u201cthe tragic\u201d<\/em><\/p>\n<p><span style=\"color: #ff9900;\"><a title=\"PLANTILLA\" href=\"http:\/\/institucional.us.es\/orquesta\/plantilla-concierto2-temporada-xi\/\" target=\"_blank\" rel=\"noopener\"><span style=\"color: #ff9900;\">PLANTILLA<\/span><\/a><\/span><\/p>\n<p>&#8212;<\/p>\n<h3><span style=\"color: #333300;\"><strong><span style=\"color: #ff6600;\">CONCIERTO#3<\/span> <\/strong><\/span><\/h3>\n<p>01 ABRIL 2022 \u00b7 19H<br \/>\nAUDITORIO ETS DE INGENIER\u00cdA<\/p>\n<p>ORQUESTA SINF\u00d3NICA CONJUNTA US-CSMS<br \/>\nAna D\u00edaz \u00b7 saxof\u00f3n<br \/>\nJuan Garc\u00eda Rodr\u00edguez \u00b7 director<\/p>\n<p>&nbsp;<\/p>\n<p>PROGRAMA<\/p>\n<p>-I-<br \/>\nRobert Schumann<br \/>\n<em>Obertura Genoveva<\/em><\/p>\n<p>Benjamin Britten<br \/>\n<em>Cuatro interludios marinos de Peter Grimes <\/em><\/p>\n<p>-II-<br \/>\nF. Schmitt<br \/>\n<em>L\u00e9gende<\/em>, Op.66, para saxof\u00f3n y orquesta<\/p>\n<p>Maurice Ravel<br \/>\n<em>Rapsodie Espagnole<\/em><\/p>\n<p><span style=\"color: #ff9900;\"><a title=\"PLANTILLA\" href=\"http:\/\/institucional.us.es\/orquesta\/plantilla-concierto3-temporada-xi\/\" target=\"_blank\" rel=\"noopener\"><span style=\"color: #ff9900;\">PLANTILLA<\/span><\/a><\/span><\/p>\n<p>&nbsp;<\/p>\n<p>&#8212;<\/p>\n<h3><span style=\"color: #333300;\"><strong><span style=\"color: #ff6600;\">CONCIERTO#4<\/span> <\/strong><\/span><\/h3>\n<p>13 MAYO 2022 \u00b7 19H<\/p>\n<p>AUDITORIO ETS DE INGENIER\u00cdA<\/p>\n<p>ORQUESTA SINF\u00d3NICA CONJUNTA US-CSMS<br \/>\nRafael Mu\u00f1oz-Torrero \u00b7 viol\u00edn | Aldo Mata \u00b7 cello | Patricia Arauzo \u00b7 piano<\/p>\n<p>Juan Garc\u00eda Rodr\u00edguez \u00b7 director<\/p>\n<p>&nbsp;<\/p>\n<p>PROGRAMA<\/p>\n<p>-I-<\/p>\n<p>Ludwig van Beethoven<\/p>\n<p><em>Triple Concerto Op. 56 <\/em><\/p>\n<p>-II-<em><br \/>\n<\/em><\/p>\n<p>Robert Schumann<\/p>\n<p><em>Sinfon\u00eda n\u00ba 4 Op. 120<\/em><\/p>\n<p><span style=\"color: #ff9900;\"><a title=\"PLANTILLA\" href=\"http:\/\/institucional.us.es\/orquesta\/plantilla-concierto4-osc-%c2%b7-temporada-xi\/\" target=\"_blank\" rel=\"noopener\"><span style=\"color: #ff9900;\">PLANTILLA<\/span><\/a><\/span><\/p>\n<p><em>\u00a0<\/em><\/p>\n<p>&#8212;<\/p>\n<p>&nbsp;<\/p>\n<h3><span style=\"color: #000000;\"><strong><span style=\"color: #ff6600;\">CONCIERTO EXTRAORDINARIO PERCUSI\u00d3N<br \/>\n<\/span><\/strong><\/span><\/h3>\n<p><span style=\"color: #000000;\"><strong> Ensemble Percusi\u00f3n de la OSC <\/strong><\/span>27 MAYO 2022 \u00b7 12:30H<\/p>\n<p>CAMPUS REINA MERCEDES. PASAJE DEL PATIO DE LA ETSIE y ETSA<\/p>\n<p>ENSEMBLE DE PERCUSI\u00d3N de la ORQUESTA SINF\u00d3NICA CONJUNTA US-CSMS<\/p>\n<p>Antonio Moreno \u00b7 director<\/p>\n<p>Programa. M\u00fasicas del Mundo<\/p>\n<p>Obras de Fran\u00e7ois Sarhan, Iv\u00e1n Trevi\u00f1o, Stephen Robert Kleiman, Michael Maierhof<strong>, <\/strong>Toshi Ichiyanagi<strong>, <\/strong>Carlos Ch\u00e1vez, Amadeo Rold\u00e1n<strong>\u00a0<\/strong><\/p>\n<p>&nbsp;<\/p>\n<p><strong>PASAJE DEL PATIO DE LA ETSIE y ETSA<\/strong> (Campus Reina Mercedes. Edificios de la Escuela T\u00e9cnica Superior de Ingenier\u00eda de Edificaci\u00f3n y Escuela Superior de Arquitectura, Avda. de la Reina Mercedes, 4A)<\/p>\n<p>&nbsp;<\/p>\n<p>&#8211; <em>Imagination y Viceversa<\/em>. Fran\u00e7ois Sarhan<\/p>\n<p>Teatro musical, percusi\u00f3n corporal, performance&#8230;<\/p>\n<p><em>-Catching Shadows<\/em>. Iv\u00e1n Trevi\u00f1o<\/p>\n<p>D\u00fao de marimbas. Pop y Minimalismo<\/p>\n<p><em>-Huellas<\/em>.\u00a0Stephen Robert Kleiman<\/p>\n<p>Quinteto de tom toms. Tambores, patrones, primitivismo&#8230;<\/p>\n<p>&#8211;<em>Specifics Objects<\/em>. Michael Maierhof<\/p>\n<p>Cuarteto para motores de cepillos dentales y cajas. Las \u00faltimas vanguardias<\/p>\n<p><em>-Wind Traces<\/em>. Toshi Ichiyanagi<\/p>\n<p>M\u00fasica japonesa contempor\u00e1nea<\/p>\n<p><em>-Toccatta de Ch\u00e1vez<\/em>. Carlos Ch\u00e1vez<\/p>\n<p>Sexteto de percusi\u00f3n. M\u00e9xico y sus ancestros musicales<\/p>\n<p>&#8211;<em>R\u00edtmica V y VI<\/em>. Amadeo Rold\u00e1n<\/p>\n<p>Orquesta de Percusi\u00f3n.\u00a0Cuba. Tradici\u00f3n y Groove<\/p>\n<p><span style=\"color: #ff9900;\"><a title=\"PLANTILLA\" href=\"http:\/\/institucional.us.es\/orquesta\/plantilla-ensemble-percusion-osc-%c2%b7-temporada-xi\/\" target=\"_blank\" rel=\"noopener\"><span style=\"color: #ff9900;\">PLANTILLA<\/span><\/a><\/span><\/p>\n<p>&nbsp;<\/p>\n<p>&#8212;<\/p>\n<h3><span style=\"color: #000000;\"><strong><span style=\"color: #ff6600;\">CONCIERTO#5<\/span> <\/strong><\/span><\/h3>\n<p>07 JUNIO 2022 \u00b7 20H<\/p>\n<p>IGLESIA DE LA ANUNCIACI\u00d3N (c\/Lara\u00f1a, s\/n)<\/p>\n<p>ORQUESTA DE C\u00c1MARA DE LA ORQUESTA SINF\u00d3NICA CONJUNTA US-CSMS<\/p>\n<p>Direcci\u00f3n \u00b7 Marta Ben\u00edtez, Aleksandra Mitkaleva, Amelia Mar\u00edn, Estela Lora, Juan Ignacio Perea (alumnos del CSMS)<\/p>\n<p>&nbsp;<\/p>\n<p>PROGRAMA<br \/>\n-I-<br \/>\nW.A. Mozart (Marta Ben\u00edtez, Aleksandra Mitkaleva, Amelia Mar\u00edn \u00b7 dir.)<br \/>\n<em>Serenade<\/em> en Do menor, Kv388<\/p>\n<p>-II-<br \/>\nMaurice Ravel (Estela Lora \u00b7 dir.)<br \/>\n<em>Pavane pour une infante d\u00e9funte<\/em><\/p>\n<p>Franz Joseph Haydn (Juan Ignacio Perea \u00b7 dir.)<br \/>\n<em>Sinfon\u00eda No. 44 en mi menor<\/em>, Hob. I: 44, F\u00fanebre<\/p>\n<p><span style=\"color: #ff9900;\"><a title=\"PLANTILLA\" href=\"http:\/\/institucional.us.es\/orquesta\/plantilla-concierto5-orquesta-de-camara-de-la-osc-%c2%b7-temporada-xi\/\" target=\"_blank\" rel=\"noopener\"><span style=\"color: #ff9900;\">PLANTILLA<\/span><\/a><\/span><\/p>\n<p>&nbsp;<\/p>\n<p>&#8212;<\/p>\n<h3><span style=\"color: #ff6600;\"><strong>CONCIERTO#6<\/strong> <\/span><\/h3>\n<div>10 JUNIO 2022 \u00b7 19H<\/div>\n<div>AUDITORIO ETS DE INGENIER\u00cdA<\/div>\n<p>ORQUESTA DE VIENTOS DE LA ORQUESTA SINF\u00d3NICA CONJUNTA US-CSMS<\/p>\n<p>Auditorio ETS de Ingenier\u00eda (Isla de la Cartuja, Am\u00e9rico Vespucio)<\/p>\n<p>Camilo Irizo \u00b7 director | Juan Bernal \u00b7 saxof\u00f3n<\/p>\n<p>&nbsp;<\/p>\n<p>PROGRAMA<\/p>\n<p>-I-<\/p>\n<div>Manuel Castillo.\u00a0<em>Invocaci\u00f3n para cinco percusionistas<\/em><\/div>\n<p>Ida Gotkovsky. <em>Po\u00e8me du feu pour grande orchestre d\u2019harmonie<br \/>\n<\/em>-II-<br \/>\nEneko Vadillo.\u00a0<em>Obsessionelle<\/em> para banda sinf\u00f3nica y saxof\u00f3n tenor<\/p>\n<div>Vincent Persichetti. <em>Symphony n\u00ba 6<br \/>\n<\/em><\/div>\n<div><\/div>\n<div><span style=\"color: #ff9900;\"><a title=\"PLANTILLA\" href=\"http:\/\/institucional.us.es\/orquesta\/plantilla-concierto6-temporada-xi-osc\/\" target=\"_blank\" rel=\"noopener\"><span style=\"color: #ff9900;\">PLANTILLA <\/span><\/a><\/span><\/div>\n<p>&nbsp;<\/p>\n<p>&nbsp;<\/p>\n","protected":false},"excerpt":{"rendered":"<p>OSC. XI TEMPORADA 2021-2022 Foto: OSC. Ensayo general Concierto Clausura Curso 2020\/21 de la US en el Teatro de la Maestranza &nbsp; Tras una \u00e9pica y exitosa d\u00e9cima temporada de encuentros\u00a0 -venciendo obst\u00e1culos de toda \u00edndole dadas las circunstancias sanitarias extraordinarias y las medidas administrativas continuamente cambiantes que obligan a la orquesta a buscar desesperadamente [&hellip;]<\/p>\n","protected":false},"author":3,"featured_media":0,"parent":43,"menu_order":0,"comment_status":"closed","ping_status":"closed","template":"","meta":{"site-sidebar-layout":"default","site-content-layout":"default","ast-site-content-layout":"default","site-content-style":"default","site-sidebar-style":"default","ast-global-header-display":"","ast-banner-title-visibility":"","ast-main-header-display":"","ast-hfb-above-header-display":"","ast-hfb-below-header-display":"","ast-hfb-mobile-header-display":"","site-post-title":"","ast-breadcrumbs-content":"","ast-featured-img":"","footer-sml-layout":"","ast-disable-related-posts":"","theme-transparent-header-meta":"default","adv-header-id-meta":"","stick-header-meta":"","header-above-stick-meta":"","header-main-stick-meta":"","header-below-stick-meta":"","astra-migrate-meta-layouts":"set","ast-page-background-enabled":"default","ast-page-background-meta":{"desktop":{"background-color":"","background-image":"","background-repeat":"repeat","background-position":"center center","background-size":"auto","background-attachment":"scroll","background-type":"","background-media":"","overlay-type":"","overlay-color":"","overlay-opacity":"","overlay-gradient":""},"tablet":{"background-color":"","background-image":"","background-repeat":"repeat","background-position":"center center","background-size":"auto","background-attachment":"scroll","background-type":"","background-media":"","overlay-type":"","overlay-color":"","overlay-opacity":"","overlay-gradient":""},"mobile":{"background-color":"","background-image":"","background-repeat":"repeat","background-position":"center center","background-size":"auto","background-attachment":"scroll","background-type":"","background-media":"","overlay-type":"","overlay-color":"","overlay-opacity":"","overlay-gradient":""}},"ast-content-background-meta":{"desktop":{"background-color":"var(--ast-global-color-5)","background-image":"","background-repeat":"repeat","background-position":"center center","background-size":"auto","background-attachment":"scroll","background-type":"","background-media":"","overlay-type":"","overlay-color":"","overlay-opacity":"","overlay-gradient":""},"tablet":{"background-color":"var(--ast-global-color-5)","background-image":"","background-repeat":"repeat","background-position":"center center","background-size":"auto","background-attachment":"scroll","background-type":"","background-media":"","overlay-type":"","overlay-color":"","overlay-opacity":"","overlay-gradient":""},"mobile":{"background-color":"var(--ast-global-color-5)","background-image":"","background-repeat":"repeat","background-position":"center center","background-size":"auto","background-attachment":"scroll","background-type":"","background-media":"","overlay-type":"","overlay-color":"","overlay-opacity":"","overlay-gradient":""}},"footnotes":""},"class_list":["post-2134","page","type-page","status-publish","hentry"],"_links":{"self":[{"href":"https:\/\/institucional.us.es\/orquesta\/wp-json\/wp\/v2\/pages\/2134","targetHints":{"allow":["GET"]}}],"collection":[{"href":"https:\/\/institucional.us.es\/orquesta\/wp-json\/wp\/v2\/pages"}],"about":[{"href":"https:\/\/institucional.us.es\/orquesta\/wp-json\/wp\/v2\/types\/page"}],"author":[{"embeddable":true,"href":"https:\/\/institucional.us.es\/orquesta\/wp-json\/wp\/v2\/users\/3"}],"replies":[{"embeddable":true,"href":"https:\/\/institucional.us.es\/orquesta\/wp-json\/wp\/v2\/comments?post=2134"}],"version-history":[{"count":70,"href":"https:\/\/institucional.us.es\/orquesta\/wp-json\/wp\/v2\/pages\/2134\/revisions"}],"predecessor-version":[{"id":5173,"href":"https:\/\/institucional.us.es\/orquesta\/wp-json\/wp\/v2\/pages\/2134\/revisions\/5173"}],"up":[{"embeddable":true,"href":"https:\/\/institucional.us.es\/orquesta\/wp-json\/wp\/v2\/pages\/43"}],"wp:attachment":[{"href":"https:\/\/institucional.us.es\/orquesta\/wp-json\/wp\/v2\/media?parent=2134"}],"curies":[{"name":"wp","href":"https:\/\/api.w.org\/{rel}","templated":true}]}}