{"id":2315,"date":"2022-10-20T09:01:54","date_gmt":"2022-10-20T09:01:54","guid":{"rendered":"http:\/\/institucional.us.es\/orquesta\/?page_id=2315"},"modified":"2022-10-20T09:04:34","modified_gmt":"2022-10-20T09:04:34","slug":"plantilla-concierto1-cage-temporada-x","status":"publish","type":"page","link":"https:\/\/institucional.us.es\/orquesta\/plantilla-concierto1-cage-temporada-x\/","title":{"rendered":"plantilla concierto#1 Cage. Temporada X"},"content":{"rendered":"<p>&nbsp;<\/p>\n<p>Concierto#1 Temporada X OSC. 15 diciembre 2020<\/p>\n<p><strong>Plantilla Percusi\u00f3n<\/strong><br \/>\nAntonio Moreno<br \/>\nPablo Badenes<br \/>\nBruno Moreno<br \/>\nFran Hurtado<br \/>\nPepe Tur<br \/>\nJ. Jos\u00e9 Ramos<br \/>\nPablo Berm\u00fadez<br \/>\nJos\u00e9 S\u00e1nchez<br \/>\nGerm\u00e1n S\u00e1nchez<br \/>\nV\u00edctor Manzana<\/p>\n<p>&nbsp;<\/p>\n","protected":false},"excerpt":{"rendered":"<p>&nbsp; Concierto#1 Temporada X OSC. 15 diciembre 2020 Plantilla Percusi\u00f3n Antonio Moreno Pablo Badenes Bruno Moreno Fran Hurtado Pepe Tur J. Jos\u00e9 Ramos Pablo Berm\u00fadez Jos\u00e9 S\u00e1nchez Germ\u00e1n S\u00e1nchez V\u00edctor Manzana &nbsp;<\/p>\n","protected":false},"author":3,"featured_media":0,"parent":0,"menu_order":0,"comment_status":"closed","ping_status":"open","template":"","meta":{"site-sidebar-layout":"default","site-content-layout":"","ast-site-content-layout":"default","site-content-style":"default","site-sidebar-style":"default","ast-global-header-display":"","ast-banner-title-visibility":"","ast-main-header-display":"","ast-hfb-above-header-display":"","ast-hfb-below-header-display":"","ast-hfb-mobile-header-display":"","site-post-title":"","ast-breadcrumbs-content":"","ast-featured-img":"","footer-sml-layout":"","ast-disable-related-posts":"","theme-transparent-header-meta":"","adv-header-id-meta":"","stick-header-meta":"","header-above-stick-meta":"","header-main-stick-meta":"","header-below-stick-meta":"","astra-migrate-meta-layouts":"default","ast-page-background-enabled":"default","ast-page-background-meta":{"desktop":{"background-color":"","background-image":"","background-repeat":"repeat","background-position":"center center","background-size":"auto","background-attachment":"scroll","background-type":"","background-media":"","overlay-type":"","overlay-color":"","overlay-opacity":"","overlay-gradient":""},"tablet":{"background-color":"","background-image":"","background-repeat":"repeat","background-position":"center center","background-size":"auto","background-attachment":"scroll","background-type":"","background-media":"","overlay-type":"","overlay-color":"","overlay-opacity":"","overlay-gradient":""},"mobile":{"background-color":"","background-image":"","background-repeat":"repeat","background-position":"center center","background-size":"auto","background-attachment":"scroll","background-type":"","background-media":"","overlay-type":"","overlay-color":"","overlay-opacity":"","overlay-gradient":""}},"ast-content-background-meta":{"desktop":{"background-color":"var(--ast-global-color-5)","background-image":"","background-repeat":"repeat","background-position":"center center","background-size":"auto","background-attachment":"scroll","background-type":"","background-media":"","overlay-type":"","overlay-color":"","overlay-opacity":"","overlay-gradient":""},"tablet":{"background-color":"var(--ast-global-color-5)","background-image":"","background-repeat":"repeat","background-position":"center center","background-size":"auto","background-attachment":"scroll","background-type":"","background-media":"","overlay-type":"","overlay-color":"","overlay-opacity":"","overlay-gradient":""},"mobile":{"background-color":"var(--ast-global-color-5)","background-image":"","background-repeat":"repeat","background-position":"center center","background-size":"auto","background-attachment":"scroll","background-type":"","background-media":"","overlay-type":"","overlay-color":"","overlay-opacity":"","overlay-gradient":""}},"footnotes":""},"class_list":["post-2315","page","type-page","status-publish","hentry"],"_links":{"self":[{"href":"https:\/\/institucional.us.es\/orquesta\/wp-json\/wp\/v2\/pages\/2315","targetHints":{"allow":["GET"]}}],"collection":[{"href":"https:\/\/institucional.us.es\/orquesta\/wp-json\/wp\/v2\/pages"}],"about":[{"href":"https:\/\/institucional.us.es\/orquesta\/wp-json\/wp\/v2\/types\/page"}],"author":[{"embeddable":true,"href":"https:\/\/institucional.us.es\/orquesta\/wp-json\/wp\/v2\/users\/3"}],"replies":[{"embeddable":true,"href":"https:\/\/institucional.us.es\/orquesta\/wp-json\/wp\/v2\/comments?post=2315"}],"version-history":[{"count":2,"href":"https:\/\/institucional.us.es\/orquesta\/wp-json\/wp\/v2\/pages\/2315\/revisions"}],"predecessor-version":[{"id":2321,"href":"https:\/\/institucional.us.es\/orquesta\/wp-json\/wp\/v2\/pages\/2315\/revisions\/2321"}],"wp:attachment":[{"href":"https:\/\/institucional.us.es\/orquesta\/wp-json\/wp\/v2\/media?parent=2315"}],"curies":[{"name":"wp","href":"https:\/\/api.w.org\/{rel}","templated":true}]}}