{"id":2354,"date":"2022-10-20T10:08:35","date_gmt":"2022-10-20T10:08:35","guid":{"rendered":"http:\/\/institucional.us.es\/orquesta\/?page_id=2354"},"modified":"2022-10-20T12:52:00","modified_gmt":"2022-10-20T12:52:00","slug":"plantilla-concierto6-temporada-xi-osc","status":"publish","type":"page","link":"https:\/\/institucional.us.es\/orquesta\/plantilla-concierto6-temporada-xi-osc\/","title":{"rendered":"PLANTILLA CONCIERTO#6. TEMPORADA XI OSC"},"content":{"rendered":"<p>CONCIERTO#6. TEMPORADA XI OSCFLAUTAS<\/p>\n<p>10 JUNIO 2022 \u00b7 ETS INGENIER\u00cdA<br \/>\n&nbsp;<br \/>\n<strong>PLANTILLA<\/strong><br \/>\n&nbsp;<br \/>\n<strong>FLAUTAS<\/strong><br \/>\nMar\u00eda Torrecillas<br \/>\nMar\u00eda \u00c1ngeles Cabrera<br \/>\nMarina Cejudo<br \/>\nCarmen G\u00f3mez<br \/>\nElisa Gonz\u00e1lez Dur\u00e1n<br \/>\nNatalia Manzano<br \/>\n\u00c1ngela Torres<br \/>\nClaudia Yepes<br \/>\nCristina Puelles<br \/>\nMar\u00eda del Pilar Dom\u00ednguez<br \/>\n&nbsp;<br \/>\n<strong>OBOES<\/strong><br \/>\nSara Arag\u00f3n<br \/>\nBernab\u00e9 Arias<br \/>\nAna Mar\u00eda Bravo<br \/>\nAgust\u00edn Heredia<br \/>\nVictoria Montes<br \/>\nMar\u00eda Victoria Munuera<br \/>\nNuria Piriz<br \/>\n&nbsp;<br \/>\n<strong>FAGOTES<\/strong><br \/>\nMar\u00eda Guti\u00e9rrez<br \/>\nAlejandro Morillo<br \/>\nFelipe Rodr\u00edguez<br \/>\nSara Tenreiro<br \/>\n&nbsp;<br \/>\n<strong>CLARINETES<\/strong><br \/>\nJos\u00e9 Antonio Lupi\u00e1\u00f1ez<br \/>\nDavid Alba<br \/>\nJavier Albarr\u00e1n<br \/>\nJes\u00fas Berdonces<br \/>\nRoc\u00edo Cabello<br \/>\nPablo Olvera<br \/>\nAlberto Chac\u00f3n<br \/>\nMiguel \u00c1ngel Contreras<br \/>\nDavid P\u00e9rez<br \/>\nMarco Garrido<br \/>\nMar\u00eda Luisa Rodr\u00edguez<br \/>\nCristian Gonz\u00e1lez<br \/>\nHern\u00e1ndez<br \/>\nPedro Iglesias<br \/>\nBlanca Izquierdo<br \/>\nCristina Jurado<br \/>\nMarina Minch\u00f3n<br \/>\nCristina Quesada<br \/>\nJos\u00e9 Carlos Rojas<br \/>\nCristina Jurado<br \/>\nBlanca Izquierdo<br \/>\n&nbsp;<br \/>\n<strong>SAXOS<\/strong><br \/>\nJos\u00e9 Luis \u00c1vila<br \/>\nMarina Barbosa<br \/>\nDavid Fern\u00e1ndez<br \/>\nMoises Gandolfo<br \/>\nLuc\u00eda Garc\u00eda Bravo<br \/>\nAaron Gonz\u00e1lez Blanco<br \/>\nLuc\u00eda Mart\u00edn<br \/>\nAlejandro P\u00e9rez<br \/>\nAlberto Reinoso<br \/>\n&nbsp;<br \/>\n<strong>TROMPETAS<\/strong><br \/>\nSebasti\u00e1n Borrero<br \/>\nJoaqu\u00edn Amador<br \/>\nNuria Cantero<br \/>\nAlejandro Carrasco<br \/>\nJuan Miguel Chamizo<br \/>\nJaime Gonz\u00e1lez Gonz\u00e1lez<br \/>\nBeatriz Gonz\u00e1lez Padial<br \/>\nAlfonso Romero<br \/>\nRafael Romero<br \/>\nManuel V\u00e1zquez<br \/>\nSebasti\u00e1n Aguilar<br \/>\n&nbsp;<br \/>\n<strong>TROMPAS<\/strong><br \/>\nAntonia G\u00f3mez Rodr\u00edguez<br \/>\nIrene de la Orden<br \/>\nLuc\u00eda Gonz\u00e1lez Guerrero<br \/>\nMagdalena Rold\u00e1n<br \/>\nLaura Ruiz<br \/>\nA\u00edda Tejada<br \/>\nMar\u00eda Arrocha<br \/>\nAurora Mar\u00eda Moreno<br \/>\n&nbsp;<br \/>\n<strong>TROMBONES<\/strong><br \/>\nMar\u00eda Ben\u00edtez<br \/>\nRafael Carballar<br \/>\nJuan Lagares<br \/>\nAlejandro Luque<br \/>\nFernando Jos\u00e9 Le\u00f3n<br \/>\nGonzalo Luque<br \/>\nAlejandro Olmo<br \/>\nJuan Ramos<br \/>\n&nbsp;<br \/>\n<strong>BOMBARDINOS<\/strong><br \/>\nRafael Arrayas<br \/>\nDiego Lagares<br \/>\nMarcos Rodr\u00edguez<br \/>\n&nbsp;<br \/>\n<strong>TUBAS<\/strong><br \/>\nAlejandro Esquinas<br \/>\nJos\u00e9 Manuel L\u00f3pez<br \/>\nEnrique Sanjuan<br \/>\nBlanca Mar\u00eda Le\u00f3n<br \/>\n&nbsp;<br \/>\n<strong>PERCUSI\u00d3N<\/strong><br \/>\nPablo Badenes<br \/>\nJuan Hern\u00e1ndez<br \/>\nJer\u00f3nimo Morales<br \/>\nBruno Moreno<br \/>\nPablo Nieto<br \/>\nGerm\u00e1n S\u00e1nchez Guti\u00e9rrez<br \/>\nJos\u00e9 S\u00e1nchez Iglesias<br \/>\nAndrea Zamora<br \/>\n&nbsp;<br \/>\n<strong>VIOLONCHELOS<\/strong><br \/>\nIrene Rico<br \/>\nAdriana C\u00e1ceres<br \/>\nManuel Bancalero<br \/>\nMarcos Villalba<br \/>\n&nbsp;<br \/>\n<strong>CONTRABAJOS<\/strong><br \/>\nLuc\u00eda S\u00e1nchez P\u00e9rez<br \/>\nJuan Antonio Carmona<\/p>\n","protected":false},"excerpt":{"rendered":"<p>CONCIERTO#6. TEMPORADA XI OSCFLAUTAS 10 JUNIO 2022 \u00b7 ETS INGENIER\u00cdA &nbsp; PLANTILLA &nbsp; FLAUTAS Mar\u00eda Torrecillas Mar\u00eda \u00c1ngeles Cabrera Marina Cejudo Carmen G\u00f3mez Elisa Gonz\u00e1lez Dur\u00e1n Natalia Manzano \u00c1ngela Torres Claudia Yepes Cristina Puelles Mar\u00eda del Pilar Dom\u00ednguez &nbsp; OBOES Sara Arag\u00f3n Bernab\u00e9 Arias Ana Mar\u00eda Bravo Agust\u00edn Heredia Victoria Montes Mar\u00eda Victoria Munuera Nuria [&hellip;]<\/p>\n","protected":false},"author":3,"featured_media":0,"parent":0,"menu_order":0,"comment_status":"closed","ping_status":"open","template":"","meta":{"site-sidebar-layout":"default","site-content-layout":"","ast-site-content-layout":"default","site-content-style":"default","site-sidebar-style":"default","ast-global-header-display":"","ast-banner-title-visibility":"","ast-main-header-display":"","ast-hfb-above-header-display":"","ast-hfb-below-header-display":"","ast-hfb-mobile-header-display":"","site-post-title":"","ast-breadcrumbs-content":"","ast-featured-img":"","footer-sml-layout":"","ast-disable-related-posts":"","theme-transparent-header-meta":"","adv-header-id-meta":"","stick-header-meta":"","header-above-stick-meta":"","header-main-stick-meta":"","header-below-stick-meta":"","astra-migrate-meta-layouts":"default","ast-page-background-enabled":"default","ast-page-background-meta":{"desktop":{"background-color":"","background-image":"","background-repeat":"repeat","background-position":"center center","background-size":"auto","background-attachment":"scroll","background-type":"","background-media":"","overlay-type":"","overlay-color":"","overlay-opacity":"","overlay-gradient":""},"tablet":{"background-color":"","background-image":"","background-repeat":"repeat","background-position":"center center","background-size":"auto","background-attachment":"scroll","background-type":"","background-media":"","overlay-type":"","overlay-color":"","overlay-opacity":"","overlay-gradient":""},"mobile":{"background-color":"","background-image":"","background-repeat":"repeat","background-position":"center center","background-size":"auto","background-attachment":"scroll","background-type":"","background-media":"","overlay-type":"","overlay-color":"","overlay-opacity":"","overlay-gradient":""}},"ast-content-background-meta":{"desktop":{"background-color":"var(--ast-global-color-5)","background-image":"","background-repeat":"repeat","background-position":"center center","background-size":"auto","background-attachment":"scroll","background-type":"","background-media":"","overlay-type":"","overlay-color":"","overlay-opacity":"","overlay-gradient":""},"tablet":{"background-color":"var(--ast-global-color-5)","background-image":"","background-repeat":"repeat","background-position":"center center","background-size":"auto","background-attachment":"scroll","background-type":"","background-media":"","overlay-type":"","overlay-color":"","overlay-opacity":"","overlay-gradient":""},"mobile":{"background-color":"var(--ast-global-color-5)","background-image":"","background-repeat":"repeat","background-position":"center center","background-size":"auto","background-attachment":"scroll","background-type":"","background-media":"","overlay-type":"","overlay-color":"","overlay-opacity":"","overlay-gradient":""}},"footnotes":""},"class_list":["post-2354","page","type-page","status-publish","hentry"],"_links":{"self":[{"href":"https:\/\/institucional.us.es\/orquesta\/wp-json\/wp\/v2\/pages\/2354","targetHints":{"allow":["GET"]}}],"collection":[{"href":"https:\/\/institucional.us.es\/orquesta\/wp-json\/wp\/v2\/pages"}],"about":[{"href":"https:\/\/institucional.us.es\/orquesta\/wp-json\/wp\/v2\/types\/page"}],"author":[{"embeddable":true,"href":"https:\/\/institucional.us.es\/orquesta\/wp-json\/wp\/v2\/users\/3"}],"replies":[{"embeddable":true,"href":"https:\/\/institucional.us.es\/orquesta\/wp-json\/wp\/v2\/comments?post=2354"}],"version-history":[{"count":4,"href":"https:\/\/institucional.us.es\/orquesta\/wp-json\/wp\/v2\/pages\/2354\/revisions"}],"predecessor-version":[{"id":2447,"href":"https:\/\/institucional.us.es\/orquesta\/wp-json\/wp\/v2\/pages\/2354\/revisions\/2447"}],"wp:attachment":[{"href":"https:\/\/institucional.us.es\/orquesta\/wp-json\/wp\/v2\/media?parent=2354"}],"curies":[{"name":"wp","href":"https:\/\/api.w.org\/{rel}","templated":true}]}}