{"id":2362,"date":"2022-10-20T10:17:48","date_gmt":"2022-10-20T10:17:48","guid":{"rendered":"http:\/\/institucional.us.es\/orquesta\/?page_id=2362"},"modified":"2022-10-20T10:18:13","modified_gmt":"2022-10-20T10:18:13","slug":"plantilla-ensemble-percusion-osc-%c2%b7-temporada-xi","status":"publish","type":"page","link":"https:\/\/institucional.us.es\/orquesta\/plantilla-ensemble-percusion-osc-%c2%b7-temporada-xi\/","title":{"rendered":"PLANTILLA CONCIERTO EXTRAORDINARIO ENSEMBLE PERCUSI\u00d3N OSC \u00b7 TEMPORADA XI"},"content":{"rendered":"<p><strong>ENSEMBLE DE PERCUSI\u00d3N DE LA OSC EN LA ETSIE<\/strong><\/p>\n<p><strong>PLANTILLA <\/strong><\/p>\n<p>Antonio Moreno \u00b7 director (Profesor Catedr\u00e1tico de Percusi\u00f3n del CSM Manuel Castillo)<\/p>\n<p>Jos\u00e9 C. Romero<\/p>\n<p>Francisco J. Cort\u00e9s<\/p>\n<p>V\u00edctor Manzana<\/p>\n<p>Jordi Tur<\/p>\n<p>Pablo Berm\u00fadez<\/p>\n<p>Germ\u00e1n S\u00e1nchez<\/p>\n<p>Jos\u00e9 S\u00e1nchez<\/p>\n<p>Bruno Moreno<\/p>\n<p>Andrea Zamora<\/p>\n<p>Juan Hern\u00e1ndez<\/p>\n<p>Pablo Badenes<\/p>\n","protected":false},"excerpt":{"rendered":"<p>ENSEMBLE DE PERCUSI\u00d3N DE LA OSC EN LA ETSIE PLANTILLA Antonio Moreno \u00b7 director (Profesor Catedr\u00e1tico de Percusi\u00f3n del CSM Manuel Castillo) Jos\u00e9 C. Romero Francisco J. Cort\u00e9s V\u00edctor Manzana Jordi Tur Pablo Berm\u00fadez Germ\u00e1n S\u00e1nchez Jos\u00e9 S\u00e1nchez Bruno Moreno Andrea Zamora Juan Hern\u00e1ndez Pablo Badenes<\/p>\n","protected":false},"author":3,"featured_media":0,"parent":0,"menu_order":0,"comment_status":"closed","ping_status":"open","template":"","meta":{"site-sidebar-layout":"default","site-content-layout":"","ast-site-content-layout":"default","site-content-style":"default","site-sidebar-style":"default","ast-global-header-display":"","ast-banner-title-visibility":"","ast-main-header-display":"","ast-hfb-above-header-display":"","ast-hfb-below-header-display":"","ast-hfb-mobile-header-display":"","site-post-title":"","ast-breadcrumbs-content":"","ast-featured-img":"","footer-sml-layout":"","ast-disable-related-posts":"","theme-transparent-header-meta":"","adv-header-id-meta":"","stick-header-meta":"","header-above-stick-meta":"","header-main-stick-meta":"","header-below-stick-meta":"","astra-migrate-meta-layouts":"default","ast-page-background-enabled":"default","ast-page-background-meta":{"desktop":{"background-color":"","background-image":"","background-repeat":"repeat","background-position":"center center","background-size":"auto","background-attachment":"scroll","background-type":"","background-media":"","overlay-type":"","overlay-color":"","overlay-opacity":"","overlay-gradient":""},"tablet":{"background-color":"","background-image":"","background-repeat":"repeat","background-position":"center center","background-size":"auto","background-attachment":"scroll","background-type":"","background-media":"","overlay-type":"","overlay-color":"","overlay-opacity":"","overlay-gradient":""},"mobile":{"background-color":"","background-image":"","background-repeat":"repeat","background-position":"center center","background-size":"auto","background-attachment":"scroll","background-type":"","background-media":"","overlay-type":"","overlay-color":"","overlay-opacity":"","overlay-gradient":""}},"ast-content-background-meta":{"desktop":{"background-color":"var(--ast-global-color-5)","background-image":"","background-repeat":"repeat","background-position":"center center","background-size":"auto","background-attachment":"scroll","background-type":"","background-media":"","overlay-type":"","overlay-color":"","overlay-opacity":"","overlay-gradient":""},"tablet":{"background-color":"var(--ast-global-color-5)","background-image":"","background-repeat":"repeat","background-position":"center center","background-size":"auto","background-attachment":"scroll","background-type":"","background-media":"","overlay-type":"","overlay-color":"","overlay-opacity":"","overlay-gradient":""},"mobile":{"background-color":"var(--ast-global-color-5)","background-image":"","background-repeat":"repeat","background-position":"center center","background-size":"auto","background-attachment":"scroll","background-type":"","background-media":"","overlay-type":"","overlay-color":"","overlay-opacity":"","overlay-gradient":""}},"footnotes":""},"class_list":["post-2362","page","type-page","status-publish","hentry"],"_links":{"self":[{"href":"https:\/\/institucional.us.es\/orquesta\/wp-json\/wp\/v2\/pages\/2362","targetHints":{"allow":["GET"]}}],"collection":[{"href":"https:\/\/institucional.us.es\/orquesta\/wp-json\/wp\/v2\/pages"}],"about":[{"href":"https:\/\/institucional.us.es\/orquesta\/wp-json\/wp\/v2\/types\/page"}],"author":[{"embeddable":true,"href":"https:\/\/institucional.us.es\/orquesta\/wp-json\/wp\/v2\/users\/3"}],"replies":[{"embeddable":true,"href":"https:\/\/institucional.us.es\/orquesta\/wp-json\/wp\/v2\/comments?post=2362"}],"version-history":[{"count":2,"href":"https:\/\/institucional.us.es\/orquesta\/wp-json\/wp\/v2\/pages\/2362\/revisions"}],"predecessor-version":[{"id":2367,"href":"https:\/\/institucional.us.es\/orquesta\/wp-json\/wp\/v2\/pages\/2362\/revisions\/2367"}],"wp:attachment":[{"href":"https:\/\/institucional.us.es\/orquesta\/wp-json\/wp\/v2\/media?parent=2362"}],"curies":[{"name":"wp","href":"https:\/\/api.w.org\/{rel}","templated":true}]}}