{"id":2381,"date":"2022-10-20T10:42:23","date_gmt":"2022-10-20T10:42:23","guid":{"rendered":"http:\/\/institucional.us.es\/orquesta\/?page_id=2381"},"modified":"2022-10-20T12:46:28","modified_gmt":"2022-10-20T12:46:28","slug":"plantilla-concierto3-temporada-xi","status":"publish","type":"page","link":"https:\/\/institucional.us.es\/orquesta\/plantilla-concierto3-temporada-xi\/","title":{"rendered":"PLANTILLA CONCIERTO#3 TEMPORADA XI"},"content":{"rendered":"<p>CONCIERTO#3 TEMPORADA XI<\/p>\n<p>Viernes 01 abril \u00b7 ETS Ingenier\u00eda<br \/>\n&nbsp;<br \/>\nAna D\u00edaz Asencio \u00b7 saxof\u00f3n<br \/>\nJuan Garc\u00eda Rodr\u00edguez \u00b7 direcci\u00f3n<br \/>\n&nbsp;<br \/>\n<strong>PLANTILLA<\/strong><br \/>\n&nbsp;<br \/>\n<strong>FLAUTAS<\/strong><br \/>\nClaudia Yepes<br \/>\nElisa Gonz\u00e1lez<br \/>\nCristina Ba\u00f1os<br \/>\nMarina Cejudo<br \/>\n<strong>OBOES<\/strong><br \/>\nSara Arag\u00f3n<br \/>\nJose Luis Gonz\u00e1lez Arenal<br \/>\nNuria Piriz<br \/>\nVictoria Montes<br \/>\n&nbsp;<br \/>\n<strong>CLARINETES<\/strong><br \/>\nJaime Jim\u00e9nez<br \/>\nCristina Quesada<br \/>\nJos\u00e9 Carlos Rojas<br \/>\n&nbsp;<br \/>\n<strong>FAGOTES<\/strong><br \/>\nFelipe Rodr\u00edguez Barrenas<br \/>\nCarlos M\u00aa Gonz\u00e1lez Odriozola<br \/>\nAlejandro Morillo<br \/>\nMar\u00eda Guti\u00e9rrez<br \/>\n&nbsp;<br \/>\n<strong>TROMPAS<\/strong><br \/>\nMar\u00eda Hoya Vargas<br \/>\nLuc\u00eda Gonz\u00e1lez Guerrero<br \/>\nMar\u00eda Arrocha Rojas<br \/>\nMagdalena Rold\u00e1n<br \/>\nAurora Moreno<br \/>\nLaura Ruiz<br \/>\n&nbsp;<br \/>\n<strong>TROMPETAS<\/strong><br \/>\nSebasti\u00e1n Borrero<br \/>\nJaime Gonz\u00e1lez Gonz\u00e1lez<br \/>\nNuria Cantero<br \/>\nJoaqu\u00edn Amador<br \/>\nRafael de Tovar<br \/>\n&nbsp;<br \/>\n<strong>TROMBONES<\/strong><br \/>\nAlejandro Olmo<br \/>\nFernando Le\u00f3n<br \/>\nMar\u00eda Ben\u00edtez<br \/>\n&nbsp;<br \/>\n<strong>TUBA<\/strong><br \/>\nEnrique Sanju\u00e1n Carbonell<br \/>\n<strong>PERCUSI\u00d3N<\/strong><br \/>\nAndrea Zamora<br \/>\nPablo Nieto<br \/>\nJuan Hern\u00e1ndez<br \/>\nBruno Moreno<br \/>\nPablo Badenes<br \/>\nGerm\u00e1n S\u00e1nchez<br \/>\nJos\u00e9 S\u00e1nchez Iglesias<br \/>\n&nbsp;<br \/>\n<strong>CELESTA<\/strong><br \/>\nLuc\u00eda Guerrero<br \/>\n&nbsp;<br \/>\n<strong>ARPAS<\/strong><br \/>\nIke Christine Zwaan<br \/>\nBel\u00e9n Garc\u00eda S\u00e1nchez<br \/>\nPaula Gonz\u00e1lez Garc\u00eda<br \/>\nGaia Di Girolano<br \/>\n&nbsp;<br \/>\n<strong>VIOLINES I<\/strong><br \/>\nNelly Romero<br \/>\nAna Ruda<br \/>\nMar\u00eda Manzano<br \/>\nLibia Olivera<br \/>\nAdriana Puentes<br \/>\nCarlos Crespo<br \/>\nMar\u00eda Barriga<br \/>\nSiria Ram\u00edrez<br \/>\nFrancisco M\u00e1rquez<br \/>\nMar\u00eda Merello<br \/>\nClaudia Gallardo<br \/>\nRafael D\u00edaz<br \/>\nCarmen Pav\u00f3n<br \/>\nAna Mar\u00edn<br \/>\nJuan Mar\u00eda Sojo<br \/>\nGiada Cancelli<br \/>\n&nbsp;<br \/>\n<strong>VIOLINES II<\/strong><br \/>\nMiguel Garc\u00eda Aguilar<br \/>\nCarmen Montes<br \/>\nBlanca Garc\u00eda Contreras<br \/>\nFrancisco V\u00e1zquez<br \/>\nJuan Ignacio Perea<br \/>\nSara Dom\u00ednguez<br \/>\nAna Albero<br \/>\nNuria Chac\u00f3n<br \/>\nJonathan Gonz\u00e1lez Vali\u00f1as<br \/>\nLuc\u00eda L\u00f3pez<br \/>\n\u00c1ngela Sojo<br \/>\nBlanca Molina<br \/>\nCelia Vicente<br \/>\nShaoke Zhou<br \/>\n&nbsp;<br \/>\n<strong>VIOLAS<\/strong><br \/>\nAntonio David Moreno<br \/>\nNadia Carmona<br \/>\nMarta Alfaro<br \/>\nDiego Zagalaz<br \/>\nPedro Villena<br \/>\nJuli\u00e1n Huete<br \/>\nDaniel Ortiz<br \/>\nMaria Jos\u00e9 Minuesa<br \/>\nJos\u00e9 Lastre<br \/>\nDesir\u00e9e Mart\u00ednez<br \/>\nRa\u00fal Quesada<br \/>\n\u00c1lvaro Ramos<br \/>\nAndrea Santos<br \/>\nPablo Barrera<br \/>\n&nbsp;<br \/>\n<strong>VIOLONCHELOS<\/strong><br \/>\nGabriel Fued Cordova<br \/>\nAdriana C\u00e9saro<br \/>\nMario Camargo<br \/>\nMarina Garc\u00eda Donaire<br \/>\nMarina Guti\u00e9rrez<br \/>\nBlanca S\u00e1nchez Guill\u00e9n<br \/>\nLeonel Contreras<br \/>\nCristina Fern\u00e1ndez<br \/>\nMarina Esperanza Martos<br \/>\nPedro Samuel Montaner<br \/>\nCandela Hern\u00e1ndez<br \/>\nInmaculada Olmo<br \/>\nVerena Jungwirth<br \/>\nPilar Sheng<br \/>\n&nbsp;<br \/>\n<strong>CONTRABAJOS<\/strong><br \/>\nLuc\u00eda Rom\u00e1n<br \/>\nVentura Rico<br \/>\nIrene S\u00e1nchez Galea<br \/>\nLuc\u00eda S\u00e1nchez P\u00e9rez<br \/>\nGuillermo Arrojo<br \/>\nMar\u00eda Lomas<br \/>\nJuan Antonio Carmona<br \/>\nMarta Flores<\/p>\n","protected":false},"excerpt":{"rendered":"<p>CONCIERTO#3 TEMPORADA XI Viernes 01 abril \u00b7 ETS Ingenier\u00eda &nbsp; Ana D\u00edaz Asencio \u00b7 saxof\u00f3n Juan Garc\u00eda Rodr\u00edguez \u00b7 direcci\u00f3n &nbsp; PLANTILLA &nbsp; FLAUTAS Claudia Yepes Elisa Gonz\u00e1lez Cristina Ba\u00f1os Marina Cejudo OBOES Sara Arag\u00f3n Jose Luis Gonz\u00e1lez Arenal Nuria Piriz Victoria Montes &nbsp; CLARINETES Jaime Jim\u00e9nez Cristina Quesada Jos\u00e9 Carlos Rojas &nbsp; FAGOTES Felipe [&hellip;]<\/p>\n","protected":false},"author":3,"featured_media":0,"parent":0,"menu_order":0,"comment_status":"closed","ping_status":"open","template":"","meta":{"site-sidebar-layout":"default","site-content-layout":"","ast-site-content-layout":"default","site-content-style":"default","site-sidebar-style":"default","ast-global-header-display":"","ast-banner-title-visibility":"","ast-main-header-display":"","ast-hfb-above-header-display":"","ast-hfb-below-header-display":"","ast-hfb-mobile-header-display":"","site-post-title":"","ast-breadcrumbs-content":"","ast-featured-img":"","footer-sml-layout":"","ast-disable-related-posts":"","theme-transparent-header-meta":"","adv-header-id-meta":"","stick-header-meta":"","header-above-stick-meta":"","header-main-stick-meta":"","header-below-stick-meta":"","astra-migrate-meta-layouts":"default","ast-page-background-enabled":"default","ast-page-background-meta":{"desktop":{"background-color":"","background-image":"","background-repeat":"repeat","background-position":"center center","background-size":"auto","background-attachment":"scroll","background-type":"","background-media":"","overlay-type":"","overlay-color":"","overlay-opacity":"","overlay-gradient":""},"tablet":{"background-color":"","background-image":"","background-repeat":"repeat","background-position":"center center","background-size":"auto","background-attachment":"scroll","background-type":"","background-media":"","overlay-type":"","overlay-color":"","overlay-opacity":"","overlay-gradient":""},"mobile":{"background-color":"","background-image":"","background-repeat":"repeat","background-position":"center center","background-size":"auto","background-attachment":"scroll","background-type":"","background-media":"","overlay-type":"","overlay-color":"","overlay-opacity":"","overlay-gradient":""}},"ast-content-background-meta":{"desktop":{"background-color":"var(--ast-global-color-5)","background-image":"","background-repeat":"repeat","background-position":"center center","background-size":"auto","background-attachment":"scroll","background-type":"","background-media":"","overlay-type":"","overlay-color":"","overlay-opacity":"","overlay-gradient":""},"tablet":{"background-color":"var(--ast-global-color-5)","background-image":"","background-repeat":"repeat","background-position":"center center","background-size":"auto","background-attachment":"scroll","background-type":"","background-media":"","overlay-type":"","overlay-color":"","overlay-opacity":"","overlay-gradient":""},"mobile":{"background-color":"var(--ast-global-color-5)","background-image":"","background-repeat":"repeat","background-position":"center center","background-size":"auto","background-attachment":"scroll","background-type":"","background-media":"","overlay-type":"","overlay-color":"","overlay-opacity":"","overlay-gradient":""}},"footnotes":""},"class_list":["post-2381","page","type-page","status-publish","hentry"],"_links":{"self":[{"href":"https:\/\/institucional.us.es\/orquesta\/wp-json\/wp\/v2\/pages\/2381","targetHints":{"allow":["GET"]}}],"collection":[{"href":"https:\/\/institucional.us.es\/orquesta\/wp-json\/wp\/v2\/pages"}],"about":[{"href":"https:\/\/institucional.us.es\/orquesta\/wp-json\/wp\/v2\/types\/page"}],"author":[{"embeddable":true,"href":"https:\/\/institucional.us.es\/orquesta\/wp-json\/wp\/v2\/users\/3"}],"replies":[{"embeddable":true,"href":"https:\/\/institucional.us.es\/orquesta\/wp-json\/wp\/v2\/comments?post=2381"}],"version-history":[{"count":4,"href":"https:\/\/institucional.us.es\/orquesta\/wp-json\/wp\/v2\/pages\/2381\/revisions"}],"predecessor-version":[{"id":2442,"href":"https:\/\/institucional.us.es\/orquesta\/wp-json\/wp\/v2\/pages\/2381\/revisions\/2442"}],"wp:attachment":[{"href":"https:\/\/institucional.us.es\/orquesta\/wp-json\/wp\/v2\/media?parent=2381"}],"curies":[{"name":"wp","href":"https:\/\/api.w.org\/{rel}","templated":true}]}}