{"id":2396,"date":"2022-10-20T10:59:22","date_gmt":"2022-10-20T10:59:22","guid":{"rendered":"http:\/\/institucional.us.es\/orquesta\/?page_id=2396"},"modified":"2022-10-20T12:58:15","modified_gmt":"2022-10-20T12:58:15","slug":"plantilla-concierto-clausura-osc-%c2%b7-temporada-x","status":"publish","type":"page","link":"https:\/\/institucional.us.es\/orquesta\/plantilla-concierto-clausura-osc-%c2%b7-temporada-x\/","title":{"rendered":"PLANTILLA CONCIERTO CLAUSURA OSC \u00b7 TEMPORADA X"},"content":{"rendered":"<p>28 JUNIO 2022 \u00b7 CONCIERTO CLAUSURA OSC \u00b7 TEMPORADA X<\/p>\n<p>Juan Garc\u00eda Rodr\u00edguez \u00b7 director<br \/>\nAlberto Garc\u00eda P\u00e9rez \u00b7 viola<br \/>\n&nbsp;<br \/>\n<strong>PLANTILLA<\/strong><br \/>\n&nbsp;<br \/>\n<strong>FLAUTAS<\/strong><br \/>\nAna Gallego<br \/>\nCristina Ba\u00f1os<br \/>\n&nbsp;<br \/>\nOBOES<br \/>\nFrancisco Javier Guti\u00e9rrez<br \/>\nFrancisco Javier \u00c1lvarez<br \/>\nSara Arag\u00f3n<br \/>\n&nbsp;<br \/>\n<strong>CLARINETES<\/strong><br \/>\nErnesto Lara<br \/>\nDavid Alba<br \/>\nLuis P\u00e9rez<br \/>\n&nbsp;<br \/>\n<strong>FAGOTES<\/strong><br \/>\nAlejandro Morillo<br \/>\nIrene P\u00e9rez<br \/>\n&nbsp;<br \/>\n<strong>TROMPAS<\/strong><br \/>\nAida Tejada<br \/>\nMar\u00eda Arrocha<br \/>\nLuc\u00eda Gonz\u00e1lez<br \/>\nMagdalena Rold\u00e1n<br \/>\nMar\u00eda Hoya<br \/>\nLaura Ruiz<br \/>\n&nbsp;<br \/>\n<strong>TROMPETAS<\/strong><br \/>\nAntonio J. Aguilera<br \/>\nAlejandro Romero<br \/>\n&nbsp;<br \/>\n<strong>TROMBONES<\/strong><br \/>\nJuan Lagares<br \/>\nJuan Francisco Algarra<br \/>\nAlejandro Olmo<br \/>\n&nbsp;<br \/>\n<strong>TIMBALES<\/strong><br \/>\nBruno Moreno V\u00e9lez<br \/>\n&nbsp;<br \/>\n<strong>ARPA<\/strong><br \/>\nIke Christine Zwaan<br \/>\n&nbsp;<br \/>\n<strong>VIOLINES I<\/strong><br \/>\nNelly Romero<br \/>\nCandela Schlatter<br \/>\nAna Mar\u00edn<br \/>\nCarlos Crespo<br \/>\nLuc\u00eda Rodr\u00edguez<br \/>\nLibia Olivera<br \/>\nAdriana Puentes<br \/>\nMar\u00eda Barriga<br \/>\nMar\u00eda Manzano<br \/>\nDenise Valmaseda<br \/>\nFco M\u00e1rquez<br \/>\nCarmen Montes<br \/>\nSiria Ram\u00edrez<br \/>\nClaudia S\u00e1nchez<br \/>\nLaura L\u00f3pez<br \/>\n&nbsp;<br \/>\n<strong>VIOLINES II<\/strong><br \/>\nJuan Sojo<br \/>\n\u00c1ngela Sojo<br \/>\nPedro Bravo<br \/>\nShaoke Zhou<br \/>\nFrancisco V\u00e1zquez<br \/>\nFrancisco Ruiz<br \/>\nBlanca Molina<br \/>\nBlanca Garc\u00eda<br \/>\nJos\u00e9 \u00c1ngel Buz\u00f3n<br \/>\nMario Jim\u00e9nez<br \/>\nMar\u00eda Asensio<br \/>\nEsther L\u00f3pez<br \/>\nJuan Ignacio Perea<br \/>\nCelia Vicente<br \/>\n&nbsp;<br \/>\n<strong>VIOLAS<\/strong><br \/>\nAntonio David Moreno<br \/>\nDiego Zagalaz<br \/>\nMarina S\u00e1nchez<br \/>\nNadia Carmona<br \/>\nMarta Alfaro<br \/>\nPedro Villena<br \/>\nJuli\u00e1n Huete<br \/>\nMar\u00eda Jos\u00e9 Minuesa<br \/>\nFlorentina P\u00e9rez<br \/>\nJos\u00e9 Lastre<br \/>\nRa\u00fal Quesada<br \/>\n&nbsp;<br \/>\n<strong>VIOLONCHELOS<\/strong><br \/>\nAntonio Dorado<br \/>\nClara S\u00e1nchez<br \/>\nPedro Samuel Montaner<br \/>\nBlanca S\u00e1nchez<br \/>\nJulia Misas<br \/>\nMarina Garc\u00eda<br \/>\nPilar Sheng Mart\u00edn<br \/>\nCandela Hern\u00e1ndez<br \/>\nMario Camargo<br \/>\nAinhoa Bandr\u00e9s<br \/>\n&nbsp;<br \/>\n<strong>CONTRABAJOS<\/strong><br \/>\nGuillermo Arrojo<br \/>\nXavier Boixader<br \/>\nJuan Antonio Carmona<br \/>\nSantiago Chicharro<br \/>\nLuc\u00eda Rom\u00e1n<br \/>\nIrene S\u00e1nchez<br \/>\nLuc\u00eda S\u00e1nchez<br \/>\nDavid Santos<\/p>\n","protected":false},"excerpt":{"rendered":"<p>28 JUNIO 2022 \u00b7 CONCIERTO CLAUSURA OSC \u00b7 TEMPORADA X Juan Garc\u00eda Rodr\u00edguez \u00b7 director Alberto Garc\u00eda P\u00e9rez \u00b7 viola &nbsp; PLANTILLA &nbsp; FLAUTAS Ana Gallego Cristina Ba\u00f1os &nbsp; OBOES Francisco Javier Guti\u00e9rrez Francisco Javier \u00c1lvarez Sara Arag\u00f3n &nbsp; CLARINETES Ernesto Lara David Alba Luis P\u00e9rez &nbsp; FAGOTES Alejandro Morillo Irene P\u00e9rez &nbsp; TROMPAS Aida [&hellip;]<\/p>\n","protected":false},"author":3,"featured_media":0,"parent":0,"menu_order":0,"comment_status":"closed","ping_status":"open","template":"","meta":{"site-sidebar-layout":"default","site-content-layout":"","ast-site-content-layout":"default","site-content-style":"default","site-sidebar-style":"default","ast-global-header-display":"","ast-banner-title-visibility":"","ast-main-header-display":"","ast-hfb-above-header-display":"","ast-hfb-below-header-display":"","ast-hfb-mobile-header-display":"","site-post-title":"","ast-breadcrumbs-content":"","ast-featured-img":"","footer-sml-layout":"","ast-disable-related-posts":"","theme-transparent-header-meta":"","adv-header-id-meta":"","stick-header-meta":"","header-above-stick-meta":"","header-main-stick-meta":"","header-below-stick-meta":"","astra-migrate-meta-layouts":"default","ast-page-background-enabled":"default","ast-page-background-meta":{"desktop":{"background-color":"","background-image":"","background-repeat":"repeat","background-position":"center center","background-size":"auto","background-attachment":"scroll","background-type":"","background-media":"","overlay-type":"","overlay-color":"","overlay-opacity":"","overlay-gradient":""},"tablet":{"background-color":"","background-image":"","background-repeat":"repeat","background-position":"center center","background-size":"auto","background-attachment":"scroll","background-type":"","background-media":"","overlay-type":"","overlay-color":"","overlay-opacity":"","overlay-gradient":""},"mobile":{"background-color":"","background-image":"","background-repeat":"repeat","background-position":"center center","background-size":"auto","background-attachment":"scroll","background-type":"","background-media":"","overlay-type":"","overlay-color":"","overlay-opacity":"","overlay-gradient":""}},"ast-content-background-meta":{"desktop":{"background-color":"var(--ast-global-color-5)","background-image":"","background-repeat":"repeat","background-position":"center center","background-size":"auto","background-attachment":"scroll","background-type":"","background-media":"","overlay-type":"","overlay-color":"","overlay-opacity":"","overlay-gradient":""},"tablet":{"background-color":"var(--ast-global-color-5)","background-image":"","background-repeat":"repeat","background-position":"center center","background-size":"auto","background-attachment":"scroll","background-type":"","background-media":"","overlay-type":"","overlay-color":"","overlay-opacity":"","overlay-gradient":""},"mobile":{"background-color":"var(--ast-global-color-5)","background-image":"","background-repeat":"repeat","background-position":"center center","background-size":"auto","background-attachment":"scroll","background-type":"","background-media":"","overlay-type":"","overlay-color":"","overlay-opacity":"","overlay-gradient":""}},"footnotes":""},"class_list":["post-2396","page","type-page","status-publish","hentry"],"_links":{"self":[{"href":"https:\/\/institucional.us.es\/orquesta\/wp-json\/wp\/v2\/pages\/2396","targetHints":{"allow":["GET"]}}],"collection":[{"href":"https:\/\/institucional.us.es\/orquesta\/wp-json\/wp\/v2\/pages"}],"about":[{"href":"https:\/\/institucional.us.es\/orquesta\/wp-json\/wp\/v2\/types\/page"}],"author":[{"embeddable":true,"href":"https:\/\/institucional.us.es\/orquesta\/wp-json\/wp\/v2\/users\/3"}],"replies":[{"embeddable":true,"href":"https:\/\/institucional.us.es\/orquesta\/wp-json\/wp\/v2\/comments?post=2396"}],"version-history":[{"count":2,"href":"https:\/\/institucional.us.es\/orquesta\/wp-json\/wp\/v2\/pages\/2396\/revisions"}],"predecessor-version":[{"id":2452,"href":"https:\/\/institucional.us.es\/orquesta\/wp-json\/wp\/v2\/pages\/2396\/revisions\/2452"}],"wp:attachment":[{"href":"https:\/\/institucional.us.es\/orquesta\/wp-json\/wp\/v2\/media?parent=2396"}],"curies":[{"name":"wp","href":"https:\/\/api.w.org\/{rel}","templated":true}]}}