{"id":2468,"date":"2022-10-21T06:38:07","date_gmt":"2022-10-21T06:38:07","guid":{"rendered":"http:\/\/institucional.us.es\/orquesta\/?page_id=2468"},"modified":"2024-07-01T11:36:18","modified_gmt":"2024-07-01T11:36:18","slug":"osc-x-temporada-2020-2021","status":"publish","type":"page","link":"https:\/\/institucional.us.es\/orquesta\/programa-de-conciertos\/osc-x-temporada-2020-2021\/","title":{"rendered":"OSC. X Temporada 2020-2021"},"content":{"rendered":"<h2><span style=\"color: #ff6600;\"><strong><a href=\"http:\/\/institucional.us.es\/orquesta\/wp-content\/uploads\/2014\/05\/13.jpg\"><span style=\"color: #ff6600;\">OSC<\/span><\/a>. <\/strong>X Temporada 2020-2021<strong><br \/>\n<\/strong><\/span><\/h2>\n<p><img fetchpriority=\"high\" decoding=\"async\" class=\" wp-image-1340 alignleft\" src=\"http:\/\/institucional.us.es\/orquesta\/wp-content\/uploads\/2014\/05\/13-300x200.jpg\" alt=\"VIII Temporada - Concierto#4 - 17.05.2019 - ETS Ingenier\u00eda\" width=\"379\" height=\"210\" \/><\/p>\n<p style=\"text-align: justify;\">La OSC cumple su d\u00e9cimo aniversario, y lo hace en circunstancias excepcionales en un a\u00f1o marcado a\u00fan por la pandemia. La formaci\u00f3n pretende conciliar su inercia vitalista pero prudente y decidiamente conjurarse ante las enormes dificultades administrativas y organizativas derivadas desde que fuera decretada la pandemia, subvirtiendo as\u00ed la deriva de cancelaciones de otras instituciones, muchas de ellas incluso prescindiendo de medios propios y recursos suficientes para afrontar semejantes circunstancias.<\/p>\n<p style=\"text-align: justify;\">La OSC no renuncia a celebrar una nueva temporada de conciertos y lo hace con el entusiasmo propio de quien quiere celebrar su d\u00e9cimo aniversario de existencia, haciendo abstracci\u00f3n del clima de des\u00e1nimo imperante. As\u00ed, da comienzo una ambiciosa programaci\u00f3n que la OSC prev\u00e9 pueda llevarse a cabo en diferentes escenarios, entre los que destaca sin duda una vez m\u00e1s el auditorio de la ETS de Ingenier\u00eda (con aforo m\u00e1s reducido, en fin de semana y un horario de celebraci\u00f3n de conciertos poco habitual), pero tambi\u00e9n la Iglesia de la Anunciaci\u00f3n de la Universidad de Sevilla y sobre todo el Teatro de la Maestranza, escenario este \u00faltimo en el que la OSC protagoniza por primera vez del Concierto de Clausura de Curso de la Universidad de Sevilla. La OSC agradece a todas las instituciones la colaboraci\u00f3n que previsiblemente presten por la cesi\u00f3n de espacios para ensayos y desarrollo de conciertos, as\u00ed a Factor\u00eda Cultural, Fibes, ETSI, ETSA y tantos otros).<\/p>\n<p style=\"text-align: justify;\">El concierto inaugural de la OSC presenta este curso una propuesta rompedora, con la actuaci\u00f3n del Ensemble de Percusi\u00f3n de la OSC interpretando un monogr\u00e1fico de obras de John Cage en un marco como la Iglesia de la Anunciaci\u00f3n, un espacio universitario nada convencional para estas lides y sin duda sumamente id\u00f3neo parar cumplir con la idea est\u00e9tica perseguida por quien fuera el compositor de las obras que ser\u00e1n interpretadas.<\/p>\n<p>&nbsp;<\/p>\n<p><span style=\"color: #ff9900;\"><strong>TEMPORADA X. OSC. <\/strong><strong>CURSO 2020-2021<\/strong><\/span><br \/>\nORQUESTA SINF\u00d3NICA CONJUNTA US-CSMS<\/p>\n<p>&nbsp;<\/p>\n<h3><span style=\"color: #ff6600;\"><strong>CONCIERTO#1<\/strong><\/span><\/h3>\n<p>15 diciembre 2020 &#8211; Iglesia de la Anunciaci\u00f3n<\/p>\n<p>Ensemble de Percusi\u00f3n de la OSC. Antonio Moreno \u00b7 direcci\u00f3n<\/p>\n<p>&nbsp;<\/p>\n<p>-Programa-<\/p>\n<p>Monogr\u00e1fico John Cage<\/p>\n<p><em>\u00b7Child of tree<\/em> \/ <em>Double Music <\/em>\/ <em>Forever and Sunsmell <\/em>\/ <em>Living Room Music \/ 4\u00b433\u201d \/ Imaginary Landscape n\u00ba2<\/em> \/ <em>Amores II-III <\/em><\/p>\n<p><span style=\"color: #ff6600;\"><a title=\"PLANTILLA\" href=\"http:\/\/institucional.us.es\/orquesta\/plantilla-concierto1-cage-temporada-x\/\" target=\"_blank\" rel=\"noopener\"><span style=\"color: #ff6600;\">PLANTILLA<\/span><\/a><\/span><\/p>\n<p>&nbsp;<\/p>\n<p>&nbsp;<\/p>\n<h3><span style=\"color: #ff6600;\">CONCIERTO#2<\/span><\/h3>\n<p>31 enero 2021 &#8211; Auditorio ETS Ingenier\u00eda<\/p>\n<p>OSC. Orquesta Sinf\u00f3nica Conjunta US-CSMS<\/p>\n<p>Juan Garc\u00eda Rodr\u00edguez \u00b7 direcci\u00f3n<\/p>\n<p>&nbsp;<\/p>\n<p>-Programa-<\/p>\n<p><em>Sinfon\u00eda n\u00ba 5<\/em> de Schubert<\/p>\n<p><em>Sinfon\u00eda n\u00ba 40<\/em> de Mozart<\/p>\n<p>(Especial agradecimiento a Factor\u00eda Cultural en Distrito Sur por la cesi\u00f3n de sus instalaciones durante los ensayos)<\/p>\n<p><span style=\"color: #ff6600;\"><a title=\"PLANTILLA\" href=\"http:\/\/institucional.us.es\/orquesta\/plantilla-concierto2-temporada-x\/\" target=\"_blank\" rel=\"noopener\"><span style=\"color: #ff6600;\">PLANTILLA<\/span><\/a><\/span><\/p>\n<p>&nbsp;<\/p>\n<h3><span style=\"color: #ff6600;\"><strong>CONCIERTO#3<\/strong><\/span><\/h3>\n<p>21 marzo 2021 &#8211; Auditorio ETS Ingenier\u00eda<\/p>\n<p>OSC. Orquesta Sinf\u00f3nica Conjunta US-CSMS<\/p>\n<p>Juan Garc\u00eda Rodr\u00edguez \u00b7 direcci\u00f3n<\/p>\n<p>&nbsp;<\/p>\n<p>-Programa-<\/p>\n<p><em>Sinfon\u00eda n\u00ba 6<\/em> de Schubert<\/p>\n<p><em>Sinfon\u00eda n\u00ba 41<\/em> de Mozart<\/p>\n<p><span style=\"color: #ff6600;\"><a title=\"Plantilla Concierto#3. Temporada X OSC\" href=\"http:\/\/institucional.us.es\/orquesta\/plantilla-concierto3-osc-temporada-x\/\" target=\"_blank\" rel=\"noopener\"><span style=\"color: #ff6600;\">PLANTILLA<\/span><\/a><\/span><\/p>\n<p>&nbsp;<\/p>\n<h3><span style=\"color: #ff6600;\"><strong>CONCIERTO#4<\/strong><\/span><\/h3>\n<p>28 abril 2021 &#8211; Iglesia de la Anunciaci\u00f3n<\/p>\n<p>OSC. Orquesta Sinf\u00f3nica Conjunta US-CSMS<\/p>\n<p>Juan Garc\u00eda Rodr\u00edguez \u00b7 direcci\u00f3n<\/p>\n<p>&nbsp;<\/p>\n<p>-Programa-<\/p>\n<p>Carl Maria von Weber<\/p>\n<p><em>Quinteto para clarinete<\/em> (versi\u00f3n de orquesta de cuerdas). Solista: Francisco Cant\u00f3<\/p>\n<p>Edvard Grieg<\/p>\n<p><em>Dos melod\u00edas N\u00f3rdicas<\/em> Op. 63<\/p>\n<p>Benjamin Britten<\/p>\n<p><em>Simple Symphony<\/em><\/p>\n<p><span style=\"color: #ff6600;\"><a title=\"PLANTILLA\" href=\"http:\/\/institucional.us.es\/orquesta\/plantilla-concierto4-temporada-x-osc\/\" target=\"_blank\" rel=\"noopener\"><span style=\"color: #ff6600;\">PLANTILLA<\/span><\/a><\/span><\/p>\n<p>&nbsp;<\/p>\n<h3><span style=\"color: #ff6600;\"><strong>CONCIERTO#5<\/strong><\/span><\/h3>\n<p>05 de junio 2021 &#8211; Iglesia de la Anunciaci\u00f3n (c\/Lara\u00f1a, s\/n))<br \/>\nOSC. Orquesta de vientos de la OSC<br \/>\nCamilo Irizo \u00b7 director<br \/>\nMarcos Carmona \u00b7 solista<\/p>\n<p>&nbsp;<\/p>\n<p>-Programa-<\/p>\n<p>Florent Schmitt<\/p>\n<p><em>Dionisyaques op 62 N 1<\/em><\/p>\n<p>\u00d3scar Navarro<\/p>\n<p><em>II Concierto para clarinete y banda<\/em><\/p>\n<p>Jos\u00e9 Su\u00f1er<\/p>\n<p><em>El Jard\u00edn de Hera<\/em><\/p>\n<p><span style=\"color: #ff6600;\"><a title=\"PLANTILLA\" href=\"http:\/\/institucional.us.es\/orquesta\/plantilla-concierto-5-osc-orquesta-de-vientos-de-la-osc-temporada-x\/\" target=\"_blank\" rel=\"noopener\"><span style=\"color: #ff6600;\">PLANTILLA<\/span><\/a><\/span><\/p>\n<p>&nbsp;<\/p>\n<h3><span style=\"color: #000000;\"><strong><span style=\"color: #ff6600;\">CONCIERTO#6<\/span> \u00b7 CONCIERTO EXTRAORDINARIO CLAUSURA DE CURSO DE LA US<\/strong><\/span><\/h3>\n<p>23 junio 2021 &#8211; Teatro de la Maestranza<\/p>\n<p>OSC. Orquesta Sinf\u00f3nica Conjunta US-CSMS<\/p>\n<p>Alberto Garc\u00eda P\u00e9rez \u00b7 viola<\/p>\n<p>Juan Garc\u00eda Rodr\u00edguez \u00b7 direcci\u00f3n<\/p>\n<p>&nbsp;<\/p>\n<p>-PROGRAMA-<\/p>\n<p>-I-<\/p>\n<p>William Walton<\/p>\n<p><em>Concierto para viola y orquesta<\/em><\/p>\n<p>-II-<br \/>\nRobert Schumann<\/p>\n<p><em>Sinfon\u00eda N\u00ba 3<\/em>, en mi bemol mayor, \u00abRenana\u00bb, op. 97<\/p>\n<p><span style=\"color: #ff6600;\"><a title=\"PLANTILLA\" href=\"http:\/\/institucional.us.es\/orquesta\/plantilla-concierto-clausura-osc-%c2%b7-temporada-x\/\" target=\"_blank\" rel=\"noopener\"><span style=\"color: #ff6600;\">PLANTILLA<\/span><\/a><\/span><\/p>\n<p><a href=\"http:\/\/institucional.us.es\/orquesta\/wp-content\/uploads\/2023\/02\/CICUS-Memoria-OSC-20-21-con-fotos.pdf\" target=\"_blank\" rel=\"noopener\">Descargar memoria fotogr\u00e1fica de la temporada<\/a><\/p>\n","protected":false},"excerpt":{"rendered":"<p>OSC. X Temporada 2020-2021 La OSC cumple su d\u00e9cimo aniversario, y lo hace en circunstancias excepcionales en un a\u00f1o marcado a\u00fan por la pandemia. La formaci\u00f3n pretende conciliar su inercia vitalista pero prudente y decidiamente conjurarse ante las enormes dificultades administrativas y organizativas derivadas desde que fuera decretada la pandemia, subvirtiendo as\u00ed la deriva de [&hellip;]<\/p>\n","protected":false},"author":3,"featured_media":0,"parent":43,"menu_order":0,"comment_status":"closed","ping_status":"closed","template":"","meta":{"site-sidebar-layout":"default","site-content-layout":"default","ast-site-content-layout":"default","site-content-style":"default","site-sidebar-style":"default","ast-global-header-display":"","ast-banner-title-visibility":"","ast-main-header-display":"","ast-hfb-above-header-display":"","ast-hfb-below-header-display":"","ast-hfb-mobile-header-display":"","site-post-title":"","ast-breadcrumbs-content":"","ast-featured-img":"","footer-sml-layout":"","ast-disable-related-posts":"","theme-transparent-header-meta":"default","adv-header-id-meta":"","stick-header-meta":"","header-above-stick-meta":"","header-main-stick-meta":"","header-below-stick-meta":"","astra-migrate-meta-layouts":"set","ast-page-background-enabled":"default","ast-page-background-meta":{"desktop":{"background-color":"","background-image":"","background-repeat":"repeat","background-position":"center center","background-size":"auto","background-attachment":"scroll","background-type":"","background-media":"","overlay-type":"","overlay-color":"","overlay-opacity":"","overlay-gradient":""},"tablet":{"background-color":"","background-image":"","background-repeat":"repeat","background-position":"center center","background-size":"auto","background-attachment":"scroll","background-type":"","background-media":"","overlay-type":"","overlay-color":"","overlay-opacity":"","overlay-gradient":""},"mobile":{"background-color":"","background-image":"","background-repeat":"repeat","background-position":"center center","background-size":"auto","background-attachment":"scroll","background-type":"","background-media":"","overlay-type":"","overlay-color":"","overlay-opacity":"","overlay-gradient":""}},"ast-content-background-meta":{"desktop":{"background-color":"var(--ast-global-color-5)","background-image":"","background-repeat":"repeat","background-position":"center center","background-size":"auto","background-attachment":"scroll","background-type":"","background-media":"","overlay-type":"","overlay-color":"","overlay-opacity":"","overlay-gradient":""},"tablet":{"background-color":"var(--ast-global-color-5)","background-image":"","background-repeat":"repeat","background-position":"center center","background-size":"auto","background-attachment":"scroll","background-type":"","background-media":"","overlay-type":"","overlay-color":"","overlay-opacity":"","overlay-gradient":""},"mobile":{"background-color":"var(--ast-global-color-5)","background-image":"","background-repeat":"repeat","background-position":"center center","background-size":"auto","background-attachment":"scroll","background-type":"","background-media":"","overlay-type":"","overlay-color":"","overlay-opacity":"","overlay-gradient":""}},"footnotes":""},"class_list":["post-2468","page","type-page","status-publish","hentry"],"_links":{"self":[{"href":"https:\/\/institucional.us.es\/orquesta\/wp-json\/wp\/v2\/pages\/2468","targetHints":{"allow":["GET"]}}],"collection":[{"href":"https:\/\/institucional.us.es\/orquesta\/wp-json\/wp\/v2\/pages"}],"about":[{"href":"https:\/\/institucional.us.es\/orquesta\/wp-json\/wp\/v2\/types\/page"}],"author":[{"embeddable":true,"href":"https:\/\/institucional.us.es\/orquesta\/wp-json\/wp\/v2\/users\/3"}],"replies":[{"embeddable":true,"href":"https:\/\/institucional.us.es\/orquesta\/wp-json\/wp\/v2\/comments?post=2468"}],"version-history":[{"count":40,"href":"https:\/\/institucional.us.es\/orquesta\/wp-json\/wp\/v2\/pages\/2468\/revisions"}],"predecessor-version":[{"id":5174,"href":"https:\/\/institucional.us.es\/orquesta\/wp-json\/wp\/v2\/pages\/2468\/revisions\/5174"}],"up":[{"embeddable":true,"href":"https:\/\/institucional.us.es\/orquesta\/wp-json\/wp\/v2\/pages\/43"}],"wp:attachment":[{"href":"https:\/\/institucional.us.es\/orquesta\/wp-json\/wp\/v2\/media?parent=2468"}],"curies":[{"name":"wp","href":"https:\/\/api.w.org\/{rel}","templated":true}]}}