{"id":2803,"date":"2022-11-23T13:50:38","date_gmt":"2022-11-23T13:50:38","guid":{"rendered":"https:\/\/institucional.us.es\/orquesta\/?page_id=2803"},"modified":"2023-02-16T16:24:22","modified_gmt":"2023-02-16T16:24:22","slug":"pruebas-admision","status":"publish","type":"page","link":"https:\/\/institucional.us.es\/orquesta\/pruebas-admision\/","title":{"rendered":"Pruebas admisi\u00f3n"},"content":{"rendered":"\t\t<div data-elementor-type=\"wp-page\" data-elementor-id=\"2803\" class=\"elementor elementor-2803\">\n\t\t\t\t\t\t<section class=\"elementor-section elementor-top-section elementor-element elementor-element-6366ff66 elementor-section-boxed elementor-section-height-default elementor-section-height-default\" data-id=\"6366ff66\" data-element_type=\"section\" data-e-type=\"section\">\n\t\t\t\t\t\t<div class=\"elementor-container elementor-column-gap-default\">\n\t\t\t\t\t<div class=\"elementor-column elementor-col-100 elementor-top-column elementor-element elementor-element-2dba0b6f\" data-id=\"2dba0b6f\" data-element_type=\"column\" data-e-type=\"column\">\n\t\t\t<div class=\"elementor-widget-wrap elementor-element-populated\">\n\t\t\t\t\t\t<div class=\"elementor-element elementor-element-8d6ed6a elementor-widget elementor-widget-heading\" data-id=\"8d6ed6a\" data-element_type=\"widget\" data-e-type=\"widget\" data-widget_type=\"heading.default\">\n\t\t\t\t<div class=\"elementor-widget-container\">\n\t\t\t\t\t<h1 class=\"elementor-heading-title elementor-size-default\">pruebas de nivel curso 22\/23<\/h1>\t\t\t\t<\/div>\n\t\t\t\t<\/div>\n\t\t\t\t<div class=\"elementor-element elementor-element-671a884f elementor-widget elementor-widget-text-editor\" data-id=\"671a884f\" data-element_type=\"widget\" data-e-type=\"widget\" data-widget_type=\"text-editor.default\">\n\t\t\t\t<div class=\"elementor-widget-container\">\n\t\t\t\t\t\t\t\t\t<p><\/p>\n<p>Todos aquellos <strong>estudiantes de la Universidad de Sevilla, no inscritos tambi\u00e9n en el CSMS<\/strong>, pero s\u00ed con<strong> muy amplios conocimientos<\/strong> de instrumento que deseen formar parte de la Orquesta Sinf\u00f3nica Conjunta de la Universidad de Sevilla-CSM Manuel Castillo (OSC) en el presente curso acad\u00e9mico 2022\/2023, podr\u00e1n presentarse a las pruebas de nivel de instrumento el pr\u00f3ximo <strong>viernes 2 de diciembre de 2022 a las 10am en CICUS<\/strong> (c\/Madre de Dios, 1), debiendo el alumno llevar preparadas dos obras de libre elecci\u00f3n, siendo su ejecuci\u00f3n valorada, entre otros, por el propio director de la orquesta Juan Garc\u00eda Rodr\u00edguez. El alumno deber\u00e1 llevar su propio instrumento y ejecutar la prueba in situ, no siendo suficiente con la aportaci\u00f3n de material audiovisual ya grabado. Recordamos que aquellos estudiantes de la Universidad de Sevilla que lo sean al mismo tiempo del Conservatorio Superior de M\u00fasica Manuel Castillo no tienen que hacer esta prueba en concreto.<\/p>\n<p><\/p>\n<p>Cumplimente por favor los datos referidos m\u00e1s abajo y env\u00ede la <strong>solicitud antes del 1 de diciembre de 2022 a las 13h<\/strong> al correo: cicus1@us.es<\/p>\n<p>Aseg\u00farese por favor del acuse de recibo que a lo largo del d\u00eda pueda recibir de este mismo correo<\/p>\n<p><\/p>\n<p>-Nombre<\/p>\n<p>-Apellidos<\/p>\n<p>-Dni<\/p>\n<p>-E-mail<\/p>\n<p>-Tel\u00e9fono de contacto<\/p>\n<p>-Instrumento musical en el que est\u00e1 especializado<\/p>\n<p>-Carrera o m\u00e1ster de la Universidad de Sevilla en la que est\u00e1 inscrito en el presente curso 2022\/2023<\/p>\n<p>-Observaciones y muy breve descripci\u00f3n de la trayectoria musical (adjuntar eventualmente grabaci\u00f3n de alg\u00fan documento audiovisual de inter\u00e9s para su evaluaci\u00f3n)<\/p>\n<p><span style=\"color: #ff0000;\"><span style=\"color: #808080;\"><span style=\"color: #ff0000;\"><span style=\"color: #808080;\">&nbsp;<\/span><\/span><\/span><\/span><\/p>\t\t\t\t\t\t\t\t<\/div>\n\t\t\t\t<\/div>\n\t\t\t\t\t<\/div>\n\t\t<\/div>\n\t\t\t\t\t<\/div>\n\t\t<\/section>\n\t\t\t\t<\/div>\n\t\t","protected":false},"excerpt":{"rendered":"<p>pruebas de nivel curso 22\/23 Todos aquellos estudiantes de la Universidad de Sevilla, no inscritos tambi\u00e9n en el CSMS, pero s\u00ed con muy amplios conocimientos de instrumento que deseen formar parte de la Orquesta Sinf\u00f3nica Conjunta de la Universidad de Sevilla-CSM Manuel Castillo (OSC) en el presente curso acad\u00e9mico 2022\/2023, podr\u00e1n presentarse a las pruebas [&hellip;]<\/p>\n","protected":false},"author":3,"featured_media":0,"parent":0,"menu_order":0,"comment_status":"closed","ping_status":"closed","template":"","meta":{"site-sidebar-layout":"default","site-content-layout":"default","ast-site-content-layout":"default","site-content-style":"default","site-sidebar-style":"default","ast-global-header-display":"","ast-banner-title-visibility":"","ast-main-header-display":"","ast-hfb-above-header-display":"","ast-hfb-below-header-display":"","ast-hfb-mobile-header-display":"","site-post-title":"","ast-breadcrumbs-content":"","ast-featured-img":"","footer-sml-layout":"","ast-disable-related-posts":"","theme-transparent-header-meta":"default","adv-header-id-meta":"","stick-header-meta":"","header-above-stick-meta":"","header-main-stick-meta":"","header-below-stick-meta":"","astra-migrate-meta-layouts":"default","ast-page-background-enabled":"default","ast-page-background-meta":{"desktop":{"background-color":"","background-image":"","background-repeat":"repeat","background-position":"center center","background-size":"auto","background-attachment":"scroll","background-type":"","background-media":"","overlay-type":"","overlay-color":"","overlay-opacity":"","overlay-gradient":""},"tablet":{"background-color":"","background-image":"","background-repeat":"repeat","background-position":"center center","background-size":"auto","background-attachment":"scroll","background-type":"","background-media":"","overlay-type":"","overlay-color":"","overlay-opacity":"","overlay-gradient":""},"mobile":{"background-color":"","background-image":"","background-repeat":"repeat","background-position":"center center","background-size":"auto","background-attachment":"scroll","background-type":"","background-media":"","overlay-type":"","overlay-color":"","overlay-opacity":"","overlay-gradient":""}},"ast-content-background-meta":{"desktop":{"background-color":"var(--ast-global-color-5)","background-image":"","background-repeat":"repeat","background-position":"center center","background-size":"auto","background-attachment":"scroll","background-type":"","background-media":"","overlay-type":"","overlay-color":"","overlay-opacity":"","overlay-gradient":""},"tablet":{"background-color":"var(--ast-global-color-5)","background-image":"","background-repeat":"repeat","background-position":"center center","background-size":"auto","background-attachment":"scroll","background-type":"","background-media":"","overlay-type":"","overlay-color":"","overlay-opacity":"","overlay-gradient":""},"mobile":{"background-color":"var(--ast-global-color-5)","background-image":"","background-repeat":"repeat","background-position":"center center","background-size":"auto","background-attachment":"scroll","background-type":"","background-media":"","overlay-type":"","overlay-color":"","overlay-opacity":"","overlay-gradient":""}},"footnotes":""},"class_list":["post-2803","page","type-page","status-publish","hentry"],"_links":{"self":[{"href":"https:\/\/institucional.us.es\/orquesta\/wp-json\/wp\/v2\/pages\/2803","targetHints":{"allow":["GET"]}}],"collection":[{"href":"https:\/\/institucional.us.es\/orquesta\/wp-json\/wp\/v2\/pages"}],"about":[{"href":"https:\/\/institucional.us.es\/orquesta\/wp-json\/wp\/v2\/types\/page"}],"author":[{"embeddable":true,"href":"https:\/\/institucional.us.es\/orquesta\/wp-json\/wp\/v2\/users\/3"}],"replies":[{"embeddable":true,"href":"https:\/\/institucional.us.es\/orquesta\/wp-json\/wp\/v2\/comments?post=2803"}],"version-history":[{"count":18,"href":"https:\/\/institucional.us.es\/orquesta\/wp-json\/wp\/v2\/pages\/2803\/revisions"}],"predecessor-version":[{"id":3510,"href":"https:\/\/institucional.us.es\/orquesta\/wp-json\/wp\/v2\/pages\/2803\/revisions\/3510"}],"wp:attachment":[{"href":"https:\/\/institucional.us.es\/orquesta\/wp-json\/wp\/v2\/media?parent=2803"}],"curies":[{"name":"wp","href":"https:\/\/api.w.org\/{rel}","templated":true}]}}