{"id":2889,"date":"2022-12-23T23:50:55","date_gmt":"2022-12-23T23:50:55","guid":{"rendered":"https:\/\/institucional.us.es\/orquesta\/?page_id=2889"},"modified":"2022-12-24T00:06:50","modified_gmt":"2022-12-24T00:06:50","slug":"plantilla-concierto2-osc-temporada-xii","status":"publish","type":"page","link":"https:\/\/institucional.us.es\/orquesta\/plantilla-concierto2-osc-temporada-xii\/","title":{"rendered":"PLANTILLA CONCIERTO#2 OSC TEMPORADA XII"},"content":{"rendered":"<p><strong>PLANTILLA<\/strong><\/p>\n<p>&nbsp;<\/p>\n<p>OBOES<br \/>\nAgust\u00edn Heredia, Bernab\u00e9 Arias<\/p>\n<p>CLARINETES<br \/>\nCristina Jurado, Pedro Juan Mart\u00edn<\/p>\n<p>FAGOTES<br \/>\nIrene P\u00e9rez, Pablo Vel\u00e1zquez, Mar\u00eda Guti\u00e9rrez<\/p>\n<p>TROMPAS<br \/>\nPablo Moreno, Laura Ruiz, Magdalena Rold\u00e1n<\/p>\n<p>PERCUSI\u00d3N<br \/>\nV\u00edctor Manzana, Pablo Berm\u00fadez<\/p>\n<p>VIOLINES I<br \/>\nAna Ruda, Ana Crenes, Carmen Montes, Luc\u00eda L\u00f3pez, Francisco Jos\u00e9 Campos, Ana Albero, Carlos Crespo, Blanca Molina<\/p>\n<p>VIOLINES II<br \/>\nAdriana Puentes, Francisco M\u00e1rquez, Esther L\u00f3pez, Shaoke Zhou, Jos\u00e9 \u00c1ngel Buz\u00f3n, Francisco V\u00e1zquez<\/p>\n<p>VIOLAS<br \/>\nPablo Barrera, Alejandro Mill\u00e1n, Ra\u00fal Quesada, Jos\u00e9 Lastre, Pedro Villena, Mar\u00eda Mart\u00ednez, Daniel Ortiz, Pablo Garc\u00eda<\/p>\n<p>VIOLONCHELOS<br \/>\nMarina Guti\u00e9rrez, Inmaculada Olmo, Jes\u00fas Garc\u00eda de Leaniz, Ruben Honkanen, Jaime Martos, Pedro Samuel Montaner<\/p>\n<p>CONTRABAJOS<br \/>\nJuan Antonio Carmona, Guillermo Arrojo, Isabel Mart\u00ednez, Mar\u00eda Lomas<\/p>\n<p>&nbsp;<\/p>\n<p>&nbsp;<\/p>\n","protected":false},"excerpt":{"rendered":"<p>PLANTILLA &nbsp; OBOES Agust\u00edn Heredia, Bernab\u00e9 Arias CLARINETES Cristina Jurado, Pedro Juan Mart\u00edn FAGOTES Irene P\u00e9rez, Pablo Vel\u00e1zquez, Mar\u00eda Guti\u00e9rrez TROMPAS Pablo Moreno, Laura Ruiz, Magdalena Rold\u00e1n PERCUSI\u00d3N V\u00edctor Manzana, Pablo Berm\u00fadez VIOLINES I Ana Ruda, Ana Crenes, Carmen Montes, Luc\u00eda L\u00f3pez, Francisco Jos\u00e9 Campos, Ana Albero, Carlos Crespo, Blanca Molina VIOLINES II Adriana Puentes, [&hellip;]<\/p>\n","protected":false},"author":3,"featured_media":0,"parent":0,"menu_order":0,"comment_status":"closed","ping_status":"closed","template":"","meta":{"site-sidebar-layout":"default","site-content-layout":"","ast-site-content-layout":"default","site-content-style":"default","site-sidebar-style":"default","ast-global-header-display":"","ast-banner-title-visibility":"","ast-main-header-display":"","ast-hfb-above-header-display":"","ast-hfb-below-header-display":"","ast-hfb-mobile-header-display":"","site-post-title":"","ast-breadcrumbs-content":"","ast-featured-img":"","footer-sml-layout":"","ast-disable-related-posts":"","theme-transparent-header-meta":"","adv-header-id-meta":"","stick-header-meta":"","header-above-stick-meta":"","header-main-stick-meta":"","header-below-stick-meta":"","astra-migrate-meta-layouts":"default","ast-page-background-enabled":"default","ast-page-background-meta":{"desktop":{"background-color":"","background-image":"","background-repeat":"repeat","background-position":"center center","background-size":"auto","background-attachment":"scroll","background-type":"","background-media":"","overlay-type":"","overlay-color":"","overlay-opacity":"","overlay-gradient":""},"tablet":{"background-color":"","background-image":"","background-repeat":"repeat","background-position":"center center","background-size":"auto","background-attachment":"scroll","background-type":"","background-media":"","overlay-type":"","overlay-color":"","overlay-opacity":"","overlay-gradient":""},"mobile":{"background-color":"","background-image":"","background-repeat":"repeat","background-position":"center center","background-size":"auto","background-attachment":"scroll","background-type":"","background-media":"","overlay-type":"","overlay-color":"","overlay-opacity":"","overlay-gradient":""}},"ast-content-background-meta":{"desktop":{"background-color":"var(--ast-global-color-5)","background-image":"","background-repeat":"repeat","background-position":"center center","background-size":"auto","background-attachment":"scroll","background-type":"","background-media":"","overlay-type":"","overlay-color":"","overlay-opacity":"","overlay-gradient":""},"tablet":{"background-color":"var(--ast-global-color-5)","background-image":"","background-repeat":"repeat","background-position":"center center","background-size":"auto","background-attachment":"scroll","background-type":"","background-media":"","overlay-type":"","overlay-color":"","overlay-opacity":"","overlay-gradient":""},"mobile":{"background-color":"var(--ast-global-color-5)","background-image":"","background-repeat":"repeat","background-position":"center center","background-size":"auto","background-attachment":"scroll","background-type":"","background-media":"","overlay-type":"","overlay-color":"","overlay-opacity":"","overlay-gradient":""}},"footnotes":""},"class_list":["post-2889","page","type-page","status-publish","hentry"],"_links":{"self":[{"href":"https:\/\/institucional.us.es\/orquesta\/wp-json\/wp\/v2\/pages\/2889","targetHints":{"allow":["GET"]}}],"collection":[{"href":"https:\/\/institucional.us.es\/orquesta\/wp-json\/wp\/v2\/pages"}],"about":[{"href":"https:\/\/institucional.us.es\/orquesta\/wp-json\/wp\/v2\/types\/page"}],"author":[{"embeddable":true,"href":"https:\/\/institucional.us.es\/orquesta\/wp-json\/wp\/v2\/users\/3"}],"replies":[{"embeddable":true,"href":"https:\/\/institucional.us.es\/orquesta\/wp-json\/wp\/v2\/comments?post=2889"}],"version-history":[{"count":2,"href":"https:\/\/institucional.us.es\/orquesta\/wp-json\/wp\/v2\/pages\/2889\/revisions"}],"predecessor-version":[{"id":2897,"href":"https:\/\/institucional.us.es\/orquesta\/wp-json\/wp\/v2\/pages\/2889\/revisions\/2897"}],"wp:attachment":[{"href":"https:\/\/institucional.us.es\/orquesta\/wp-json\/wp\/v2\/media?parent=2889"}],"curies":[{"name":"wp","href":"https:\/\/api.w.org\/{rel}","templated":true}]}}