{"id":2904,"date":"2023-01-12T14:48:42","date_gmt":"2023-01-12T14:48:42","guid":{"rendered":"https:\/\/institucional.us.es\/orquesta\/?page_id=2904"},"modified":"2023-01-25T20:00:55","modified_gmt":"2023-01-25T20:00:55","slug":"plantilla-concierto3-temporada-xii","status":"publish","type":"page","link":"https:\/\/institucional.us.es\/orquesta\/plantilla-concierto3-temporada-xii\/","title":{"rendered":"Plantilla Concierto#3 &#8211; Temporada XII"},"content":{"rendered":"<p><strong><span style=\"color: #ff6600;\">PLANTILLA\u00a0 Concierto#3 \u00b7 Temporada XII OSC<\/span> <\/strong><\/p>\n<p>&nbsp;<\/p>\n<p><strong>FLAUTAS<\/strong><\/p>\n<p>Claudia Yepes<\/p>\n<p>Elisa Gonz\u00e1lez<\/p>\n<p>Alba P\u00e9rez<\/p>\n<p>Silvia S\u00e1nchez<\/p>\n<p>&nbsp;<\/p>\n<p><strong>OBOES<\/strong><\/p>\n<p>Bernab\u00e9 Arias<\/p>\n<p>Agust\u00edn Heredia<\/p>\n<p>Victoria Montes<\/p>\n<p>Victoria Munuera<\/p>\n<p>Jos\u00e9 Luis Gonz\u00e1lez<\/p>\n<p><strong>\u00a0<\/strong><\/p>\n<p><strong>CLARINETES<\/strong><\/p>\n<p>Roc\u00edo Cabello<\/p>\n<p>Mar\u00eda Luisa Rodr\u00edguez<\/p>\n<p>Alberto Chac\u00f3n<\/p>\n<p>Marina Minch\u00f3n<\/p>\n<p><strong>\u00a0<\/strong><\/p>\n<p><strong>FAGOTES<\/strong><\/p>\n<p>Alejandro Morillo<\/p>\n<p>Irene P\u00e9rez<\/p>\n<p>Mar\u00eda Guti\u00e9rrez<\/p>\n<p><strong>\u00a0<\/strong><\/p>\n<p><strong>TROMPAS<\/strong><\/p>\n<p>Pablo Angulo<\/p>\n<p>Antonia G\u00f3mez<\/p>\n<p>Laura Ruiz<\/p>\n<p>Magdalena Rold\u00e1n<\/p>\n<p>Aurora Moreno<\/p>\n<p><strong>\u00a0<\/strong><\/p>\n<p><strong>TROMPETAS<\/strong><\/p>\n<p>Sebasti\u00e1n Aguilar<\/p>\n<p>Jos\u00e9 Joaqu\u00edn Fern\u00e1ndez<\/p>\n<p><strong>\u00a0<\/strong><\/p>\n<p><strong>TROMBONES<\/strong><\/p>\n<p>Mar\u00eda Ben\u00edtez<\/p>\n<p>Fernando Le\u00f3n<\/p>\n<p><strong>\u00a0<\/strong><\/p>\n<p><strong>TUBA<\/strong><\/p>\n<p>Enrique Sanju\u00e1n<\/p>\n<p><strong>\u00a0<\/strong><\/p>\n<p><strong>PERCUSI\u00d3N<\/strong><\/p>\n<p>Germ\u00e1n S\u00e1nchez<\/p>\n<p>Manuel P\u00e9rez<\/p>\n<p>Jos\u00e9 Carlos Romero<\/p>\n<p>Jos\u00e9 S\u00e1nchez<\/p>\n<p>Pablo Berm\u00fadez<\/p>\n<p>Francisco Cort\u00e9s<\/p>\n<p><strong>\u00a0<\/strong><\/p>\n<p><strong>ARPA<\/strong><\/p>\n<p>Ike C. Zwaan<\/p>\n<p><strong>\u00a0<\/strong><\/p>\n<p><strong>GUITARRA<\/strong><\/p>\n<p>Nene Yokomura<\/p>\n<p><strong>\u00a0<\/strong><\/p>\n<p><strong>MANDOLINA<\/strong><\/p>\n<p>Ignacio Cuadrado<\/p>\n<p><strong>\u00a0<\/strong><\/p>\n<p><strong>PIANO, \u00d3RGANO, CELESTA<\/strong><\/p>\n<p>Julia Due\u00f1as<\/p>\n<p>Francisco Javier Loma<\/p>\n<p><strong>\u00a0<\/strong><\/p>\n<p><strong>VIOLINES I<\/strong><\/p>\n<p>Nelly Romero<\/p>\n<p>Ana Ruda<\/p>\n<p>Ana Crenes<\/p>\n<p>\u00c1ngela Luis<\/p>\n<p>Rafael D\u00edaz<\/p>\n<p>Mar\u00eda Merello<\/p>\n<p>Mar\u00eda Barriga<\/p>\n<p>Eloy P\u00e9rez<\/p>\n<p>Miguel Garc\u00eda<\/p>\n<p>Blanca Garc\u00eda<\/p>\n<p>Alejandro Gonz\u00e1lez<\/p>\n<p>Luc\u00eda L\u00f3pez<\/p>\n<p>Carmen Garc\u00eda<\/p>\n<p>Pedro Bravo<\/p>\n<p>Alejandro Ruiz<\/p>\n<p>Miguel Dom\u00ednguez<\/p>\n<p><strong>\u00a0<\/strong><\/p>\n<p><strong>VIOLINES II<\/strong><\/p>\n<p>Mar\u00eda Manzano<\/p>\n<p>Adriana Puentes<\/p>\n<p>Francisco M\u00e1rquez<\/p>\n<p>Annika Helms<\/p>\n<p>Ana Albero<\/p>\n<p>Blanca Molina<\/p>\n<p>Nuria Chac\u00f3n<\/p>\n<p>Shaoke Zhou<\/p>\n<p>Francisco Jos\u00e9 Campos<\/p>\n<p>Carlos Crespo<\/p>\n<p>Francisco V\u00e1zquez<\/p>\n<p>Denise Valmaseda<\/p>\n<p>Esther L\u00f3pez<\/p>\n<p>Jos\u00e9 \u00c1ngel Buz\u00f3n<\/p>\n<p>Miguel Gonz\u00e1lez<\/p>\n<p>Pedro Bravo<\/p>\n<p>Nuria Chac\u00f3n<\/p>\n<p><strong>\u00a0<\/strong><\/p>\n<p><strong>VIOLAS<\/strong><\/p>\n<p>Diego Zagalaz<\/p>\n<p>Juli\u00e1n Huete<\/p>\n<p>\u00c1lvaro Ramos<\/p>\n<p>Desir\u00e9e Mart\u00ednez<\/p>\n<p>Pablo Barrera<\/p>\n<p>Florentina P\u00e9rez<\/p>\n<p>Alejandro Astraci<\/p>\n<p>Marta Alfaro<\/p>\n<p>Ra\u00fal Gonz\u00e1lez<\/p>\n<p>Pedro Villena<\/p>\n<p>Jos\u00e9 Lastre<\/p>\n<p>Pablo Garc\u00eda<\/p>\n<p>\u00c1lvaro Ramos<\/p>\n<p>Florentina P\u00e9rez<\/p>\n<p><strong>\u00a0<\/strong><\/p>\n<p><strong>VIOLONCHELOS<\/strong><\/p>\n<p>Mario Camargo<\/p>\n<p>Pilar Sheng Mart\u00edn<\/p>\n<p>Pedro Samuel Montaner<\/p>\n<p>Marina Garc\u00eda<\/p>\n<p>Marina Guti\u00e9rrez<\/p>\n<p>Auxiliadora Bozada<\/p>\n<p>Inmaculada Olmo<\/p>\n<p>Adriana C\u00e9saro<\/p>\n<p>Miguel Romero<\/p>\n<p>Leonel Contreras<\/p>\n<p>Jes\u00fas Garc\u00eda<\/p>\n<p>Marcos Villalba<\/p>\n<p><strong>\u00a0<\/strong><\/p>\n<p><strong>CONTRABAJOS<\/strong><\/p>\n<p>Luc\u00eda Rom\u00e1n<\/p>\n<p>Ventura Rico<\/p>\n<p>Luc\u00eda S\u00e1nchez<\/p>\n<p>Iv\u00e1n D\u00edaz<\/p>\n<p>Jos\u00e9 Lorenzo Salas<\/p>\n<p>Marta Flores<\/p>\n<p>Mar\u00eda Morales<\/p>\n<p>Mar\u00eda Lomas<\/p>\n<p>&nbsp;<\/p>\n<p>&nbsp;<\/p>\n","protected":false},"excerpt":{"rendered":"<p>PLANTILLA\u00a0 Concierto#3 \u00b7 Temporada XII OSC &nbsp; FLAUTAS Claudia Yepes Elisa Gonz\u00e1lez Alba P\u00e9rez Silvia S\u00e1nchez &nbsp; OBOES Bernab\u00e9 Arias Agust\u00edn Heredia Victoria Montes Victoria Munuera Jos\u00e9 Luis Gonz\u00e1lez \u00a0 CLARINETES Roc\u00edo Cabello Mar\u00eda Luisa Rodr\u00edguez Alberto Chac\u00f3n Marina Minch\u00f3n \u00a0 FAGOTES Alejandro Morillo Irene P\u00e9rez Mar\u00eda Guti\u00e9rrez \u00a0 TROMPAS Pablo Angulo Antonia G\u00f3mez Laura [&hellip;]<\/p>\n","protected":false},"author":3,"featured_media":0,"parent":0,"menu_order":0,"comment_status":"closed","ping_status":"closed","template":"","meta":{"site-sidebar-layout":"default","site-content-layout":"","ast-site-content-layout":"default","site-content-style":"default","site-sidebar-style":"default","ast-global-header-display":"","ast-banner-title-visibility":"","ast-main-header-display":"","ast-hfb-above-header-display":"","ast-hfb-below-header-display":"","ast-hfb-mobile-header-display":"","site-post-title":"","ast-breadcrumbs-content":"","ast-featured-img":"","footer-sml-layout":"","ast-disable-related-posts":"","theme-transparent-header-meta":"","adv-header-id-meta":"","stick-header-meta":"","header-above-stick-meta":"","header-main-stick-meta":"","header-below-stick-meta":"","astra-migrate-meta-layouts":"default","ast-page-background-enabled":"default","ast-page-background-meta":{"desktop":{"background-color":"","background-image":"","background-repeat":"repeat","background-position":"center center","background-size":"auto","background-attachment":"scroll","background-type":"","background-media":"","overlay-type":"","overlay-color":"","overlay-opacity":"","overlay-gradient":""},"tablet":{"background-color":"","background-image":"","background-repeat":"repeat","background-position":"center center","background-size":"auto","background-attachment":"scroll","background-type":"","background-media":"","overlay-type":"","overlay-color":"","overlay-opacity":"","overlay-gradient":""},"mobile":{"background-color":"","background-image":"","background-repeat":"repeat","background-position":"center center","background-size":"auto","background-attachment":"scroll","background-type":"","background-media":"","overlay-type":"","overlay-color":"","overlay-opacity":"","overlay-gradient":""}},"ast-content-background-meta":{"desktop":{"background-color":"var(--ast-global-color-5)","background-image":"","background-repeat":"repeat","background-position":"center center","background-size":"auto","background-attachment":"scroll","background-type":"","background-media":"","overlay-type":"","overlay-color":"","overlay-opacity":"","overlay-gradient":""},"tablet":{"background-color":"var(--ast-global-color-5)","background-image":"","background-repeat":"repeat","background-position":"center center","background-size":"auto","background-attachment":"scroll","background-type":"","background-media":"","overlay-type":"","overlay-color":"","overlay-opacity":"","overlay-gradient":""},"mobile":{"background-color":"var(--ast-global-color-5)","background-image":"","background-repeat":"repeat","background-position":"center center","background-size":"auto","background-attachment":"scroll","background-type":"","background-media":"","overlay-type":"","overlay-color":"","overlay-opacity":"","overlay-gradient":""}},"footnotes":""},"class_list":["post-2904","page","type-page","status-publish","hentry"],"_links":{"self":[{"href":"https:\/\/institucional.us.es\/orquesta\/wp-json\/wp\/v2\/pages\/2904","targetHints":{"allow":["GET"]}}],"collection":[{"href":"https:\/\/institucional.us.es\/orquesta\/wp-json\/wp\/v2\/pages"}],"about":[{"href":"https:\/\/institucional.us.es\/orquesta\/wp-json\/wp\/v2\/types\/page"}],"author":[{"embeddable":true,"href":"https:\/\/institucional.us.es\/orquesta\/wp-json\/wp\/v2\/users\/3"}],"replies":[{"embeddable":true,"href":"https:\/\/institucional.us.es\/orquesta\/wp-json\/wp\/v2\/comments?post=2904"}],"version-history":[{"count":5,"href":"https:\/\/institucional.us.es\/orquesta\/wp-json\/wp\/v2\/pages\/2904\/revisions"}],"predecessor-version":[{"id":2918,"href":"https:\/\/institucional.us.es\/orquesta\/wp-json\/wp\/v2\/pages\/2904\/revisions\/2918"}],"wp:attachment":[{"href":"https:\/\/institucional.us.es\/orquesta\/wp-json\/wp\/v2\/media?parent=2904"}],"curies":[{"name":"wp","href":"https:\/\/api.w.org\/{rel}","templated":true}]}}