{"id":32,"date":"2014-05-14T08:04:36","date_gmt":"2014-05-14T08:04:36","guid":{"rendered":"http:\/\/institucional.us.es\/orquesta\/?page_id=32"},"modified":"2023-02-10T12:37:36","modified_gmt":"2023-02-10T12:37:36","slug":"el-director-de-la-orquesta","status":"publish","type":"page","link":"https:\/\/institucional.us.es\/orquesta\/el-director-de-la-orquesta\/","title":{"rendered":"El director"},"content":{"rendered":"\t\t<div data-elementor-type=\"wp-page\" data-elementor-id=\"32\" class=\"elementor elementor-32\">\n\t\t\t\t\t\t<section class=\"elementor-section elementor-top-section elementor-element elementor-element-1d71c776 elementor-section-boxed elementor-section-height-default elementor-section-height-default\" data-id=\"1d71c776\" data-element_type=\"section\" data-e-type=\"section\">\n\t\t\t\t\t\t<div class=\"elementor-container elementor-column-gap-default\">\n\t\t\t\t\t<div class=\"elementor-column elementor-col-100 elementor-top-column elementor-element elementor-element-b0a815\" data-id=\"b0a815\" data-element_type=\"column\" data-e-type=\"column\">\n\t\t\t<div class=\"elementor-widget-wrap elementor-element-populated\">\n\t\t\t\t\t\t<div class=\"elementor-element elementor-element-b9282fd elementor-widget elementor-widget-heading\" data-id=\"b9282fd\" data-element_type=\"widget\" data-e-type=\"widget\" data-widget_type=\"heading.default\">\n\t\t\t\t<div class=\"elementor-widget-container\">\n\t\t\t\t\t<h1 class=\"elementor-heading-title elementor-size-default\">EL DIRECTOR<\/h1>\t\t\t\t<\/div>\n\t\t\t\t<\/div>\n\t\t\t\t<div class=\"elementor-element elementor-element-5d4fe1b elementor-widget elementor-widget-image\" data-id=\"5d4fe1b\" data-element_type=\"widget\" data-e-type=\"widget\" data-widget_type=\"image.default\">\n\t\t\t\t<div class=\"elementor-widget-container\">\n\t\t\t\t\t\t\t\t\t\t\t\t<figure class=\"wp-caption\">\n\t\t\t\t\t\t\t\t\t\t<img fetchpriority=\"high\" decoding=\"async\" width=\"768\" height=\"494\" src=\"https:\/\/institucional.us.es\/orquesta\/wp-content\/uploads\/2023\/02\/juan-garcia-director.jpg\" class=\"attachment-large size-large wp-image-3387\" alt=\"\" srcset=\"https:\/\/institucional.us.es\/orquesta\/wp-content\/uploads\/2023\/02\/juan-garcia-director.jpg 768w, https:\/\/institucional.us.es\/orquesta\/wp-content\/uploads\/2023\/02\/juan-garcia-director-300x193.jpg 300w\" sizes=\"(max-width: 768px) 100vw, 768px\" \/>\t\t\t\t\t\t\t\t\t\t\t<figcaption class=\"widget-image-caption wp-caption-text\">Juan Garc\u00eda Rodr\u00edguez  (director titular de la OSC desde su fundaci\u00f3n)<\/figcaption>\n\t\t\t\t\t\t\t\t\t\t<\/figure>\n\t\t\t\t\t\t\t\t\t<\/div>\n\t\t\t\t<\/div>\n\t\t\t\t<div class=\"elementor-element elementor-element-14effa4b elementor-widget elementor-widget-text-editor\" data-id=\"14effa4b\" data-element_type=\"widget\" data-e-type=\"widget\" data-widget_type=\"text-editor.default\">\n\t\t\t\t<div class=\"elementor-widget-container\">\n\t\t\t\t\t\t\t\t\t<p style=\"color: #000000; text-align: justify;\"><span style=\"color: #333333;\">Nacido en Sanl\u00facar de Barrameda (C\u00e1diz), realiza estudios musicales en el Conservatorio Superior de Sevilla -T\u00edtulos Superiores de Piano y M\u00fasica de C\u00e1mara, con los profesores Ana Guijarro, Jos\u00e9 Mar\u00eda Redondo y Juan Rodr\u00edguez Romero. Premios de Honor en M\u00fasica de C\u00e1mara y Armon\u00eda y Menci\u00f3n de Honor en Piano-, en la Universidad Mozarteum de Salzburgo -Masters en Direcci\u00f3n de Orquesta con Dennis Russell Davies y Jorge Rotter, Direcci\u00f3n de Coro con Karl Kamper y Composici\u00f3n con Christian Ofenbauer y Reinhard Febel- y en la Universidad Fryderyk Chopin de Varsovia (Doctor en Direcci\u00f3n de Orquesta, 2017). Masterclasses, entre otros, con Ram\u00f3n Coll y Joseph Paratore (piano), Reiner Schmidt (m\u00fasica de c\u00e1mara), Neil Thompson y Arturo Tamayo (direcci\u00f3n de orquesta) y Crist\u00f3bal Halffter, Franco Donatoni, Luciano Berio, Mauricio Kagel, George Crumb y Beat Furrer (composici\u00f3n).<\/span><\/p><p style=\"text-align: justify;\"><span style=\"color: #333333;\">Catedr\u00e1tico del Conservatorio Superior de M\u00fasica Manuel Castillo y Acad\u00e9mico Numerario de la Real Academia de Bellas Artes Santa Isabel de Hungr\u00eda de Sevilla. Director de la OSC y director y fundador del Zahir Ensemble. Asimismo, es director musical del Taschenoper Festival de Salzburgo (2005-2017).<\/span><\/p><p style=\"text-align: justify;\"><span style=\"color: #333333;\">Ha dirigido a orquestas tales como la Brucknerorchester-Linz, Mozarteum Orchester Salzburg, Orquesta de la \u00d3pera de Par\u00eds, ROSS, Filarm\u00f3nica de Gran Canaria, Deutsche Radio Philharmonie Saarbr\u00fccken, OENM (\u00d6sterreichisches Ensemble f\u00fcr Neue Musik), Filarm\u00f3nica de C\u00e1mara Witold Lutoslawski (Lomza, Polonia), y otras formaciones como Sax Ensemble, en salas y teatros como el Teatro Villamarta de Jerez, Teatro de la Maestranza de Sevilla, Teatro Central de Sevilla, Auditorio 400 del Museo Reina Sof\u00eda de Madrid, C\u00edrculo de Bellas Artes de Madrid, Teatros del Canal de Madrid, Fundaci\u00f3n Juan March Madrid, Palau de les Arts de Valencia, Op\u00e9ra National de Paris Bastille, Gran Sala del Mozarteum de Salzburgo, Solit\u00e4r Saal del Mozarteum de Salzburgo, Brucknersaal de Linz, Cemal Resit Rey de Estambul, Gran Sala de la Universidad F. Chopin de Varsovia, Endler Hall de la Universidad de Stellenbosch de Sud\u00e1frica.<\/span><\/p><p style=\"text-align: justify;\"><span style=\"color: #333333;\">Tiene grabaciones con los sellos Haas, Sello Autor, Verso, Canticum, Naxos e IBS Classical.<\/span><\/p>\t\t\t\t\t\t\t\t<\/div>\n\t\t\t\t<\/div>\n\t\t\t\t\t<\/div>\n\t\t<\/div>\n\t\t\t\t\t<\/div>\n\t\t<\/section>\n\t\t\t\t<\/div>\n\t\t","protected":false},"excerpt":{"rendered":"<p>EL DIRECTOR Juan Garc\u00eda Rodr\u00edguez (director titular de la OSC desde su fundaci\u00f3n) Nacido en Sanl\u00facar de Barrameda (C\u00e1diz), realiza estudios musicales en el Conservatorio Superior de Sevilla -T\u00edtulos Superiores de Piano y M\u00fasica de C\u00e1mara, con los profesores Ana Guijarro, Jos\u00e9 Mar\u00eda Redondo y Juan Rodr\u00edguez Romero. Premios de Honor en M\u00fasica de C\u00e1mara [&hellip;]<\/p>\n","protected":false},"author":3,"featured_media":0,"parent":0,"menu_order":0,"comment_status":"closed","ping_status":"open","template":"","meta":{"site-sidebar-layout":"default","site-content-layout":"","ast-site-content-layout":"default","site-content-style":"default","site-sidebar-style":"default","ast-global-header-display":"","ast-banner-title-visibility":"","ast-main-header-display":"","ast-hfb-above-header-display":"","ast-hfb-below-header-display":"","ast-hfb-mobile-header-display":"","site-post-title":"","ast-breadcrumbs-content":"","ast-featured-img":"","footer-sml-layout":"","ast-disable-related-posts":"","theme-transparent-header-meta":"","adv-header-id-meta":"","stick-header-meta":"","header-above-stick-meta":"","header-main-stick-meta":"","header-below-stick-meta":"","astra-migrate-meta-layouts":"default","ast-page-background-enabled":"default","ast-page-background-meta":{"desktop":{"background-color":"","background-image":"","background-repeat":"repeat","background-position":"center center","background-size":"auto","background-attachment":"scroll","background-type":"","background-media":"","overlay-type":"","overlay-color":"","overlay-opacity":"","overlay-gradient":""},"tablet":{"background-color":"","background-image":"","background-repeat":"repeat","background-position":"center center","background-size":"auto","background-attachment":"scroll","background-type":"","background-media":"","overlay-type":"","overlay-color":"","overlay-opacity":"","overlay-gradient":""},"mobile":{"background-color":"","background-image":"","background-repeat":"repeat","background-position":"center center","background-size":"auto","background-attachment":"scroll","background-type":"","background-media":"","overlay-type":"","overlay-color":"","overlay-opacity":"","overlay-gradient":""}},"ast-content-background-meta":{"desktop":{"background-color":"var(--ast-global-color-5)","background-image":"","background-repeat":"repeat","background-position":"center center","background-size":"auto","background-attachment":"scroll","background-type":"","background-media":"","overlay-type":"","overlay-color":"","overlay-opacity":"","overlay-gradient":""},"tablet":{"background-color":"var(--ast-global-color-5)","background-image":"","background-repeat":"repeat","background-position":"center center","background-size":"auto","background-attachment":"scroll","background-type":"","background-media":"","overlay-type":"","overlay-color":"","overlay-opacity":"","overlay-gradient":""},"mobile":{"background-color":"var(--ast-global-color-5)","background-image":"","background-repeat":"repeat","background-position":"center center","background-size":"auto","background-attachment":"scroll","background-type":"","background-media":"","overlay-type":"","overlay-color":"","overlay-opacity":"","overlay-gradient":""}},"footnotes":""},"class_list":["post-32","page","type-page","status-publish","hentry"],"_links":{"self":[{"href":"https:\/\/institucional.us.es\/orquesta\/wp-json\/wp\/v2\/pages\/32","targetHints":{"allow":["GET"]}}],"collection":[{"href":"https:\/\/institucional.us.es\/orquesta\/wp-json\/wp\/v2\/pages"}],"about":[{"href":"https:\/\/institucional.us.es\/orquesta\/wp-json\/wp\/v2\/types\/page"}],"author":[{"embeddable":true,"href":"https:\/\/institucional.us.es\/orquesta\/wp-json\/wp\/v2\/users\/3"}],"replies":[{"embeddable":true,"href":"https:\/\/institucional.us.es\/orquesta\/wp-json\/wp\/v2\/comments?post=32"}],"version-history":[{"count":37,"href":"https:\/\/institucional.us.es\/orquesta\/wp-json\/wp\/v2\/pages\/32\/revisions"}],"predecessor-version":[{"id":3393,"href":"https:\/\/institucional.us.es\/orquesta\/wp-json\/wp\/v2\/pages\/32\/revisions\/3393"}],"wp:attachment":[{"href":"https:\/\/institucional.us.es\/orquesta\/wp-json\/wp\/v2\/media?parent=32"}],"curies":[{"name":"wp","href":"https:\/\/api.w.org\/{rel}","templated":true}]}}