{"id":3569,"date":"2023-02-20T12:28:49","date_gmt":"2023-02-20T12:28:49","guid":{"rendered":"https:\/\/institucional.us.es\/orquesta\/?page_id=3569"},"modified":"2023-02-21T07:56:42","modified_gmt":"2023-02-21T07:56:42","slug":"3569-2","status":"publish","type":"page","link":"https:\/\/institucional.us.es\/orquesta\/3569-2\/","title":{"rendered":"PLANTILLA CONCIERTO #4 \u00b7 TEMPORADA XII"},"content":{"rendered":"<p>PLANTILLA CONCIERTO #4 \u00b7 TEMPORADA XII<br \/>\nORQUESTA SINF\u00d3NICA CONJUNTA<br \/>\nUNIVERSIDAD DE SEVILLA \/ C.S.M. MANUEL CASTILLO<\/p>\n<p>OSC + Zahir Ensemble<br \/>\nJuan Garc\u00eda Rodr\u00edguez \u00b7 director | Natalia Labourdette \u00b7 soprano<br \/>\n\u00d3scar Mart\u00edn, Julio Moguer, Francisco Montero, Juan Miguel Moreno \u00b7 pianos<\/p>\n<p>&nbsp;<\/p>\n<p><strong>VOCES<br \/>\n<\/strong>Mar\u00eda Asensio<br \/>\nLiliia Kiiashko<br \/>\nOleksandra Mitkalova<\/p>\n<p>&nbsp;<\/p>\n<p><strong>FLAUTA<br \/>\n<\/strong>Manuel Castro<br \/>\nPilar Dom\u00ednguez<\/p>\n<p>&nbsp;<\/p>\n<p><strong>PICCOLO<br \/>\n<\/strong>Luis Orden<br \/>\nAlfonso Rubio<\/p>\n<p>&nbsp;<\/p>\n<p><strong>OBOE<br \/>\n<\/strong>Bernab\u00e9 Arias<br \/>\nAgust\u00edn Heredia<\/p>\n<p>&nbsp;<\/p>\n<p><strong>CLARINETE<br \/>\n<\/strong>Roc\u00edo Cabello<br \/>\nPedro Iglesias<\/p>\n<p>&nbsp;<\/p>\n<p><strong>FAGOT<br \/>\n<\/strong>V\u00edctor Manuel Fern\u00e1ndez Montes<br \/>\nIrene P\u00e9rez Cantill\u00f3n<\/p>\n<p>&nbsp;<\/p>\n<p><strong>TROMPA<br \/>\n<\/strong>Alejandro Barba<br \/>\nMiguel Ortega<\/p>\n<p>&nbsp;<\/p>\n<p><strong>TROMPETA<br \/>\n<\/strong>Jaime Gonz\u00e1lez Gonz\u00e1lez<br \/>\nJavier Cubero<br \/>\nJos\u00e9 Joaqu\u00edn Fern\u00e1ndez<\/p>\n<p>&nbsp;<\/p>\n<p><strong>TROMB\u00d3N<br \/>\n<\/strong>Mar\u00eda Ben\u00edtez<br \/>\nVer\u00f3nica Sariego<\/p>\n<p>&nbsp;<\/p>\n<p><strong>TUBA<br \/>\n<\/strong>Jos\u00e9 Manuel L\u00f3pez Valencia<\/p>\n<p>&nbsp;<\/p>\n<p><strong>PERCUSI\u00d3N<br \/>\n<\/strong>Antonio Moreno<br \/>\nLester Rodr\u00edguez G\u00f3mez<br \/>\nGerm\u00e1n S\u00e1nchez Guti\u00e9rrez<br \/>\nJordi Tur<br \/>\nPablo Escudero<br \/>\nManuel P\u00e9rez<br \/>\nFrancisco Javier Cort\u00e9s<br \/>\nJos\u00e9 Carlos Romero<br \/>\nV\u00edctor Manzana<br \/>\nPablo Berm\u00fadez<br \/>\nJos\u00e9 S\u00e1nchez Iglesias<br \/>\nBruno Moreno<br \/>\nJuan Hern\u00e1ndez<\/p>\n<p>&nbsp;<\/p>\n<p>&nbsp;<\/p>\n<p>&nbsp;<\/p>\n","protected":false},"excerpt":{"rendered":"<p>PLANTILLA CONCIERTO #4 \u00b7 TEMPORADA XII ORQUESTA SINF\u00d3NICA CONJUNTA UNIVERSIDAD DE SEVILLA \/ C.S.M. MANUEL CASTILLO OSC + Zahir Ensemble Juan Garc\u00eda Rodr\u00edguez \u00b7 director | Natalia Labourdette \u00b7 soprano \u00d3scar Mart\u00edn, Julio Moguer, Francisco Montero, Juan Miguel Moreno \u00b7 pianos &nbsp; VOCES Mar\u00eda Asensio Liliia Kiiashko Oleksandra Mitkalova &nbsp; FLAUTA Manuel Castro Pilar Dom\u00ednguez [&hellip;]<\/p>\n","protected":false},"author":3,"featured_media":0,"parent":0,"menu_order":0,"comment_status":"closed","ping_status":"closed","template":"","meta":{"site-sidebar-layout":"default","site-content-layout":"default","ast-site-content-layout":"default","site-content-style":"default","site-sidebar-style":"default","ast-global-header-display":"","ast-banner-title-visibility":"","ast-main-header-display":"","ast-hfb-above-header-display":"","ast-hfb-below-header-display":"","ast-hfb-mobile-header-display":"","site-post-title":"","ast-breadcrumbs-content":"","ast-featured-img":"","footer-sml-layout":"","ast-disable-related-posts":"","theme-transparent-header-meta":"default","adv-header-id-meta":"","stick-header-meta":"","header-above-stick-meta":"","header-main-stick-meta":"","header-below-stick-meta":"","astra-migrate-meta-layouts":"default","ast-page-background-enabled":"default","ast-page-background-meta":{"desktop":{"background-color":"","background-image":"","background-repeat":"repeat","background-position":"center center","background-size":"auto","background-attachment":"scroll","background-type":"","background-media":"","overlay-type":"","overlay-color":"","overlay-opacity":"","overlay-gradient":""},"tablet":{"background-color":"","background-image":"","background-repeat":"repeat","background-position":"center center","background-size":"auto","background-attachment":"scroll","background-type":"","background-media":"","overlay-type":"","overlay-color":"","overlay-opacity":"","overlay-gradient":""},"mobile":{"background-color":"","background-image":"","background-repeat":"repeat","background-position":"center center","background-size":"auto","background-attachment":"scroll","background-type":"","background-media":"","overlay-type":"","overlay-color":"","overlay-opacity":"","overlay-gradient":""}},"ast-content-background-meta":{"desktop":{"background-color":"var(--ast-global-color-5)","background-image":"","background-repeat":"repeat","background-position":"center center","background-size":"auto","background-attachment":"scroll","background-type":"","background-media":"","overlay-type":"","overlay-color":"","overlay-opacity":"","overlay-gradient":""},"tablet":{"background-color":"var(--ast-global-color-5)","background-image":"","background-repeat":"repeat","background-position":"center center","background-size":"auto","background-attachment":"scroll","background-type":"","background-media":"","overlay-type":"","overlay-color":"","overlay-opacity":"","overlay-gradient":""},"mobile":{"background-color":"var(--ast-global-color-5)","background-image":"","background-repeat":"repeat","background-position":"center center","background-size":"auto","background-attachment":"scroll","background-type":"","background-media":"","overlay-type":"","overlay-color":"","overlay-opacity":"","overlay-gradient":""}},"footnotes":""},"class_list":["post-3569","page","type-page","status-publish","hentry"],"_links":{"self":[{"href":"https:\/\/institucional.us.es\/orquesta\/wp-json\/wp\/v2\/pages\/3569","targetHints":{"allow":["GET"]}}],"collection":[{"href":"https:\/\/institucional.us.es\/orquesta\/wp-json\/wp\/v2\/pages"}],"about":[{"href":"https:\/\/institucional.us.es\/orquesta\/wp-json\/wp\/v2\/types\/page"}],"author":[{"embeddable":true,"href":"https:\/\/institucional.us.es\/orquesta\/wp-json\/wp\/v2\/users\/3"}],"replies":[{"embeddable":true,"href":"https:\/\/institucional.us.es\/orquesta\/wp-json\/wp\/v2\/comments?post=3569"}],"version-history":[{"count":5,"href":"https:\/\/institucional.us.es\/orquesta\/wp-json\/wp\/v2\/pages\/3569\/revisions"}],"predecessor-version":[{"id":3583,"href":"https:\/\/institucional.us.es\/orquesta\/wp-json\/wp\/v2\/pages\/3569\/revisions\/3583"}],"wp:attachment":[{"href":"https:\/\/institucional.us.es\/orquesta\/wp-json\/wp\/v2\/media?parent=3569"}],"curies":[{"name":"wp","href":"https:\/\/api.w.org\/{rel}","templated":true}]}}